{"id":12466,"date":"2020-06-04T16:03:47","date_gmt":"2020-06-04T16:03:47","guid":{"rendered":"http:\/\/bioventuspub.wpengine.com\/investigator-initiated-study-request\/"},"modified":"2021-08-24T15:29:48","modified_gmt":"2021-08-24T15:29:48","slug":"investigator-initiated-study-request","status":"publish","type":"page","link":"https:\/\/www.bioventus.com\/fr\/physicians\/investigator-initiated-study-request\/","title":{"rendered":"Demande pour une \u00e9tude initi\u00e9e par des chercheurs"},"content":{"rendered":"<div class=\"wpb-content-wrapper\"><p>[vc_row unlock_row=\u00a0\u00bb\u00a0\u00bb row_height_percent=\u00a0\u00bb0&Prime; override_padding=\u00a0\u00bbyes\u00a0\u00bb h_padding=\u00a0\u00bb2&Prime; top_padding=\u00a0\u00bb0&Prime; bottom_padding=\u00a0\u00bb0&Prime; overlay_alpha=\u00a0\u00bb50&Prime; gutter_size=\u00a0\u00bb3&Prime; column_width_percent=\u00a0\u00bb100&Prime; shift_y=\u00a0\u00bb0&Prime; z_index=\u00a0\u00bb0&Prime;][vc_column column_width_percent=\u00a0\u00bb100&Prime; gutter_size=\u00a0\u00bb3&Prime; overlay_alpha=\u00a0\u00bb50&Prime; shift_x=\u00a0\u00bb0&Prime; shift_y=\u00a0\u00bb0&Prime; shift_y_down=\u00a0\u00bb0&Prime; z_index=\u00a0\u00bb0&Prime; medium_width=\u00a0\u00bb0&Prime; mobile_width=\u00a0\u00bb0&Prime; width=\u00a0\u00bb1\/12&Prime; el_class=\u00a0\u00bbmap-container\u00a0\u00bb css=\u00a0\u00bb.vc_custom_1589401244102{padding-bottom: 50px !important;}\u00a0\u00bb][\/vc_column][vc_column column_width_percent=\u00a0\u00bb100&Prime; align_horizontal=\u00a0\u00bbalign_center\u00a0\u00bb gutter_size=\u00a0\u00bb3&Prime; back_color=\u00a0\u00bbcolor-xsdn\u00a0\u00bb overlay_alpha=\u00a0\u00bb50&Prime; shift_x=\u00a0\u00bb-2&Prime; shift_y=\u00a0\u00bb0&Prime; shift_y_down=\u00a0\u00bb0&Prime; z_index=\u00a0\u00bb0&Prime; medium_width=\u00a0\u00bb0&Prime; mobile_width=\u00a0\u00bb0&Prime; width=\u00a0\u00bb10\/12&Prime; el_class=\u00a0\u00bbsecondary-page-header\u00a0\u00bb][vc_column_text]<\/p>\n<h2>Demande pour une \u00e9tude initi\u00e9e par des chercheurs<\/h2>\n<hr class=\"separator-break separator-accent\" \/>\n<h3 style=\"margin-right: 58.5pt;\"><span lang=\"FR-CA\">Proc\u00e9dure de demande de soutien pour les \u00e9tudes cliniques et pr\u00e9cliniques initi\u00e9es par des chercheurs<\/span><\/h3>\n<p><span lang=\"FR-CA\">Le Comit\u00e9 des \u00e9tudes initi\u00e9es par des chercheurs est charg\u00e9 d&rsquo;examiner les demandes de subvention pour les \u00e9tudes pr\u00e9cliniques et cliniques. Le comit\u00e9 peut accorder des fonds \u00e0 des \u00e9tablissements, des fondations m\u00e9dicales et des entreprises professionnelles, dont la mission comprend le d\u00e9veloppement de traitements pour la sant\u00e9 publique, la recherche scientifique et\/ou l&rsquo;\u00e9ducation m\u00e9dicale.<\/span><\/p>\n<p><span lang=\"FR-CA\">Pour les \u00e9tudes cliniques, le chercheur doit obtenir l&rsquo;approbation d\u2019un comit\u00e9 d&rsquo;\u00e9thique avant d\u2019obtenir le premier versement de la subvention d\u2019\u00e9tude de Bioventus. Pour les \u00e9tudes pr\u00e9cliniques, le chercheur doit se conformer aux lignes directrices nationales pertinentes en mati\u00e8re d&rsquo;\u00e9thique. Les \u00e9tudes cliniques et pr\u00e9cliniques font l&rsquo;objet d&rsquo;un examen \u00e9thique suppl\u00e9mentaire par le comit\u00e9 des \u00e9tudes initi\u00e9es par des chercheurs.<\/span><\/p>\n<p style=\"margin-right: 22.5pt;\"><span lang=\"FR-CA\">Pour les \u00e9tudes \u00e9valuant une nouvelle indication, le chercheur doit obtenir l&rsquo;approbation r\u00e9glementaire de l&rsquo;organisme national appropri\u00e9. Aux \u00c9tats-Unis, l&rsquo;approbation des \u00e9tudes d&rsquo;exemption pour un dispositif exp\u00e9rimental (EDE) initi\u00e9es par des chercheurs est fournie par la FDA.<\/span><\/p>\n<p>\u00a0[\/vc_column_text][\/vc_column][vc_column width=\u00a0\u00bb1\/12&Prime;][\/vc_column][\/vc_row][vc_row unlock_row=\u00a0\u00bb\u00a0\u00bb row_height_percent=\u00a0\u00bb0&Prime; override_padding=\u00a0\u00bbyes\u00a0\u00bb h_padding=\u00a0\u00bb2&Prime; top_padding=\u00a0\u00bb2&Prime; bottom_padding=\u00a0\u00bb3&Prime; overlay_alpha=\u00a0\u00bb50&Prime; gutter_size=\u00a0\u00bb3&Prime; column_width_percent=\u00a0\u00bb100&Prime; shift_y=\u00a0\u00bb0&Prime; z_index=\u00a0\u00bb0&Prime;][vc_column width=\u00a0\u00bb1\/12&Prime;][\/vc_column][vc_column width=\u00a0\u00bb10\/12&Prime;][vc_tabs][vc_tab gutter_size=\u00a0\u00bb2&Prime; column_padding=\u00a0\u00bb2&Prime; title=\u00a0\u00bbComment demander du soutien financier pour une \u00e9tude\u00a0\u00bb tab_id=\u00a0\u00bb1620235498209-3-1&Prime;][vc_row_inner limit_content=\u00a0\u00bb\u00a0\u00bb][vc_column_inner width=\u00a0\u00bb1\/2&Prime;][vc_column_text css=\u00a0\u00bb.vc_custom_1629818895406{margin-bottom: 30px !important;}\u00a0\u00bb]<strong>Chaque demande \u00e9crite doit contenir :<\/strong><\/p>\n<ol>\n<li>Nom et adresse de l&rsquo;\u00e9tablissement de recherche<\/li>\n<li>Chercheur principal<\/li>\n<li>Protocole de l&rsquo;\u00e9tude contenant les renseignements suivants<\/li>\n<\/ol>\n<ul>\n<li style=\"list-style-type: none;\">\n<ul>\n<li>Objectif de l&rsquo;\u00e9tude<\/li>\n<li>Contexte\/Aper\u00e7u<\/li>\n<li>M\u00e9thodes<\/li>\n<li>Conception de l&rsquo;\u00e9tude<\/li>\n<li>Crit\u00e8res d&rsquo;\u00e9valuation de l&rsquo;\u00e9tude\n<ul>\n<li>Crit\u00e8res d&rsquo;\u00e9valuation principaux<\/li>\n<li>Crit\u00e8res d&rsquo;\u00e9valuation secondaires<\/li>\n<li>Crit\u00e8res d&rsquo;\u00e9valuation exploratoires<\/li>\n<\/ul>\n<\/li>\n<li>Taille de l&rsquo;\u00e9chantillon estim\u00e9e<\/li>\n<li>Crit\u00e8res d\u2019inclusion\/exclusion<\/li>\n<li>M\u00e9thodes statistiques et hypoth\u00e8ses (le cas \u00e9ch\u00e9ant)<\/li>\n<\/ul>\n<\/li>\n<\/ul>\n<p>[\/vc_column_text][\/vc_column_inner][vc_column_inner width=\u00a0\u00bb1\/2&Prime;][vc_column_text css=\u00a0\u00bb.vc_custom_1629818911792{margin-bottom: 30px !important;}\u00a0\u00bb]<\/p>\n<ol start=\"4\">\n<li>Crit\u00e8re du succ\u00e8s de l&rsquo;\u00e9tude<\/li>\n<li>Calendrier de l&rsquo;\u00e9tude<\/li>\n<li>Objectifs r\u00e9alistes pour le recrutement et le suivi des patients<\/li>\n<li>Curriculum vit\u00e6 de tous les chercheurs de l&rsquo;\u00e9tude<\/li>\n<li>Montant demand\u00e9 et budget d\u00e9crivant comment les fonds seront utilis\u00e9s<\/li>\n<li>Pour les dons de produits, une liste des produits d\u00e9sir\u00e9s<\/li>\n<\/ol>\n<p>[\/vc_column_text][\/vc_column_inner][\/vc_row_inner][vc_column_text]Des renseignements suppl\u00e9mentaires peuvent \u00eatre demand\u00e9es.[\/vc_column_text][\/vc_tab][vc_tab gutter_size=\u00a0\u00bb2&Prime; column_padding=\u00a0\u00bb2&Prime; title=\u00a0\u00bbDomaines d&rsquo;int\u00e9r\u00eat\u00a0\u00bb tab_id=\u00a0\u00bb1589921407-2-14&Prime;][vc_row_inner limit_content=\u00a0\u00bb\u00a0\u00bb][vc_column_inner width=\u00a0\u00bb1\/2&Prime;][vc_column_text css=\u00a0\u00bb.vc_custom_1629818949628{margin-bottom: 30px !important;}\u00a0\u00bb]<strong>Traitements par l&rsquo;acide hyaluronique pour de nouvelles indications ou de nouvelles articulations<\/strong><\/p>\n<ul>\n<li>Les petites articulations<\/li>\n<li>Les \u00e9tudes de comparaison \u00e9valuant l&rsquo;acide hyaluronique (traitement actif par rapport \u00e0 un placebo)<\/li>\n<li>L&rsquo;\u00e9conomie de la sant\u00e9 et l\u2019\u00e9tude des r\u00e9sultats (Health Economic Outcomes Research; HEOR)<\/li>\n<li>Les donn\u00e9es pharmaco\u00e9conomiques \u2013 le co\u00fbts des \u00e9v\u00e9nements ind\u00e9sirables<\/li>\n<li>La dur\u00e9e des effets et les donn\u00e9es de l&rsquo;innocuit\u00e9<\/li>\n<li>Les donn\u00e9es de l&rsquo;innocuit\u00e9 et l&rsquo;efficacit\u00e9 des doses r\u00e9p\u00e9t\u00e9es<\/li>\n<\/ul>\n<p>[\/vc_column_text][\/vc_column_inner][vc_column_inner width=\u00a0\u00bb1\/2&Prime;][vc_column_text css=\u00a0\u00bb.vc_custom_1629818961594{margin-bottom: 30px !important;}\u00a0\u00bb]<strong>Interventions chirurgicales<\/strong><\/p>\n<ul>\n<li>Les \u00e9tudes cliniques et de cas<\/li>\n<li>Les greffes osseuses (colonne vert\u00e9brale et fractures traumatiques)<\/li>\n<li>Les chirurgies du pied et de la cheville<\/li>\n<\/ul>\n<p>[\/vc_column_text][\/vc_column_inner][\/vc_row_inner][\/vc_tab][vc_tab gutter_size=\u00a0\u00bb2&Prime; column_padding=\u00a0\u00bb2&Prime; title=\u00a0\u00bbO\u00f9 soumettre une demande pour une \u00e9tude\u00a0\u00bb tab_id=\u00a0\u00bb1591126557545-2-7&Prime;][vc_column_text]<strong>Veuillez utiliser le lien ci-dessous<\/strong><br \/>\n<a href=\"https:\/\/app.smartsheet.com\/b\/form\/6732616a7b224eb29346610ac6676b71\">Demande de soutien pour une \u00e9tude<\/a>[\/vc_column_text][\/vc_tab][\/vc_tabs][\/vc_column][vc_column width=\u00a0\u00bb1\/12&Prime;][\/vc_column][\/vc_row]<\/p>\n<\/div>","protected":false},"excerpt":{"rendered":"<p>[vc_row unlock_row=\u00a0\u00bb\u00a0\u00bb row_height_percent=\u00a0\u00bb0&Prime; override_padding=\u00a0\u00bbyes\u00a0\u00bb h_padding=\u00a0\u00bb2&Prime; top_padding=\u00a0\u00bb0&Prime; bottom_padding=\u00a0\u00bb0&Prime; overlay_alpha=\u00a0\u00bb50&Prime; gutter_size=\u00a0\u00bb3&Prime; column_width_percent=\u00a0\u00bb100&Prime; shift_y=\u00a0\u00bb0&Prime; z_index=\u00a0\u00bb0&Prime;][vc_column column_width_percent=\u00a0\u00bb100&Prime; gutter_size=\u00a0\u00bb3&Prime; overlay_alpha=\u00a0\u00bb50&Prime; shift_x=\u00a0\u00bb0&Prime; shift_y=\u00a0\u00bb0&Prime; shift_y_down=\u00a0\u00bb0&Prime; z_index=\u00a0\u00bb0&Prime; medium_width=\u00a0\u00bb0&Prime; [&hellip;]<\/p>\n","protected":false},"author":1,"featured_media":0,"parent":12334,"menu_order":0,"comment_status":"closed","ping_status":"closed","template":"","meta":{"footnotes":""},"class_list":["post-12466","page","type-page","status-publish","hentry"],"yoast_head":"<!-- This site is optimized with the Yoast SEO plugin v27.4 - https:\/\/yoast.com\/product\/yoast-seo-wordpress\/ -->\n<title>Demande pour une \u00e9tude initi\u00e9e par des chercheurs - Bioventus<\/title>\n<meta name=\"robots\" content=\"index, follow, max-snippet:-1, max-image-preview:large, max-video-preview:-1\" \/>\n<link rel=\"canonical\" href=\"https:\/\/www.bioventus.com\/fr\/physicians\/investigator-initiated-study-request\/\" \/>\n<meta property=\"og:locale\" content=\"fr_FR\" \/>\n<meta property=\"og:type\" content=\"article\" \/>\n<meta property=\"og:title\" content=\"Demande pour une \u00e9tude initi\u00e9e par des chercheurs - Bioventus\" \/>\n<meta property=\"og:description\" content=\"[vc_row unlock_row=\u00a0\u00bb\u00a0\u00bb row_height_percent=\u00a0\u00bb0&Prime; override_padding=\u00a0\u00bbyes\u00a0\u00bb h_padding=\u00a0\u00bb2&Prime; top_padding=\u00a0\u00bb0&Prime; bottom_padding=\u00a0\u00bb0&Prime; overlay_alpha=\u00a0\u00bb50&Prime; gutter_size=\u00a0\u00bb3&Prime; column_width_percent=\u00a0\u00bb100&Prime; shift_y=\u00a0\u00bb0&Prime; z_index=\u00a0\u00bb0&Prime;][vc_column column_width_percent=\u00a0\u00bb100&Prime; gutter_size=\u00a0\u00bb3&Prime; overlay_alpha=\u00a0\u00bb50&Prime; shift_x=\u00a0\u00bb0&Prime; shift_y=\u00a0\u00bb0&Prime; shift_y_down=\u00a0\u00bb0&Prime; z_index=\u00a0\u00bb0&Prime; medium_width=\u00a0\u00bb0&Prime; [&hellip;]\" \/>\n<meta property=\"og:url\" content=\"https:\/\/www.bioventus.com\/fr\/physicians\/investigator-initiated-study-request\/\" \/>\n<meta property=\"og:site_name\" content=\"Bioventus\" \/>\n<meta property=\"article:modified_time\" content=\"2021-08-24T15:29:48+00:00\" \/>\n<meta name=\"twitter:card\" content=\"summary_large_image\" \/>\n<meta name=\"twitter:site\" content=\"@BioventusGlobal\" \/>\n<meta name=\"twitter:label1\" content=\"Dur\u00e9e de lecture estim\u00e9e\" \/>\n\t<meta name=\"twitter:data1\" content=\"3 minutes\" \/>\n<script type=\"application\/ld+json\" class=\"yoast-schema-graph\">{\"@context\":\"https:\\\/\\\/schema.org\",\"@graph\":[{\"@type\":\"WebPage\",\"@id\":\"https:\\\/\\\/www.bioventus.com\\\/fr\\\/physicians\\\/investigator-initiated-study-request\\\/\",\"url\":\"https:\\\/\\\/www.bioventus.com\\\/fr\\\/physicians\\\/investigator-initiated-study-request\\\/\",\"name\":\"Demande pour une \u00e9tude initi\u00e9e par des chercheurs - Bioventus\",\"isPartOf\":{\"@id\":\"https:\\\/\\\/www.bioventus.com\\\/fr\\\/#website\"},\"datePublished\":\"2020-06-04T16:03:47+00:00\",\"dateModified\":\"2021-08-24T15:29:48+00:00\",\"breadcrumb\":{\"@id\":\"https:\\\/\\\/www.bioventus.com\\\/fr\\\/physicians\\\/investigator-initiated-study-request\\\/#breadcrumb\"},\"inLanguage\":\"fr-FR\",\"potentialAction\":[{\"@type\":\"ReadAction\",\"target\":[\"https:\\\/\\\/www.bioventus.com\\\/fr\\\/physicians\\\/investigator-initiated-study-request\\\/\"]}]},{\"@type\":\"BreadcrumbList\",\"@id\":\"https:\\\/\\\/www.bioventus.com\\\/fr\\\/physicians\\\/investigator-initiated-study-request\\\/#breadcrumb\",\"itemListElement\":[{\"@type\":\"ListItem\",\"position\":1,\"name\":\"Home\",\"item\":\"https:\\\/\\\/www.bioventus.com\\\/fr\\\/\"},{\"@type\":\"ListItem\",\"position\":2,\"name\":\"M\u00e9decins\",\"item\":\"https:\\\/\\\/www.bioventus.com\\\/fr\\\/physicians\\\/\"},{\"@type\":\"ListItem\",\"position\":3,\"name\":\"Demande pour une \u00e9tude initi\u00e9e par des chercheurs\"}]},{\"@type\":\"WebSite\",\"@id\":\"https:\\\/\\\/www.bioventus.com\\\/fr\\\/#website\",\"url\":\"https:\\\/\\\/www.bioventus.com\\\/fr\\\/\",\"name\":\"Bioventus\",\"description\":\"Active Healing through Orthobiologics\",\"publisher\":{\"@id\":\"https:\\\/\\\/www.bioventus.com\\\/fr\\\/#organization\"},\"potentialAction\":[{\"@type\":\"SearchAction\",\"target\":{\"@type\":\"EntryPoint\",\"urlTemplate\":\"https:\\\/\\\/www.bioventus.com\\\/fr\\\/?s={search_term_string}\"},\"query-input\":{\"@type\":\"PropertyValueSpecification\",\"valueRequired\":true,\"valueName\":\"search_term_string\"}}],\"inLanguage\":\"fr-FR\"},{\"@type\":\"Organization\",\"@id\":\"https:\\\/\\\/www.bioventus.com\\\/fr\\\/#organization\",\"name\":\"Bioventus\",\"url\":\"https:\\\/\\\/www.bioventus.com\\\/fr\\\/\",\"logo\":{\"@type\":\"ImageObject\",\"inLanguage\":\"fr-FR\",\"@id\":\"https:\\\/\\\/www.bioventus.com\\\/fr\\\/#\\\/schema\\\/logo\\\/image\\\/\",\"url\":\"http:\\\/\\\/www.bioventus.com\\\/wp-content\\\/uploads\\\/2020\\\/04\\\/bioventus-logo-color-min.png\",\"contentUrl\":\"http:\\\/\\\/www.bioventus.com\\\/wp-content\\\/uploads\\\/2020\\\/04\\\/bioventus-logo-color-min.png\",\"width\":434,\"height\":72,\"caption\":\"Bioventus\"},\"image\":{\"@id\":\"https:\\\/\\\/www.bioventus.com\\\/fr\\\/#\\\/schema\\\/logo\\\/image\\\/\"},\"sameAs\":[\"https:\\\/\\\/x.com\\\/BioventusGlobal\",\"https:\\\/\\\/www.linkedin.com\\\/company\\\/bioventus\\\/\",\"https:\\\/\\\/www.youtube.com\\\/user\\\/Bioventus\"]}]}<\/script>\n<!-- \/ Yoast SEO plugin. -->","yoast_head_json":{"title":"Demande pour une \u00e9tude initi\u00e9e par des chercheurs - Bioventus","robots":{"index":"index","follow":"follow","max-snippet":"max-snippet:-1","max-image-preview":"max-image-preview:large","max-video-preview":"max-video-preview:-1"},"canonical":"https:\/\/www.bioventus.com\/fr\/physicians\/investigator-initiated-study-request\/","og_locale":"fr_FR","og_type":"article","og_title":"Demande pour une \u00e9tude initi\u00e9e par des chercheurs - Bioventus","og_description":"[vc_row unlock_row=\u00a0\u00bb\u00a0\u00bb row_height_percent=\u00a0\u00bb0&Prime; override_padding=\u00a0\u00bbyes\u00a0\u00bb h_padding=\u00a0\u00bb2&Prime; top_padding=\u00a0\u00bb0&Prime; bottom_padding=\u00a0\u00bb0&Prime; overlay_alpha=\u00a0\u00bb50&Prime; gutter_size=\u00a0\u00bb3&Prime; column_width_percent=\u00a0\u00bb100&Prime; shift_y=\u00a0\u00bb0&Prime; z_index=\u00a0\u00bb0&Prime;][vc_column column_width_percent=\u00a0\u00bb100&Prime; gutter_size=\u00a0\u00bb3&Prime; overlay_alpha=\u00a0\u00bb50&Prime; shift_x=\u00a0\u00bb0&Prime; shift_y=\u00a0\u00bb0&Prime; shift_y_down=\u00a0\u00bb0&Prime; z_index=\u00a0\u00bb0&Prime; medium_width=\u00a0\u00bb0&Prime; [&hellip;]","og_url":"https:\/\/www.bioventus.com\/fr\/physicians\/investigator-initiated-study-request\/","og_site_name":"Bioventus","article_modified_time":"2021-08-24T15:29:48+00:00","twitter_card":"summary_large_image","twitter_site":"@BioventusGlobal","twitter_misc":{"Dur\u00e9e de lecture estim\u00e9e":"3 minutes"},"schema":{"@context":"https:\/\/schema.org","@graph":[{"@type":"WebPage","@id":"https:\/\/www.bioventus.com\/fr\/physicians\/investigator-initiated-study-request\/","url":"https:\/\/www.bioventus.com\/fr\/physicians\/investigator-initiated-study-request\/","name":"Demande pour une \u00e9tude initi\u00e9e par des chercheurs - Bioventus","isPartOf":{"@id":"https:\/\/www.bioventus.com\/fr\/#website"},"datePublished":"2020-06-04T16:03:47+00:00","dateModified":"2021-08-24T15:29:48+00:00","breadcrumb":{"@id":"https:\/\/www.bioventus.com\/fr\/physicians\/investigator-initiated-study-request\/#breadcrumb"},"inLanguage":"fr-FR","potentialAction":[{"@type":"ReadAction","target":["https:\/\/www.bioventus.com\/fr\/physicians\/investigator-initiated-study-request\/"]}]},{"@type":"BreadcrumbList","@id":"https:\/\/www.bioventus.com\/fr\/physicians\/investigator-initiated-study-request\/#breadcrumb","itemListElement":[{"@type":"ListItem","position":1,"name":"Home","item":"https:\/\/www.bioventus.com\/fr\/"},{"@type":"ListItem","position":2,"name":"M\u00e9decins","item":"https:\/\/www.bioventus.com\/fr\/physicians\/"},{"@type":"ListItem","position":3,"name":"Demande pour une \u00e9tude initi\u00e9e par des chercheurs"}]},{"@type":"WebSite","@id":"https:\/\/www.bioventus.com\/fr\/#website","url":"https:\/\/www.bioventus.com\/fr\/","name":"Bioventus","description":"Active Healing through Orthobiologics","publisher":{"@id":"https:\/\/www.bioventus.com\/fr\/#organization"},"potentialAction":[{"@type":"SearchAction","target":{"@type":"EntryPoint","urlTemplate":"https:\/\/www.bioventus.com\/fr\/?s={search_term_string}"},"query-input":{"@type":"PropertyValueSpecification","valueRequired":true,"valueName":"search_term_string"}}],"inLanguage":"fr-FR"},{"@type":"Organization","@id":"https:\/\/www.bioventus.com\/fr\/#organization","name":"Bioventus","url":"https:\/\/www.bioventus.com\/fr\/","logo":{"@type":"ImageObject","inLanguage":"fr-FR","@id":"https:\/\/www.bioventus.com\/fr\/#\/schema\/logo\/image\/","url":"http:\/\/www.bioventus.com\/wp-content\/uploads\/2020\/04\/bioventus-logo-color-min.png","contentUrl":"http:\/\/www.bioventus.com\/wp-content\/uploads\/2020\/04\/bioventus-logo-color-min.png","width":434,"height":72,"caption":"Bioventus"},"image":{"@id":"https:\/\/www.bioventus.com\/fr\/#\/schema\/logo\/image\/"},"sameAs":["https:\/\/x.com\/BioventusGlobal","https:\/\/www.linkedin.com\/company\/bioventus\/","https:\/\/www.youtube.com\/user\/Bioventus"]}]}},"_links":{"self":[{"href":"https:\/\/www.bioventus.com\/fr\/wp-json\/wp\/v2\/pages\/12466","targetHints":{"allow":["GET"]}}],"collection":[{"href":"https:\/\/www.bioventus.com\/fr\/wp-json\/wp\/v2\/pages"}],"about":[{"href":"https:\/\/www.bioventus.com\/fr\/wp-json\/wp\/v2\/types\/page"}],"author":[{"embeddable":true,"href":"https:\/\/www.bioventus.com\/fr\/wp-json\/wp\/v2\/users\/1"}],"replies":[{"embeddable":true,"href":"https:\/\/www.bioventus.com\/fr\/wp-json\/wp\/v2\/comments?post=12466"}],"version-history":[{"count":0,"href":"https:\/\/www.bioventus.com\/fr\/wp-json\/wp\/v2\/pages\/12466\/revisions"}],"up":[{"embeddable":true,"href":"https:\/\/www.bioventus.com\/fr\/wp-json\/wp\/v2\/pages\/12334"}],"wp:attachment":[{"href":"https:\/\/www.bioventus.com\/fr\/wp-json\/wp\/v2\/media?parent=12466"}],"curies":[{"name":"wp","href":"https:\/\/api.w.org\/{rel}","templated":true}]}}