{"id":12376,"date":"2021-06-11T16:50:23","date_gmt":"2021-06-11T16:50:23","guid":{"rendered":"http:\/\/bioventuspub.wpengine.com\/products\/paintreatmentsjointpreservation\/"},"modified":"2021-08-05T20:32:55","modified_gmt":"2021-08-05T20:32:55","slug":"paintreatmentsjointpreservation","status":"publish","type":"page","link":"https:\/\/www.bioventus.com\/fr\/products\/paintreatmentsjointpreservation\/","title":{"rendered":"Traitements pour les douleurs et la pr\u00e9servation des articulations"},"content":{"rendered":"<div class=\"wpb-content-wrapper\"><p>[vc_row row_height_percent=\u00a0\u00bb0&Prime; override_padding=\u00a0\u00bbyes\u00a0\u00bb h_padding=\u00a0\u00bb2&Prime; top_padding=\u00a0\u00bb3&Prime; bottom_padding=\u00a0\u00bb1&Prime; overlay_alpha=\u00a0\u00bb50&Prime; gutter_size=\u00a0\u00bb3&Prime; column_width_percent=\u00a0\u00bb100&Prime; shift_y=\u00a0\u00bb0&Prime; z_index=\u00a0\u00bb0&Prime;][vc_column column_width_percent=\u00a0\u00bb100&Prime; gutter_size=\u00a0\u00bb3&Prime; overlay_alpha=\u00a0\u00bb50&Prime; shift_x=\u00a0\u00bb0&Prime; shift_y=\u00a0\u00bb0&Prime; shift_y_down=\u00a0\u00bb0&Prime; z_index=\u00a0\u00bb0&Prime; medium_width=\u00a0\u00bb0&Prime; mobile_width=\u00a0\u00bb0&Prime; width=\u00a0\u00bb1\/3&Prime; el_class=\u00a0\u00bbproduct-detail-sidebar\u00a0\u00bb css=\u00a0\u00bb.vc_custom_1594063068547{padding-right: 50px !important;}\u00a0\u00bb][\/vc_column][vc_column column_width_percent=\u00a0\u00bb100&Prime; gutter_size=\u00a0\u00bb3&Prime; overlay_alpha=\u00a0\u00bb50&Prime; shift_x=\u00a0\u00bb0&Prime; shift_y=\u00a0\u00bb0&Prime; shift_y_down=\u00a0\u00bb0&Prime; z_index=\u00a0\u00bb0&Prime; medium_width=\u00a0\u00bb0&Prime; mobile_width=\u00a0\u00bb0&Prime; width=\u00a0\u00bb2\/3&Prime;][vc_column_text]<\/p>\n<h3>Un soulagement qui cible directement la douleur<\/h3>\n<p>Les produits de Bioventus utilis\u00e9s comme traitements pour les douleurs et la pr\u00e9servation des articulations comprennent le <strong>StimRouter<sup>\u00ae <\/sup>PNS System,<\/strong> les produits \u00e0 base d\u2019acide hyaluronique de l\u2019entreprise pour l\u2019arthrose du genou\u00a0: <strong>DUROLANE<sup>\u00ae<\/sup>,<\/strong> <strong>GELSYN-3\u2122<\/strong> et <strong>SUPARTZ FX<sup>\u00ae<\/sup><\/strong>.[\/vc_column_text][\/vc_column][\/vc_row][vc_row row_height_percent=\u00a0\u00bb0&Prime; override_padding=\u00a0\u00bbyes\u00a0\u00bb h_padding=\u00a0\u00bb2&Prime; top_padding=\u00a0\u00bb3&Prime; bottom_padding=\u00a0\u00bb1&Prime; overlay_alpha=\u00a0\u00bb50&Prime; gutter_size=\u00a0\u00bb3&Prime; column_width_percent=\u00a0\u00bb100&Prime; shift_y=\u00a0\u00bb0&Prime; z_index=\u00a0\u00bb0&Prime;][vc_column column_width_percent=\u00a0\u00bb100&Prime; gutter_size=\u00a0\u00bb3&Prime; overlay_alpha=\u00a0\u00bb50&Prime; shift_x=\u00a0\u00bb0&Prime; shift_y=\u00a0\u00bb0&Prime; shift_y_down=\u00a0\u00bb0&Prime; z_index=\u00a0\u00bb0&Prime; medium_width=\u00a0\u00bb0&Prime; mobile_width=\u00a0\u00bb0&Prime; width=\u00a0\u00bb1\/3&Prime; el_class=\u00a0\u00bbproduct-detail-sidebar\u00a0\u00bb css=\u00a0\u00bb.vc_custom_1594063068547{padding-right: 50px !important;}\u00a0\u00bb][vc_column_text]<\/p>\n<h4>Informations sur le produit<\/h4>\n<hr \/>\n<p>[\/vc_column_text][vc_single_image media=\u00a0\u00bb11689&Prime; media_width_percent=\u00a0\u00bb55&Prime; media_link=\u00a0\u00bburl:https%3A%2F%2Fwww.stimrouter.com||target:%20_blank|\u00a0\u00bb][\/vc_column][vc_column column_width_percent=\u00a0\u00bb100&Prime; gutter_size=\u00a0\u00bb3&Prime; overlay_alpha=\u00a0\u00bb50&Prime; shift_x=\u00a0\u00bb0&Prime; shift_y=\u00a0\u00bb0&Prime; shift_y_down=\u00a0\u00bb0&Prime; z_index=\u00a0\u00bb0&Prime; medium_width=\u00a0\u00bb0&Prime; mobile_width=\u00a0\u00bb0&Prime; width=\u00a0\u00bb2\/3&Prime;][vc_column_text]<\/p>\n<h3>Soulagement cibl\u00e9 pour de meilleurs r\u00e9sultats chez les patients<\/h3>\n<p>Le soulagement des douleurs neuropathiques p\u00e9riph\u00e9riques chroniques est possible sans m\u00e9dicaments ou chirurgie invasive, avec l&rsquo;utilisation d&rsquo;un neurostimulateur p\u00e9riph\u00e9rique (NSP) tel que <strong>StimRouter<\/strong>. Le <strong>StimRouter <\/strong>cible la douleur \u00e0 sa source et sa petite taille permet d&rsquo;implanter le syst\u00e8me \u00e0 de nombreux endroits autour du corps, selon les besoins du patient.<\/p>\n<p>On estime que 20\u00a0% des am\u00e9ricains adultes souffrent de douleurs chroniques et, selon un <a href=\"https:\/\/www.cdc.gov\/mmwr\/volumes\/67\/wr\/mm6736a2.htm\" target=\"_blank\" rel=\"noopener\">rapport sur les douleurs chroniques<\/a> du Center for Disease Control and Prevention des<br \/>\n\u00c9tats-Unis, 8\u00a0% de ces individus souffrent de douleurs chroniques ayant un impact consid\u00e9rable sur leurs activit\u00e9s de la vie ou professionnelles presque tous les jours.<\/p>\n<p>Le processus de <a href=\"https:\/\/www.ncbi.nlm.nih.gov\/books\/NBK92054\/\" target=\"_blank\" rel=\"noopener\">prise en charge des douleurs chroniques<\/a> est long et compliqu\u00e9. Il comprend des options comportementales et pharmacologiques, des injections et des interventions chirurgicales. Malheureusement, les traitements comportementaux procurent rarement un soulagement suffisant et les opio\u00efdes, qui peuvent \u00eatre plus efficaces, sont tr\u00e8s addictifs.<\/p>\n<p>La neuromodulation est devenue une m\u00e9thode \u00e9prouv\u00e9e pour cibler les nerfs responsables de la douleur du patient. Pour obtenir plus de renseignements, y compris les renseignements posologiques complets et la recherche clinique, visitez le\u00a0<a href=\"https:\/\/stimrouter.com\/\" target=\"_blank\" rel=\"noopener\">Site Internet du StimRouter.<\/a><\/p>\n<p>[\/vc_column_text][\/vc_column][\/vc_row][vc_row row_height_percent=\u00a0\u00bb0&Prime; override_padding=\u00a0\u00bbyes\u00a0\u00bb h_padding=\u00a0\u00bb2&Prime; top_padding=\u00a0\u00bb3&Prime; bottom_padding=\u00a0\u00bb1&Prime; overlay_alpha=\u00a0\u00bb50&Prime; gutter_size=\u00a0\u00bb3&Prime; column_width_percent=\u00a0\u00bb100&Prime; shift_y=\u00a0\u00bb0&Prime; z_index=\u00a0\u00bb0&Prime;][vc_column column_width_percent=\u00a0\u00bb100&Prime; gutter_size=\u00a0\u00bb3&Prime; overlay_alpha=\u00a0\u00bb50&Prime; shift_x=\u00a0\u00bb0&Prime; shift_y=\u00a0\u00bb0&Prime; shift_y_down=\u00a0\u00bb0&Prime; z_index=\u00a0\u00bb0&Prime; medium_width=\u00a0\u00bb0&Prime; mobile_width=\u00a0\u00bb0&Prime; width=\u00a0\u00bb1\/3&Prime; el_class=\u00a0\u00bbproduct-detail-sidebar\u00a0\u00bb css=\u00a0\u00bb.vc_custom_1594063068547{padding-right: 50px !important;}\u00a0\u00bb][vc_column_text]<\/p>\n<h4>Informations sur le produit<\/h4>\n<hr \/>\n<p>[\/vc_column_text][vc_single_image media=\u00a0\u00bb179&Prime; media_width_percent=\u00a0\u00bb55&Prime; media_link=\u00a0\u00bburl:https%3A%2F%2Fwww.durolane.com||target:%20_blank|\u00a0\u00bb][vc_single_image media=\u00a0\u00bb180&Prime; media_width_percent=\u00a0\u00bb55&Prime; media_link=\u00a0\u00bburl:https%3A%2F%2Fwww.gelsyn3.com||target:%20_blank|\u00a0\u00bb][vc_single_image media=\u00a0\u00bb182&Prime; media_width_percent=\u00a0\u00bb55&Prime; media_link=\u00a0\u00bburl:https%3A%2F%2Fwww.supartzfx.com||target:%20_blank|\u00a0\u00bb][\/vc_column][vc_column column_width_percent=\u00a0\u00bb100&Prime; gutter_size=\u00a0\u00bb3&Prime; overlay_alpha=\u00a0\u00bb50&Prime; shift_x=\u00a0\u00bb0&Prime; shift_y=\u00a0\u00bb0&Prime; shift_y_down=\u00a0\u00bb0&Prime; z_index=\u00a0\u00bb0&Prime; medium_width=\u00a0\u00bb0&Prime; mobile_width=\u00a0\u00bb0&Prime; width=\u00a0\u00bb2\/3&Prime;][vc_column_text]<\/p>\n<h3>Un soulagement qui cible directement la douleur dans l\u2019articulation du patient<\/h3>\n<p>L&rsquo;arthrose est la principale cause de douleurs aux genoux et aux hanches, provoquant des douleurs intenses et limitant la capacit\u00e9 \u00e0 mener une vie active. Les traitements r\u00e9volutionnaires des douleurs articulaires par injection de Bioventus sont des alternatives non chirurgicales con\u00e7ues pour travailler avec les processus biologiques du corps. L\u2019injection d\u2019un lubrifiant naturel dans l\u2019articulation soulage les douleurs d&rsquo;intensit\u00e9 l\u00e9g\u00e8re \u00e0 mod\u00e9r\u00e9e, am\u00e9liore la mobilit\u00e9 et aide le patient \u00e0 reprendre ses activit\u00e9s normales.<\/p>\n<p>De nombreux patients atteints d&rsquo;arthrose constatent que ce liquide synovial articulaire s&rsquo;affaiblit au fur et \u00e0 mesure que cette maladie chronique progresse. En injectant de l&rsquo;acide hyaluronique directement dans les zones touch\u00e9es, nos traitements sont en mesure de r\u00e9tablir les propri\u00e9t\u00e9s lubrifiantes et amortissantes du liquide articulaire, qui sont habituellement r\u00e9duites par l&rsquo;arthrose. Contrairement aux analg\u00e9siques oraux, nos traitements par injection ciblent sp\u00e9cifiquement l&rsquo;arthrose dans l&rsquo;articulation, soulageant la douleur en toute s\u00e9curit\u00e9 et aidant les patients \u00e0 reprendre leurs activit\u00e9s quotidiennes.<\/p>\n<p><strong>DUROLANE,<\/strong> <strong>GELSYN-3<\/strong> et <strong>SUPARTZ FX<\/strong> peuvent \u00eatre administr\u00e9s au cabinet d\u2019un m\u00e9decin. La proc\u00e9dure ne prend que quelques minutes et la plupart des patients \u00e9prouvent peu ou pas d&rsquo;inconfort pendant l&rsquo;injection.<\/p>\n<p>Pour obtenir plus de renseignements sur la fa\u00e7on dont nos traitements pour les articulations par injection peuvent soulager la douleur et am\u00e9liorer la mobilit\u00e9 du patient, y compris les renseignements posologiques complets et la recherche clinique, visitez le site internet <a href=\"http:\/\/www.oakneepainrelief.com\" target=\"_blank\" rel=\"noopener\"><strong>OAKneePainRelief.com.<\/strong><\/a><\/p>\n<p>[\/vc_column_text][vc_row_inner row_inner_height_percent=\u00a0\u00bb0&Prime; back_color=\u00a0\u00bbcolor-205156&Prime; overlay_alpha=\u00a0\u00bb50&Prime; gutter_size=\u00a0\u00bb3&Prime; shift_y=\u00a0\u00bb0&Prime; z_index=\u00a0\u00bb0&Prime;][vc_column_inner width=\u00a0\u00bb1\/1&Prime;][vc_column_text el_class=\u00a0\u00bbcta-box\u00a0\u00bb]<\/p>\n<h3>Programme d&rsquo;aide aux patients<\/h3>\n<p>Bioventus s&rsquo;engage \u00e0 offrir SUPARTZ FX, GELSYN-3 et DUROLANE aux patients n\u2019ayant pas les ressources financi\u00e8res n\u00e9cessaires pour payer le traitement, en leur fournissant gratuitement un produit d&rsquo;aide aux patients. <strong><a href=\"\/fr\/products\/joint-therapies\/patient-assistance-program\/\" rel=\"noopener noreferrer\">En savoir plus <i class=\"fa fa-angle-right\"><\/i><\/a><\/strong>[\/vc_column_text][\/vc_column_inner][\/vc_row_inner][vc_column_text el_class=\u00a0\u00bbreferences\u00a0\u00bb]StimRouter est une marque d\u00e9pos\u00e9e de Bioness, Inc. GELSYN-3 et DUROLANE sont des marques d\u00e9pos\u00e9es de Bioventus LLC. SUPARTZ FX est une marque d\u00e9pos\u00e9e de Seikagaku Corp.[\/vc_column_text][\/vc_column][\/vc_row]<\/p>\n<\/div>","protected":false},"excerpt":{"rendered":"<p>[vc_row row_height_percent=\u00a0\u00bb0&Prime; override_padding=\u00a0\u00bbyes\u00a0\u00bb h_padding=\u00a0\u00bb2&Prime; top_padding=\u00a0\u00bb3&Prime; bottom_padding=\u00a0\u00bb1&Prime; overlay_alpha=\u00a0\u00bb50&Prime; gutter_size=\u00a0\u00bb3&Prime; column_width_percent=\u00a0\u00bb100&Prime; shift_y=\u00a0\u00bb0&Prime; z_index=\u00a0\u00bb0&Prime;][vc_column column_width_percent=\u00a0\u00bb100&Prime; gutter_size=\u00a0\u00bb3&Prime; overlay_alpha=\u00a0\u00bb50&Prime; shift_x=\u00a0\u00bb0&Prime; shift_y=\u00a0\u00bb0&Prime; shift_y_down=\u00a0\u00bb0&Prime; z_index=\u00a0\u00bb0&Prime; medium_width=\u00a0\u00bb0&Prime; mobile_width=\u00a0\u00bb0&Prime; [&hellip;]<\/p>\n","protected":false},"author":4,"featured_media":11699,"parent":12229,"menu_order":0,"comment_status":"closed","ping_status":"closed","template":"","meta":{"footnotes":""},"class_list":["post-12376","page","type-page","status-publish","has-post-thumbnail","hentry"],"yoast_head":"<!-- This site is optimized with the Yoast SEO plugin v27.3 - https:\/\/yoast.com\/product\/yoast-seo-wordpress\/ -->\n<title>Traitements pour les douleurs et la pr\u00e9servation des articulations - Bioventus<\/title>\n<meta name=\"robots\" content=\"index, follow, max-snippet:-1, max-image-preview:large, max-video-preview:-1\" \/>\n<link rel=\"canonical\" href=\"https:\/\/www.bioventus.com\/fr\/products\/paintreatmentsjointpreservation\/\" \/>\n<meta property=\"og:locale\" content=\"fr_FR\" \/>\n<meta property=\"og:type\" content=\"article\" \/>\n<meta property=\"og:title\" content=\"Traitements pour les douleurs et la pr\u00e9servation des articulations - Bioventus\" \/>\n<meta property=\"og:description\" content=\"[vc_row row_height_percent=\u00a0\u00bb0&Prime; override_padding=\u00a0\u00bbyes\u00a0\u00bb h_padding=\u00a0\u00bb2&Prime; top_padding=\u00a0\u00bb3&Prime; bottom_padding=\u00a0\u00bb1&Prime; overlay_alpha=\u00a0\u00bb50&Prime; gutter_size=\u00a0\u00bb3&Prime; column_width_percent=\u00a0\u00bb100&Prime; shift_y=\u00a0\u00bb0&Prime; z_index=\u00a0\u00bb0&Prime;][vc_column column_width_percent=\u00a0\u00bb100&Prime; gutter_size=\u00a0\u00bb3&Prime; overlay_alpha=\u00a0\u00bb50&Prime; shift_x=\u00a0\u00bb0&Prime; shift_y=\u00a0\u00bb0&Prime; shift_y_down=\u00a0\u00bb0&Prime; z_index=\u00a0\u00bb0&Prime; medium_width=\u00a0\u00bb0&Prime; mobile_width=\u00a0\u00bb0&Prime; [&hellip;]\" \/>\n<meta property=\"og:url\" content=\"https:\/\/www.bioventus.com\/fr\/products\/paintreatmentsjointpreservation\/\" \/>\n<meta property=\"og:site_name\" content=\"Bioventus\" \/>\n<meta property=\"article:modified_time\" content=\"2021-08-05T20:32:55+00:00\" \/>\n<meta property=\"og:image\" content=\"https:\/\/www.bioventus.com\/wp-content\/uploads\/2020\/05\/product_detail_header@2x-scaled.jpg\" \/>\n\t<meta property=\"og:image:width\" content=\"2560\" \/>\n\t<meta property=\"og:image:height\" content=\"533\" \/>\n\t<meta property=\"og:image:type\" content=\"image\/jpeg\" \/>\n<meta name=\"twitter:card\" content=\"summary_large_image\" \/>\n<meta name=\"twitter:site\" content=\"@BioventusGlobal\" \/>\n<meta name=\"twitter:label1\" content=\"Dur\u00e9e de lecture estim\u00e9e\" \/>\n\t<meta name=\"twitter:data1\" content=\"3 minutes\" \/>\n<script type=\"application\/ld+json\" class=\"yoast-schema-graph\">{\"@context\":\"https:\\\/\\\/schema.org\",\"@graph\":[{\"@type\":\"WebPage\",\"@id\":\"https:\\\/\\\/www.bioventus.com\\\/fr\\\/products\\\/paintreatmentsjointpreservation\\\/\",\"url\":\"https:\\\/\\\/www.bioventus.com\\\/fr\\\/products\\\/paintreatmentsjointpreservation\\\/\",\"name\":\"Traitements pour les douleurs et la pr\u00e9servation des articulations - Bioventus\",\"isPartOf\":{\"@id\":\"https:\\\/\\\/www.bioventus.com\\\/fr\\\/#website\"},\"primaryImageOfPage\":{\"@id\":\"https:\\\/\\\/www.bioventus.com\\\/fr\\\/products\\\/paintreatmentsjointpreservation\\\/#primaryimage\"},\"image\":{\"@id\":\"https:\\\/\\\/www.bioventus.com\\\/fr\\\/products\\\/paintreatmentsjointpreservation\\\/#primaryimage\"},\"thumbnailUrl\":\"https:\\\/\\\/www.bioventus.com\\\/wp-content\\\/uploads\\\/2020\\\/05\\\/product_detail_header@2x-scaled.jpg\",\"datePublished\":\"2021-06-11T16:50:23+00:00\",\"dateModified\":\"2021-08-05T20:32:55+00:00\",\"breadcrumb\":{\"@id\":\"https:\\\/\\\/www.bioventus.com\\\/fr\\\/products\\\/paintreatmentsjointpreservation\\\/#breadcrumb\"},\"inLanguage\":\"fr-FR\",\"potentialAction\":[{\"@type\":\"ReadAction\",\"target\":[\"https:\\\/\\\/www.bioventus.com\\\/fr\\\/products\\\/paintreatmentsjointpreservation\\\/\"]}]},{\"@type\":\"ImageObject\",\"inLanguage\":\"fr-FR\",\"@id\":\"https:\\\/\\\/www.bioventus.com\\\/fr\\\/products\\\/paintreatmentsjointpreservation\\\/#primaryimage\",\"url\":\"https:\\\/\\\/www.bioventus.com\\\/wp-content\\\/uploads\\\/2020\\\/05\\\/product_detail_header@2x-scaled.jpg\",\"contentUrl\":\"https:\\\/\\\/www.bioventus.com\\\/wp-content\\\/uploads\\\/2020\\\/05\\\/product_detail_header@2x-scaled.jpg\",\"width\":2560,\"height\":533},{\"@type\":\"BreadcrumbList\",\"@id\":\"https:\\\/\\\/www.bioventus.com\\\/fr\\\/products\\\/paintreatmentsjointpreservation\\\/#breadcrumb\",\"itemListElement\":[{\"@type\":\"ListItem\",\"position\":1,\"name\":\"Home\",\"item\":\"https:\\\/\\\/www.bioventus.com\\\/fr\\\/\"},{\"@type\":\"ListItem\",\"position\":2,\"name\":\"Produits\",\"item\":\"https:\\\/\\\/www.bioventus.com\\\/fr\\\/products\\\/\"},{\"@type\":\"ListItem\",\"position\":3,\"name\":\"Traitements pour les douleurs et la pr\u00e9servation des articulations\"}]},{\"@type\":\"WebSite\",\"@id\":\"https:\\\/\\\/www.bioventus.com\\\/fr\\\/#website\",\"url\":\"https:\\\/\\\/www.bioventus.com\\\/fr\\\/\",\"name\":\"Bioventus\",\"description\":\"Active Healing through Orthobiologics\",\"publisher\":{\"@id\":\"https:\\\/\\\/www.bioventus.com\\\/fr\\\/#organization\"},\"potentialAction\":[{\"@type\":\"SearchAction\",\"target\":{\"@type\":\"EntryPoint\",\"urlTemplate\":\"https:\\\/\\\/www.bioventus.com\\\/fr\\\/?s={search_term_string}\"},\"query-input\":{\"@type\":\"PropertyValueSpecification\",\"valueRequired\":true,\"valueName\":\"search_term_string\"}}],\"inLanguage\":\"fr-FR\"},{\"@type\":\"Organization\",\"@id\":\"https:\\\/\\\/www.bioventus.com\\\/fr\\\/#organization\",\"name\":\"Bioventus\",\"url\":\"https:\\\/\\\/www.bioventus.com\\\/fr\\\/\",\"logo\":{\"@type\":\"ImageObject\",\"inLanguage\":\"fr-FR\",\"@id\":\"https:\\\/\\\/www.bioventus.com\\\/fr\\\/#\\\/schema\\\/logo\\\/image\\\/\",\"url\":\"http:\\\/\\\/www.bioventus.com\\\/wp-content\\\/uploads\\\/2020\\\/04\\\/bioventus-logo-color-min.png\",\"contentUrl\":\"http:\\\/\\\/www.bioventus.com\\\/wp-content\\\/uploads\\\/2020\\\/04\\\/bioventus-logo-color-min.png\",\"width\":434,\"height\":72,\"caption\":\"Bioventus\"},\"image\":{\"@id\":\"https:\\\/\\\/www.bioventus.com\\\/fr\\\/#\\\/schema\\\/logo\\\/image\\\/\"},\"sameAs\":[\"https:\\\/\\\/x.com\\\/BioventusGlobal\",\"https:\\\/\\\/www.linkedin.com\\\/company\\\/bioventus\\\/\",\"https:\\\/\\\/www.youtube.com\\\/user\\\/Bioventus\"]}]}<\/script>\n<!-- \/ Yoast SEO plugin. -->","yoast_head_json":{"title":"Traitements pour les douleurs et la pr\u00e9servation des articulations - Bioventus","robots":{"index":"index","follow":"follow","max-snippet":"max-snippet:-1","max-image-preview":"max-image-preview:large","max-video-preview":"max-video-preview:-1"},"canonical":"https:\/\/www.bioventus.com\/fr\/products\/paintreatmentsjointpreservation\/","og_locale":"fr_FR","og_type":"article","og_title":"Traitements pour les douleurs et la pr\u00e9servation des articulations - Bioventus","og_description":"[vc_row row_height_percent=\u00a0\u00bb0&Prime; override_padding=\u00a0\u00bbyes\u00a0\u00bb h_padding=\u00a0\u00bb2&Prime; top_padding=\u00a0\u00bb3&Prime; bottom_padding=\u00a0\u00bb1&Prime; overlay_alpha=\u00a0\u00bb50&Prime; gutter_size=\u00a0\u00bb3&Prime; column_width_percent=\u00a0\u00bb100&Prime; shift_y=\u00a0\u00bb0&Prime; z_index=\u00a0\u00bb0&Prime;][vc_column column_width_percent=\u00a0\u00bb100&Prime; gutter_size=\u00a0\u00bb3&Prime; overlay_alpha=\u00a0\u00bb50&Prime; shift_x=\u00a0\u00bb0&Prime; shift_y=\u00a0\u00bb0&Prime; shift_y_down=\u00a0\u00bb0&Prime; z_index=\u00a0\u00bb0&Prime; medium_width=\u00a0\u00bb0&Prime; mobile_width=\u00a0\u00bb0&Prime; [&hellip;]","og_url":"https:\/\/www.bioventus.com\/fr\/products\/paintreatmentsjointpreservation\/","og_site_name":"Bioventus","article_modified_time":"2021-08-05T20:32:55+00:00","og_image":[{"width":2560,"height":533,"url":"https:\/\/www.bioventus.com\/wp-content\/uploads\/2020\/05\/product_detail_header@2x-scaled.jpg","type":"image\/jpeg"}],"twitter_card":"summary_large_image","twitter_site":"@BioventusGlobal","twitter_misc":{"Dur\u00e9e de lecture estim\u00e9e":"3 minutes"},"schema":{"@context":"https:\/\/schema.org","@graph":[{"@type":"WebPage","@id":"https:\/\/www.bioventus.com\/fr\/products\/paintreatmentsjointpreservation\/","url":"https:\/\/www.bioventus.com\/fr\/products\/paintreatmentsjointpreservation\/","name":"Traitements pour les douleurs et la pr\u00e9servation des articulations - Bioventus","isPartOf":{"@id":"https:\/\/www.bioventus.com\/fr\/#website"},"primaryImageOfPage":{"@id":"https:\/\/www.bioventus.com\/fr\/products\/paintreatmentsjointpreservation\/#primaryimage"},"image":{"@id":"https:\/\/www.bioventus.com\/fr\/products\/paintreatmentsjointpreservation\/#primaryimage"},"thumbnailUrl":"https:\/\/www.bioventus.com\/wp-content\/uploads\/2020\/05\/product_detail_header@2x-scaled.jpg","datePublished":"2021-06-11T16:50:23+00:00","dateModified":"2021-08-05T20:32:55+00:00","breadcrumb":{"@id":"https:\/\/www.bioventus.com\/fr\/products\/paintreatmentsjointpreservation\/#breadcrumb"},"inLanguage":"fr-FR","potentialAction":[{"@type":"ReadAction","target":["https:\/\/www.bioventus.com\/fr\/products\/paintreatmentsjointpreservation\/"]}]},{"@type":"ImageObject","inLanguage":"fr-FR","@id":"https:\/\/www.bioventus.com\/fr\/products\/paintreatmentsjointpreservation\/#primaryimage","url":"https:\/\/www.bioventus.com\/wp-content\/uploads\/2020\/05\/product_detail_header@2x-scaled.jpg","contentUrl":"https:\/\/www.bioventus.com\/wp-content\/uploads\/2020\/05\/product_detail_header@2x-scaled.jpg","width":2560,"height":533},{"@type":"BreadcrumbList","@id":"https:\/\/www.bioventus.com\/fr\/products\/paintreatmentsjointpreservation\/#breadcrumb","itemListElement":[{"@type":"ListItem","position":1,"name":"Home","item":"https:\/\/www.bioventus.com\/fr\/"},{"@type":"ListItem","position":2,"name":"Produits","item":"https:\/\/www.bioventus.com\/fr\/products\/"},{"@type":"ListItem","position":3,"name":"Traitements pour les douleurs et la pr\u00e9servation des articulations"}]},{"@type":"WebSite","@id":"https:\/\/www.bioventus.com\/fr\/#website","url":"https:\/\/www.bioventus.com\/fr\/","name":"Bioventus","description":"Active Healing through Orthobiologics","publisher":{"@id":"https:\/\/www.bioventus.com\/fr\/#organization"},"potentialAction":[{"@type":"SearchAction","target":{"@type":"EntryPoint","urlTemplate":"https:\/\/www.bioventus.com\/fr\/?s={search_term_string}"},"query-input":{"@type":"PropertyValueSpecification","valueRequired":true,"valueName":"search_term_string"}}],"inLanguage":"fr-FR"},{"@type":"Organization","@id":"https:\/\/www.bioventus.com\/fr\/#organization","name":"Bioventus","url":"https:\/\/www.bioventus.com\/fr\/","logo":{"@type":"ImageObject","inLanguage":"fr-FR","@id":"https:\/\/www.bioventus.com\/fr\/#\/schema\/logo\/image\/","url":"http:\/\/www.bioventus.com\/wp-content\/uploads\/2020\/04\/bioventus-logo-color-min.png","contentUrl":"http:\/\/www.bioventus.com\/wp-content\/uploads\/2020\/04\/bioventus-logo-color-min.png","width":434,"height":72,"caption":"Bioventus"},"image":{"@id":"https:\/\/www.bioventus.com\/fr\/#\/schema\/logo\/image\/"},"sameAs":["https:\/\/x.com\/BioventusGlobal","https:\/\/www.linkedin.com\/company\/bioventus\/","https:\/\/www.youtube.com\/user\/Bioventus"]}]}},"_links":{"self":[{"href":"https:\/\/www.bioventus.com\/fr\/wp-json\/wp\/v2\/pages\/12376","targetHints":{"allow":["GET"]}}],"collection":[{"href":"https:\/\/www.bioventus.com\/fr\/wp-json\/wp\/v2\/pages"}],"about":[{"href":"https:\/\/www.bioventus.com\/fr\/wp-json\/wp\/v2\/types\/page"}],"author":[{"embeddable":true,"href":"https:\/\/www.bioventus.com\/fr\/wp-json\/wp\/v2\/users\/4"}],"replies":[{"embeddable":true,"href":"https:\/\/www.bioventus.com\/fr\/wp-json\/wp\/v2\/comments?post=12376"}],"version-history":[{"count":0,"href":"https:\/\/www.bioventus.com\/fr\/wp-json\/wp\/v2\/pages\/12376\/revisions"}],"up":[{"embeddable":true,"href":"https:\/\/www.bioventus.com\/fr\/wp-json\/wp\/v2\/pages\/12229"}],"wp:featuredmedia":[{"embeddable":true,"href":"https:\/\/www.bioventus.com\/fr\/wp-json\/wp\/v2\/media\/11699"}],"wp:attachment":[{"href":"https:\/\/www.bioventus.com\/fr\/wp-json\/wp\/v2\/media?parent=12376"}],"curies":[{"name":"wp","href":"https:\/\/api.w.org\/{rel}","templated":true}]}}