{"id":12220,"date":"2020-07-30T12:57:47","date_gmt":"2020-07-30T12:57:47","guid":{"rendered":"http:\/\/bioventuspub.wpengine.com\/terms-of-use\/"},"modified":"2021-07-26T11:56:23","modified_gmt":"2021-07-26T11:56:23","slug":"terms-of-use","status":"publish","type":"page","link":"https:\/\/www.bioventus.com\/fr\/terms-of-use\/","title":{"rendered":"Conditions d&rsquo;utilisation"},"content":{"rendered":"<div class=\"wpb-content-wrapper\"><p>[vc_row][vc_column][vc_column_text]<\/p>\n<h1>BioventusGlobal.com<\/h1>\n<p>Les termes et conditions suivants s&rsquo;appliquent \u00e0 toute personne utilisant le site Internet de Bioventus. En utilisant ce site, vous acceptez les termes et conditions suivants\u00a0:<\/p>\n<ol>\n<li>BioventusGlobal.com est un site Internet qui offre uniquement des renseignements g\u00e9n\u00e9raux et qui ne remplacent aucunement les soins ou conseils m\u00e9dicaux.<\/li>\n<li>Nous prenons toutes les mesures possibles pour nous assurer que les renseignements publi\u00e9s sur le site sont exacts. Toutefois, nous ne pouvons garantir l&rsquo;exactitude des renseignements et ne pouvons \u00eatre tenus responsables de leur utilisation ou de la confiance que vous pourriez accorder \u00e0 ces renseignements.<\/li>\n<li>Les produits pr\u00e9sent\u00e9s sur le site ne sont pas disponibles dans tous les pays. Les indications d&rsquo;utilisation varient d&rsquo;un pays \u00e0 l&rsquo;autre.<\/li>\n<li>Aucun renseignement fourni sur ce site Internet ne doit \u00eatre interpr\u00e9t\u00e9 comme \u00e9tant une offre de service. Les renseignements pr\u00e9sent\u00e9s sur ce site \u00e9voluent dans le temps et pourraient ne plus \u00eatre un reflet pr\u00e9cis de notre position actuelle. Afin de respecter les clauses du contrat, aucun renseignement fourni sur ce site Internet ne doit \u00eatre consid\u00e9r\u00e9 comme \u00e9tant exact avant qu&rsquo;il n\u2019ait \u00e9t\u00e9 confirm\u00e9 par \u00e9crit par notre \u00e9quipe.<\/li>\n<li>Toutes les communications, y compris les id\u00e9es, les inventions et les concepts, qui sont envoy\u00e9es \u00e0 Bioventus ne sont pas confidentielles, et l\u2019entreprise n&rsquo;est pas tenue de s&rsquo;abstenir de publier ou d&rsquo;utiliser ces renseignements \u00e0 quelque fin que ce soit.<\/li>\n<li>Bioventus ne peut \u00eatre tenu responsable des dommages ou d\u00e9penses d\u00e9coulant de l\u2019utilisation du site BioventusGlobal.com.<\/li>\n<li>Ce site contient des liens vers des sites externes. Bioventus n\u2019est aucunement responsable du contenu de ces sites et des dommages ou pr\u00e9judices pouvant d\u00e9couler de leur contenu.<\/li>\n<li>Les utilisateurs de ce site ont la responsabilit\u00e9 de se prot\u00e9ger ad\u00e9quatement contre les virus, les chevaux de Troie, les vers ou tout autre objet malveillant ou nuisible. Bioventus n&rsquo;est pas responsable des pertes d\u00e9coulant de l&rsquo;acc\u00e8s \u00e0 notre site.<\/li>\n<li>Nous nous r\u00e9servons le droit de modifier les termes et conditions de notre site Internet \u00e0 tout moment. (Ces modifications entreront en vigueur imm\u00e9diatement apr\u00e8s leur affichage sur ce lien intitul\u00e9 \u00ab\u00a0Conditions d\u2019utilisation\u00a0\u00bb.)<\/li>\n<\/ol>\n<p>[\/vc_column_text][\/vc_column][\/vc_row]<\/p>\n<\/div>","protected":false},"excerpt":{"rendered":"<p>[vc_row][vc_column][vc_column_text] BioventusGlobal.com Les termes et conditions suivants s&rsquo;appliquent \u00e0 toute personne utilisant le site Internet de Bioventus. En utilisant ce [&hellip;]<\/p>\n","protected":false},"author":1,"featured_media":11699,"parent":0,"menu_order":0,"comment_status":"closed","ping_status":"closed","template":"","meta":{"footnotes":""},"class_list":["post-12220","page","type-page","status-publish","has-post-thumbnail","hentry"],"yoast_head":"<!-- This site is optimized with the Yoast SEO plugin v27.5 - https:\/\/yoast.com\/product\/yoast-seo-wordpress\/ -->\n<title>Conditions d&#039;utilisation - Bioventus<\/title>\n<meta name=\"robots\" content=\"index, follow, max-snippet:-1, max-image-preview:large, max-video-preview:-1\" \/>\n<link rel=\"canonical\" href=\"https:\/\/www.bioventus.com\/fr\/terms-of-use\/\" \/>\n<meta property=\"og:locale\" content=\"fr_FR\" \/>\n<meta property=\"og:type\" content=\"article\" \/>\n<meta property=\"og:title\" content=\"Conditions d&#039;utilisation - Bioventus\" \/>\n<meta property=\"og:description\" content=\"[vc_row][vc_column][vc_column_text] BioventusGlobal.com Les termes et conditions suivants s&rsquo;appliquent \u00e0 toute personne utilisant le site Internet de Bioventus. En utilisant ce [&hellip;]\" \/>\n<meta property=\"og:url\" content=\"https:\/\/www.bioventus.com\/fr\/terms-of-use\/\" \/>\n<meta property=\"og:site_name\" content=\"Bioventus\" \/>\n<meta property=\"article:modified_time\" content=\"2021-07-26T11:56:23+00:00\" \/>\n<meta property=\"og:image\" content=\"https:\/\/www.bioventus.com\/wp-content\/uploads\/2020\/05\/product_detail_header@2x-scaled.jpg\" \/>\n\t<meta property=\"og:image:width\" content=\"2560\" \/>\n\t<meta property=\"og:image:height\" content=\"533\" \/>\n\t<meta property=\"og:image:type\" content=\"image\/jpeg\" \/>\n<meta name=\"twitter:card\" content=\"summary_large_image\" \/>\n<meta name=\"twitter:site\" content=\"@BioventusGlobal\" \/>\n<meta name=\"twitter:label1\" content=\"Dur\u00e9e de lecture estim\u00e9e\" \/>\n\t<meta name=\"twitter:data1\" content=\"2 minutes\" \/>\n<script type=\"application\/ld+json\" class=\"yoast-schema-graph\">{\"@context\":\"https:\\\/\\\/schema.org\",\"@graph\":[{\"@type\":\"WebPage\",\"@id\":\"https:\\\/\\\/www.bioventus.com\\\/fr\\\/terms-of-use\\\/\",\"url\":\"https:\\\/\\\/www.bioventus.com\\\/fr\\\/terms-of-use\\\/\",\"name\":\"Conditions d'utilisation - Bioventus\",\"isPartOf\":{\"@id\":\"https:\\\/\\\/www.bioventus.com\\\/fr\\\/#website\"},\"primaryImageOfPage\":{\"@id\":\"https:\\\/\\\/www.bioventus.com\\\/fr\\\/terms-of-use\\\/#primaryimage\"},\"image\":{\"@id\":\"https:\\\/\\\/www.bioventus.com\\\/fr\\\/terms-of-use\\\/#primaryimage\"},\"thumbnailUrl\":\"https:\\\/\\\/www.bioventus.com\\\/wp-content\\\/uploads\\\/2020\\\/05\\\/product_detail_header@2x-scaled.jpg\",\"datePublished\":\"2020-07-30T12:57:47+00:00\",\"dateModified\":\"2021-07-26T11:56:23+00:00\",\"breadcrumb\":{\"@id\":\"https:\\\/\\\/www.bioventus.com\\\/fr\\\/terms-of-use\\\/#breadcrumb\"},\"inLanguage\":\"fr-FR\",\"potentialAction\":[{\"@type\":\"ReadAction\",\"target\":[\"https:\\\/\\\/www.bioventus.com\\\/fr\\\/terms-of-use\\\/\"]}]},{\"@type\":\"ImageObject\",\"inLanguage\":\"fr-FR\",\"@id\":\"https:\\\/\\\/www.bioventus.com\\\/fr\\\/terms-of-use\\\/#primaryimage\",\"url\":\"https:\\\/\\\/www.bioventus.com\\\/wp-content\\\/uploads\\\/2020\\\/05\\\/product_detail_header@2x-scaled.jpg\",\"contentUrl\":\"https:\\\/\\\/www.bioventus.com\\\/wp-content\\\/uploads\\\/2020\\\/05\\\/product_detail_header@2x-scaled.jpg\",\"width\":2560,\"height\":533},{\"@type\":\"BreadcrumbList\",\"@id\":\"https:\\\/\\\/www.bioventus.com\\\/fr\\\/terms-of-use\\\/#breadcrumb\",\"itemListElement\":[{\"@type\":\"ListItem\",\"position\":1,\"name\":\"Home\",\"item\":\"https:\\\/\\\/www.bioventus.com\\\/fr\\\/\"},{\"@type\":\"ListItem\",\"position\":2,\"name\":\"Conditions d&rsquo;utilisation\"}]},{\"@type\":\"WebSite\",\"@id\":\"https:\\\/\\\/www.bioventus.com\\\/fr\\\/#website\",\"url\":\"https:\\\/\\\/www.bioventus.com\\\/fr\\\/\",\"name\":\"Bioventus\",\"description\":\"Active Healing through Orthobiologics\",\"publisher\":{\"@id\":\"https:\\\/\\\/www.bioventus.com\\\/fr\\\/#organization\"},\"potentialAction\":[{\"@type\":\"SearchAction\",\"target\":{\"@type\":\"EntryPoint\",\"urlTemplate\":\"https:\\\/\\\/www.bioventus.com\\\/fr\\\/?s={search_term_string}\"},\"query-input\":{\"@type\":\"PropertyValueSpecification\",\"valueRequired\":true,\"valueName\":\"search_term_string\"}}],\"inLanguage\":\"fr-FR\"},{\"@type\":\"Organization\",\"@id\":\"https:\\\/\\\/www.bioventus.com\\\/fr\\\/#organization\",\"name\":\"Bioventus\",\"url\":\"https:\\\/\\\/www.bioventus.com\\\/fr\\\/\",\"logo\":{\"@type\":\"ImageObject\",\"inLanguage\":\"fr-FR\",\"@id\":\"https:\\\/\\\/www.bioventus.com\\\/fr\\\/#\\\/schema\\\/logo\\\/image\\\/\",\"url\":\"http:\\\/\\\/www.bioventus.com\\\/wp-content\\\/uploads\\\/2020\\\/04\\\/bioventus-logo-color-min.png\",\"contentUrl\":\"http:\\\/\\\/www.bioventus.com\\\/wp-content\\\/uploads\\\/2020\\\/04\\\/bioventus-logo-color-min.png\",\"width\":434,\"height\":72,\"caption\":\"Bioventus\"},\"image\":{\"@id\":\"https:\\\/\\\/www.bioventus.com\\\/fr\\\/#\\\/schema\\\/logo\\\/image\\\/\"},\"sameAs\":[\"https:\\\/\\\/x.com\\\/BioventusGlobal\",\"https:\\\/\\\/www.linkedin.com\\\/company\\\/bioventus\\\/\",\"https:\\\/\\\/www.youtube.com\\\/user\\\/Bioventus\"]}]}<\/script>\n<!-- \/ Yoast SEO plugin. -->","yoast_head_json":{"title":"Conditions d'utilisation - Bioventus","robots":{"index":"index","follow":"follow","max-snippet":"max-snippet:-1","max-image-preview":"max-image-preview:large","max-video-preview":"max-video-preview:-1"},"canonical":"https:\/\/www.bioventus.com\/fr\/terms-of-use\/","og_locale":"fr_FR","og_type":"article","og_title":"Conditions d'utilisation - Bioventus","og_description":"[vc_row][vc_column][vc_column_text] BioventusGlobal.com Les termes et conditions suivants s&rsquo;appliquent \u00e0 toute personne utilisant le site Internet de Bioventus. En utilisant ce [&hellip;]","og_url":"https:\/\/www.bioventus.com\/fr\/terms-of-use\/","og_site_name":"Bioventus","article_modified_time":"2021-07-26T11:56:23+00:00","og_image":[{"width":2560,"height":533,"url":"https:\/\/www.bioventus.com\/wp-content\/uploads\/2020\/05\/product_detail_header@2x-scaled.jpg","type":"image\/jpeg"}],"twitter_card":"summary_large_image","twitter_site":"@BioventusGlobal","twitter_misc":{"Dur\u00e9e de lecture estim\u00e9e":"2 minutes"},"schema":{"@context":"https:\/\/schema.org","@graph":[{"@type":"WebPage","@id":"https:\/\/www.bioventus.com\/fr\/terms-of-use\/","url":"https:\/\/www.bioventus.com\/fr\/terms-of-use\/","name":"Conditions d'utilisation - Bioventus","isPartOf":{"@id":"https:\/\/www.bioventus.com\/fr\/#website"},"primaryImageOfPage":{"@id":"https:\/\/www.bioventus.com\/fr\/terms-of-use\/#primaryimage"},"image":{"@id":"https:\/\/www.bioventus.com\/fr\/terms-of-use\/#primaryimage"},"thumbnailUrl":"https:\/\/www.bioventus.com\/wp-content\/uploads\/2020\/05\/product_detail_header@2x-scaled.jpg","datePublished":"2020-07-30T12:57:47+00:00","dateModified":"2021-07-26T11:56:23+00:00","breadcrumb":{"@id":"https:\/\/www.bioventus.com\/fr\/terms-of-use\/#breadcrumb"},"inLanguage":"fr-FR","potentialAction":[{"@type":"ReadAction","target":["https:\/\/www.bioventus.com\/fr\/terms-of-use\/"]}]},{"@type":"ImageObject","inLanguage":"fr-FR","@id":"https:\/\/www.bioventus.com\/fr\/terms-of-use\/#primaryimage","url":"https:\/\/www.bioventus.com\/wp-content\/uploads\/2020\/05\/product_detail_header@2x-scaled.jpg","contentUrl":"https:\/\/www.bioventus.com\/wp-content\/uploads\/2020\/05\/product_detail_header@2x-scaled.jpg","width":2560,"height":533},{"@type":"BreadcrumbList","@id":"https:\/\/www.bioventus.com\/fr\/terms-of-use\/#breadcrumb","itemListElement":[{"@type":"ListItem","position":1,"name":"Home","item":"https:\/\/www.bioventus.com\/fr\/"},{"@type":"ListItem","position":2,"name":"Conditions d&rsquo;utilisation"}]},{"@type":"WebSite","@id":"https:\/\/www.bioventus.com\/fr\/#website","url":"https:\/\/www.bioventus.com\/fr\/","name":"Bioventus","description":"Active Healing through Orthobiologics","publisher":{"@id":"https:\/\/www.bioventus.com\/fr\/#organization"},"potentialAction":[{"@type":"SearchAction","target":{"@type":"EntryPoint","urlTemplate":"https:\/\/www.bioventus.com\/fr\/?s={search_term_string}"},"query-input":{"@type":"PropertyValueSpecification","valueRequired":true,"valueName":"search_term_string"}}],"inLanguage":"fr-FR"},{"@type":"Organization","@id":"https:\/\/www.bioventus.com\/fr\/#organization","name":"Bioventus","url":"https:\/\/www.bioventus.com\/fr\/","logo":{"@type":"ImageObject","inLanguage":"fr-FR","@id":"https:\/\/www.bioventus.com\/fr\/#\/schema\/logo\/image\/","url":"http:\/\/www.bioventus.com\/wp-content\/uploads\/2020\/04\/bioventus-logo-color-min.png","contentUrl":"http:\/\/www.bioventus.com\/wp-content\/uploads\/2020\/04\/bioventus-logo-color-min.png","width":434,"height":72,"caption":"Bioventus"},"image":{"@id":"https:\/\/www.bioventus.com\/fr\/#\/schema\/logo\/image\/"},"sameAs":["https:\/\/x.com\/BioventusGlobal","https:\/\/www.linkedin.com\/company\/bioventus\/","https:\/\/www.youtube.com\/user\/Bioventus"]}]}},"_links":{"self":[{"href":"https:\/\/www.bioventus.com\/fr\/wp-json\/wp\/v2\/pages\/12220","targetHints":{"allow":["GET"]}}],"collection":[{"href":"https:\/\/www.bioventus.com\/fr\/wp-json\/wp\/v2\/pages"}],"about":[{"href":"https:\/\/www.bioventus.com\/fr\/wp-json\/wp\/v2\/types\/page"}],"author":[{"embeddable":true,"href":"https:\/\/www.bioventus.com\/fr\/wp-json\/wp\/v2\/users\/1"}],"replies":[{"embeddable":true,"href":"https:\/\/www.bioventus.com\/fr\/wp-json\/wp\/v2\/comments?post=12220"}],"version-history":[{"count":0,"href":"https:\/\/www.bioventus.com\/fr\/wp-json\/wp\/v2\/pages\/12220\/revisions"}],"wp:featuredmedia":[{"embeddable":true,"href":"https:\/\/www.bioventus.com\/fr\/wp-json\/wp\/v2\/media\/11699"}],"wp:attachment":[{"href":"https:\/\/www.bioventus.com\/fr\/wp-json\/wp\/v2\/media?parent=12220"}],"curies":[{"name":"wp","href":"https:\/\/api.w.org\/{rel}","templated":true}]}}