{"id":12023,"date":"2020-11-16T13:45:39","date_gmt":"2020-11-16T13:45:39","guid":{"rendered":"http:\/\/bioventuspub.wpengine.com\/about-us\/leadership\/chris-yamamoto\/"},"modified":"2021-11-12T20:57:32","modified_gmt":"2021-11-12T20:57:32","slug":"chris-yamamoto","status":"publish","type":"page","link":"https:\/\/www.bioventus.com\/fr\/about-us\/leadership\/chris-yamamoto\/","title":{"rendered":"Chris Yamamoto"},"content":{"rendered":"<div class=\"wpb-content-wrapper\"><p>[vc_row unlock_row=\u00a0\u00bb\u00a0\u00bb row_height_percent=\u00a0\u00bb0&Prime; override_padding=\u00a0\u00bbyes\u00a0\u00bb h_padding=\u00a0\u00bb3&Prime; top_padding=\u00a0\u00bb3&Prime; bottom_padding=\u00a0\u00bb3&Prime; overlay_alpha=\u00a0\u00bb50&Prime; gutter_size=\u00a0\u00bb3&Prime; column_width_percent=\u00a0\u00bb100&Prime; shift_y=\u00a0\u00bb0&Prime; z_index=\u00a0\u00bb0&Prime;][vc_column width=\u00a0\u00bb1\/4&Prime;][vc_single_image media=\u00a0\u00bb11501&Prime; media_width_percent=\u00a0\u00bb100&Prime;][\/vc_column][vc_column width=\u00a0\u00bb3\/4&Prime;][vc_column_text]Chris Yamamoto est vice-pr\u00e9sident principal du d\u00e9veloppement et de la strat\u00e9gie des affaires, et il est responsable de l&rsquo;identification, de l&rsquo;\u00e9valuation et du traitement de toutes les opportunit\u00e9s de croissance externe de Bioventus. Chris poss\u00e8de pr\u00e8s de 20\u00a0ans d&rsquo;exp\u00e9rience en fusion et acquisition et en d\u00e9veloppement commercial, ayant r\u00e9alis\u00e9 de nombreuses transactions repr\u00e9sentant plus de 50\u00a0milliards de dollars.<\/p>\n<p>Avant de se joindre \u00e0 Bioventus, Chris a \u00e9t\u00e9 le vice-pr\u00e9sident et directeur g\u00e9n\u00e9ral du d\u00e9veloppement de l&rsquo;entreprise chez Becton Dickinson and Company. Au cours de ses six ann\u00e9es chez Becton Dickinson, Chris a jou\u00e9 un r\u00f4le d\u00e9terminant dans la transformation de l&rsquo;entreprise gr\u00e2ce \u00e0 deux acquisitions \u00e0 grande \u00e9chelle (C.R. Bard et CareFusion), r\u00e9alisant pr\u00e8s de 30\u00a0acquisitions et placements cibl\u00e9s et en cessant les investissements dans certaines activit\u00e9s non essentielles. Avant Becton Dickinson, Chris a \u00e9t\u00e9 un vice-pr\u00e9sident chez The Blackstone Group. Chris a \u00e9galement travaill\u00e9 pour Fox Paine, Thoma Cressey, UBS Investment Bank et d&rsquo;autres \u00e9tablissements.<\/p>\n<p>Chris a obtenu un baccalaur\u00e9at \u00e8s arts en \u00e9conomie avec distinction du Coll\u00e8ge Williams.[\/vc_column_text][\/vc_column][\/vc_row]<\/p>\n<\/div>","protected":false},"excerpt":{"rendered":"<p>[vc_row unlock_row=\u00a0\u00bb\u00a0\u00bb row_height_percent=\u00a0\u00bb0&Prime; override_padding=\u00a0\u00bbyes\u00a0\u00bb h_padding=\u00a0\u00bb3&Prime; top_padding=\u00a0\u00bb3&Prime; bottom_padding=\u00a0\u00bb3&Prime; overlay_alpha=\u00a0\u00bb50&Prime; gutter_size=\u00a0\u00bb3&Prime; column_width_percent=\u00a0\u00bb100&Prime; shift_y=\u00a0\u00bb0&Prime; z_index=\u00a0\u00bb0&Prime;][vc_column width=\u00a0\u00bb1\/4&Prime;][vc_single_image media=\u00a0\u00bb11501&Prime; media_width_percent=\u00a0\u00bb100&Prime;][\/vc_column][vc_column width=\u00a0\u00bb3\/4&Prime;][vc_column_text]Chris Yamamoto est vice-pr\u00e9sident principal [&hellip;]<\/p>\n","protected":false},"author":4,"featured_media":11699,"parent":11957,"menu_order":0,"comment_status":"closed","ping_status":"closed","template":"","meta":{"footnotes":""},"class_list":["post-12023","page","type-page","status-publish","has-post-thumbnail","hentry"],"yoast_head":"<!-- This site is optimized with the Yoast SEO plugin v27.4 - https:\/\/yoast.com\/product\/yoast-seo-wordpress\/ -->\n<title>Chris Yamamoto - Bioventus<\/title>\n<meta name=\"robots\" content=\"index, follow, max-snippet:-1, max-image-preview:large, max-video-preview:-1\" \/>\n<link rel=\"canonical\" href=\"https:\/\/www.bioventus.com\/fr\/about-us\/leadership\/chris-yamamoto\/\" \/>\n<meta property=\"og:locale\" content=\"fr_FR\" \/>\n<meta property=\"og:type\" content=\"article\" \/>\n<meta property=\"og:title\" content=\"Chris Yamamoto - Bioventus\" \/>\n<meta property=\"og:description\" content=\"[vc_row unlock_row=\u00a0\u00bb\u00a0\u00bb row_height_percent=\u00a0\u00bb0&Prime; override_padding=\u00a0\u00bbyes\u00a0\u00bb h_padding=\u00a0\u00bb3&Prime; top_padding=\u00a0\u00bb3&Prime; bottom_padding=\u00a0\u00bb3&Prime; overlay_alpha=\u00a0\u00bb50&Prime; gutter_size=\u00a0\u00bb3&Prime; column_width_percent=\u00a0\u00bb100&Prime; shift_y=\u00a0\u00bb0&Prime; z_index=\u00a0\u00bb0&Prime;][vc_column width=\u00a0\u00bb1\/4&Prime;][vc_single_image media=\u00a0\u00bb11501&Prime; media_width_percent=\u00a0\u00bb100&Prime;][\/vc_column][vc_column width=\u00a0\u00bb3\/4&Prime;][vc_column_text]Chris Yamamoto est vice-pr\u00e9sident principal [&hellip;]\" \/>\n<meta property=\"og:url\" content=\"https:\/\/www.bioventus.com\/fr\/about-us\/leadership\/chris-yamamoto\/\" \/>\n<meta property=\"og:site_name\" content=\"Bioventus\" \/>\n<meta property=\"article:modified_time\" content=\"2021-11-12T20:57:32+00:00\" \/>\n<meta property=\"og:image\" content=\"https:\/\/www.bioventus.com\/wp-content\/uploads\/2020\/05\/product_detail_header@2x-scaled.jpg\" \/>\n\t<meta property=\"og:image:width\" content=\"2560\" \/>\n\t<meta property=\"og:image:height\" content=\"533\" \/>\n\t<meta property=\"og:image:type\" content=\"image\/jpeg\" \/>\n<meta name=\"twitter:card\" content=\"summary_large_image\" \/>\n<meta name=\"twitter:site\" content=\"@BioventusGlobal\" \/>\n<meta name=\"twitter:label1\" content=\"Dur\u00e9e de lecture estim\u00e9e\" \/>\n\t<meta name=\"twitter:data1\" content=\"1 minute\" \/>\n<script type=\"application\/ld+json\" class=\"yoast-schema-graph\">{\"@context\":\"https:\\\/\\\/schema.org\",\"@graph\":[{\"@type\":\"WebPage\",\"@id\":\"https:\\\/\\\/www.bioventus.com\\\/fr\\\/about-us\\\/leadership\\\/chris-yamamoto\\\/\",\"url\":\"https:\\\/\\\/www.bioventus.com\\\/fr\\\/about-us\\\/leadership\\\/chris-yamamoto\\\/\",\"name\":\"Chris Yamamoto - Bioventus\",\"isPartOf\":{\"@id\":\"https:\\\/\\\/www.bioventus.com\\\/fr\\\/#website\"},\"primaryImageOfPage\":{\"@id\":\"https:\\\/\\\/www.bioventus.com\\\/fr\\\/about-us\\\/leadership\\\/chris-yamamoto\\\/#primaryimage\"},\"image\":{\"@id\":\"https:\\\/\\\/www.bioventus.com\\\/fr\\\/about-us\\\/leadership\\\/chris-yamamoto\\\/#primaryimage\"},\"thumbnailUrl\":\"https:\\\/\\\/www.bioventus.com\\\/wp-content\\\/uploads\\\/2020\\\/05\\\/product_detail_header@2x-scaled.jpg\",\"datePublished\":\"2020-11-16T13:45:39+00:00\",\"dateModified\":\"2021-11-12T20:57:32+00:00\",\"breadcrumb\":{\"@id\":\"https:\\\/\\\/www.bioventus.com\\\/fr\\\/about-us\\\/leadership\\\/chris-yamamoto\\\/#breadcrumb\"},\"inLanguage\":\"fr-FR\",\"potentialAction\":[{\"@type\":\"ReadAction\",\"target\":[\"https:\\\/\\\/www.bioventus.com\\\/fr\\\/about-us\\\/leadership\\\/chris-yamamoto\\\/\"]}]},{\"@type\":\"ImageObject\",\"inLanguage\":\"fr-FR\",\"@id\":\"https:\\\/\\\/www.bioventus.com\\\/fr\\\/about-us\\\/leadership\\\/chris-yamamoto\\\/#primaryimage\",\"url\":\"https:\\\/\\\/www.bioventus.com\\\/wp-content\\\/uploads\\\/2020\\\/05\\\/product_detail_header@2x-scaled.jpg\",\"contentUrl\":\"https:\\\/\\\/www.bioventus.com\\\/wp-content\\\/uploads\\\/2020\\\/05\\\/product_detail_header@2x-scaled.jpg\",\"width\":2560,\"height\":533},{\"@type\":\"BreadcrumbList\",\"@id\":\"https:\\\/\\\/www.bioventus.com\\\/fr\\\/about-us\\\/leadership\\\/chris-yamamoto\\\/#breadcrumb\",\"itemListElement\":[{\"@type\":\"ListItem\",\"position\":1,\"name\":\"Home\",\"item\":\"https:\\\/\\\/www.bioventus.com\\\/fr\\\/\"},{\"@type\":\"ListItem\",\"position\":2,\"name\":\"\u00c0 Propos De Nous\",\"item\":\"https:\\\/\\\/www.bioventus.com\\\/fr\\\/about-us\\\/\"},{\"@type\":\"ListItem\",\"position\":3,\"name\":\"Leadership\",\"item\":\"https:\\\/\\\/www.bioventus.com\\\/fr\\\/about-us\\\/leadership\\\/\"},{\"@type\":\"ListItem\",\"position\":4,\"name\":\"Chris Yamamoto\"}]},{\"@type\":\"WebSite\",\"@id\":\"https:\\\/\\\/www.bioventus.com\\\/fr\\\/#website\",\"url\":\"https:\\\/\\\/www.bioventus.com\\\/fr\\\/\",\"name\":\"Bioventus\",\"description\":\"Active Healing through Orthobiologics\",\"publisher\":{\"@id\":\"https:\\\/\\\/www.bioventus.com\\\/fr\\\/#organization\"},\"potentialAction\":[{\"@type\":\"SearchAction\",\"target\":{\"@type\":\"EntryPoint\",\"urlTemplate\":\"https:\\\/\\\/www.bioventus.com\\\/fr\\\/?s={search_term_string}\"},\"query-input\":{\"@type\":\"PropertyValueSpecification\",\"valueRequired\":true,\"valueName\":\"search_term_string\"}}],\"inLanguage\":\"fr-FR\"},{\"@type\":\"Organization\",\"@id\":\"https:\\\/\\\/www.bioventus.com\\\/fr\\\/#organization\",\"name\":\"Bioventus\",\"url\":\"https:\\\/\\\/www.bioventus.com\\\/fr\\\/\",\"logo\":{\"@type\":\"ImageObject\",\"inLanguage\":\"fr-FR\",\"@id\":\"https:\\\/\\\/www.bioventus.com\\\/fr\\\/#\\\/schema\\\/logo\\\/image\\\/\",\"url\":\"http:\\\/\\\/www.bioventus.com\\\/wp-content\\\/uploads\\\/2020\\\/04\\\/bioventus-logo-color-min.png\",\"contentUrl\":\"http:\\\/\\\/www.bioventus.com\\\/wp-content\\\/uploads\\\/2020\\\/04\\\/bioventus-logo-color-min.png\",\"width\":434,\"height\":72,\"caption\":\"Bioventus\"},\"image\":{\"@id\":\"https:\\\/\\\/www.bioventus.com\\\/fr\\\/#\\\/schema\\\/logo\\\/image\\\/\"},\"sameAs\":[\"https:\\\/\\\/x.com\\\/BioventusGlobal\",\"https:\\\/\\\/www.linkedin.com\\\/company\\\/bioventus\\\/\",\"https:\\\/\\\/www.youtube.com\\\/user\\\/Bioventus\"]}]}<\/script>\n<!-- \/ Yoast SEO plugin. -->","yoast_head_json":{"title":"Chris Yamamoto - Bioventus","robots":{"index":"index","follow":"follow","max-snippet":"max-snippet:-1","max-image-preview":"max-image-preview:large","max-video-preview":"max-video-preview:-1"},"canonical":"https:\/\/www.bioventus.com\/fr\/about-us\/leadership\/chris-yamamoto\/","og_locale":"fr_FR","og_type":"article","og_title":"Chris Yamamoto - Bioventus","og_description":"[vc_row unlock_row=\u00a0\u00bb\u00a0\u00bb row_height_percent=\u00a0\u00bb0&Prime; override_padding=\u00a0\u00bbyes\u00a0\u00bb h_padding=\u00a0\u00bb3&Prime; top_padding=\u00a0\u00bb3&Prime; bottom_padding=\u00a0\u00bb3&Prime; overlay_alpha=\u00a0\u00bb50&Prime; gutter_size=\u00a0\u00bb3&Prime; column_width_percent=\u00a0\u00bb100&Prime; shift_y=\u00a0\u00bb0&Prime; z_index=\u00a0\u00bb0&Prime;][vc_column width=\u00a0\u00bb1\/4&Prime;][vc_single_image media=\u00a0\u00bb11501&Prime; media_width_percent=\u00a0\u00bb100&Prime;][\/vc_column][vc_column width=\u00a0\u00bb3\/4&Prime;][vc_column_text]Chris Yamamoto est vice-pr\u00e9sident principal [&hellip;]","og_url":"https:\/\/www.bioventus.com\/fr\/about-us\/leadership\/chris-yamamoto\/","og_site_name":"Bioventus","article_modified_time":"2021-11-12T20:57:32+00:00","og_image":[{"width":2560,"height":533,"url":"https:\/\/www.bioventus.com\/wp-content\/uploads\/2020\/05\/product_detail_header@2x-scaled.jpg","type":"image\/jpeg"}],"twitter_card":"summary_large_image","twitter_site":"@BioventusGlobal","twitter_misc":{"Dur\u00e9e de lecture estim\u00e9e":"1 minute"},"schema":{"@context":"https:\/\/schema.org","@graph":[{"@type":"WebPage","@id":"https:\/\/www.bioventus.com\/fr\/about-us\/leadership\/chris-yamamoto\/","url":"https:\/\/www.bioventus.com\/fr\/about-us\/leadership\/chris-yamamoto\/","name":"Chris Yamamoto - Bioventus","isPartOf":{"@id":"https:\/\/www.bioventus.com\/fr\/#website"},"primaryImageOfPage":{"@id":"https:\/\/www.bioventus.com\/fr\/about-us\/leadership\/chris-yamamoto\/#primaryimage"},"image":{"@id":"https:\/\/www.bioventus.com\/fr\/about-us\/leadership\/chris-yamamoto\/#primaryimage"},"thumbnailUrl":"https:\/\/www.bioventus.com\/wp-content\/uploads\/2020\/05\/product_detail_header@2x-scaled.jpg","datePublished":"2020-11-16T13:45:39+00:00","dateModified":"2021-11-12T20:57:32+00:00","breadcrumb":{"@id":"https:\/\/www.bioventus.com\/fr\/about-us\/leadership\/chris-yamamoto\/#breadcrumb"},"inLanguage":"fr-FR","potentialAction":[{"@type":"ReadAction","target":["https:\/\/www.bioventus.com\/fr\/about-us\/leadership\/chris-yamamoto\/"]}]},{"@type":"ImageObject","inLanguage":"fr-FR","@id":"https:\/\/www.bioventus.com\/fr\/about-us\/leadership\/chris-yamamoto\/#primaryimage","url":"https:\/\/www.bioventus.com\/wp-content\/uploads\/2020\/05\/product_detail_header@2x-scaled.jpg","contentUrl":"https:\/\/www.bioventus.com\/wp-content\/uploads\/2020\/05\/product_detail_header@2x-scaled.jpg","width":2560,"height":533},{"@type":"BreadcrumbList","@id":"https:\/\/www.bioventus.com\/fr\/about-us\/leadership\/chris-yamamoto\/#breadcrumb","itemListElement":[{"@type":"ListItem","position":1,"name":"Home","item":"https:\/\/www.bioventus.com\/fr\/"},{"@type":"ListItem","position":2,"name":"\u00c0 Propos De Nous","item":"https:\/\/www.bioventus.com\/fr\/about-us\/"},{"@type":"ListItem","position":3,"name":"Leadership","item":"https:\/\/www.bioventus.com\/fr\/about-us\/leadership\/"},{"@type":"ListItem","position":4,"name":"Chris Yamamoto"}]},{"@type":"WebSite","@id":"https:\/\/www.bioventus.com\/fr\/#website","url":"https:\/\/www.bioventus.com\/fr\/","name":"Bioventus","description":"Active Healing through Orthobiologics","publisher":{"@id":"https:\/\/www.bioventus.com\/fr\/#organization"},"potentialAction":[{"@type":"SearchAction","target":{"@type":"EntryPoint","urlTemplate":"https:\/\/www.bioventus.com\/fr\/?s={search_term_string}"},"query-input":{"@type":"PropertyValueSpecification","valueRequired":true,"valueName":"search_term_string"}}],"inLanguage":"fr-FR"},{"@type":"Organization","@id":"https:\/\/www.bioventus.com\/fr\/#organization","name":"Bioventus","url":"https:\/\/www.bioventus.com\/fr\/","logo":{"@type":"ImageObject","inLanguage":"fr-FR","@id":"https:\/\/www.bioventus.com\/fr\/#\/schema\/logo\/image\/","url":"http:\/\/www.bioventus.com\/wp-content\/uploads\/2020\/04\/bioventus-logo-color-min.png","contentUrl":"http:\/\/www.bioventus.com\/wp-content\/uploads\/2020\/04\/bioventus-logo-color-min.png","width":434,"height":72,"caption":"Bioventus"},"image":{"@id":"https:\/\/www.bioventus.com\/fr\/#\/schema\/logo\/image\/"},"sameAs":["https:\/\/x.com\/BioventusGlobal","https:\/\/www.linkedin.com\/company\/bioventus\/","https:\/\/www.youtube.com\/user\/Bioventus"]}]}},"_links":{"self":[{"href":"https:\/\/www.bioventus.com\/fr\/wp-json\/wp\/v2\/pages\/12023","targetHints":{"allow":["GET"]}}],"collection":[{"href":"https:\/\/www.bioventus.com\/fr\/wp-json\/wp\/v2\/pages"}],"about":[{"href":"https:\/\/www.bioventus.com\/fr\/wp-json\/wp\/v2\/types\/page"}],"author":[{"embeddable":true,"href":"https:\/\/www.bioventus.com\/fr\/wp-json\/wp\/v2\/users\/4"}],"replies":[{"embeddable":true,"href":"https:\/\/www.bioventus.com\/fr\/wp-json\/wp\/v2\/comments?post=12023"}],"version-history":[{"count":0,"href":"https:\/\/www.bioventus.com\/fr\/wp-json\/wp\/v2\/pages\/12023\/revisions"}],"up":[{"embeddable":true,"href":"https:\/\/www.bioventus.com\/fr\/wp-json\/wp\/v2\/pages\/11957"}],"wp:featuredmedia":[{"embeddable":true,"href":"https:\/\/www.bioventus.com\/fr\/wp-json\/wp\/v2\/media\/11699"}],"wp:attachment":[{"href":"https:\/\/www.bioventus.com\/fr\/wp-json\/wp\/v2\/media?parent=12023"}],"curies":[{"name":"wp","href":"https:\/\/api.w.org\/{rel}","templated":true}]}}