{"id":11983,"date":"2020-07-14T14:33:29","date_gmt":"2020-07-14T14:33:29","guid":{"rendered":"http:\/\/bioventuspub.wpengine.com\/about-us\/leadership\/alessandra-pavesio\/"},"modified":"2021-11-12T20:47:54","modified_gmt":"2021-11-12T20:47:54","slug":"alessandra-pavesio","status":"publish","type":"page","link":"https:\/\/www.bioventus.com\/fr\/about-us\/leadership\/alessandra-pavesio\/","title":{"rendered":"Alessandra Pavesio"},"content":{"rendered":"<div class=\"wpb-content-wrapper\"><p>[vc_row unlock_row=\u00a0\u00bb\u00a0\u00bb row_height_percent=\u00a0\u00bb0&Prime; override_padding=\u00a0\u00bbyes\u00a0\u00bb h_padding=\u00a0\u00bb3&Prime; top_padding=\u00a0\u00bb3&Prime; bottom_padding=\u00a0\u00bb3&Prime; overlay_alpha=\u00a0\u00bb50&Prime; gutter_size=\u00a0\u00bb3&Prime; column_width_percent=\u00a0\u00bb100&Prime; shift_y=\u00a0\u00bb0&Prime; z_index=\u00a0\u00bb0&Prime;][vc_column width=\u00a0\u00bb1\/4&Prime;][vc_single_image media=\u00a0\u00bb11440&Prime; media_width_percent=\u00a0\u00bb100&Prime;][\/vc_column][vc_column width=\u00a0\u00bb3\/4&Prime;][vc_column_text]Alessandra Pavesio est un leader d\u2019opinion reconnu dans le domaine de la m\u00e9decine r\u00e9g\u00e9n\u00e9rative. Elle poss\u00e8de 20\u00a0ans d&rsquo;exp\u00e9rience dans le d\u00e9veloppement \u2013 de la conception au traitement \u2013 de plus de 25\u00a0dispositifs m\u00e9dicaux\/produits biologiques innovants de classe\u00a0III, con\u00e7us pour la r\u00e9g\u00e9n\u00e9ration des tissus mous et durs, et homologu\u00e9s par les chefs de file du march\u00e9 dans le monde entier. Avant de se joindre \u00e0 Bioventus, elle a dirig\u00e9 le partenariat \u00ab\u00a0Boston University Coulter Translational Partnership\u00a0\u00bb, un programme de recherche parrain\u00e9 par une fondation destin\u00e9e \u00e0 am\u00e9liorer l&rsquo;impact clinique et la cr\u00e9ation de richesse par le d\u00e9veloppement et le transfert de propri\u00e9t\u00e9s intellectuelles innovantes des laboratoires universitaires \u00e0 la pratique commerciale. Alessandra a \u00e9galement occup\u00e9 les postes de vice-pr\u00e9sidente de la recherche et du d\u00e9veloppement chez Anika Therapeutics et Fidia Advanced Biopolymers (FAB). Elle est co-auteur de 25\u00a0publications examin\u00e9es par des pairs et plus de 15\u00a0inventions brevet\u00e9es.<\/p>\n<p>Alessandra est titulaire d\u2019une ma\u00eetrise en chimie m\u00e9dicale de l\u2019Universit\u00e9 de Turin en Italie.[\/vc_column_text][\/vc_column][\/vc_row]<\/p>\n<\/div>","protected":false},"excerpt":{"rendered":"<p>[vc_row unlock_row=\u00a0\u00bb\u00a0\u00bb row_height_percent=\u00a0\u00bb0&Prime; override_padding=\u00a0\u00bbyes\u00a0\u00bb h_padding=\u00a0\u00bb3&Prime; top_padding=\u00a0\u00bb3&Prime; bottom_padding=\u00a0\u00bb3&Prime; overlay_alpha=\u00a0\u00bb50&Prime; gutter_size=\u00a0\u00bb3&Prime; column_width_percent=\u00a0\u00bb100&Prime; shift_y=\u00a0\u00bb0&Prime; z_index=\u00a0\u00bb0&Prime;][vc_column width=\u00a0\u00bb1\/4&Prime;][vc_single_image media=\u00a0\u00bb11440&Prime; media_width_percent=\u00a0\u00bb100&Prime;][\/vc_column][vc_column width=\u00a0\u00bb3\/4&Prime;][vc_column_text]Alessandra Pavesio est un leader [&hellip;]<\/p>\n","protected":false},"author":1,"featured_media":11699,"parent":11957,"menu_order":0,"comment_status":"closed","ping_status":"closed","template":"","meta":{"footnotes":""},"class_list":["post-11983","page","type-page","status-publish","has-post-thumbnail","hentry"],"yoast_head":"<!-- This site is optimized with the Yoast SEO plugin v27.5 - https:\/\/yoast.com\/product\/yoast-seo-wordpress\/ -->\n<title>Alessandra Pavesio - Bioventus<\/title>\n<meta name=\"robots\" content=\"index, follow, max-snippet:-1, max-image-preview:large, max-video-preview:-1\" \/>\n<link rel=\"canonical\" href=\"https:\/\/www.bioventus.com\/fr\/about-us\/leadership\/alessandra-pavesio\/\" \/>\n<meta property=\"og:locale\" content=\"fr_FR\" \/>\n<meta property=\"og:type\" content=\"article\" \/>\n<meta property=\"og:title\" content=\"Alessandra Pavesio - Bioventus\" \/>\n<meta property=\"og:description\" content=\"[vc_row unlock_row=\u00a0\u00bb\u00a0\u00bb row_height_percent=\u00a0\u00bb0&Prime; override_padding=\u00a0\u00bbyes\u00a0\u00bb h_padding=\u00a0\u00bb3&Prime; top_padding=\u00a0\u00bb3&Prime; bottom_padding=\u00a0\u00bb3&Prime; overlay_alpha=\u00a0\u00bb50&Prime; gutter_size=\u00a0\u00bb3&Prime; column_width_percent=\u00a0\u00bb100&Prime; shift_y=\u00a0\u00bb0&Prime; z_index=\u00a0\u00bb0&Prime;][vc_column width=\u00a0\u00bb1\/4&Prime;][vc_single_image media=\u00a0\u00bb11440&Prime; media_width_percent=\u00a0\u00bb100&Prime;][\/vc_column][vc_column width=\u00a0\u00bb3\/4&Prime;][vc_column_text]Alessandra Pavesio est un leader [&hellip;]\" \/>\n<meta property=\"og:url\" content=\"https:\/\/www.bioventus.com\/fr\/about-us\/leadership\/alessandra-pavesio\/\" \/>\n<meta property=\"og:site_name\" content=\"Bioventus\" \/>\n<meta property=\"article:modified_time\" content=\"2021-11-12T20:47:54+00:00\" \/>\n<meta property=\"og:image\" content=\"https:\/\/www.bioventus.com\/wp-content\/uploads\/2020\/05\/product_detail_header@2x-scaled.jpg\" \/>\n\t<meta property=\"og:image:width\" content=\"2560\" \/>\n\t<meta property=\"og:image:height\" content=\"533\" \/>\n\t<meta property=\"og:image:type\" content=\"image\/jpeg\" \/>\n<meta name=\"twitter:card\" content=\"summary_large_image\" \/>\n<meta name=\"twitter:site\" content=\"@BioventusGlobal\" \/>\n<meta name=\"twitter:label1\" content=\"Dur\u00e9e de lecture estim\u00e9e\" \/>\n\t<meta name=\"twitter:data1\" content=\"1 minute\" \/>\n<script type=\"application\/ld+json\" class=\"yoast-schema-graph\">{\"@context\":\"https:\\\/\\\/schema.org\",\"@graph\":[{\"@type\":\"WebPage\",\"@id\":\"https:\\\/\\\/www.bioventus.com\\\/fr\\\/about-us\\\/leadership\\\/alessandra-pavesio\\\/\",\"url\":\"https:\\\/\\\/www.bioventus.com\\\/fr\\\/about-us\\\/leadership\\\/alessandra-pavesio\\\/\",\"name\":\"Alessandra Pavesio - Bioventus\",\"isPartOf\":{\"@id\":\"https:\\\/\\\/www.bioventus.com\\\/fr\\\/#website\"},\"primaryImageOfPage\":{\"@id\":\"https:\\\/\\\/www.bioventus.com\\\/fr\\\/about-us\\\/leadership\\\/alessandra-pavesio\\\/#primaryimage\"},\"image\":{\"@id\":\"https:\\\/\\\/www.bioventus.com\\\/fr\\\/about-us\\\/leadership\\\/alessandra-pavesio\\\/#primaryimage\"},\"thumbnailUrl\":\"https:\\\/\\\/www.bioventus.com\\\/wp-content\\\/uploads\\\/2020\\\/05\\\/product_detail_header@2x-scaled.jpg\",\"datePublished\":\"2020-07-14T14:33:29+00:00\",\"dateModified\":\"2021-11-12T20:47:54+00:00\",\"breadcrumb\":{\"@id\":\"https:\\\/\\\/www.bioventus.com\\\/fr\\\/about-us\\\/leadership\\\/alessandra-pavesio\\\/#breadcrumb\"},\"inLanguage\":\"fr-FR\",\"potentialAction\":[{\"@type\":\"ReadAction\",\"target\":[\"https:\\\/\\\/www.bioventus.com\\\/fr\\\/about-us\\\/leadership\\\/alessandra-pavesio\\\/\"]}]},{\"@type\":\"ImageObject\",\"inLanguage\":\"fr-FR\",\"@id\":\"https:\\\/\\\/www.bioventus.com\\\/fr\\\/about-us\\\/leadership\\\/alessandra-pavesio\\\/#primaryimage\",\"url\":\"https:\\\/\\\/www.bioventus.com\\\/wp-content\\\/uploads\\\/2020\\\/05\\\/product_detail_header@2x-scaled.jpg\",\"contentUrl\":\"https:\\\/\\\/www.bioventus.com\\\/wp-content\\\/uploads\\\/2020\\\/05\\\/product_detail_header@2x-scaled.jpg\",\"width\":2560,\"height\":533},{\"@type\":\"BreadcrumbList\",\"@id\":\"https:\\\/\\\/www.bioventus.com\\\/fr\\\/about-us\\\/leadership\\\/alessandra-pavesio\\\/#breadcrumb\",\"itemListElement\":[{\"@type\":\"ListItem\",\"position\":1,\"name\":\"Home\",\"item\":\"https:\\\/\\\/www.bioventus.com\\\/fr\\\/\"},{\"@type\":\"ListItem\",\"position\":2,\"name\":\"\u00c0 Propos De Nous\",\"item\":\"https:\\\/\\\/www.bioventus.com\\\/fr\\\/about-us\\\/\"},{\"@type\":\"ListItem\",\"position\":3,\"name\":\"Leadership\",\"item\":\"https:\\\/\\\/www.bioventus.com\\\/fr\\\/about-us\\\/leadership\\\/\"},{\"@type\":\"ListItem\",\"position\":4,\"name\":\"Alessandra Pavesio\"}]},{\"@type\":\"WebSite\",\"@id\":\"https:\\\/\\\/www.bioventus.com\\\/fr\\\/#website\",\"url\":\"https:\\\/\\\/www.bioventus.com\\\/fr\\\/\",\"name\":\"Bioventus\",\"description\":\"Active Healing through Orthobiologics\",\"publisher\":{\"@id\":\"https:\\\/\\\/www.bioventus.com\\\/fr\\\/#organization\"},\"potentialAction\":[{\"@type\":\"SearchAction\",\"target\":{\"@type\":\"EntryPoint\",\"urlTemplate\":\"https:\\\/\\\/www.bioventus.com\\\/fr\\\/?s={search_term_string}\"},\"query-input\":{\"@type\":\"PropertyValueSpecification\",\"valueRequired\":true,\"valueName\":\"search_term_string\"}}],\"inLanguage\":\"fr-FR\"},{\"@type\":\"Organization\",\"@id\":\"https:\\\/\\\/www.bioventus.com\\\/fr\\\/#organization\",\"name\":\"Bioventus\",\"url\":\"https:\\\/\\\/www.bioventus.com\\\/fr\\\/\",\"logo\":{\"@type\":\"ImageObject\",\"inLanguage\":\"fr-FR\",\"@id\":\"https:\\\/\\\/www.bioventus.com\\\/fr\\\/#\\\/schema\\\/logo\\\/image\\\/\",\"url\":\"http:\\\/\\\/www.bioventus.com\\\/wp-content\\\/uploads\\\/2020\\\/04\\\/bioventus-logo-color-min.png\",\"contentUrl\":\"http:\\\/\\\/www.bioventus.com\\\/wp-content\\\/uploads\\\/2020\\\/04\\\/bioventus-logo-color-min.png\",\"width\":434,\"height\":72,\"caption\":\"Bioventus\"},\"image\":{\"@id\":\"https:\\\/\\\/www.bioventus.com\\\/fr\\\/#\\\/schema\\\/logo\\\/image\\\/\"},\"sameAs\":[\"https:\\\/\\\/x.com\\\/BioventusGlobal\",\"https:\\\/\\\/www.linkedin.com\\\/company\\\/bioventus\\\/\",\"https:\\\/\\\/www.youtube.com\\\/user\\\/Bioventus\"]}]}<\/script>\n<!-- \/ Yoast SEO plugin. -->","yoast_head_json":{"title":"Alessandra Pavesio - Bioventus","robots":{"index":"index","follow":"follow","max-snippet":"max-snippet:-1","max-image-preview":"max-image-preview:large","max-video-preview":"max-video-preview:-1"},"canonical":"https:\/\/www.bioventus.com\/fr\/about-us\/leadership\/alessandra-pavesio\/","og_locale":"fr_FR","og_type":"article","og_title":"Alessandra Pavesio - Bioventus","og_description":"[vc_row unlock_row=\u00a0\u00bb\u00a0\u00bb row_height_percent=\u00a0\u00bb0&Prime; override_padding=\u00a0\u00bbyes\u00a0\u00bb h_padding=\u00a0\u00bb3&Prime; top_padding=\u00a0\u00bb3&Prime; bottom_padding=\u00a0\u00bb3&Prime; overlay_alpha=\u00a0\u00bb50&Prime; gutter_size=\u00a0\u00bb3&Prime; column_width_percent=\u00a0\u00bb100&Prime; shift_y=\u00a0\u00bb0&Prime; z_index=\u00a0\u00bb0&Prime;][vc_column width=\u00a0\u00bb1\/4&Prime;][vc_single_image media=\u00a0\u00bb11440&Prime; media_width_percent=\u00a0\u00bb100&Prime;][\/vc_column][vc_column width=\u00a0\u00bb3\/4&Prime;][vc_column_text]Alessandra Pavesio est un leader [&hellip;]","og_url":"https:\/\/www.bioventus.com\/fr\/about-us\/leadership\/alessandra-pavesio\/","og_site_name":"Bioventus","article_modified_time":"2021-11-12T20:47:54+00:00","og_image":[{"width":2560,"height":533,"url":"https:\/\/www.bioventus.com\/wp-content\/uploads\/2020\/05\/product_detail_header@2x-scaled.jpg","type":"image\/jpeg"}],"twitter_card":"summary_large_image","twitter_site":"@BioventusGlobal","twitter_misc":{"Dur\u00e9e de lecture estim\u00e9e":"1 minute"},"schema":{"@context":"https:\/\/schema.org","@graph":[{"@type":"WebPage","@id":"https:\/\/www.bioventus.com\/fr\/about-us\/leadership\/alessandra-pavesio\/","url":"https:\/\/www.bioventus.com\/fr\/about-us\/leadership\/alessandra-pavesio\/","name":"Alessandra Pavesio - Bioventus","isPartOf":{"@id":"https:\/\/www.bioventus.com\/fr\/#website"},"primaryImageOfPage":{"@id":"https:\/\/www.bioventus.com\/fr\/about-us\/leadership\/alessandra-pavesio\/#primaryimage"},"image":{"@id":"https:\/\/www.bioventus.com\/fr\/about-us\/leadership\/alessandra-pavesio\/#primaryimage"},"thumbnailUrl":"https:\/\/www.bioventus.com\/wp-content\/uploads\/2020\/05\/product_detail_header@2x-scaled.jpg","datePublished":"2020-07-14T14:33:29+00:00","dateModified":"2021-11-12T20:47:54+00:00","breadcrumb":{"@id":"https:\/\/www.bioventus.com\/fr\/about-us\/leadership\/alessandra-pavesio\/#breadcrumb"},"inLanguage":"fr-FR","potentialAction":[{"@type":"ReadAction","target":["https:\/\/www.bioventus.com\/fr\/about-us\/leadership\/alessandra-pavesio\/"]}]},{"@type":"ImageObject","inLanguage":"fr-FR","@id":"https:\/\/www.bioventus.com\/fr\/about-us\/leadership\/alessandra-pavesio\/#primaryimage","url":"https:\/\/www.bioventus.com\/wp-content\/uploads\/2020\/05\/product_detail_header@2x-scaled.jpg","contentUrl":"https:\/\/www.bioventus.com\/wp-content\/uploads\/2020\/05\/product_detail_header@2x-scaled.jpg","width":2560,"height":533},{"@type":"BreadcrumbList","@id":"https:\/\/www.bioventus.com\/fr\/about-us\/leadership\/alessandra-pavesio\/#breadcrumb","itemListElement":[{"@type":"ListItem","position":1,"name":"Home","item":"https:\/\/www.bioventus.com\/fr\/"},{"@type":"ListItem","position":2,"name":"\u00c0 Propos De Nous","item":"https:\/\/www.bioventus.com\/fr\/about-us\/"},{"@type":"ListItem","position":3,"name":"Leadership","item":"https:\/\/www.bioventus.com\/fr\/about-us\/leadership\/"},{"@type":"ListItem","position":4,"name":"Alessandra Pavesio"}]},{"@type":"WebSite","@id":"https:\/\/www.bioventus.com\/fr\/#website","url":"https:\/\/www.bioventus.com\/fr\/","name":"Bioventus","description":"Active Healing through Orthobiologics","publisher":{"@id":"https:\/\/www.bioventus.com\/fr\/#organization"},"potentialAction":[{"@type":"SearchAction","target":{"@type":"EntryPoint","urlTemplate":"https:\/\/www.bioventus.com\/fr\/?s={search_term_string}"},"query-input":{"@type":"PropertyValueSpecification","valueRequired":true,"valueName":"search_term_string"}}],"inLanguage":"fr-FR"},{"@type":"Organization","@id":"https:\/\/www.bioventus.com\/fr\/#organization","name":"Bioventus","url":"https:\/\/www.bioventus.com\/fr\/","logo":{"@type":"ImageObject","inLanguage":"fr-FR","@id":"https:\/\/www.bioventus.com\/fr\/#\/schema\/logo\/image\/","url":"http:\/\/www.bioventus.com\/wp-content\/uploads\/2020\/04\/bioventus-logo-color-min.png","contentUrl":"http:\/\/www.bioventus.com\/wp-content\/uploads\/2020\/04\/bioventus-logo-color-min.png","width":434,"height":72,"caption":"Bioventus"},"image":{"@id":"https:\/\/www.bioventus.com\/fr\/#\/schema\/logo\/image\/"},"sameAs":["https:\/\/x.com\/BioventusGlobal","https:\/\/www.linkedin.com\/company\/bioventus\/","https:\/\/www.youtube.com\/user\/Bioventus"]}]}},"_links":{"self":[{"href":"https:\/\/www.bioventus.com\/fr\/wp-json\/wp\/v2\/pages\/11983","targetHints":{"allow":["GET"]}}],"collection":[{"href":"https:\/\/www.bioventus.com\/fr\/wp-json\/wp\/v2\/pages"}],"about":[{"href":"https:\/\/www.bioventus.com\/fr\/wp-json\/wp\/v2\/types\/page"}],"author":[{"embeddable":true,"href":"https:\/\/www.bioventus.com\/fr\/wp-json\/wp\/v2\/users\/1"}],"replies":[{"embeddable":true,"href":"https:\/\/www.bioventus.com\/fr\/wp-json\/wp\/v2\/comments?post=11983"}],"version-history":[{"count":0,"href":"https:\/\/www.bioventus.com\/fr\/wp-json\/wp\/v2\/pages\/11983\/revisions"}],"up":[{"embeddable":true,"href":"https:\/\/www.bioventus.com\/fr\/wp-json\/wp\/v2\/pages\/11957"}],"wp:featuredmedia":[{"embeddable":true,"href":"https:\/\/www.bioventus.com\/fr\/wp-json\/wp\/v2\/media\/11699"}],"wp:attachment":[{"href":"https:\/\/www.bioventus.com\/fr\/wp-json\/wp\/v2\/media?parent=11983"}],"curies":[{"name":"wp","href":"https:\/\/api.w.org\/{rel}","templated":true}]}}