{"id":11941,"date":"2020-06-03T15:04:27","date_gmt":"2020-06-03T15:04:27","guid":{"rendered":"http:\/\/bioventuspub.wpengine.com\/about-us\/grants-committee\/"},"modified":"2021-07-30T05:44:03","modified_gmt":"2021-07-30T05:44:03","slug":"grants-committee","status":"publish","type":"page","link":"https:\/\/www.bioventus.com\/fr\/about-us\/grants-committee\/","title":{"rendered":"Comit\u00e9 des subventions"},"content":{"rendered":"<div class=\"wpb-content-wrapper\"><p>[vc_row unlock_row=\u00a0\u00bb\u00a0\u00bb row_height_percent=\u00a0\u00bb0&Prime; override_padding=\u00a0\u00bbyes\u00a0\u00bb h_padding=\u00a0\u00bb2&Prime; top_padding=\u00a0\u00bb0&Prime; bottom_padding=\u00a0\u00bb0&Prime; overlay_alpha=\u00a0\u00bb50&Prime; gutter_size=\u00a0\u00bb3&Prime; column_width_percent=\u00a0\u00bb100&Prime; shift_y=\u00a0\u00bb0&Prime; z_index=\u00a0\u00bb0&Prime;][vc_column column_width_percent=\u00a0\u00bb100&Prime; gutter_size=\u00a0\u00bb3&Prime; overlay_alpha=\u00a0\u00bb50&Prime; shift_x=\u00a0\u00bb0&Prime; shift_y=\u00a0\u00bb0&Prime; shift_y_down=\u00a0\u00bb0&Prime; z_index=\u00a0\u00bb0&Prime; medium_visibility=\u00a0\u00bbyes\u00a0\u00bb medium_width=\u00a0\u00bb0&Prime; mobile_visibility=\u00a0\u00bbyes\u00a0\u00bb mobile_width=\u00a0\u00bb0&Prime; width=\u00a0\u00bb1\/12&Prime; el_class=\u00a0\u00bbmap-container\u00a0\u00bb css=\u00a0\u00bb.vc_custom_1594322922606{padding-bottom: 50px !important;}\u00a0\u00bb][\/vc_column][vc_column column_width_percent=\u00a0\u00bb100&Prime; align_horizontal=\u00a0\u00bbalign_center\u00a0\u00bb gutter_size=\u00a0\u00bb3&Prime; back_color=\u00a0\u00bbcolor-xsdn\u00a0\u00bb overlay_alpha=\u00a0\u00bb50&Prime; shift_x=\u00a0\u00bb-2&Prime; shift_y=\u00a0\u00bb0&Prime; shift_y_down=\u00a0\u00bb0&Prime; z_index=\u00a0\u00bb0&Prime; medium_width=\u00a0\u00bb0&Prime; mobile_width=\u00a0\u00bb0&Prime; width=\u00a0\u00bb10\/12&Prime; el_class=\u00a0\u00bbsecondary-page-header\u00a0\u00bb][vc_column_text]<\/p>\n<h2>Comit\u00e9 des subventions<\/h2>\n<hr class=\"separator-break separator-accent\" \/>\n<h3>Proc\u00e9dures de demande de subventions et de dons<\/h3>\n<p>Le comit\u00e9 des subventions de Bioventus est charg\u00e9 d&rsquo;examiner les demandes de subventions et d\u2019autres dons de bienfaisance. Le comit\u00e9 peut accorder des subventions et\/ou des dons de bienfaisance \u00e0 des institutions \u00e0 but non lucratif (si elles sont \u00e0 but lucratif, elles doivent fournir une preuve d&rsquo;accr\u00e9ditation en formation m\u00e9dicale continue, FMC), des fondations m\u00e9dicales et des soci\u00e9t\u00e9s professionnelles dont la mission comprend le d\u00e9veloppement de traitements pour la sant\u00e9 publique, la recherche scientifique et\/ou l&rsquo;\u00e9ducation m\u00e9dicale.<\/p>\n<p>Bien que chaque demande soit \u00e9valu\u00e9e selon les m\u00e9rites individuels, les subventions et les dons de l&rsquo;entreprise ne sont habituellement pas offerts \u00e0 (1) une personne, (2) une pratique, un groupe, une association ou une entit\u00e9 de m\u00e9decins \u00e0 but lucratif, (3) un patient, (4) ou au nom d&rsquo;un client ou d&rsquo;un patient.[\/vc_column_text][\/vc_column][vc_column column_width_percent=\u00a0\u00bb100&Prime; gutter_size=\u00a0\u00bb3&Prime; overlay_alpha=\u00a0\u00bb50&Prime; shift_x=\u00a0\u00bb0&Prime; shift_y=\u00a0\u00bb0&Prime; shift_y_down=\u00a0\u00bb0&Prime; z_index=\u00a0\u00bb0&Prime; medium_visibility=\u00a0\u00bbyes\u00a0\u00bb medium_width=\u00a0\u00bb0&Prime; mobile_visibility=\u00a0\u00bbyes\u00a0\u00bb mobile_width=\u00a0\u00bb0&Prime; width=\u00a0\u00bb1\/12&Prime;][\/vc_column][\/vc_row][vc_row unlock_row=\u00a0\u00bb\u00a0\u00bb row_height_percent=\u00a0\u00bb0&Prime; override_padding=\u00a0\u00bbyes\u00a0\u00bb h_padding=\u00a0\u00bb2&Prime; top_padding=\u00a0\u00bb2&Prime; bottom_padding=\u00a0\u00bb3&Prime; overlay_alpha=\u00a0\u00bb50&Prime; gutter_size=\u00a0\u00bb3&Prime; column_width_percent=\u00a0\u00bb100&Prime; shift_y=\u00a0\u00bb0&Prime; z_index=\u00a0\u00bb0&Prime;][vc_column column_width_percent=\u00a0\u00bb100&Prime; gutter_size=\u00a0\u00bb3&Prime; overlay_alpha=\u00a0\u00bb50&Prime; shift_x=\u00a0\u00bb0&Prime; shift_y=\u00a0\u00bb0&Prime; shift_y_down=\u00a0\u00bb0&Prime; z_index=\u00a0\u00bb0&Prime; medium_visibility=\u00a0\u00bbyes\u00a0\u00bb medium_width=\u00a0\u00bb0&Prime; mobile_visibility=\u00a0\u00bbyes\u00a0\u00bb mobile_width=\u00a0\u00bb0&Prime; width=\u00a0\u00bb1\/12&Prime;][\/vc_column][vc_column width=\u00a0\u00bb10\/12&Prime;][vc_tabs][vc_tab gutter_size=\u00a0\u00bb2&Prime; column_padding=\u00a0\u00bb2&Prime; title=\u00a0\u00bbDomaines th\u00e9rapeutiques\u00a0\u00bb tab_id=\u00a0\u00bb1589921407-1-9&Prime;][vc_column_text css=\u00a0\u00bb.vc_custom_1627018613307{margin-bottom: 30px !important;}\u00a0\u00bb]<\/p>\n<ul>\n<li>Consolidation osseuse non invasive<\/li>\n<li>Traitement \u00e0 base d&rsquo;acide hyaluronique pour l&rsquo;arthrose<\/li>\n<li>Greffe osseuse de la colonne vert\u00e9brale et des fractures traumatiques (\u00c9tats-Unis et Canada)<\/li>\n<\/ul>\n<p>[\/vc_column_text][\/vc_tab][vc_tab gutter_size=\u00a0\u00bb2&Prime; column_padding=\u00a0\u00bb2&Prime; title=\u00a0\u00bbExemples de subventions et de dons\u00a0\u00bb tab_id=\u00a0\u00bb1589921407-2-14&Prime;][vc_column_text css=\u00a0\u00bb.vc_custom_1627623841250{margin-bottom: 30px !important;}\u00a0\u00bb]<strong>Subvention d\u2019\u00e9ducation<\/strong><br \/>\nSubventions pour des programmes d\u2019\u00e9ducation<\/p>\n<p><strong>Subvention de formation m\u00e9dicale continue<\/strong><br \/>\nSubvention \u00e0 un fournisseur accr\u00e9dit\u00e9 pour une conf\u00e9rence ou un programme de FMC en particulier.<\/p>\n<p><strong>Don de produits<\/strong><br \/>\nUn don de produits de Bioventus \u00e0 des fins de recherche ou d&rsquo;\u00e9ducation<\/p>\n<p><strong>Voyage dans une mission m\u00e9dicale<\/strong><br \/>\nUn don en esp\u00e8ces ou en nature \u00e0 des fins de bienfaisance<\/p>\n<p class=\"footnote-bold\">REMARQUE\u00a0: Pour les subventions de recherche, consulter la <a href=\"\/fr\/investigator-initiated-study-request\/\"> page Demande pour une \u00e9tude initi\u00e9e par des chercheurs<\/a><\/p>\n<p>[\/vc_column_text][\/vc_tab][vc_tab gutter_size=\u00a0\u00bb2&Prime; column_padding=\u00a0\u00bb2&Prime; title=\u00a0\u00bbComment demander une subvention ou un don\u00a0\u00bb tab_id=\u00a0\u00bb1591126557545-2-7&Prime;][vc_column_text]<strong>Chaque demande de subvention ou de don doit \u00eatre effectu\u00e9e par \u00e9crit et comprendre\u00a0:<\/strong><\/p>\n<ol>\n<li>Le nom et l&rsquo;adresse<\/li>\n<li>Une lettre et une br\u00e8ve description de l\u2019objectif de bienfaisance, \u00e9ducatif ou scientifique de l\u2019organisme<\/li>\n<li>Une description de l&rsquo;activit\u00e9 de bienfaisance\/recherche en particulier ou d\u2019un autre objectif de la subvention<\/li>\n<li>Le montant demand\u00e9 et un budget d\u00e9crivant comment les fonds seront utilis\u00e9s<\/li>\n<li>La date, l&rsquo;heure et le lieu pr\u00e9vus de l&rsquo;\u00e9v\u00e9nement<\/li>\n<li>Pour les subventions d&rsquo;\u00e9ducation, une copie de l&rsquo;ordre du jour propos\u00e9 et l&rsquo;identification de l&rsquo;auditoire cibl\u00e9<\/li>\n<li>Pour les dons de produits, une liste des produits demand\u00e9s, avec l&rsquo;objectif et la destination finale pour l&rsquo;utilisation des produits<\/li>\n<li>Pour les subventions de FMC, la lettre d&rsquo;entente<\/li>\n<\/ol>\n<p><strong>Veuillez soumettre les demandes de subvention par courriel \u00e0 l&rsquo;adresse <a href=\"mailto:GrantRequest@BioventusGlobal.com\">GrantRequest@BioventusGlobal.com<\/a><\/strong>[\/vc_column_text][\/vc_tab][\/vc_tabs][\/vc_column][vc_column column_width_percent=\u00a0\u00bb100&Prime; gutter_size=\u00a0\u00bb3&Prime; overlay_alpha=\u00a0\u00bb50&Prime; shift_x=\u00a0\u00bb0&Prime; shift_y=\u00a0\u00bb0&Prime; shift_y_down=\u00a0\u00bb0&Prime; z_index=\u00a0\u00bb0&Prime; medium_visibility=\u00a0\u00bbyes\u00a0\u00bb medium_width=\u00a0\u00bb0&Prime; mobile_visibility=\u00a0\u00bbyes\u00a0\u00bb mobile_width=\u00a0\u00bb0&Prime; width=\u00a0\u00bb1\/12&Prime;][\/vc_column][\/vc_row][vc_row row_height_percent=\u00a0\u00bb0&Prime; override_padding=\u00a0\u00bbyes\u00a0\u00bb h_padding=\u00a0\u00bb5&Prime; top_padding=\u00a0\u00bb3&Prime; bottom_padding=\u00a0\u00bb3&Prime; back_color=\u00a0\u00bbcolor-205156&Prime; overlay_alpha=\u00a0\u00bb50&Prime; gutter_size=\u00a0\u00bb3&Prime; column_width_percent=\u00a0\u00bb100&Prime; shift_y=\u00a0\u00bb0&Prime; z_index=\u00a0\u00bb0&Prime;][vc_column column_width_percent=\u00a0\u00bb100&Prime; align_horizontal=\u00a0\u00bbalign_center\u00a0\u00bb gutter_size=\u00a0\u00bb3&Prime; overlay_alpha=\u00a0\u00bb50&Prime; shift_x=\u00a0\u00bb0&Prime; shift_y=\u00a0\u00bb0&Prime; shift_y_down=\u00a0\u00bb0&Prime; z_index=\u00a0\u00bb0&Prime; medium_width=\u00a0\u00bb0&Prime; mobile_width=\u00a0\u00bb0&Prime; width=\u00a0\u00bb1\/1&Prime;][vc_column_text]Toutes les demandes de subvention sont trait\u00e9es par le D\u00e9partement des affaires professionnelles de Bioventus, afin de s\u00e9parer les subventions et les activit\u00e9s commerciales. Notre comit\u00e9 interne des subventions examine et approuve ou refuse les demandes de subvention soumises. Le personnel des ventes ne participe pas aux processus de soumission, d&rsquo;examen ou d&rsquo;approbation des demandes de subvention, et n&rsquo;est pas inform\u00e9 du statut des demandes de subvention. Si vous avez des questions concernant votre demande de subvention, veuillez communiquer avec Michelle Deneke (coordonnatrice principale des affaires professionnelles) ou Mark Harbaugh (directeur principal des affaires professionnelles) aux coordonn\u00e9es ci-dessous.[\/vc_column_text][vc_row_inner row_inner_height_percent=\u00a0\u00bb0&Prime; overlay_alpha=\u00a0\u00bb50&Prime; gutter_size=\u00a0\u00bb3&Prime; border_color=\u00a0\u00bbcolor-344543&Prime; border_style=\u00a0\u00bbsolid\u00a0\u00bb shift_y=\u00a0\u00bb0&Prime; z_index=\u00a0\u00bb0&Prime;][vc_column_inner column_width_percent=\u00a0\u00bb100&Prime; align_horizontal=\u00a0\u00bbalign_center\u00a0\u00bb gutter_size=\u00a0\u00bb3&Prime; overlay_alpha=\u00a0\u00bb50&Prime; shift_x=\u00a0\u00bb0&Prime; shift_y=\u00a0\u00bb0&Prime; shift_y_down=\u00a0\u00bb0&Prime; z_index=\u00a0\u00bb0&Prime; medium_width=\u00a0\u00bb0&Prime; mobile_width=\u00a0\u00bb0&Prime; width=\u00a0\u00bb1\/12&Prime;][\/vc_column_inner][vc_column_inner column_width_percent=\u00a0\u00bb100&Prime; align_horizontal=\u00a0\u00bbalign_center\u00a0\u00bb gutter_size=\u00a0\u00bb3&Prime; overlay_alpha=\u00a0\u00bb50&Prime; shift_x=\u00a0\u00bb0&Prime; shift_y=\u00a0\u00bb0&Prime; shift_y_down=\u00a0\u00bb0&Prime; z_index=\u00a0\u00bb0&Prime; medium_width=\u00a0\u00bb0&Prime; mobile_width=\u00a0\u00bb0&Prime; width=\u00a0\u00bb5\/12&Prime;][vc_column_text]<strong>Michelle Deneke<\/strong><br \/>\n<a href=\"mailto:michelle.deneke@bioventusglobal.com\">michelle.deneke@bioventusglobal.com<\/a><br \/>\n+1-919-474-6798[\/vc_column_text][\/vc_column_inner][vc_column_inner column_width_percent=\u00a0\u00bb100&Prime; align_horizontal=\u00a0\u00bbalign_center\u00a0\u00bb gutter_size=\u00a0\u00bb3&Prime; overlay_alpha=\u00a0\u00bb50&Prime; border_color=\u00a0\u00bbcolor-344543&Prime; border_style=\u00a0\u00bbsolid\u00a0\u00bb shift_x=\u00a0\u00bb0&Prime; shift_y=\u00a0\u00bb0&Prime; shift_y_down=\u00a0\u00bb0&Prime; z_index=\u00a0\u00bb0&Prime; medium_width=\u00a0\u00bb0&Prime; mobile_width=\u00a0\u00bb0&Prime; width=\u00a0\u00bb5\/12&Prime; css=\u00a0\u00bb.vc_custom_1591198673198{border-left-width: 1px !important;}\u00a0\u00bb][vc_column_text]<strong>Mark Harbaugh<\/strong><br \/>\n<a href=\"mailto:mark.harbaugh@bioventusglobal.com\">mark.harbaugh@bioventusglobal.com<\/a><br \/>\n+1-901-359-5542[\/vc_column_text][\/vc_column_inner][vc_column_inner width=\u00a0\u00bb1\/12&Prime;][\/vc_column_inner][\/vc_row_inner][\/vc_column][\/vc_row]<\/p>\n<\/div>","protected":false},"excerpt":{"rendered":"<p>[vc_row unlock_row=\u00a0\u00bb\u00a0\u00bb row_height_percent=\u00a0\u00bb0&Prime; override_padding=\u00a0\u00bbyes\u00a0\u00bb h_padding=\u00a0\u00bb2&Prime; top_padding=\u00a0\u00bb0&Prime; bottom_padding=\u00a0\u00bb0&Prime; overlay_alpha=\u00a0\u00bb50&Prime; gutter_size=\u00a0\u00bb3&Prime; column_width_percent=\u00a0\u00bb100&Prime; shift_y=\u00a0\u00bb0&Prime; z_index=\u00a0\u00bb0&Prime;][vc_column column_width_percent=\u00a0\u00bb100&Prime; gutter_size=\u00a0\u00bb3&Prime; overlay_alpha=\u00a0\u00bb50&Prime; shift_x=\u00a0\u00bb0&Prime; shift_y=\u00a0\u00bb0&Prime; shift_y_down=\u00a0\u00bb0&Prime; z_index=\u00a0\u00bb0&Prime; medium_visibility=\u00a0\u00bbyes\u00a0\u00bb [&hellip;]<\/p>\n","protected":false},"author":1,"featured_media":11942,"parent":11774,"menu_order":0,"comment_status":"closed","ping_status":"closed","template":"","meta":{"footnotes":""},"class_list":["post-11941","page","type-page","status-publish","has-post-thumbnail","hentry"],"yoast_head":"<!-- This site is optimized with the Yoast SEO plugin v27.5 - https:\/\/yoast.com\/product\/yoast-seo-wordpress\/ -->\n<title>Comit\u00e9 des subventions - Bioventus<\/title>\n<meta name=\"robots\" content=\"index, follow, max-snippet:-1, max-image-preview:large, max-video-preview:-1\" \/>\n<link rel=\"canonical\" href=\"https:\/\/www.bioventus.com\/fr\/about-us\/grants-committee\/\" \/>\n<meta property=\"og:locale\" content=\"fr_FR\" \/>\n<meta property=\"og:type\" content=\"article\" \/>\n<meta property=\"og:title\" content=\"Comit\u00e9 des subventions - Bioventus\" \/>\n<meta property=\"og:description\" content=\"[vc_row unlock_row=\u00a0\u00bb\u00a0\u00bb row_height_percent=\u00a0\u00bb0&Prime; override_padding=\u00a0\u00bbyes\u00a0\u00bb h_padding=\u00a0\u00bb2&Prime; top_padding=\u00a0\u00bb0&Prime; bottom_padding=\u00a0\u00bb0&Prime; overlay_alpha=\u00a0\u00bb50&Prime; gutter_size=\u00a0\u00bb3&Prime; column_width_percent=\u00a0\u00bb100&Prime; shift_y=\u00a0\u00bb0&Prime; z_index=\u00a0\u00bb0&Prime;][vc_column column_width_percent=\u00a0\u00bb100&Prime; gutter_size=\u00a0\u00bb3&Prime; overlay_alpha=\u00a0\u00bb50&Prime; shift_x=\u00a0\u00bb0&Prime; shift_y=\u00a0\u00bb0&Prime; shift_y_down=\u00a0\u00bb0&Prime; z_index=\u00a0\u00bb0&Prime; medium_visibility=\u00a0\u00bbyes\u00a0\u00bb [&hellip;]\" \/>\n<meta property=\"og:url\" content=\"https:\/\/www.bioventus.com\/fr\/about-us\/grants-committee\/\" \/>\n<meta property=\"og:site_name\" content=\"Bioventus\" \/>\n<meta property=\"article:modified_time\" content=\"2021-07-30T05:44:03+00:00\" \/>\n<meta property=\"og:image\" content=\"https:\/\/www.bioventus.com\/wp-content\/uploads\/2020\/07\/BIOV_GrantsCommittee_header-min-scaled.jpg\" \/>\n\t<meta property=\"og:image:width\" content=\"2560\" \/>\n\t<meta property=\"og:image:height\" content=\"764\" \/>\n\t<meta property=\"og:image:type\" content=\"image\/jpeg\" \/>\n<meta name=\"twitter:card\" content=\"summary_large_image\" \/>\n<meta name=\"twitter:site\" content=\"@BioventusGlobal\" \/>\n<meta name=\"twitter:label1\" content=\"Dur\u00e9e de lecture estim\u00e9e\" \/>\n\t<meta name=\"twitter:data1\" content=\"3 minutes\" \/>\n<script type=\"application\/ld+json\" class=\"yoast-schema-graph\">{\"@context\":\"https:\\\/\\\/schema.org\",\"@graph\":[{\"@type\":\"WebPage\",\"@id\":\"https:\\\/\\\/www.bioventus.com\\\/fr\\\/about-us\\\/grants-committee\\\/\",\"url\":\"https:\\\/\\\/www.bioventus.com\\\/fr\\\/about-us\\\/grants-committee\\\/\",\"name\":\"Comit\u00e9 des subventions - Bioventus\",\"isPartOf\":{\"@id\":\"https:\\\/\\\/www.bioventus.com\\\/fr\\\/#website\"},\"primaryImageOfPage\":{\"@id\":\"https:\\\/\\\/www.bioventus.com\\\/fr\\\/about-us\\\/grants-committee\\\/#primaryimage\"},\"image\":{\"@id\":\"https:\\\/\\\/www.bioventus.com\\\/fr\\\/about-us\\\/grants-committee\\\/#primaryimage\"},\"thumbnailUrl\":\"https:\\\/\\\/www.bioventus.com\\\/wp-content\\\/uploads\\\/2020\\\/07\\\/BIOV_GrantsCommittee_header-min-scaled.jpg\",\"datePublished\":\"2020-06-03T15:04:27+00:00\",\"dateModified\":\"2021-07-30T05:44:03+00:00\",\"breadcrumb\":{\"@id\":\"https:\\\/\\\/www.bioventus.com\\\/fr\\\/about-us\\\/grants-committee\\\/#breadcrumb\"},\"inLanguage\":\"fr-FR\",\"potentialAction\":[{\"@type\":\"ReadAction\",\"target\":[\"https:\\\/\\\/www.bioventus.com\\\/fr\\\/about-us\\\/grants-committee\\\/\"]}]},{\"@type\":\"ImageObject\",\"inLanguage\":\"fr-FR\",\"@id\":\"https:\\\/\\\/www.bioventus.com\\\/fr\\\/about-us\\\/grants-committee\\\/#primaryimage\",\"url\":\"https:\\\/\\\/www.bioventus.com\\\/wp-content\\\/uploads\\\/2020\\\/07\\\/BIOV_GrantsCommittee_header-min-scaled.jpg\",\"contentUrl\":\"https:\\\/\\\/www.bioventus.com\\\/wp-content\\\/uploads\\\/2020\\\/07\\\/BIOV_GrantsCommittee_header-min-scaled.jpg\",\"width\":2560,\"height\":764},{\"@type\":\"BreadcrumbList\",\"@id\":\"https:\\\/\\\/www.bioventus.com\\\/fr\\\/about-us\\\/grants-committee\\\/#breadcrumb\",\"itemListElement\":[{\"@type\":\"ListItem\",\"position\":1,\"name\":\"Home\",\"item\":\"https:\\\/\\\/www.bioventus.com\\\/fr\\\/\"},{\"@type\":\"ListItem\",\"position\":2,\"name\":\"\u00c0 Propos De Nous\",\"item\":\"https:\\\/\\\/www.bioventus.com\\\/fr\\\/about-us\\\/\"},{\"@type\":\"ListItem\",\"position\":3,\"name\":\"Comit\u00e9 des subventions\"}]},{\"@type\":\"WebSite\",\"@id\":\"https:\\\/\\\/www.bioventus.com\\\/fr\\\/#website\",\"url\":\"https:\\\/\\\/www.bioventus.com\\\/fr\\\/\",\"name\":\"Bioventus\",\"description\":\"Active Healing through Orthobiologics\",\"publisher\":{\"@id\":\"https:\\\/\\\/www.bioventus.com\\\/fr\\\/#organization\"},\"potentialAction\":[{\"@type\":\"SearchAction\",\"target\":{\"@type\":\"EntryPoint\",\"urlTemplate\":\"https:\\\/\\\/www.bioventus.com\\\/fr\\\/?s={search_term_string}\"},\"query-input\":{\"@type\":\"PropertyValueSpecification\",\"valueRequired\":true,\"valueName\":\"search_term_string\"}}],\"inLanguage\":\"fr-FR\"},{\"@type\":\"Organization\",\"@id\":\"https:\\\/\\\/www.bioventus.com\\\/fr\\\/#organization\",\"name\":\"Bioventus\",\"url\":\"https:\\\/\\\/www.bioventus.com\\\/fr\\\/\",\"logo\":{\"@type\":\"ImageObject\",\"inLanguage\":\"fr-FR\",\"@id\":\"https:\\\/\\\/www.bioventus.com\\\/fr\\\/#\\\/schema\\\/logo\\\/image\\\/\",\"url\":\"http:\\\/\\\/www.bioventus.com\\\/wp-content\\\/uploads\\\/2020\\\/04\\\/bioventus-logo-color-min.png\",\"contentUrl\":\"http:\\\/\\\/www.bioventus.com\\\/wp-content\\\/uploads\\\/2020\\\/04\\\/bioventus-logo-color-min.png\",\"width\":434,\"height\":72,\"caption\":\"Bioventus\"},\"image\":{\"@id\":\"https:\\\/\\\/www.bioventus.com\\\/fr\\\/#\\\/schema\\\/logo\\\/image\\\/\"},\"sameAs\":[\"https:\\\/\\\/x.com\\\/BioventusGlobal\",\"https:\\\/\\\/www.linkedin.com\\\/company\\\/bioventus\\\/\",\"https:\\\/\\\/www.youtube.com\\\/user\\\/Bioventus\"]}]}<\/script>\n<!-- \/ Yoast SEO plugin. -->","yoast_head_json":{"title":"Comit\u00e9 des subventions - Bioventus","robots":{"index":"index","follow":"follow","max-snippet":"max-snippet:-1","max-image-preview":"max-image-preview:large","max-video-preview":"max-video-preview:-1"},"canonical":"https:\/\/www.bioventus.com\/fr\/about-us\/grants-committee\/","og_locale":"fr_FR","og_type":"article","og_title":"Comit\u00e9 des subventions - Bioventus","og_description":"[vc_row unlock_row=\u00a0\u00bb\u00a0\u00bb row_height_percent=\u00a0\u00bb0&Prime; override_padding=\u00a0\u00bbyes\u00a0\u00bb h_padding=\u00a0\u00bb2&Prime; top_padding=\u00a0\u00bb0&Prime; bottom_padding=\u00a0\u00bb0&Prime; overlay_alpha=\u00a0\u00bb50&Prime; gutter_size=\u00a0\u00bb3&Prime; column_width_percent=\u00a0\u00bb100&Prime; shift_y=\u00a0\u00bb0&Prime; z_index=\u00a0\u00bb0&Prime;][vc_column column_width_percent=\u00a0\u00bb100&Prime; gutter_size=\u00a0\u00bb3&Prime; overlay_alpha=\u00a0\u00bb50&Prime; shift_x=\u00a0\u00bb0&Prime; shift_y=\u00a0\u00bb0&Prime; shift_y_down=\u00a0\u00bb0&Prime; z_index=\u00a0\u00bb0&Prime; medium_visibility=\u00a0\u00bbyes\u00a0\u00bb [&hellip;]","og_url":"https:\/\/www.bioventus.com\/fr\/about-us\/grants-committee\/","og_site_name":"Bioventus","article_modified_time":"2021-07-30T05:44:03+00:00","og_image":[{"width":2560,"height":764,"url":"https:\/\/www.bioventus.com\/wp-content\/uploads\/2020\/07\/BIOV_GrantsCommittee_header-min-scaled.jpg","type":"image\/jpeg"}],"twitter_card":"summary_large_image","twitter_site":"@BioventusGlobal","twitter_misc":{"Dur\u00e9e de lecture estim\u00e9e":"3 minutes"},"schema":{"@context":"https:\/\/schema.org","@graph":[{"@type":"WebPage","@id":"https:\/\/www.bioventus.com\/fr\/about-us\/grants-committee\/","url":"https:\/\/www.bioventus.com\/fr\/about-us\/grants-committee\/","name":"Comit\u00e9 des subventions - Bioventus","isPartOf":{"@id":"https:\/\/www.bioventus.com\/fr\/#website"},"primaryImageOfPage":{"@id":"https:\/\/www.bioventus.com\/fr\/about-us\/grants-committee\/#primaryimage"},"image":{"@id":"https:\/\/www.bioventus.com\/fr\/about-us\/grants-committee\/#primaryimage"},"thumbnailUrl":"https:\/\/www.bioventus.com\/wp-content\/uploads\/2020\/07\/BIOV_GrantsCommittee_header-min-scaled.jpg","datePublished":"2020-06-03T15:04:27+00:00","dateModified":"2021-07-30T05:44:03+00:00","breadcrumb":{"@id":"https:\/\/www.bioventus.com\/fr\/about-us\/grants-committee\/#breadcrumb"},"inLanguage":"fr-FR","potentialAction":[{"@type":"ReadAction","target":["https:\/\/www.bioventus.com\/fr\/about-us\/grants-committee\/"]}]},{"@type":"ImageObject","inLanguage":"fr-FR","@id":"https:\/\/www.bioventus.com\/fr\/about-us\/grants-committee\/#primaryimage","url":"https:\/\/www.bioventus.com\/wp-content\/uploads\/2020\/07\/BIOV_GrantsCommittee_header-min-scaled.jpg","contentUrl":"https:\/\/www.bioventus.com\/wp-content\/uploads\/2020\/07\/BIOV_GrantsCommittee_header-min-scaled.jpg","width":2560,"height":764},{"@type":"BreadcrumbList","@id":"https:\/\/www.bioventus.com\/fr\/about-us\/grants-committee\/#breadcrumb","itemListElement":[{"@type":"ListItem","position":1,"name":"Home","item":"https:\/\/www.bioventus.com\/fr\/"},{"@type":"ListItem","position":2,"name":"\u00c0 Propos De Nous","item":"https:\/\/www.bioventus.com\/fr\/about-us\/"},{"@type":"ListItem","position":3,"name":"Comit\u00e9 des subventions"}]},{"@type":"WebSite","@id":"https:\/\/www.bioventus.com\/fr\/#website","url":"https:\/\/www.bioventus.com\/fr\/","name":"Bioventus","description":"Active Healing through Orthobiologics","publisher":{"@id":"https:\/\/www.bioventus.com\/fr\/#organization"},"potentialAction":[{"@type":"SearchAction","target":{"@type":"EntryPoint","urlTemplate":"https:\/\/www.bioventus.com\/fr\/?s={search_term_string}"},"query-input":{"@type":"PropertyValueSpecification","valueRequired":true,"valueName":"search_term_string"}}],"inLanguage":"fr-FR"},{"@type":"Organization","@id":"https:\/\/www.bioventus.com\/fr\/#organization","name":"Bioventus","url":"https:\/\/www.bioventus.com\/fr\/","logo":{"@type":"ImageObject","inLanguage":"fr-FR","@id":"https:\/\/www.bioventus.com\/fr\/#\/schema\/logo\/image\/","url":"http:\/\/www.bioventus.com\/wp-content\/uploads\/2020\/04\/bioventus-logo-color-min.png","contentUrl":"http:\/\/www.bioventus.com\/wp-content\/uploads\/2020\/04\/bioventus-logo-color-min.png","width":434,"height":72,"caption":"Bioventus"},"image":{"@id":"https:\/\/www.bioventus.com\/fr\/#\/schema\/logo\/image\/"},"sameAs":["https:\/\/x.com\/BioventusGlobal","https:\/\/www.linkedin.com\/company\/bioventus\/","https:\/\/www.youtube.com\/user\/Bioventus"]}]}},"_links":{"self":[{"href":"https:\/\/www.bioventus.com\/fr\/wp-json\/wp\/v2\/pages\/11941","targetHints":{"allow":["GET"]}}],"collection":[{"href":"https:\/\/www.bioventus.com\/fr\/wp-json\/wp\/v2\/pages"}],"about":[{"href":"https:\/\/www.bioventus.com\/fr\/wp-json\/wp\/v2\/types\/page"}],"author":[{"embeddable":true,"href":"https:\/\/www.bioventus.com\/fr\/wp-json\/wp\/v2\/users\/1"}],"replies":[{"embeddable":true,"href":"https:\/\/www.bioventus.com\/fr\/wp-json\/wp\/v2\/comments?post=11941"}],"version-history":[{"count":0,"href":"https:\/\/www.bioventus.com\/fr\/wp-json\/wp\/v2\/pages\/11941\/revisions"}],"up":[{"embeddable":true,"href":"https:\/\/www.bioventus.com\/fr\/wp-json\/wp\/v2\/pages\/11774"}],"wp:featuredmedia":[{"embeddable":true,"href":"https:\/\/www.bioventus.com\/fr\/wp-json\/wp\/v2\/media\/11942"}],"wp:attachment":[{"href":"https:\/\/www.bioventus.com\/fr\/wp-json\/wp\/v2\/media?parent=11941"}],"curies":[{"name":"wp","href":"https:\/\/api.w.org\/{rel}","templated":true}]}}