{"id":11905,"date":"2020-07-14T15:18:13","date_gmt":"2020-07-14T15:18:13","guid":{"rendered":"http:\/\/bioventuspub.wpengine.com\/about-us\/board-members\/william-hawkins\/"},"modified":"2021-11-12T21:20:22","modified_gmt":"2021-11-12T21:20:22","slug":"william-hawkins","status":"publish","type":"page","link":"https:\/\/www.bioventus.com\/fr\/about-us\/board-members\/william-hawkins\/","title":{"rendered":"William A. \u201cBill\u201d Hawkins III"},"content":{"rendered":"<div class=\"wpb-content-wrapper\"><p>[vc_row unlock_row=\u00a0\u00bb\u00a0\u00bb row_height_percent=\u00a0\u00bb0&Prime; override_padding=\u00a0\u00bbyes\u00a0\u00bb h_padding=\u00a0\u00bb3&Prime; top_padding=\u00a0\u00bb3&Prime; bottom_padding=\u00a0\u00bb3&Prime; overlay_alpha=\u00a0\u00bb50&Prime; gutter_size=\u00a0\u00bb3&Prime; column_width_percent=\u00a0\u00bb100&Prime; shift_y=\u00a0\u00bb0&Prime; z_index=\u00a0\u00bb0&Prime;][vc_column width=\u00a0\u00bb1\/1&Prime;][vc_column_text]Bill Hawkins est le pr\u00e9sident-directeur g\u00e9n\u00e9ral \u00e0 la retraite de Medtronic. Il est actuellement le directeur principal de Immucor Inc., une entreprise \u00e0 part enti\u00e8re TPG, une grande entreprise d\u2019investissement. Immucor est un chef de file dans la distribution des produits de diagnostic pour les transfusions et les greffes dans le monde entier. M. Hawkins est \u00e9galement un membre actif de conseils publics et priv\u00e9s, ainsi que de conseils \u00e0 but non lucratif.<\/p>\n<p>Il a \u00e9t\u00e9 le pr\u00e9sident-directeur g\u00e9n\u00e9ral de Immucor d&rsquo;octobre 2011 \u00e0 juillet 2015. Avant Immucor, M. Hawkins a \u00e9t\u00e9 le pr\u00e9sident-directeur g\u00e9n\u00e9ral de Medtronic, l\u2019une des entreprises de technologie m\u00e9dicale les plus importantes et les plus innovantes au monde. M. Hawkins a assum\u00e9 le r\u00f4le de directeur g\u00e9n\u00e9ral en 2007 et est devenu pr\u00e9sident du conseil en 2008. Il s\u2019est joint \u00e0 Medtronic en 2002 en tant que vice-pr\u00e9sident principal et pr\u00e9sident de la Division des produits cardiovasculaires de Medtronic. Il a occup\u00e9 ce poste jusqu&rsquo;en juin 2004. De 2004 \u00e0 ao\u00fbt 2007, il a \u00e9t\u00e9 le pr\u00e9sident-directeur g\u00e9n\u00e9ral de l&rsquo;exploitation de Medtronic.<\/p>\n<p>Avant Medtronic, M. Hawkins a \u00e9t\u00e9 le pr\u00e9sident-directeur g\u00e9n\u00e9ral de Novoste Corp. Nasdaq (NOVT) et il a occup\u00e9 des postes de haut dirigeant chez American Home Products, Johnson &amp; Johnson, Guidant Corp. et Eli Lilly &amp; Co. Il a lanc\u00e9 sa carri\u00e8re en technologie m\u00e9dicale chez Carolina Medical Electronics en 1977.<\/p>\n<p>M. Hawkins a obtenu un baccalaur\u00e9at en g\u00e9nie \u00e9lectrique et biom\u00e9dical de l&rsquo;Universit\u00e9 de Duke en 1976, o\u00f9 il a \u00e9galement men\u00e9 des recherches m\u00e9dicales en pathologie. Il a ensuite obtenu une ma\u00eetrise en administration des affaires \u00e0 l&rsquo;\u00c9cole de commerce Darden \u00e0 l\u2019Universit\u00e9 de Virginie en 1982.<\/p>\n<p>Il est le directeur de Halyard Health NYSE:HYH et le pr\u00e9sident du conseil d&rsquo;administration de KeraNetics. M. Hawkins est le pr\u00e9sident et co-fondateur du Medical Device Innovation Consortium (\u00ab\u00a0MDIC\u00a0\u00bb) et l\u2019ancien pr\u00e9sident de l&rsquo;American Institute of Medical and Biological Engineering (\u00ab\u00a0AMIBE\u00a0\u00bb). M. Hawkins a \u00e9t\u00e9 \u00e9lu au conseil d&rsquo;administration de l&rsquo;Universit\u00e9 Duke en 2011 et si\u00e8ge actuellement sur le comit\u00e9 ex\u00e9cutif ainsi que le comit\u00e9 de v\u00e9rification, des risques et de la conformit\u00e9, et il pr\u00e9side le comit\u00e9 des affaires et des finances. M. Hawkins est \u00e9galement membre du conseil d&rsquo;administration du syst\u00e8me de sant\u00e9 de l&rsquo;Universit\u00e9 Duke.<\/p>\n<p>De plus, M. Hawkins est membre des conseils consultatifs d\u2019Arboretum Ventures, Radius Ventures LLC, HealthQuest Ventures, Accuitive Medical Ventures, A*STAR SERC Cluster \u00e0 Singapour et Biomedical Sciences International Advisory Council (\u00ab\u00a0BMS IAC\u00a0\u00bb) \u00e0 Singapour.[\/vc_column_text][\/vc_column][\/vc_row]<\/p>\n<\/div>","protected":false},"excerpt":{"rendered":"<p>[vc_row unlock_row=\u00a0\u00bb\u00a0\u00bb row_height_percent=\u00a0\u00bb0&Prime; override_padding=\u00a0\u00bbyes\u00a0\u00bb h_padding=\u00a0\u00bb3&Prime; top_padding=\u00a0\u00bb3&Prime; bottom_padding=\u00a0\u00bb3&Prime; overlay_alpha=\u00a0\u00bb50&Prime; gutter_size=\u00a0\u00bb3&Prime; column_width_percent=\u00a0\u00bb100&Prime; shift_y=\u00a0\u00bb0&Prime; z_index=\u00a0\u00bb0&Prime;][vc_column width=\u00a0\u00bb1\/1&Prime;][vc_column_text]Bill Hawkins est le pr\u00e9sident-directeur g\u00e9n\u00e9ral \u00e0 la [&hellip;]<\/p>\n","protected":false},"author":1,"featured_media":11699,"parent":11805,"menu_order":0,"comment_status":"closed","ping_status":"closed","template":"","meta":{"footnotes":""},"class_list":["post-11905","page","type-page","status-publish","has-post-thumbnail","hentry"],"yoast_head":"<!-- This site is optimized with the Yoast SEO plugin v27.5 - https:\/\/yoast.com\/product\/yoast-seo-wordpress\/ -->\n<title>William A. \u201cBill\u201d Hawkins III - Bioventus<\/title>\n<meta name=\"robots\" content=\"index, follow, max-snippet:-1, max-image-preview:large, max-video-preview:-1\" \/>\n<link rel=\"canonical\" href=\"https:\/\/www.bioventus.com\/fr\/about-us\/board-members\/william-hawkins\/\" \/>\n<meta property=\"og:locale\" content=\"fr_FR\" \/>\n<meta property=\"og:type\" content=\"article\" \/>\n<meta property=\"og:title\" content=\"William A. \u201cBill\u201d Hawkins III - Bioventus\" \/>\n<meta property=\"og:description\" content=\"[vc_row unlock_row=\u00a0\u00bb\u00a0\u00bb row_height_percent=\u00a0\u00bb0&Prime; override_padding=\u00a0\u00bbyes\u00a0\u00bb h_padding=\u00a0\u00bb3&Prime; top_padding=\u00a0\u00bb3&Prime; bottom_padding=\u00a0\u00bb3&Prime; overlay_alpha=\u00a0\u00bb50&Prime; gutter_size=\u00a0\u00bb3&Prime; column_width_percent=\u00a0\u00bb100&Prime; shift_y=\u00a0\u00bb0&Prime; z_index=\u00a0\u00bb0&Prime;][vc_column width=\u00a0\u00bb1\/1&Prime;][vc_column_text]Bill Hawkins est le pr\u00e9sident-directeur g\u00e9n\u00e9ral \u00e0 la [&hellip;]\" \/>\n<meta property=\"og:url\" content=\"https:\/\/www.bioventus.com\/fr\/about-us\/board-members\/william-hawkins\/\" \/>\n<meta property=\"og:site_name\" content=\"Bioventus\" \/>\n<meta property=\"article:modified_time\" content=\"2021-11-12T21:20:22+00:00\" \/>\n<meta property=\"og:image\" content=\"https:\/\/www.bioventus.com\/wp-content\/uploads\/2020\/05\/product_detail_header@2x-scaled.jpg\" \/>\n\t<meta property=\"og:image:width\" content=\"2560\" \/>\n\t<meta property=\"og:image:height\" content=\"533\" \/>\n\t<meta property=\"og:image:type\" content=\"image\/jpeg\" \/>\n<meta name=\"twitter:card\" content=\"summary_large_image\" \/>\n<meta name=\"twitter:site\" content=\"@BioventusGlobal\" \/>\n<meta name=\"twitter:label1\" content=\"Dur\u00e9e de lecture estim\u00e9e\" \/>\n\t<meta name=\"twitter:data1\" content=\"2 minutes\" \/>\n<script type=\"application\/ld+json\" class=\"yoast-schema-graph\">{\"@context\":\"https:\\\/\\\/schema.org\",\"@graph\":[{\"@type\":\"WebPage\",\"@id\":\"https:\\\/\\\/www.bioventus.com\\\/fr\\\/about-us\\\/board-members\\\/william-hawkins\\\/\",\"url\":\"https:\\\/\\\/www.bioventus.com\\\/fr\\\/about-us\\\/board-members\\\/william-hawkins\\\/\",\"name\":\"William A. \u201cBill\u201d Hawkins III - Bioventus\",\"isPartOf\":{\"@id\":\"https:\\\/\\\/www.bioventus.com\\\/fr\\\/#website\"},\"primaryImageOfPage\":{\"@id\":\"https:\\\/\\\/www.bioventus.com\\\/fr\\\/about-us\\\/board-members\\\/william-hawkins\\\/#primaryimage\"},\"image\":{\"@id\":\"https:\\\/\\\/www.bioventus.com\\\/fr\\\/about-us\\\/board-members\\\/william-hawkins\\\/#primaryimage\"},\"thumbnailUrl\":\"https:\\\/\\\/www.bioventus.com\\\/wp-content\\\/uploads\\\/2020\\\/05\\\/product_detail_header@2x-scaled.jpg\",\"datePublished\":\"2020-07-14T15:18:13+00:00\",\"dateModified\":\"2021-11-12T21:20:22+00:00\",\"breadcrumb\":{\"@id\":\"https:\\\/\\\/www.bioventus.com\\\/fr\\\/about-us\\\/board-members\\\/william-hawkins\\\/#breadcrumb\"},\"inLanguage\":\"fr-FR\",\"potentialAction\":[{\"@type\":\"ReadAction\",\"target\":[\"https:\\\/\\\/www.bioventus.com\\\/fr\\\/about-us\\\/board-members\\\/william-hawkins\\\/\"]}]},{\"@type\":\"ImageObject\",\"inLanguage\":\"fr-FR\",\"@id\":\"https:\\\/\\\/www.bioventus.com\\\/fr\\\/about-us\\\/board-members\\\/william-hawkins\\\/#primaryimage\",\"url\":\"https:\\\/\\\/www.bioventus.com\\\/wp-content\\\/uploads\\\/2020\\\/05\\\/product_detail_header@2x-scaled.jpg\",\"contentUrl\":\"https:\\\/\\\/www.bioventus.com\\\/wp-content\\\/uploads\\\/2020\\\/05\\\/product_detail_header@2x-scaled.jpg\",\"width\":2560,\"height\":533},{\"@type\":\"BreadcrumbList\",\"@id\":\"https:\\\/\\\/www.bioventus.com\\\/fr\\\/about-us\\\/board-members\\\/william-hawkins\\\/#breadcrumb\",\"itemListElement\":[{\"@type\":\"ListItem\",\"position\":1,\"name\":\"Home\",\"item\":\"https:\\\/\\\/www.bioventus.com\\\/fr\\\/\"},{\"@type\":\"ListItem\",\"position\":2,\"name\":\"\u00c0 Propos De Nous\",\"item\":\"https:\\\/\\\/www.bioventus.com\\\/fr\\\/about-us\\\/\"},{\"@type\":\"ListItem\",\"position\":3,\"name\":\"Membres du conseil d\u2019administration\",\"item\":\"https:\\\/\\\/www.bioventus.com\\\/fr\\\/about-us\\\/board-members\\\/\"},{\"@type\":\"ListItem\",\"position\":4,\"name\":\"William A. \u201cBill\u201d Hawkins III\"}]},{\"@type\":\"WebSite\",\"@id\":\"https:\\\/\\\/www.bioventus.com\\\/fr\\\/#website\",\"url\":\"https:\\\/\\\/www.bioventus.com\\\/fr\\\/\",\"name\":\"Bioventus\",\"description\":\"Active Healing through Orthobiologics\",\"publisher\":{\"@id\":\"https:\\\/\\\/www.bioventus.com\\\/fr\\\/#organization\"},\"potentialAction\":[{\"@type\":\"SearchAction\",\"target\":{\"@type\":\"EntryPoint\",\"urlTemplate\":\"https:\\\/\\\/www.bioventus.com\\\/fr\\\/?s={search_term_string}\"},\"query-input\":{\"@type\":\"PropertyValueSpecification\",\"valueRequired\":true,\"valueName\":\"search_term_string\"}}],\"inLanguage\":\"fr-FR\"},{\"@type\":\"Organization\",\"@id\":\"https:\\\/\\\/www.bioventus.com\\\/fr\\\/#organization\",\"name\":\"Bioventus\",\"url\":\"https:\\\/\\\/www.bioventus.com\\\/fr\\\/\",\"logo\":{\"@type\":\"ImageObject\",\"inLanguage\":\"fr-FR\",\"@id\":\"https:\\\/\\\/www.bioventus.com\\\/fr\\\/#\\\/schema\\\/logo\\\/image\\\/\",\"url\":\"http:\\\/\\\/www.bioventus.com\\\/wp-content\\\/uploads\\\/2020\\\/04\\\/bioventus-logo-color-min.png\",\"contentUrl\":\"http:\\\/\\\/www.bioventus.com\\\/wp-content\\\/uploads\\\/2020\\\/04\\\/bioventus-logo-color-min.png\",\"width\":434,\"height\":72,\"caption\":\"Bioventus\"},\"image\":{\"@id\":\"https:\\\/\\\/www.bioventus.com\\\/fr\\\/#\\\/schema\\\/logo\\\/image\\\/\"},\"sameAs\":[\"https:\\\/\\\/x.com\\\/BioventusGlobal\",\"https:\\\/\\\/www.linkedin.com\\\/company\\\/bioventus\\\/\",\"https:\\\/\\\/www.youtube.com\\\/user\\\/Bioventus\"]}]}<\/script>\n<!-- \/ Yoast SEO plugin. -->","yoast_head_json":{"title":"William A. \u201cBill\u201d Hawkins III - Bioventus","robots":{"index":"index","follow":"follow","max-snippet":"max-snippet:-1","max-image-preview":"max-image-preview:large","max-video-preview":"max-video-preview:-1"},"canonical":"https:\/\/www.bioventus.com\/fr\/about-us\/board-members\/william-hawkins\/","og_locale":"fr_FR","og_type":"article","og_title":"William A. \u201cBill\u201d Hawkins III - Bioventus","og_description":"[vc_row unlock_row=\u00a0\u00bb\u00a0\u00bb row_height_percent=\u00a0\u00bb0&Prime; override_padding=\u00a0\u00bbyes\u00a0\u00bb h_padding=\u00a0\u00bb3&Prime; top_padding=\u00a0\u00bb3&Prime; bottom_padding=\u00a0\u00bb3&Prime; overlay_alpha=\u00a0\u00bb50&Prime; gutter_size=\u00a0\u00bb3&Prime; column_width_percent=\u00a0\u00bb100&Prime; shift_y=\u00a0\u00bb0&Prime; z_index=\u00a0\u00bb0&Prime;][vc_column width=\u00a0\u00bb1\/1&Prime;][vc_column_text]Bill Hawkins est le pr\u00e9sident-directeur g\u00e9n\u00e9ral \u00e0 la [&hellip;]","og_url":"https:\/\/www.bioventus.com\/fr\/about-us\/board-members\/william-hawkins\/","og_site_name":"Bioventus","article_modified_time":"2021-11-12T21:20:22+00:00","og_image":[{"width":2560,"height":533,"url":"https:\/\/www.bioventus.com\/wp-content\/uploads\/2020\/05\/product_detail_header@2x-scaled.jpg","type":"image\/jpeg"}],"twitter_card":"summary_large_image","twitter_site":"@BioventusGlobal","twitter_misc":{"Dur\u00e9e de lecture estim\u00e9e":"2 minutes"},"schema":{"@context":"https:\/\/schema.org","@graph":[{"@type":"WebPage","@id":"https:\/\/www.bioventus.com\/fr\/about-us\/board-members\/william-hawkins\/","url":"https:\/\/www.bioventus.com\/fr\/about-us\/board-members\/william-hawkins\/","name":"William A. \u201cBill\u201d Hawkins III - Bioventus","isPartOf":{"@id":"https:\/\/www.bioventus.com\/fr\/#website"},"primaryImageOfPage":{"@id":"https:\/\/www.bioventus.com\/fr\/about-us\/board-members\/william-hawkins\/#primaryimage"},"image":{"@id":"https:\/\/www.bioventus.com\/fr\/about-us\/board-members\/william-hawkins\/#primaryimage"},"thumbnailUrl":"https:\/\/www.bioventus.com\/wp-content\/uploads\/2020\/05\/product_detail_header@2x-scaled.jpg","datePublished":"2020-07-14T15:18:13+00:00","dateModified":"2021-11-12T21:20:22+00:00","breadcrumb":{"@id":"https:\/\/www.bioventus.com\/fr\/about-us\/board-members\/william-hawkins\/#breadcrumb"},"inLanguage":"fr-FR","potentialAction":[{"@type":"ReadAction","target":["https:\/\/www.bioventus.com\/fr\/about-us\/board-members\/william-hawkins\/"]}]},{"@type":"ImageObject","inLanguage":"fr-FR","@id":"https:\/\/www.bioventus.com\/fr\/about-us\/board-members\/william-hawkins\/#primaryimage","url":"https:\/\/www.bioventus.com\/wp-content\/uploads\/2020\/05\/product_detail_header@2x-scaled.jpg","contentUrl":"https:\/\/www.bioventus.com\/wp-content\/uploads\/2020\/05\/product_detail_header@2x-scaled.jpg","width":2560,"height":533},{"@type":"BreadcrumbList","@id":"https:\/\/www.bioventus.com\/fr\/about-us\/board-members\/william-hawkins\/#breadcrumb","itemListElement":[{"@type":"ListItem","position":1,"name":"Home","item":"https:\/\/www.bioventus.com\/fr\/"},{"@type":"ListItem","position":2,"name":"\u00c0 Propos De Nous","item":"https:\/\/www.bioventus.com\/fr\/about-us\/"},{"@type":"ListItem","position":3,"name":"Membres du conseil d\u2019administration","item":"https:\/\/www.bioventus.com\/fr\/about-us\/board-members\/"},{"@type":"ListItem","position":4,"name":"William A. \u201cBill\u201d Hawkins III"}]},{"@type":"WebSite","@id":"https:\/\/www.bioventus.com\/fr\/#website","url":"https:\/\/www.bioventus.com\/fr\/","name":"Bioventus","description":"Active Healing through Orthobiologics","publisher":{"@id":"https:\/\/www.bioventus.com\/fr\/#organization"},"potentialAction":[{"@type":"SearchAction","target":{"@type":"EntryPoint","urlTemplate":"https:\/\/www.bioventus.com\/fr\/?s={search_term_string}"},"query-input":{"@type":"PropertyValueSpecification","valueRequired":true,"valueName":"search_term_string"}}],"inLanguage":"fr-FR"},{"@type":"Organization","@id":"https:\/\/www.bioventus.com\/fr\/#organization","name":"Bioventus","url":"https:\/\/www.bioventus.com\/fr\/","logo":{"@type":"ImageObject","inLanguage":"fr-FR","@id":"https:\/\/www.bioventus.com\/fr\/#\/schema\/logo\/image\/","url":"http:\/\/www.bioventus.com\/wp-content\/uploads\/2020\/04\/bioventus-logo-color-min.png","contentUrl":"http:\/\/www.bioventus.com\/wp-content\/uploads\/2020\/04\/bioventus-logo-color-min.png","width":434,"height":72,"caption":"Bioventus"},"image":{"@id":"https:\/\/www.bioventus.com\/fr\/#\/schema\/logo\/image\/"},"sameAs":["https:\/\/x.com\/BioventusGlobal","https:\/\/www.linkedin.com\/company\/bioventus\/","https:\/\/www.youtube.com\/user\/Bioventus"]}]}},"_links":{"self":[{"href":"https:\/\/www.bioventus.com\/fr\/wp-json\/wp\/v2\/pages\/11905","targetHints":{"allow":["GET"]}}],"collection":[{"href":"https:\/\/www.bioventus.com\/fr\/wp-json\/wp\/v2\/pages"}],"about":[{"href":"https:\/\/www.bioventus.com\/fr\/wp-json\/wp\/v2\/types\/page"}],"author":[{"embeddable":true,"href":"https:\/\/www.bioventus.com\/fr\/wp-json\/wp\/v2\/users\/1"}],"replies":[{"embeddable":true,"href":"https:\/\/www.bioventus.com\/fr\/wp-json\/wp\/v2\/comments?post=11905"}],"version-history":[{"count":0,"href":"https:\/\/www.bioventus.com\/fr\/wp-json\/wp\/v2\/pages\/11905\/revisions"}],"up":[{"embeddable":true,"href":"https:\/\/www.bioventus.com\/fr\/wp-json\/wp\/v2\/pages\/11805"}],"wp:featuredmedia":[{"embeddable":true,"href":"https:\/\/www.bioventus.com\/fr\/wp-json\/wp\/v2\/media\/11699"}],"wp:attachment":[{"href":"https:\/\/www.bioventus.com\/fr\/wp-json\/wp\/v2\/media?parent=11905"}],"curies":[{"name":"wp","href":"https:\/\/api.w.org\/{rel}","templated":true}]}}