{"id":11826,"date":"2020-07-14T15:19:56","date_gmt":"2020-07-14T15:19:56","guid":{"rendered":"http:\/\/bioventuspub.wpengine.com\/about-us\/board-members\/david-j-parker\/"},"modified":"2022-01-11T14:12:07","modified_gmt":"2022-01-11T14:12:07","slug":"michellemcmurry-heath","status":"publish","type":"page","link":"https:\/\/www.bioventus.com\/fr\/about-us\/board-members\/michellemcmurry-heath\/","title":{"rendered":"Michelle McMurry-Heath"},"content":{"rendered":"<div class=\"wpb-content-wrapper\"><p>[vc_row unlock_row=\u00a0\u00bb\u00a0\u00bb row_height_percent=\u00a0\u00bb0&Prime; override_padding=\u00a0\u00bbyes\u00a0\u00bb h_padding=\u00a0\u00bb3&Prime; top_padding=\u00a0\u00bb3&Prime; bottom_padding=\u00a0\u00bb3&Prime; overlay_alpha=\u00a0\u00bb50&Prime; gutter_size=\u00a0\u00bb3&Prime; column_width_percent=\u00a0\u00bb100&Prime; shift_y=\u00a0\u00bb0&Prime; z_index=\u00a0\u00bb0&Prime;][vc_column width=\u00a0\u00bb1\/1&Prime;][vc_column_text]<strong>Michelle McMurry-Heath<\/strong> a pris les r\u00eanes de la Biotechnology Innovation Organization (BIO) en tant que PDG le 1er juin 2020. M\u00e9decin et immunologiste mol\u00e9culaire de formation, le Dr McMurry-Heath devient la troisi\u00e8me directrice g\u00e9n\u00e9rale de BIO, le plus grand groupe de d\u00e9fense des biotechnologies au monde, depuis sa cr\u00e9ation en 1993.<\/p>\n<p>BIO repr\u00e9sente 1\u00a0000 entreprises et organisations du secteur des sciences de la vie \u00e0 l\u2019\u0153uvre dans 30 pays. L&rsquo;organisation a pour mission de soutenir les entreprises qui d\u00e9couvrent et d\u00e9ploient des avanc\u00e9es scientifiques permettant d&rsquo;am\u00e9liorer la sant\u00e9 humaine, la g\u00e9rance de l&rsquo;environnement et l&rsquo;agriculture durable.<\/p>\n<p>Le fil conducteur du travail de Mme McMurry-Heath dans les milieux universitaire, gouvernemental et industriel, c\u2019est sa volont\u00e9 d&rsquo;\u00e9largir l&rsquo;acc\u00e8s au progr\u00e8s scientifique afin que davantage de patients issus de milieux divers puissent b\u00e9n\u00e9ficier des innovations de pointe. Inspir\u00e9e par ses exp\u00e9riences familiales au sein de la communaut\u00e9 de lutte contre les maladies rares, entre essais cliniques et incertitudes de financement, Mme McMurry-Heath consid\u00e8re que \u00ab\u00a0l\u2019acc\u00e8s au progr\u00e8s scientifique est la question de justice sociale de notre \u00e9poque\u00a0\u00bb.<\/p>\n<p>Avant de rejoindre BIO, elle travaillait chez Johnson &amp; Johnson en tant que Responsable mondiale de la production de donn\u00e9es pour les entreprises de dispositifs m\u00e9dicaux, puis en tant que Vice-pr\u00e9sidente de l&rsquo;innovation externe mondiale et Responsable mondiale des sciences r\u00e9glementaires. Elle a \u00e9galement contribu\u00e9 \u00e0 l\u2019implantation de l&rsquo;incubateur de J&amp;J, JLabs, \u00e0 Washington, DC. Elle a dirig\u00e9 une \u00e9quipe mondiale de 900 personnes avec des responsabilit\u00e9s dans 150 pays du monde entier.<\/p>\n<p>Avant son passage chez J&amp;J, le Dr McMurry-Heath a \u00e9galement jou\u00e9 un r\u00f4le cl\u00e9 dans la politique scientifique des \u00c9tats-Unis. L&rsquo;\u00e9quipe de transition Obama-Biden l&rsquo;a charg\u00e9e de r\u00e9aliser un audit complet des politiques, programmes et personnels de la National Science Foundation. Le Pr\u00e9sident Obama l&rsquo;a ensuite nomm\u00e9e Directrice scientifique associ\u00e9e du Centre des appareils et de l&rsquo;hygi\u00e8ne radiologique (CDRH) de la FDA, sous la direction de la Commissaire Peggy Hamburg. Elle y a beaucoup \u0153uvr\u00e9 \u00e0 l&rsquo;\u00e9volution des essais cliniques, \u00e0 l&rsquo;utilisation de donn\u00e9es r\u00e9elles pour l&rsquo;\u00e9valuation des produits et \u00e0 la prise en compte de la voix du patient dans les recherches sur la sant\u00e9 afin que les nouveaux produits m\u00e9dicaux leur apportent des r\u00e9sultats vraiment pertinents.<\/p>\n<p>Mme McMurry-Heath a \u00e9t\u00e9 la directrice fondatrice du Programme sur la sant\u00e9, les sciences biom\u00e9dicales et les politiques soci\u00e9tales de l&rsquo;Aspen Institute, o\u00f9 elle a promu la m\u00e9decine personnalis\u00e9e et renforc\u00e9 la pr\u00e9paration internationale contre les menaces pand\u00e9miques. Elle a d\u00e9but\u00e9 sa formation en politique scientifique \u00e0 la Fondation Robert Wood Johnson, avant d\u2019\u00eatre la principale conseill\u00e8re l\u00e9gislative pour les sciences et la sant\u00e9 du S\u00e9nateur Joe Lieberman. \u00c0 ce titre, elle a r\u00e9dig\u00e9 une l\u00e9gislation visant \u00e0 prot\u00e9ger le pays contre les attaques biologiques.<\/p>\n<p>Mme McMurry-Heath a obtenu son MD\/PhD dans le cadre du Programme de formation scientifique m\u00e9dicale de Duke, devenant ainsi la premi\u00e8re Afro-Am\u00e9ricaine \u00e0 \u00eatre dipl\u00f4m\u00e9e de ce prestigieux cursus. Elle a pass\u00e9 12 ans \u00e0 travailler dans le secteur de la recherche avant d&rsquo;assumer des responsabilit\u00e9s politiques et dirigeantes au sein du gouvernement et de l&rsquo;industrie.<\/p>\n<p>Mme McMurry-Heath vit \u00e0 Washington, D.C. avec son mari Sebastian Heath, v\u00e9t\u00e9rinaire, et leur fille Isabella. Pour se d\u00e9tendre, elle aime pratiquer le yoga, la plong\u00e9e avec tuba et accompagner sa fille lors de ses \u00e9v\u00e9nements sportifs.[\/vc_column_text][\/vc_column][\/vc_row]<\/p>\n<\/div>","protected":false},"excerpt":{"rendered":"<p>[vc_row unlock_row=\u00a0\u00bb\u00a0\u00bb row_height_percent=\u00a0\u00bb0&Prime; override_padding=\u00a0\u00bbyes\u00a0\u00bb h_padding=\u00a0\u00bb3&Prime; top_padding=\u00a0\u00bb3&Prime; bottom_padding=\u00a0\u00bb3&Prime; overlay_alpha=\u00a0\u00bb50&Prime; gutter_size=\u00a0\u00bb3&Prime; column_width_percent=\u00a0\u00bb100&Prime; shift_y=\u00a0\u00bb0&Prime; z_index=\u00a0\u00bb0&Prime;][vc_column width=\u00a0\u00bb1\/1&Prime;][vc_column_text]Michelle McMurry-Heath a pris les r\u00eanes de la [&hellip;]<\/p>\n","protected":false},"author":1,"featured_media":11699,"parent":11805,"menu_order":0,"comment_status":"closed","ping_status":"closed","template":"","meta":{"footnotes":""},"class_list":["post-11826","page","type-page","status-publish","has-post-thumbnail","hentry"],"yoast_head":"<!-- This site is optimized with the Yoast SEO plugin v27.5 - https:\/\/yoast.com\/product\/yoast-seo-wordpress\/ -->\n<title>Michelle McMurry-Heath - Bioventus<\/title>\n<meta name=\"robots\" content=\"index, follow, max-snippet:-1, max-image-preview:large, max-video-preview:-1\" \/>\n<link rel=\"canonical\" href=\"https:\/\/www.bioventus.com\/fr\/about-us\/board-members\/michellemcmurry-heath\/\" \/>\n<meta property=\"og:locale\" content=\"fr_FR\" \/>\n<meta property=\"og:type\" content=\"article\" \/>\n<meta property=\"og:title\" content=\"Michelle McMurry-Heath - Bioventus\" \/>\n<meta property=\"og:description\" content=\"[vc_row unlock_row=\u00a0\u00bb\u00a0\u00bb row_height_percent=\u00a0\u00bb0&Prime; override_padding=\u00a0\u00bbyes\u00a0\u00bb h_padding=\u00a0\u00bb3&Prime; top_padding=\u00a0\u00bb3&Prime; bottom_padding=\u00a0\u00bb3&Prime; overlay_alpha=\u00a0\u00bb50&Prime; gutter_size=\u00a0\u00bb3&Prime; column_width_percent=\u00a0\u00bb100&Prime; shift_y=\u00a0\u00bb0&Prime; z_index=\u00a0\u00bb0&Prime;][vc_column width=\u00a0\u00bb1\/1&Prime;][vc_column_text]Michelle McMurry-Heath a pris les r\u00eanes de la [&hellip;]\" \/>\n<meta property=\"og:url\" content=\"https:\/\/www.bioventus.com\/fr\/about-us\/board-members\/michellemcmurry-heath\/\" \/>\n<meta property=\"og:site_name\" content=\"Bioventus\" \/>\n<meta property=\"article:modified_time\" content=\"2022-01-11T14:12:07+00:00\" \/>\n<meta property=\"og:image\" content=\"https:\/\/www.bioventus.com\/wp-content\/uploads\/2020\/05\/product_detail_header@2x-scaled.jpg\" \/>\n\t<meta property=\"og:image:width\" content=\"2560\" \/>\n\t<meta property=\"og:image:height\" content=\"533\" \/>\n\t<meta property=\"og:image:type\" content=\"image\/jpeg\" \/>\n<meta name=\"twitter:card\" content=\"summary_large_image\" \/>\n<meta name=\"twitter:site\" content=\"@BioventusGlobal\" \/>\n<meta name=\"twitter:label1\" content=\"Dur\u00e9e de lecture estim\u00e9e\" \/>\n\t<meta name=\"twitter:data1\" content=\"3 minutes\" \/>\n<script type=\"application\/ld+json\" class=\"yoast-schema-graph\">{\"@context\":\"https:\\\/\\\/schema.org\",\"@graph\":[{\"@type\":\"WebPage\",\"@id\":\"https:\\\/\\\/www.bioventus.com\\\/fr\\\/about-us\\\/board-members\\\/michellemcmurry-heath\\\/\",\"url\":\"https:\\\/\\\/www.bioventus.com\\\/fr\\\/about-us\\\/board-members\\\/michellemcmurry-heath\\\/\",\"name\":\"Michelle McMurry-Heath - Bioventus\",\"isPartOf\":{\"@id\":\"https:\\\/\\\/www.bioventus.com\\\/fr\\\/#website\"},\"primaryImageOfPage\":{\"@id\":\"https:\\\/\\\/www.bioventus.com\\\/fr\\\/about-us\\\/board-members\\\/michellemcmurry-heath\\\/#primaryimage\"},\"image\":{\"@id\":\"https:\\\/\\\/www.bioventus.com\\\/fr\\\/about-us\\\/board-members\\\/michellemcmurry-heath\\\/#primaryimage\"},\"thumbnailUrl\":\"https:\\\/\\\/www.bioventus.com\\\/wp-content\\\/uploads\\\/2020\\\/05\\\/product_detail_header@2x-scaled.jpg\",\"datePublished\":\"2020-07-14T15:19:56+00:00\",\"dateModified\":\"2022-01-11T14:12:07+00:00\",\"breadcrumb\":{\"@id\":\"https:\\\/\\\/www.bioventus.com\\\/fr\\\/about-us\\\/board-members\\\/michellemcmurry-heath\\\/#breadcrumb\"},\"inLanguage\":\"fr-FR\",\"potentialAction\":[{\"@type\":\"ReadAction\",\"target\":[\"https:\\\/\\\/www.bioventus.com\\\/fr\\\/about-us\\\/board-members\\\/michellemcmurry-heath\\\/\"]}]},{\"@type\":\"ImageObject\",\"inLanguage\":\"fr-FR\",\"@id\":\"https:\\\/\\\/www.bioventus.com\\\/fr\\\/about-us\\\/board-members\\\/michellemcmurry-heath\\\/#primaryimage\",\"url\":\"https:\\\/\\\/www.bioventus.com\\\/wp-content\\\/uploads\\\/2020\\\/05\\\/product_detail_header@2x-scaled.jpg\",\"contentUrl\":\"https:\\\/\\\/www.bioventus.com\\\/wp-content\\\/uploads\\\/2020\\\/05\\\/product_detail_header@2x-scaled.jpg\",\"width\":2560,\"height\":533},{\"@type\":\"BreadcrumbList\",\"@id\":\"https:\\\/\\\/www.bioventus.com\\\/fr\\\/about-us\\\/board-members\\\/michellemcmurry-heath\\\/#breadcrumb\",\"itemListElement\":[{\"@type\":\"ListItem\",\"position\":1,\"name\":\"Home\",\"item\":\"https:\\\/\\\/www.bioventus.com\\\/fr\\\/\"},{\"@type\":\"ListItem\",\"position\":2,\"name\":\"\u00c0 Propos De Nous\",\"item\":\"https:\\\/\\\/www.bioventus.com\\\/fr\\\/about-us\\\/\"},{\"@type\":\"ListItem\",\"position\":3,\"name\":\"Membres du conseil d\u2019administration\",\"item\":\"https:\\\/\\\/www.bioventus.com\\\/fr\\\/about-us\\\/board-members\\\/\"},{\"@type\":\"ListItem\",\"position\":4,\"name\":\"Michelle McMurry-Heath\"}]},{\"@type\":\"WebSite\",\"@id\":\"https:\\\/\\\/www.bioventus.com\\\/fr\\\/#website\",\"url\":\"https:\\\/\\\/www.bioventus.com\\\/fr\\\/\",\"name\":\"Bioventus\",\"description\":\"Active Healing through Orthobiologics\",\"publisher\":{\"@id\":\"https:\\\/\\\/www.bioventus.com\\\/fr\\\/#organization\"},\"potentialAction\":[{\"@type\":\"SearchAction\",\"target\":{\"@type\":\"EntryPoint\",\"urlTemplate\":\"https:\\\/\\\/www.bioventus.com\\\/fr\\\/?s={search_term_string}\"},\"query-input\":{\"@type\":\"PropertyValueSpecification\",\"valueRequired\":true,\"valueName\":\"search_term_string\"}}],\"inLanguage\":\"fr-FR\"},{\"@type\":\"Organization\",\"@id\":\"https:\\\/\\\/www.bioventus.com\\\/fr\\\/#organization\",\"name\":\"Bioventus\",\"url\":\"https:\\\/\\\/www.bioventus.com\\\/fr\\\/\",\"logo\":{\"@type\":\"ImageObject\",\"inLanguage\":\"fr-FR\",\"@id\":\"https:\\\/\\\/www.bioventus.com\\\/fr\\\/#\\\/schema\\\/logo\\\/image\\\/\",\"url\":\"http:\\\/\\\/www.bioventus.com\\\/wp-content\\\/uploads\\\/2020\\\/04\\\/bioventus-logo-color-min.png\",\"contentUrl\":\"http:\\\/\\\/www.bioventus.com\\\/wp-content\\\/uploads\\\/2020\\\/04\\\/bioventus-logo-color-min.png\",\"width\":434,\"height\":72,\"caption\":\"Bioventus\"},\"image\":{\"@id\":\"https:\\\/\\\/www.bioventus.com\\\/fr\\\/#\\\/schema\\\/logo\\\/image\\\/\"},\"sameAs\":[\"https:\\\/\\\/x.com\\\/BioventusGlobal\",\"https:\\\/\\\/www.linkedin.com\\\/company\\\/bioventus\\\/\",\"https:\\\/\\\/www.youtube.com\\\/user\\\/Bioventus\"]}]}<\/script>\n<!-- \/ Yoast SEO plugin. -->","yoast_head_json":{"title":"Michelle McMurry-Heath - Bioventus","robots":{"index":"index","follow":"follow","max-snippet":"max-snippet:-1","max-image-preview":"max-image-preview:large","max-video-preview":"max-video-preview:-1"},"canonical":"https:\/\/www.bioventus.com\/fr\/about-us\/board-members\/michellemcmurry-heath\/","og_locale":"fr_FR","og_type":"article","og_title":"Michelle McMurry-Heath - Bioventus","og_description":"[vc_row unlock_row=\u00a0\u00bb\u00a0\u00bb row_height_percent=\u00a0\u00bb0&Prime; override_padding=\u00a0\u00bbyes\u00a0\u00bb h_padding=\u00a0\u00bb3&Prime; top_padding=\u00a0\u00bb3&Prime; bottom_padding=\u00a0\u00bb3&Prime; overlay_alpha=\u00a0\u00bb50&Prime; gutter_size=\u00a0\u00bb3&Prime; column_width_percent=\u00a0\u00bb100&Prime; shift_y=\u00a0\u00bb0&Prime; z_index=\u00a0\u00bb0&Prime;][vc_column width=\u00a0\u00bb1\/1&Prime;][vc_column_text]Michelle McMurry-Heath a pris les r\u00eanes de la [&hellip;]","og_url":"https:\/\/www.bioventus.com\/fr\/about-us\/board-members\/michellemcmurry-heath\/","og_site_name":"Bioventus","article_modified_time":"2022-01-11T14:12:07+00:00","og_image":[{"width":2560,"height":533,"url":"https:\/\/www.bioventus.com\/wp-content\/uploads\/2020\/05\/product_detail_header@2x-scaled.jpg","type":"image\/jpeg"}],"twitter_card":"summary_large_image","twitter_site":"@BioventusGlobal","twitter_misc":{"Dur\u00e9e de lecture estim\u00e9e":"3 minutes"},"schema":{"@context":"https:\/\/schema.org","@graph":[{"@type":"WebPage","@id":"https:\/\/www.bioventus.com\/fr\/about-us\/board-members\/michellemcmurry-heath\/","url":"https:\/\/www.bioventus.com\/fr\/about-us\/board-members\/michellemcmurry-heath\/","name":"Michelle McMurry-Heath - Bioventus","isPartOf":{"@id":"https:\/\/www.bioventus.com\/fr\/#website"},"primaryImageOfPage":{"@id":"https:\/\/www.bioventus.com\/fr\/about-us\/board-members\/michellemcmurry-heath\/#primaryimage"},"image":{"@id":"https:\/\/www.bioventus.com\/fr\/about-us\/board-members\/michellemcmurry-heath\/#primaryimage"},"thumbnailUrl":"https:\/\/www.bioventus.com\/wp-content\/uploads\/2020\/05\/product_detail_header@2x-scaled.jpg","datePublished":"2020-07-14T15:19:56+00:00","dateModified":"2022-01-11T14:12:07+00:00","breadcrumb":{"@id":"https:\/\/www.bioventus.com\/fr\/about-us\/board-members\/michellemcmurry-heath\/#breadcrumb"},"inLanguage":"fr-FR","potentialAction":[{"@type":"ReadAction","target":["https:\/\/www.bioventus.com\/fr\/about-us\/board-members\/michellemcmurry-heath\/"]}]},{"@type":"ImageObject","inLanguage":"fr-FR","@id":"https:\/\/www.bioventus.com\/fr\/about-us\/board-members\/michellemcmurry-heath\/#primaryimage","url":"https:\/\/www.bioventus.com\/wp-content\/uploads\/2020\/05\/product_detail_header@2x-scaled.jpg","contentUrl":"https:\/\/www.bioventus.com\/wp-content\/uploads\/2020\/05\/product_detail_header@2x-scaled.jpg","width":2560,"height":533},{"@type":"BreadcrumbList","@id":"https:\/\/www.bioventus.com\/fr\/about-us\/board-members\/michellemcmurry-heath\/#breadcrumb","itemListElement":[{"@type":"ListItem","position":1,"name":"Home","item":"https:\/\/www.bioventus.com\/fr\/"},{"@type":"ListItem","position":2,"name":"\u00c0 Propos De Nous","item":"https:\/\/www.bioventus.com\/fr\/about-us\/"},{"@type":"ListItem","position":3,"name":"Membres du conseil d\u2019administration","item":"https:\/\/www.bioventus.com\/fr\/about-us\/board-members\/"},{"@type":"ListItem","position":4,"name":"Michelle McMurry-Heath"}]},{"@type":"WebSite","@id":"https:\/\/www.bioventus.com\/fr\/#website","url":"https:\/\/www.bioventus.com\/fr\/","name":"Bioventus","description":"Active Healing through Orthobiologics","publisher":{"@id":"https:\/\/www.bioventus.com\/fr\/#organization"},"potentialAction":[{"@type":"SearchAction","target":{"@type":"EntryPoint","urlTemplate":"https:\/\/www.bioventus.com\/fr\/?s={search_term_string}"},"query-input":{"@type":"PropertyValueSpecification","valueRequired":true,"valueName":"search_term_string"}}],"inLanguage":"fr-FR"},{"@type":"Organization","@id":"https:\/\/www.bioventus.com\/fr\/#organization","name":"Bioventus","url":"https:\/\/www.bioventus.com\/fr\/","logo":{"@type":"ImageObject","inLanguage":"fr-FR","@id":"https:\/\/www.bioventus.com\/fr\/#\/schema\/logo\/image\/","url":"http:\/\/www.bioventus.com\/wp-content\/uploads\/2020\/04\/bioventus-logo-color-min.png","contentUrl":"http:\/\/www.bioventus.com\/wp-content\/uploads\/2020\/04\/bioventus-logo-color-min.png","width":434,"height":72,"caption":"Bioventus"},"image":{"@id":"https:\/\/www.bioventus.com\/fr\/#\/schema\/logo\/image\/"},"sameAs":["https:\/\/x.com\/BioventusGlobal","https:\/\/www.linkedin.com\/company\/bioventus\/","https:\/\/www.youtube.com\/user\/Bioventus"]}]}},"_links":{"self":[{"href":"https:\/\/www.bioventus.com\/fr\/wp-json\/wp\/v2\/pages\/11826","targetHints":{"allow":["GET"]}}],"collection":[{"href":"https:\/\/www.bioventus.com\/fr\/wp-json\/wp\/v2\/pages"}],"about":[{"href":"https:\/\/www.bioventus.com\/fr\/wp-json\/wp\/v2\/types\/page"}],"author":[{"embeddable":true,"href":"https:\/\/www.bioventus.com\/fr\/wp-json\/wp\/v2\/users\/1"}],"replies":[{"embeddable":true,"href":"https:\/\/www.bioventus.com\/fr\/wp-json\/wp\/v2\/comments?post=11826"}],"version-history":[{"count":0,"href":"https:\/\/www.bioventus.com\/fr\/wp-json\/wp\/v2\/pages\/11826\/revisions"}],"up":[{"embeddable":true,"href":"https:\/\/www.bioventus.com\/fr\/wp-json\/wp\/v2\/pages\/11805"}],"wp:featuredmedia":[{"embeddable":true,"href":"https:\/\/www.bioventus.com\/fr\/wp-json\/wp\/v2\/media\/11699"}],"wp:attachment":[{"href":"https:\/\/www.bioventus.com\/fr\/wp-json\/wp\/v2\/media?parent=11826"}],"curies":[{"name":"wp","href":"https:\/\/api.w.org\/{rel}","templated":true}]}}