{"id":14024,"date":"2023-04-12T14:06:11","date_gmt":"2023-04-12T14:06:11","guid":{"rendered":"https:\/\/bioventuspub.wpengine.com\/about-us\/leadership\/tony-bihl\/"},"modified":"2023-05-09T15:03:09","modified_gmt":"2023-05-09T15:03:09","slug":"tony-bihl","status":"publish","type":"page","link":"https:\/\/www.bioventus.com\/es\/about-us\/leadership\/tony-bihl\/","title":{"rendered":"Tony Bihl"},"content":{"rendered":"<div class=\"wpb-content-wrapper\"><p>[vc_row unlock_row=\u00bb\u00bb row_height_percent=\u00bb0&#8243; override_padding=\u00bbyes\u00bb h_padding=\u00bb3&#8243; top_padding=\u00bb3&#8243; bottom_padding=\u00bb3&#8243; overlay_alpha=\u00bb50&#8243; gutter_size=\u00bb3&#8243; column_width_percent=\u00bb100&#8243; shift_y=\u00bb0&#8243; z_index=\u00bb0&#8243;][vc_column width=\u00bb1\/4&#8243;][vc_single_image media=\u00bb13998&#8243; media_width_percent=\u00bb100&#8243;][\/vc_column][vc_column width=\u00bb3\/4&#8243;][vc_column_text]El Sr. Anthony (Tony) P. Bihl III, actualmente se desempe\u00f1a como director ejecutivo interino de Bioventus LLC. Tambi\u00e9n formar\u00e1 parte de la Junta Directiva de la compa\u00f1\u00eda. El Sr. Bihl se desempe\u00f1\u00f3 como director ejecutivo y miembro de la junta directiva de Bioventus LLC desde 2013 hasta su jubilaci\u00f3n en 2020. El Sr. Bihl es un ejecutivo experimentado con m\u00e1s de 35 a\u00f1os de experiencia comprobada en la industria y actualmente se desempe\u00f1a como miembro de la junta directiva de Sonendo Inc. y Spectral Medical Inc.<\/p>\n<p>Bihl se desempe\u00f1\u00f3 anteriormente como director ejecutivo y presidente de American Medical Systems (AMS), un proveedor diversificado de dispositivos m\u00e9dicos y procedimientos p\u00e9lvicos que cotiza en bolsa. Durante sus cuatro a\u00f1os en la empresa, lider\u00f3 su reestructuraci\u00f3n luego de una serie de adquisiciones, fortaleci\u00f3 su equipo gerencial, estableci\u00f3 una cultura basada en el desempe\u00f1o con una responsabilidad clara y logr\u00f3 un crecimiento de los ingresos y una mayor utilidad operativa. En 2011, Bihl llev\u00f3 a la empresa a su exitosa venta a Endo Pharmaceuticals.<\/p>\n<p>Antes de AMS, Bihl fue CEO de Siemens Medical Solutions Diagnostics, una divisi\u00f3n de $2.500 millones de Siemens AG enfocada en el mercado de diagn\u00f3stico in vitro (IVD). All\u00ed, lider\u00f3 la formaci\u00f3n de la divisi\u00f3n al integrar con \u00e9xito dos unidades comerciales que involucran a m\u00e1s de 8000 empleados y operaciones en 100 pa\u00edses, todo mientras lograba un crecimiento de las ventas m\u00e1s r\u00e1pido que el crecimiento del mercado y superaba los objetivos de ganancias.<\/p>\n<p>Bihl tambi\u00e9n se desempe\u00f1\u00f3 como presidente de la divisi\u00f3n de diagn\u00f3stico de $ 1.8 mil millones de Bayer Healthcare LLC y como vicepresidente ejecutivo de Bayer Healthcare LLC. Aument\u00f3 constantemente las ventas de la divisi\u00f3n y manej\u00f3 las discusiones estrat\u00e9gicas y la debida diligencia que dieron como resultado la adquisici\u00f3n de la divisi\u00f3n por parte de Siemens por $ 5.4 mil millones.<\/p>\n<p>Antes de incorporarse a Bayer, Bihl ocup\u00f3 cargos directivos en Sterling Diagnostic Imaging y E.I. DuPont.<\/p>\n<p>Tiene una Licenciatura en Ciencias con distinci\u00f3n de la Universidad Estatal de Pensilvania.[\/vc_column_text][\/vc_column][\/vc_row]<\/p>\n<\/div>","protected":false},"excerpt":{"rendered":"<p>[vc_row unlock_row=\u00bb\u00bb row_height_percent=\u00bb0&#8243; override_padding=\u00bbyes\u00bb h_padding=\u00bb3&#8243; top_padding=\u00bb3&#8243; bottom_padding=\u00bb3&#8243; overlay_alpha=\u00bb50&#8243; gutter_size=\u00bb3&#8243; column_width_percent=\u00bb100&#8243; shift_y=\u00bb0&#8243; z_index=\u00bb0&#8243;][vc_column width=\u00bb1\/4&#8243;][vc_single_image media=\u00bb13998&#8243; media_width_percent=\u00bb100&#8243;][\/vc_column][vc_column width=\u00bb3\/4&#8243;][vc_column_text]El Sr. Anthony (Tony) P. [&hellip;]<\/p>\n","protected":false},"author":4,"featured_media":11703,"parent":11961,"menu_order":0,"comment_status":"closed","ping_status":"closed","template":"","meta":{"footnotes":""},"class_list":["post-14024","page","type-page","status-publish","has-post-thumbnail","hentry"],"yoast_head":"<!-- This site is optimized with the Yoast SEO plugin v27.5 - https:\/\/yoast.com\/product\/yoast-seo-wordpress\/ -->\n<title>Tony Bihl - Bioventus<\/title>\n<meta name=\"robots\" content=\"index, follow, max-snippet:-1, max-image-preview:large, max-video-preview:-1\" \/>\n<link rel=\"canonical\" href=\"https:\/\/www.bioventus.com\/es\/about-us\/leadership\/tony-bihl\/\" \/>\n<meta property=\"og:locale\" content=\"es_ES\" \/>\n<meta property=\"og:type\" content=\"article\" \/>\n<meta property=\"og:title\" content=\"Tony Bihl - Bioventus\" \/>\n<meta property=\"og:description\" content=\"[vc_row unlock_row=\u00bb\u00bb row_height_percent=\u00bb0&#8243; override_padding=\u00bbyes\u00bb h_padding=\u00bb3&#8243; top_padding=\u00bb3&#8243; bottom_padding=\u00bb3&#8243; overlay_alpha=\u00bb50&#8243; gutter_size=\u00bb3&#8243; column_width_percent=\u00bb100&#8243; shift_y=\u00bb0&#8243; z_index=\u00bb0&#8243;][vc_column width=\u00bb1\/4&#8243;][vc_single_image media=\u00bb13998&#8243; media_width_percent=\u00bb100&#8243;][\/vc_column][vc_column width=\u00bb3\/4&#8243;][vc_column_text]El Sr. Anthony (Tony) P. [&hellip;]\" \/>\n<meta property=\"og:url\" content=\"https:\/\/www.bioventus.com\/es\/about-us\/leadership\/tony-bihl\/\" \/>\n<meta property=\"og:site_name\" content=\"Bioventus\" \/>\n<meta property=\"article:modified_time\" content=\"2023-05-09T15:03:09+00:00\" \/>\n<meta property=\"og:image\" content=\"https:\/\/www.bioventus.com\/wp-content\/uploads\/2020\/05\/product_detail_header@2x-scaled.jpg\" \/>\n\t<meta property=\"og:image:width\" content=\"2560\" \/>\n\t<meta property=\"og:image:height\" content=\"533\" \/>\n\t<meta property=\"og:image:type\" content=\"image\/jpeg\" \/>\n<meta name=\"twitter:card\" content=\"summary_large_image\" \/>\n<meta name=\"twitter:site\" content=\"@BioventusGlobal\" \/>\n<meta name=\"twitter:label1\" content=\"Tiempo de lectura\" \/>\n\t<meta name=\"twitter:data1\" content=\"2 minutos\" \/>\n<script type=\"application\/ld+json\" class=\"yoast-schema-graph\">{\"@context\":\"https:\\\/\\\/schema.org\",\"@graph\":[{\"@type\":\"WebPage\",\"@id\":\"https:\\\/\\\/www.bioventus.com\\\/es\\\/about-us\\\/leadership\\\/tony-bihl\\\/\",\"url\":\"https:\\\/\\\/www.bioventus.com\\\/es\\\/about-us\\\/leadership\\\/tony-bihl\\\/\",\"name\":\"Tony Bihl - Bioventus\",\"isPartOf\":{\"@id\":\"https:\\\/\\\/www.bioventus.com\\\/es\\\/#website\"},\"primaryImageOfPage\":{\"@id\":\"https:\\\/\\\/www.bioventus.com\\\/es\\\/about-us\\\/leadership\\\/tony-bihl\\\/#primaryimage\"},\"image\":{\"@id\":\"https:\\\/\\\/www.bioventus.com\\\/es\\\/about-us\\\/leadership\\\/tony-bihl\\\/#primaryimage\"},\"thumbnailUrl\":\"https:\\\/\\\/www.bioventus.com\\\/wp-content\\\/uploads\\\/2020\\\/05\\\/product_detail_header@2x-scaled.jpg\",\"datePublished\":\"2023-04-12T14:06:11+00:00\",\"dateModified\":\"2023-05-09T15:03:09+00:00\",\"breadcrumb\":{\"@id\":\"https:\\\/\\\/www.bioventus.com\\\/es\\\/about-us\\\/leadership\\\/tony-bihl\\\/#breadcrumb\"},\"inLanguage\":\"es\",\"potentialAction\":[{\"@type\":\"ReadAction\",\"target\":[\"https:\\\/\\\/www.bioventus.com\\\/es\\\/about-us\\\/leadership\\\/tony-bihl\\\/\"]}]},{\"@type\":\"ImageObject\",\"inLanguage\":\"es\",\"@id\":\"https:\\\/\\\/www.bioventus.com\\\/es\\\/about-us\\\/leadership\\\/tony-bihl\\\/#primaryimage\",\"url\":\"https:\\\/\\\/www.bioventus.com\\\/wp-content\\\/uploads\\\/2020\\\/05\\\/product_detail_header@2x-scaled.jpg\",\"contentUrl\":\"https:\\\/\\\/www.bioventus.com\\\/wp-content\\\/uploads\\\/2020\\\/05\\\/product_detail_header@2x-scaled.jpg\",\"width\":2560,\"height\":533},{\"@type\":\"BreadcrumbList\",\"@id\":\"https:\\\/\\\/www.bioventus.com\\\/es\\\/about-us\\\/leadership\\\/tony-bihl\\\/#breadcrumb\",\"itemListElement\":[{\"@type\":\"ListItem\",\"position\":1,\"name\":\"Home\",\"item\":\"https:\\\/\\\/www.bioventus.com\\\/es\\\/\"},{\"@type\":\"ListItem\",\"position\":2,\"name\":\"Acerca De Nosotros\",\"item\":\"https:\\\/\\\/www.bioventus.com\\\/es\\\/about-us\\\/\"},{\"@type\":\"ListItem\",\"position\":3,\"name\":\"Liderazgo\",\"item\":\"https:\\\/\\\/www.bioventus.com\\\/es\\\/about-us\\\/leadership\\\/\"},{\"@type\":\"ListItem\",\"position\":4,\"name\":\"Tony Bihl\"}]},{\"@type\":\"WebSite\",\"@id\":\"https:\\\/\\\/www.bioventus.com\\\/es\\\/#website\",\"url\":\"https:\\\/\\\/www.bioventus.com\\\/es\\\/\",\"name\":\"Bioventus\",\"description\":\"Active Healing through Orthobiologics\",\"publisher\":{\"@id\":\"https:\\\/\\\/www.bioventus.com\\\/es\\\/#organization\"},\"potentialAction\":[{\"@type\":\"SearchAction\",\"target\":{\"@type\":\"EntryPoint\",\"urlTemplate\":\"https:\\\/\\\/www.bioventus.com\\\/es\\\/?s={search_term_string}\"},\"query-input\":{\"@type\":\"PropertyValueSpecification\",\"valueRequired\":true,\"valueName\":\"search_term_string\"}}],\"inLanguage\":\"es\"},{\"@type\":\"Organization\",\"@id\":\"https:\\\/\\\/www.bioventus.com\\\/es\\\/#organization\",\"name\":\"Bioventus\",\"url\":\"https:\\\/\\\/www.bioventus.com\\\/es\\\/\",\"logo\":{\"@type\":\"ImageObject\",\"inLanguage\":\"es\",\"@id\":\"https:\\\/\\\/www.bioventus.com\\\/es\\\/#\\\/schema\\\/logo\\\/image\\\/\",\"url\":\"http:\\\/\\\/www.bioventus.com\\\/wp-content\\\/uploads\\\/2020\\\/04\\\/bioventus-logo-color-min.png\",\"contentUrl\":\"http:\\\/\\\/www.bioventus.com\\\/wp-content\\\/uploads\\\/2020\\\/04\\\/bioventus-logo-color-min.png\",\"width\":434,\"height\":72,\"caption\":\"Bioventus\"},\"image\":{\"@id\":\"https:\\\/\\\/www.bioventus.com\\\/es\\\/#\\\/schema\\\/logo\\\/image\\\/\"},\"sameAs\":[\"https:\\\/\\\/x.com\\\/BioventusGlobal\",\"https:\\\/\\\/www.linkedin.com\\\/company\\\/bioventus\\\/\",\"https:\\\/\\\/www.youtube.com\\\/user\\\/Bioventus\"]}]}<\/script>\n<!-- \/ Yoast SEO plugin. -->","yoast_head_json":{"title":"Tony Bihl - Bioventus","robots":{"index":"index","follow":"follow","max-snippet":"max-snippet:-1","max-image-preview":"max-image-preview:large","max-video-preview":"max-video-preview:-1"},"canonical":"https:\/\/www.bioventus.com\/es\/about-us\/leadership\/tony-bihl\/","og_locale":"es_ES","og_type":"article","og_title":"Tony Bihl - Bioventus","og_description":"[vc_row unlock_row=\u00bb\u00bb row_height_percent=\u00bb0&#8243; override_padding=\u00bbyes\u00bb h_padding=\u00bb3&#8243; top_padding=\u00bb3&#8243; bottom_padding=\u00bb3&#8243; overlay_alpha=\u00bb50&#8243; gutter_size=\u00bb3&#8243; column_width_percent=\u00bb100&#8243; shift_y=\u00bb0&#8243; z_index=\u00bb0&#8243;][vc_column width=\u00bb1\/4&#8243;][vc_single_image media=\u00bb13998&#8243; media_width_percent=\u00bb100&#8243;][\/vc_column][vc_column width=\u00bb3\/4&#8243;][vc_column_text]El Sr. Anthony (Tony) P. [&hellip;]","og_url":"https:\/\/www.bioventus.com\/es\/about-us\/leadership\/tony-bihl\/","og_site_name":"Bioventus","article_modified_time":"2023-05-09T15:03:09+00:00","og_image":[{"width":2560,"height":533,"url":"https:\/\/www.bioventus.com\/wp-content\/uploads\/2020\/05\/product_detail_header@2x-scaled.jpg","type":"image\/jpeg"}],"twitter_card":"summary_large_image","twitter_site":"@BioventusGlobal","twitter_misc":{"Tiempo de lectura":"2 minutos"},"schema":{"@context":"https:\/\/schema.org","@graph":[{"@type":"WebPage","@id":"https:\/\/www.bioventus.com\/es\/about-us\/leadership\/tony-bihl\/","url":"https:\/\/www.bioventus.com\/es\/about-us\/leadership\/tony-bihl\/","name":"Tony Bihl - Bioventus","isPartOf":{"@id":"https:\/\/www.bioventus.com\/es\/#website"},"primaryImageOfPage":{"@id":"https:\/\/www.bioventus.com\/es\/about-us\/leadership\/tony-bihl\/#primaryimage"},"image":{"@id":"https:\/\/www.bioventus.com\/es\/about-us\/leadership\/tony-bihl\/#primaryimage"},"thumbnailUrl":"https:\/\/www.bioventus.com\/wp-content\/uploads\/2020\/05\/product_detail_header@2x-scaled.jpg","datePublished":"2023-04-12T14:06:11+00:00","dateModified":"2023-05-09T15:03:09+00:00","breadcrumb":{"@id":"https:\/\/www.bioventus.com\/es\/about-us\/leadership\/tony-bihl\/#breadcrumb"},"inLanguage":"es","potentialAction":[{"@type":"ReadAction","target":["https:\/\/www.bioventus.com\/es\/about-us\/leadership\/tony-bihl\/"]}]},{"@type":"ImageObject","inLanguage":"es","@id":"https:\/\/www.bioventus.com\/es\/about-us\/leadership\/tony-bihl\/#primaryimage","url":"https:\/\/www.bioventus.com\/wp-content\/uploads\/2020\/05\/product_detail_header@2x-scaled.jpg","contentUrl":"https:\/\/www.bioventus.com\/wp-content\/uploads\/2020\/05\/product_detail_header@2x-scaled.jpg","width":2560,"height":533},{"@type":"BreadcrumbList","@id":"https:\/\/www.bioventus.com\/es\/about-us\/leadership\/tony-bihl\/#breadcrumb","itemListElement":[{"@type":"ListItem","position":1,"name":"Home","item":"https:\/\/www.bioventus.com\/es\/"},{"@type":"ListItem","position":2,"name":"Acerca De Nosotros","item":"https:\/\/www.bioventus.com\/es\/about-us\/"},{"@type":"ListItem","position":3,"name":"Liderazgo","item":"https:\/\/www.bioventus.com\/es\/about-us\/leadership\/"},{"@type":"ListItem","position":4,"name":"Tony Bihl"}]},{"@type":"WebSite","@id":"https:\/\/www.bioventus.com\/es\/#website","url":"https:\/\/www.bioventus.com\/es\/","name":"Bioventus","description":"Active Healing through Orthobiologics","publisher":{"@id":"https:\/\/www.bioventus.com\/es\/#organization"},"potentialAction":[{"@type":"SearchAction","target":{"@type":"EntryPoint","urlTemplate":"https:\/\/www.bioventus.com\/es\/?s={search_term_string}"},"query-input":{"@type":"PropertyValueSpecification","valueRequired":true,"valueName":"search_term_string"}}],"inLanguage":"es"},{"@type":"Organization","@id":"https:\/\/www.bioventus.com\/es\/#organization","name":"Bioventus","url":"https:\/\/www.bioventus.com\/es\/","logo":{"@type":"ImageObject","inLanguage":"es","@id":"https:\/\/www.bioventus.com\/es\/#\/schema\/logo\/image\/","url":"http:\/\/www.bioventus.com\/wp-content\/uploads\/2020\/04\/bioventus-logo-color-min.png","contentUrl":"http:\/\/www.bioventus.com\/wp-content\/uploads\/2020\/04\/bioventus-logo-color-min.png","width":434,"height":72,"caption":"Bioventus"},"image":{"@id":"https:\/\/www.bioventus.com\/es\/#\/schema\/logo\/image\/"},"sameAs":["https:\/\/x.com\/BioventusGlobal","https:\/\/www.linkedin.com\/company\/bioventus\/","https:\/\/www.youtube.com\/user\/Bioventus"]}]}},"_links":{"self":[{"href":"https:\/\/www.bioventus.com\/es\/wp-json\/wp\/v2\/pages\/14024","targetHints":{"allow":["GET"]}}],"collection":[{"href":"https:\/\/www.bioventus.com\/es\/wp-json\/wp\/v2\/pages"}],"about":[{"href":"https:\/\/www.bioventus.com\/es\/wp-json\/wp\/v2\/types\/page"}],"author":[{"embeddable":true,"href":"https:\/\/www.bioventus.com\/es\/wp-json\/wp\/v2\/users\/4"}],"replies":[{"embeddable":true,"href":"https:\/\/www.bioventus.com\/es\/wp-json\/wp\/v2\/comments?post=14024"}],"version-history":[{"count":0,"href":"https:\/\/www.bioventus.com\/es\/wp-json\/wp\/v2\/pages\/14024\/revisions"}],"up":[{"embeddable":true,"href":"https:\/\/www.bioventus.com\/es\/wp-json\/wp\/v2\/pages\/11961"}],"wp:featuredmedia":[{"embeddable":true,"href":"https:\/\/www.bioventus.com\/es\/wp-json\/wp\/v2\/media\/11703"}],"wp:attachment":[{"href":"https:\/\/www.bioventus.com\/es\/wp-json\/wp\/v2\/media?parent=14024"}],"curies":[{"name":"wp","href":"https:\/\/api.w.org\/{rel}","templated":true}]}}