{"id":12472,"date":"2020-06-04T16:03:47","date_gmt":"2020-06-04T16:03:47","guid":{"rendered":"http:\/\/bioventuspub.wpengine.com\/investigator-initiated-study-request\/"},"modified":"2021-08-24T15:32:15","modified_gmt":"2021-08-24T15:32:15","slug":"investigator-initiated-study-request","status":"publish","type":"page","link":"https:\/\/www.bioventus.com\/es\/physicians\/investigator-initiated-study-request\/","title":{"rendered":"Solicitud de estudio iniciada por el investigador"},"content":{"rendered":"<div class=\"wpb-content-wrapper\"><p>[vc_row unlock_row=\u00bb\u00bb row_height_percent=\u00bb0&#8243; override_padding=\u00bbyes\u00bb h_padding=\u00bb2&#8243; top_padding=\u00bb0&#8243; bottom_padding=\u00bb0&#8243; overlay_alpha=\u00bb50&#8243; gutter_size=\u00bb3&#8243; column_width_percent=\u00bb100&#8243; shift_y=\u00bb0&#8243; z_index=\u00bb0&#8243;][vc_column column_width_percent=\u00bb100&#8243; gutter_size=\u00bb3&#8243; overlay_alpha=\u00bb50&#8243; shift_x=\u00bb0&#8243; shift_y=\u00bb0&#8243; shift_y_down=\u00bb0&#8243; z_index=\u00bb0&#8243; medium_width=\u00bb0&#8243; mobile_width=\u00bb0&#8243; width=\u00bb1\/12&#8243; el_class=\u00bbmap-container\u00bb css=\u00bb.vc_custom_1589401244102{padding-bottom: 50px !important;}\u00bb][\/vc_column][vc_column column_width_percent=\u00bb100&#8243; align_horizontal=\u00bbalign_center\u00bb gutter_size=\u00bb3&#8243; back_color=\u00bbcolor-xsdn\u00bb overlay_alpha=\u00bb50&#8243; shift_x=\u00bb-2&#8243; shift_y=\u00bb0&#8243; shift_y_down=\u00bb0&#8243; z_index=\u00bb0&#8243; medium_width=\u00bb0&#8243; mobile_width=\u00bb0&#8243; width=\u00bb10\/12&#8243; el_class=\u00bbsecondary-page-header\u00bb][vc_column_text]<\/p>\n<h2>Solicitud de estudio iniciada por el investigador<\/h2>\n<hr class=\"separator-break separator-accent\" \/>\n<h3>Procedimiento de solicitud de apoyo a estudios precl\u00ednicos y cl\u00ednicos iniciado por el investigador<\/h3>\n<p>El comit\u00e9 de estudios iniciados por el investigador es el encargado de examinar las solicitudes de apoyo a estudios precl\u00ednicos y cl\u00ednicos. El comit\u00e9 puede conceder financiaci\u00f3n a instituciones, fundaciones m\u00e9dicas y sociedades profesionales cuya misi\u00f3n incluya el tratamiento de la salud p\u00fablica, la investigaci\u00f3n cient\u00edfica y\/o la educaci\u00f3n m\u00e9dica.<\/p>\n<p>En el caso de los estudios cl\u00ednicos, el investigador es responsable de obtener la aprobaci\u00f3n del comit\u00e9 de \u00e9tica independiente (CEI) antes de que Bioventus aporte los fondos iniciales para el estudio. Para los estudios precl\u00ednicos, el investigador es responsable de seguir las directrices \u00e9ticas nacionales pertinentes. Tanto los estudios cl\u00ednicos como los precl\u00ednicos se someten a una revisi\u00f3n \u00e9tica adicional por parte del comit\u00e9 de estudios iniciados por el investigador.<\/p>\n<p>En el caso de los estudios con nuevas indicaciones, el investigador es responsable de obtener la aprobaci\u00f3n reglamentaria a trav\u00e9s del organismo nacional correspondiente. En los Estados Unidos, la aprobaci\u00f3n de los ensayos de exenci\u00f3n de dispositivos de investigaci\u00f3n (Investigational Device Exemption, IDE) iniciados por el investigador recae en la FDA.<\/p>\n<p>[\/vc_column_text][\/vc_column][vc_column width=\u00bb1\/12&#8243;][\/vc_column][\/vc_row][vc_row unlock_row=\u00bb\u00bb row_height_percent=\u00bb0&#8243; override_padding=\u00bbyes\u00bb h_padding=\u00bb2&#8243; top_padding=\u00bb2&#8243; bottom_padding=\u00bb3&#8243; overlay_alpha=\u00bb50&#8243; gutter_size=\u00bb3&#8243; column_width_percent=\u00bb100&#8243; shift_y=\u00bb0&#8243; z_index=\u00bb0&#8243;][vc_column width=\u00bb1\/12&#8243;][\/vc_column][vc_column width=\u00bb10\/12&#8243;][vc_tabs][vc_tab gutter_size=\u00bb2&#8243; column_padding=\u00bb2&#8243; title=\u00bbC\u00f3mo solicitar apoyo para un estudio\u00bb tab_id=\u00bb1620235498209-3-1&#8243;][vc_row_inner limit_content=\u00bb\u00bb][vc_column_inner width=\u00bb1\/2&#8243;][vc_column_text css=\u00bb.vc_custom_1629819063251{margin-bottom: 30px !important;}\u00bb]<strong>Cada solicitud por escrito debe incluir:<\/strong><\/p>\n<ol>\n<li>Nombre y direcci\u00f3n del centro de investigaci\u00f3n<\/li>\n<li>Investigador principal<\/li>\n<li>Protocolo del estudio<\/li>\n<\/ol>\n<ul>\n<li style=\"list-style-type: none;\">\n<ul>\n<li>Prop\u00f3sito del estudio<\/li>\n<li>Antecedentes\/Descripci\u00f3n general<\/li>\n<li>M\u00e9todos<\/li>\n<li>Dise\u00f1o del estudio<\/li>\n<li>Variables del estudio\n<ul>\n<li>Variables principales<\/li>\n<li>Variables secundarias<\/li>\n<li>Variables exploratorias<\/li>\n<\/ul>\n<\/li>\n<li>Tama\u00f1o estimado de la muestra<\/li>\n<li>Criterios de inclusi\u00f3n\/exclusi\u00f3n<\/li>\n<li>M\u00e9todos estad\u00edsticos y supuestos (si los hay)<\/li>\n<\/ul>\n<\/li>\n<\/ul>\n<p>[\/vc_column_text][\/vc_column_inner][vc_column_inner width=\u00bb1\/2&#8243;][vc_column_text css=\u00bb.vc_custom_1629819076874{margin-bottom: 30px !important;}\u00bb]<\/p>\n<ol start=\"4\">\n<li>Criterio de \u00e9xito del estudio<\/li>\n<li>Cronolog\u00eda del estudio<\/li>\n<li>Objetivos realistas de reclutamiento de pacientes y tiempo de seguimiento<\/li>\n<li>Curr\u00edculos de los investigadores del estudio<\/li>\n<li>Cantidad solicitada y presupuesto de c\u00f3mo se gastar\u00e1n los fondos<\/li>\n<li>En el caso de las donaciones de productos, deber\u00e1 facilitarse una lista de los productos deseados<\/li>\n<\/ol>\n<p>[\/vc_column_text][\/vc_column_inner][\/vc_row_inner][vc_column_text]Puede solicitarse informaci\u00f3n adicional.[\/vc_column_text][\/vc_tab][vc_tab gutter_size=\u00bb2&#8243; column_padding=\u00bb2&#8243; title=\u00bb\u00c1reas de inter\u00e9s\u00bb tab_id=\u00bb1589921407-2-14&#8243;][vc_row_inner limit_content=\u00bb\u00bb][vc_column_inner width=\u00bb1\/2&#8243;][vc_column_text css=\u00bb.vc_custom_1629819103892{margin-bottom: 30px !important;}\u00bb]<strong>Tratamiento con \u00e1cido hialur\u00f3nico de nuevas indicaciones o nuevas articulaciones<\/strong><\/p>\n<ul>\n<li>Articulaciones peque\u00f1as<\/li>\n<li>Estudios comparativos de AH (tratamiento activo frente a placebo)<\/li>\n<li>Econom\u00eda de la salud e investigaci\u00f3n de resultados (Health Economics and Outcomes Research, HEOR)<\/li>\n<li>Datos farmacoecon\u00f3micos: costes de los efectos adversos (EA)<\/li>\n<li>Efecto de la duraci\u00f3n y datos de seguridad<\/li>\n<li>Datos de la seguridad y la eficacia de la repetici\u00f3n de la dosis<\/li>\n<\/ul>\n<p>[\/vc_column_text][\/vc_column_inner][vc_column_inner width=\u00bb1\/2&#8243;][vc_column_text css=\u00bb.vc_custom_1629819112062{margin-bottom: 30px !important;}\u00bb]<strong>Productos quir\u00fargicos<\/strong><\/p>\n<ul>\n<li>Estudios cl\u00ednicos y de casos<\/li>\n<li>Injertos \u00f3seos (injertos \u00f3seos para columna vertebral y traumatismos)<\/li>\n<li>Cirug\u00eda de pie y tobillo<\/li>\n<\/ul>\n<p>[\/vc_column_text][\/vc_column_inner][\/vc_row_inner][\/vc_tab][vc_tab gutter_size=\u00bb2&#8243; column_padding=\u00bb2&#8243; title=\u00bbD\u00f3nde presentar una solicitud de estudio\u00bb tab_id=\u00bb1591126557545-2-7&#8243;][vc_column_text]<strong>Utilice el siguiente enlace para<\/strong><br \/>\n<a href=\"https:\/\/app.smartsheet.com\/b\/form\/6732616a7b224eb29346610ac6676b71\">Solicitar apoyo para un estudio<\/a>[\/vc_column_text][\/vc_tab][\/vc_tabs][\/vc_column][vc_column width=\u00bb1\/12&#8243;][\/vc_column][\/vc_row]<\/p>\n<\/div>","protected":false},"excerpt":{"rendered":"<p>[vc_row unlock_row=\u00bb\u00bb row_height_percent=\u00bb0&#8243; override_padding=\u00bbyes\u00bb h_padding=\u00bb2&#8243; top_padding=\u00bb0&#8243; bottom_padding=\u00bb0&#8243; overlay_alpha=\u00bb50&#8243; gutter_size=\u00bb3&#8243; column_width_percent=\u00bb100&#8243; shift_y=\u00bb0&#8243; z_index=\u00bb0&#8243;][vc_column column_width_percent=\u00bb100&#8243; gutter_size=\u00bb3&#8243; overlay_alpha=\u00bb50&#8243; shift_x=\u00bb0&#8243; shift_y=\u00bb0&#8243; shift_y_down=\u00bb0&#8243; z_index=\u00bb0&#8243; medium_width=\u00bb0&#8243; [&hellip;]<\/p>\n","protected":false},"author":1,"featured_media":0,"parent":12338,"menu_order":0,"comment_status":"closed","ping_status":"closed","template":"","meta":{"footnotes":""},"class_list":["post-12472","page","type-page","status-publish","hentry"],"yoast_head":"<!-- This site is optimized with the Yoast SEO plugin v27.5 - https:\/\/yoast.com\/product\/yoast-seo-wordpress\/ -->\n<title>Solicitud de estudio iniciada por el investigador - Bioventus<\/title>\n<meta name=\"robots\" content=\"index, follow, max-snippet:-1, max-image-preview:large, max-video-preview:-1\" \/>\n<link rel=\"canonical\" href=\"https:\/\/www.bioventus.com\/es\/physicians\/investigator-initiated-study-request\/\" \/>\n<meta property=\"og:locale\" content=\"es_ES\" \/>\n<meta property=\"og:type\" content=\"article\" \/>\n<meta property=\"og:title\" content=\"Solicitud de estudio iniciada por el investigador - Bioventus\" \/>\n<meta property=\"og:description\" content=\"[vc_row unlock_row=\u00bb\u00bb row_height_percent=\u00bb0&#8243; override_padding=\u00bbyes\u00bb h_padding=\u00bb2&#8243; top_padding=\u00bb0&#8243; bottom_padding=\u00bb0&#8243; overlay_alpha=\u00bb50&#8243; gutter_size=\u00bb3&#8243; column_width_percent=\u00bb100&#8243; shift_y=\u00bb0&#8243; z_index=\u00bb0&#8243;][vc_column column_width_percent=\u00bb100&#8243; gutter_size=\u00bb3&#8243; overlay_alpha=\u00bb50&#8243; shift_x=\u00bb0&#8243; shift_y=\u00bb0&#8243; shift_y_down=\u00bb0&#8243; z_index=\u00bb0&#8243; medium_width=\u00bb0&#8243; [&hellip;]\" \/>\n<meta property=\"og:url\" content=\"https:\/\/www.bioventus.com\/es\/physicians\/investigator-initiated-study-request\/\" \/>\n<meta property=\"og:site_name\" content=\"Bioventus\" \/>\n<meta property=\"article:modified_time\" content=\"2021-08-24T15:32:15+00:00\" \/>\n<meta name=\"twitter:card\" content=\"summary_large_image\" \/>\n<meta name=\"twitter:site\" content=\"@BioventusGlobal\" \/>\n<meta name=\"twitter:label1\" content=\"Tiempo de lectura\" \/>\n\t<meta name=\"twitter:data1\" content=\"3 minutos\" \/>\n<script type=\"application\/ld+json\" class=\"yoast-schema-graph\">{\"@context\":\"https:\\\/\\\/schema.org\",\"@graph\":[{\"@type\":\"WebPage\",\"@id\":\"https:\\\/\\\/www.bioventus.com\\\/es\\\/physicians\\\/investigator-initiated-study-request\\\/\",\"url\":\"https:\\\/\\\/www.bioventus.com\\\/es\\\/physicians\\\/investigator-initiated-study-request\\\/\",\"name\":\"Solicitud de estudio iniciada por el investigador - Bioventus\",\"isPartOf\":{\"@id\":\"https:\\\/\\\/www.bioventus.com\\\/es\\\/#website\"},\"datePublished\":\"2020-06-04T16:03:47+00:00\",\"dateModified\":\"2021-08-24T15:32:15+00:00\",\"breadcrumb\":{\"@id\":\"https:\\\/\\\/www.bioventus.com\\\/es\\\/physicians\\\/investigator-initiated-study-request\\\/#breadcrumb\"},\"inLanguage\":\"es\",\"potentialAction\":[{\"@type\":\"ReadAction\",\"target\":[\"https:\\\/\\\/www.bioventus.com\\\/es\\\/physicians\\\/investigator-initiated-study-request\\\/\"]}]},{\"@type\":\"BreadcrumbList\",\"@id\":\"https:\\\/\\\/www.bioventus.com\\\/es\\\/physicians\\\/investigator-initiated-study-request\\\/#breadcrumb\",\"itemListElement\":[{\"@type\":\"ListItem\",\"position\":1,\"name\":\"Home\",\"item\":\"https:\\\/\\\/www.bioventus.com\\\/es\\\/\"},{\"@type\":\"ListItem\",\"position\":2,\"name\":\"M\u00e9dicos\",\"item\":\"https:\\\/\\\/www.bioventus.com\\\/es\\\/physicians\\\/\"},{\"@type\":\"ListItem\",\"position\":3,\"name\":\"Solicitud de estudio iniciada por el investigador\"}]},{\"@type\":\"WebSite\",\"@id\":\"https:\\\/\\\/www.bioventus.com\\\/es\\\/#website\",\"url\":\"https:\\\/\\\/www.bioventus.com\\\/es\\\/\",\"name\":\"Bioventus\",\"description\":\"Active Healing through Orthobiologics\",\"publisher\":{\"@id\":\"https:\\\/\\\/www.bioventus.com\\\/es\\\/#organization\"},\"potentialAction\":[{\"@type\":\"SearchAction\",\"target\":{\"@type\":\"EntryPoint\",\"urlTemplate\":\"https:\\\/\\\/www.bioventus.com\\\/es\\\/?s={search_term_string}\"},\"query-input\":{\"@type\":\"PropertyValueSpecification\",\"valueRequired\":true,\"valueName\":\"search_term_string\"}}],\"inLanguage\":\"es\"},{\"@type\":\"Organization\",\"@id\":\"https:\\\/\\\/www.bioventus.com\\\/es\\\/#organization\",\"name\":\"Bioventus\",\"url\":\"https:\\\/\\\/www.bioventus.com\\\/es\\\/\",\"logo\":{\"@type\":\"ImageObject\",\"inLanguage\":\"es\",\"@id\":\"https:\\\/\\\/www.bioventus.com\\\/es\\\/#\\\/schema\\\/logo\\\/image\\\/\",\"url\":\"http:\\\/\\\/www.bioventus.com\\\/wp-content\\\/uploads\\\/2020\\\/04\\\/bioventus-logo-color-min.png\",\"contentUrl\":\"http:\\\/\\\/www.bioventus.com\\\/wp-content\\\/uploads\\\/2020\\\/04\\\/bioventus-logo-color-min.png\",\"width\":434,\"height\":72,\"caption\":\"Bioventus\"},\"image\":{\"@id\":\"https:\\\/\\\/www.bioventus.com\\\/es\\\/#\\\/schema\\\/logo\\\/image\\\/\"},\"sameAs\":[\"https:\\\/\\\/x.com\\\/BioventusGlobal\",\"https:\\\/\\\/www.linkedin.com\\\/company\\\/bioventus\\\/\",\"https:\\\/\\\/www.youtube.com\\\/user\\\/Bioventus\"]}]}<\/script>\n<!-- \/ Yoast SEO plugin. -->","yoast_head_json":{"title":"Solicitud de estudio iniciada por el investigador - Bioventus","robots":{"index":"index","follow":"follow","max-snippet":"max-snippet:-1","max-image-preview":"max-image-preview:large","max-video-preview":"max-video-preview:-1"},"canonical":"https:\/\/www.bioventus.com\/es\/physicians\/investigator-initiated-study-request\/","og_locale":"es_ES","og_type":"article","og_title":"Solicitud de estudio iniciada por el investigador - Bioventus","og_description":"[vc_row unlock_row=\u00bb\u00bb row_height_percent=\u00bb0&#8243; override_padding=\u00bbyes\u00bb h_padding=\u00bb2&#8243; top_padding=\u00bb0&#8243; bottom_padding=\u00bb0&#8243; overlay_alpha=\u00bb50&#8243; gutter_size=\u00bb3&#8243; column_width_percent=\u00bb100&#8243; shift_y=\u00bb0&#8243; z_index=\u00bb0&#8243;][vc_column column_width_percent=\u00bb100&#8243; gutter_size=\u00bb3&#8243; overlay_alpha=\u00bb50&#8243; shift_x=\u00bb0&#8243; shift_y=\u00bb0&#8243; shift_y_down=\u00bb0&#8243; z_index=\u00bb0&#8243; medium_width=\u00bb0&#8243; [&hellip;]","og_url":"https:\/\/www.bioventus.com\/es\/physicians\/investigator-initiated-study-request\/","og_site_name":"Bioventus","article_modified_time":"2021-08-24T15:32:15+00:00","twitter_card":"summary_large_image","twitter_site":"@BioventusGlobal","twitter_misc":{"Tiempo de lectura":"3 minutos"},"schema":{"@context":"https:\/\/schema.org","@graph":[{"@type":"WebPage","@id":"https:\/\/www.bioventus.com\/es\/physicians\/investigator-initiated-study-request\/","url":"https:\/\/www.bioventus.com\/es\/physicians\/investigator-initiated-study-request\/","name":"Solicitud de estudio iniciada por el investigador - Bioventus","isPartOf":{"@id":"https:\/\/www.bioventus.com\/es\/#website"},"datePublished":"2020-06-04T16:03:47+00:00","dateModified":"2021-08-24T15:32:15+00:00","breadcrumb":{"@id":"https:\/\/www.bioventus.com\/es\/physicians\/investigator-initiated-study-request\/#breadcrumb"},"inLanguage":"es","potentialAction":[{"@type":"ReadAction","target":["https:\/\/www.bioventus.com\/es\/physicians\/investigator-initiated-study-request\/"]}]},{"@type":"BreadcrumbList","@id":"https:\/\/www.bioventus.com\/es\/physicians\/investigator-initiated-study-request\/#breadcrumb","itemListElement":[{"@type":"ListItem","position":1,"name":"Home","item":"https:\/\/www.bioventus.com\/es\/"},{"@type":"ListItem","position":2,"name":"M\u00e9dicos","item":"https:\/\/www.bioventus.com\/es\/physicians\/"},{"@type":"ListItem","position":3,"name":"Solicitud de estudio iniciada por el investigador"}]},{"@type":"WebSite","@id":"https:\/\/www.bioventus.com\/es\/#website","url":"https:\/\/www.bioventus.com\/es\/","name":"Bioventus","description":"Active Healing through Orthobiologics","publisher":{"@id":"https:\/\/www.bioventus.com\/es\/#organization"},"potentialAction":[{"@type":"SearchAction","target":{"@type":"EntryPoint","urlTemplate":"https:\/\/www.bioventus.com\/es\/?s={search_term_string}"},"query-input":{"@type":"PropertyValueSpecification","valueRequired":true,"valueName":"search_term_string"}}],"inLanguage":"es"},{"@type":"Organization","@id":"https:\/\/www.bioventus.com\/es\/#organization","name":"Bioventus","url":"https:\/\/www.bioventus.com\/es\/","logo":{"@type":"ImageObject","inLanguage":"es","@id":"https:\/\/www.bioventus.com\/es\/#\/schema\/logo\/image\/","url":"http:\/\/www.bioventus.com\/wp-content\/uploads\/2020\/04\/bioventus-logo-color-min.png","contentUrl":"http:\/\/www.bioventus.com\/wp-content\/uploads\/2020\/04\/bioventus-logo-color-min.png","width":434,"height":72,"caption":"Bioventus"},"image":{"@id":"https:\/\/www.bioventus.com\/es\/#\/schema\/logo\/image\/"},"sameAs":["https:\/\/x.com\/BioventusGlobal","https:\/\/www.linkedin.com\/company\/bioventus\/","https:\/\/www.youtube.com\/user\/Bioventus"]}]}},"_links":{"self":[{"href":"https:\/\/www.bioventus.com\/es\/wp-json\/wp\/v2\/pages\/12472","targetHints":{"allow":["GET"]}}],"collection":[{"href":"https:\/\/www.bioventus.com\/es\/wp-json\/wp\/v2\/pages"}],"about":[{"href":"https:\/\/www.bioventus.com\/es\/wp-json\/wp\/v2\/types\/page"}],"author":[{"embeddable":true,"href":"https:\/\/www.bioventus.com\/es\/wp-json\/wp\/v2\/users\/1"}],"replies":[{"embeddable":true,"href":"https:\/\/www.bioventus.com\/es\/wp-json\/wp\/v2\/comments?post=12472"}],"version-history":[{"count":0,"href":"https:\/\/www.bioventus.com\/es\/wp-json\/wp\/v2\/pages\/12472\/revisions"}],"up":[{"embeddable":true,"href":"https:\/\/www.bioventus.com\/es\/wp-json\/wp\/v2\/pages\/12338"}],"wp:attachment":[{"href":"https:\/\/www.bioventus.com\/es\/wp-json\/wp\/v2\/media?parent=12472"}],"curies":[{"name":"wp","href":"https:\/\/api.w.org\/{rel}","templated":true}]}}