{"id":12380,"date":"2021-06-11T16:50:23","date_gmt":"2021-06-11T16:50:23","guid":{"rendered":"http:\/\/bioventuspub.wpengine.com\/products\/paintreatmentsjointpreservation\/"},"modified":"2021-08-05T20:34:33","modified_gmt":"2021-08-05T20:34:33","slug":"paintreatmentsjointpreservation","status":"publish","type":"page","link":"https:\/\/www.bioventus.com\/es\/products\/paintreatmentsjointpreservation\/","title":{"rendered":"Tratamientos del dolor y preservaci\u00f3n de las articulaciones"},"content":{"rendered":"<div class=\"wpb-content-wrapper\"><p>[vc_row row_height_percent=\u00bb0&#8243; override_padding=\u00bbyes\u00bb h_padding=\u00bb2&#8243; top_padding=\u00bb3&#8243; bottom_padding=\u00bb1&#8243; overlay_alpha=\u00bb50&#8243; gutter_size=\u00bb3&#8243; column_width_percent=\u00bb100&#8243; shift_y=\u00bb0&#8243; z_index=\u00bb0&#8243;][vc_column column_width_percent=\u00bb100&#8243; gutter_size=\u00bb3&#8243; overlay_alpha=\u00bb50&#8243; shift_x=\u00bb0&#8243; shift_y=\u00bb0&#8243; shift_y_down=\u00bb0&#8243; z_index=\u00bb0&#8243; medium_width=\u00bb0&#8243; mobile_width=\u00bb0&#8243; width=\u00bb1\/3&#8243; el_class=\u00bbproduct-detail-sidebar\u00bb css=\u00bb.vc_custom_1594063068547{padding-right: 50px !important;}\u00bb][\/vc_column][vc_column column_width_percent=\u00bb100&#8243; gutter_size=\u00bb3&#8243; overlay_alpha=\u00bb50&#8243; shift_x=\u00bb0&#8243; shift_y=\u00bb0&#8243; shift_y_down=\u00bb0&#8243; z_index=\u00bb0&#8243; medium_width=\u00bb0&#8243; mobile_width=\u00bb0&#8243; width=\u00bb2\/3&#8243;][vc_column_text]<\/p>\n<h3>Alivio del dolor que act\u00faa directamente sobre el dolor<\/h3>\n<p>Entre los productos de tratamientos del dolor y preservaci\u00f3n de las articulaciones de Bioventus se incluyen el sistema <strong>StimRouter<sup>\u00ae <\/sup>PNS System<\/strong> y los productos de la empresa a base de \u00e1cido hialur\u00f3nico para la artrosis de rodilla: <strong>DUROLANE<sup>\u00ae<\/sup>,<\/strong> <strong>GELSYN-3\u2122<\/strong> y <strong>SUPARTZ FX<sup>\u00ae<\/sup><\/strong>.[\/vc_column_text][\/vc_column][\/vc_row][vc_row row_height_percent=\u00bb0&#8243; override_padding=\u00bbyes\u00bb h_padding=\u00bb2&#8243; top_padding=\u00bb3&#8243; bottom_padding=\u00bb1&#8243; overlay_alpha=\u00bb50&#8243; gutter_size=\u00bb3&#8243; column_width_percent=\u00bb100&#8243; shift_y=\u00bb0&#8243; z_index=\u00bb0&#8243;][vc_column column_width_percent=\u00bb100&#8243; gutter_size=\u00bb3&#8243; overlay_alpha=\u00bb50&#8243; shift_x=\u00bb0&#8243; shift_y=\u00bb0&#8243; shift_y_down=\u00bb0&#8243; z_index=\u00bb0&#8243; medium_width=\u00bb0&#8243; mobile_width=\u00bb0&#8243; width=\u00bb1\/3&#8243; el_class=\u00bbproduct-detail-sidebar\u00bb css=\u00bb.vc_custom_1594063068547{padding-right: 50px !important;}\u00bb][vc_column_text]<\/p>\n<h4>Informaci\u00f3n del producto<\/h4>\n<hr \/>\n<p>[\/vc_column_text][vc_single_image media=\u00bb11689&#8243; media_width_percent=\u00bb55&#8243; media_link=\u00bburl:https%3A%2F%2Fwww.stimrouter.com||target:%20_blank|\u00bb][\/vc_column][vc_column column_width_percent=\u00bb100&#8243; gutter_size=\u00bb3&#8243; overlay_alpha=\u00bb50&#8243; shift_x=\u00bb0&#8243; shift_y=\u00bb0&#8243; shift_y_down=\u00bb0&#8243; z_index=\u00bb0&#8243; medium_width=\u00bb0&#8243; mobile_width=\u00bb0&#8243; width=\u00bb2\/3&#8243;][vc_column_text]<\/p>\n<h3>Alivio espec\u00edfico para mejorar los resultados de los pacientes<\/h3>\n<p>El alivio del dolor nervioso perif\u00e9rico cr\u00f3nico es posible sin f\u00e1rmacos ni cirug\u00eda invasiva cuando se utiliza un estimulador nervioso perif\u00e9rico (ENP) como\u00a0<strong>StimRouter<\/strong>. El\u00a0<strong>StimRouter<\/strong> act\u00faa sobre el origen del dolor y su perfil reducido permite implantar el sistema en numerosas partes del cuerpo, en funci\u00f3n de las necesidades del paciente.<\/p>\n<p>Se calcula que el 20\u00a0% de los adultos estadounidenses padecen dolor cr\u00f3nico y, seg\u00fan un <a href=\"https:\/\/www.cdc.gov\/mmwr\/volumes\/67\/wr\/mm6736a2.htm\" target=\"_blank\" rel=\"noopener\">informe sobre el dolor cr\u00f3nico<\/a> del Centro para el Control y la Prevenci\u00f3n de Enfermedades, el 8\u00a0% tiene un dolor cr\u00f3nico de alto impacto que limita las actividades vitales o laborales casi a diario.<\/p>\n<p>El proceso de <a href=\"https:\/\/www.ncbi.nlm.nih.gov\/books\/NBK92054\/\" target=\"_blank\" rel=\"noopener\">tratamiento del dolor cr\u00f3nico<\/a> es largo y enrevesado, e incluye opciones conductuales, farmacol\u00f3gicas, inyectables y quir\u00fargicas. Por desgracia, las terapias conductuales rara vez proporcionan un alivio suficiente, y los opi\u00e1ceos, que pueden ser m\u00e1s eficaces, son altamente adictivos.<\/p>\n<p>La neuromodulaci\u00f3n ha surgido como un m\u00e9todo probado para actuar sobre los nervios responsables del dolor del paciente. Para obtener m\u00e1s informaci\u00f3n, incluida la informaci\u00f3n de prescripci\u00f3n completa y la investigaci\u00f3n cl\u00ednica, visite el <a href=\"https:\/\/stimrouter.com\/\" target=\"_blank\" rel=\"noopener\">sitio web de StimRouter.<\/a><\/p>\n<p>[\/vc_column_text][\/vc_column][\/vc_row][vc_row row_height_percent=\u00bb0&#8243; override_padding=\u00bbyes\u00bb h_padding=\u00bb2&#8243; top_padding=\u00bb3&#8243; bottom_padding=\u00bb1&#8243; overlay_alpha=\u00bb50&#8243; gutter_size=\u00bb3&#8243; column_width_percent=\u00bb100&#8243; shift_y=\u00bb0&#8243; z_index=\u00bb0&#8243;][vc_column column_width_percent=\u00bb100&#8243; gutter_size=\u00bb3&#8243; overlay_alpha=\u00bb50&#8243; shift_x=\u00bb0&#8243; shift_y=\u00bb0&#8243; shift_y_down=\u00bb0&#8243; z_index=\u00bb0&#8243; medium_width=\u00bb0&#8243; mobile_width=\u00bb0&#8243; width=\u00bb1\/3&#8243; el_class=\u00bbproduct-detail-sidebar\u00bb css=\u00bb.vc_custom_1594063068547{padding-right: 50px !important;}\u00bb][vc_column_text]<\/p>\n<h4>Informaci\u00f3n del producto<\/h4>\n<hr \/>\n<p>[\/vc_column_text][vc_single_image media=\u00bb179&#8243; media_width_percent=\u00bb55&#8243; media_link=\u00bburl:https%3A%2F%2Fwww.durolane.com||target:%20_blank|\u00bb][vc_single_image media=\u00bb180&#8243; media_width_percent=\u00bb55&#8243; media_link=\u00bburl:https%3A%2F%2Fwww.gelsyn3.com||target:%20_blank|\u00bb][vc_single_image media=\u00bb182&#8243; media_width_percent=\u00bb55&#8243; media_link=\u00bburl:https%3A%2F%2Fwww.supartzfx.com||target:%20_blank|\u00bb][\/vc_column][vc_column column_width_percent=\u00bb100&#8243; gutter_size=\u00bb3&#8243; overlay_alpha=\u00bb50&#8243; shift_x=\u00bb0&#8243; shift_y=\u00bb0&#8243; shift_y_down=\u00bb0&#8243; z_index=\u00bb0&#8243; medium_width=\u00bb0&#8243; mobile_width=\u00bb0&#8243; width=\u00bb2\/3&#8243;][vc_column_text]<\/p>\n<h3>Alivio del dolor que act\u00faa directamente sobre las articulaciones del paciente<\/h3>\n<p>La artrosis es la causa m\u00e1s com\u00fan de dolor de rodilla y cadera, y causa a los enfermos un dolor considerable que limita su capacidad de llevar una vida activa. Los revolucionarios tratamientos inyectables para el dolor articular de Bioventus son alternativas no quir\u00fargicas concebidas para colaborar con los procesos biol\u00f3gicos del organismo, proporcionando un lubricante natural en la articulaci\u00f3n que alivia el dolor de leve a moderado, mejora la movilidad y ayuda al paciente a volver a sus actividades cotidianas.<\/p>\n<p>Muchos pacientes con artrosis descubren que este l\u00edquido sinovial de las articulaciones se debilita a medida que esta enfermedad cr\u00f3nica avanza. Al inyectar \u00e1cido hialur\u00f3nico directamente en las zonas afectadas, nuestros tratamientos consiguen restablecer las propiedades lubricantes y amortiguadoras del l\u00edquido de las articulaciones, que normalmente se agotan debido a la artrosis. A diferencia de los analg\u00e9sicos orales, nuestros tratamientos inyectables act\u00faan espec\u00edficamente sobre la artrosis de la articulaci\u00f3n, aliviando de forma segura el dolor y ayudando a los pacientes a retomar sus actividades cotidianas.<\/p>\n<p><strong>DUROLANE,<\/strong> <strong>GELSYN-3<\/strong> y <strong>SUPARTZ FX<\/strong> pueden administrarse directamente en la consulta del m\u00e9dico. El procedimiento dura solo unos minutos, y la mayor\u00eda de los pacientes experimentan pocas o ninguna molestia durante la inyecci\u00f3n.<\/p>\n<p>Para obtener m\u00e1s informaci\u00f3n sobre c\u00f3mo nuestros tratamientos de inyecciones articulares pueden aliviar el dolor y aportar movilidad al paciente, incluida la informaci\u00f3n completa de prescripci\u00f3n y las investigaciones cl\u00ednicas, visite <a href=\"http:\/\/www.oakneepainrelief.com\" target=\"_blank\" rel=\"noopener\"><strong>OAKneePainRelief.com.<\/strong><\/a><\/p>\n<p>[\/vc_column_text][vc_row_inner row_inner_height_percent=\u00bb0&#8243; back_color=\u00bbcolor-205156&#8243; overlay_alpha=\u00bb50&#8243; gutter_size=\u00bb3&#8243; shift_y=\u00bb0&#8243; z_index=\u00bb0&#8243;][vc_column_inner width=\u00bb1\/1&#8243;][vc_column_text el_class=\u00bbcta-box\u00bb]<\/p>\n<h3>Programa de asistencia al paciente<\/h3>\n<p>Bioventus se compromete a facilitar el acceso a SUPARTZ FX, GELSYN-3 y DUROLANE a los pacientes que no tienen recursos econ\u00f3micos para pagar el tratamiento, proporcionando un producto de asistencia al paciente sin coste alguno. <strong><a href=\"\/es\/products\/joint-therapies\/patient-assistance-program\/\" rel=\"noopener noreferrer\">M\u00e1s informaci\u00f3n <i class=\"fa fa-angle-right\"><\/i><\/a><\/strong>[\/vc_column_text][\/vc_column_inner][\/vc_row_inner][vc_column_text el_class=\u00bbreferences\u00bb]StimRouter es una marca registrada de Bioness, Inc. GELSYN-3 y DUROLANE son marcas registradas de Bioventus LLC. SUPARTZ FX es una marca registrada de Seikagaku Corp.[\/vc_column_text][\/vc_column][\/vc_row]<\/p>\n<\/div>","protected":false},"excerpt":{"rendered":"<p>[vc_row row_height_percent=\u00bb0&#8243; override_padding=\u00bbyes\u00bb h_padding=\u00bb2&#8243; top_padding=\u00bb3&#8243; bottom_padding=\u00bb1&#8243; overlay_alpha=\u00bb50&#8243; gutter_size=\u00bb3&#8243; column_width_percent=\u00bb100&#8243; shift_y=\u00bb0&#8243; z_index=\u00bb0&#8243;][vc_column column_width_percent=\u00bb100&#8243; gutter_size=\u00bb3&#8243; overlay_alpha=\u00bb50&#8243; shift_x=\u00bb0&#8243; shift_y=\u00bb0&#8243; shift_y_down=\u00bb0&#8243; z_index=\u00bb0&#8243; medium_width=\u00bb0&#8243; mobile_width=\u00bb0&#8243; [&hellip;]<\/p>\n","protected":false},"author":4,"featured_media":11703,"parent":12235,"menu_order":0,"comment_status":"closed","ping_status":"closed","template":"","meta":{"footnotes":""},"class_list":["post-12380","page","type-page","status-publish","has-post-thumbnail","hentry"],"yoast_head":"<!-- This site is optimized with the Yoast SEO plugin v27.5 - https:\/\/yoast.com\/product\/yoast-seo-wordpress\/ -->\n<title>Tratamientos del dolor y preservaci\u00f3n de las articulaciones - Bioventus<\/title>\n<meta name=\"robots\" content=\"index, follow, max-snippet:-1, max-image-preview:large, max-video-preview:-1\" \/>\n<link rel=\"canonical\" href=\"https:\/\/www.bioventus.com\/es\/products\/paintreatmentsjointpreservation\/\" \/>\n<meta property=\"og:locale\" content=\"es_ES\" \/>\n<meta property=\"og:type\" content=\"article\" \/>\n<meta property=\"og:title\" content=\"Tratamientos del dolor y preservaci\u00f3n de las articulaciones - Bioventus\" \/>\n<meta property=\"og:description\" content=\"[vc_row row_height_percent=\u00bb0&#8243; override_padding=\u00bbyes\u00bb h_padding=\u00bb2&#8243; top_padding=\u00bb3&#8243; bottom_padding=\u00bb1&#8243; overlay_alpha=\u00bb50&#8243; gutter_size=\u00bb3&#8243; column_width_percent=\u00bb100&#8243; shift_y=\u00bb0&#8243; z_index=\u00bb0&#8243;][vc_column column_width_percent=\u00bb100&#8243; gutter_size=\u00bb3&#8243; overlay_alpha=\u00bb50&#8243; shift_x=\u00bb0&#8243; shift_y=\u00bb0&#8243; shift_y_down=\u00bb0&#8243; z_index=\u00bb0&#8243; medium_width=\u00bb0&#8243; mobile_width=\u00bb0&#8243; [&hellip;]\" \/>\n<meta property=\"og:url\" content=\"https:\/\/www.bioventus.com\/es\/products\/paintreatmentsjointpreservation\/\" \/>\n<meta property=\"og:site_name\" content=\"Bioventus\" \/>\n<meta property=\"article:modified_time\" content=\"2021-08-05T20:34:33+00:00\" \/>\n<meta property=\"og:image\" content=\"https:\/\/www.bioventus.com\/wp-content\/uploads\/2020\/05\/product_detail_header@2x-scaled.jpg\" \/>\n\t<meta property=\"og:image:width\" content=\"2560\" \/>\n\t<meta property=\"og:image:height\" content=\"533\" \/>\n\t<meta property=\"og:image:type\" content=\"image\/jpeg\" \/>\n<meta name=\"twitter:card\" content=\"summary_large_image\" \/>\n<meta name=\"twitter:site\" content=\"@BioventusGlobal\" \/>\n<meta name=\"twitter:label1\" content=\"Tiempo de lectura\" \/>\n\t<meta name=\"twitter:data1\" content=\"4 minutos\" \/>\n<script type=\"application\/ld+json\" class=\"yoast-schema-graph\">{\"@context\":\"https:\\\/\\\/schema.org\",\"@graph\":[{\"@type\":\"WebPage\",\"@id\":\"https:\\\/\\\/www.bioventus.com\\\/es\\\/products\\\/paintreatmentsjointpreservation\\\/\",\"url\":\"https:\\\/\\\/www.bioventus.com\\\/es\\\/products\\\/paintreatmentsjointpreservation\\\/\",\"name\":\"Tratamientos del dolor y preservaci\u00f3n de las articulaciones - Bioventus\",\"isPartOf\":{\"@id\":\"https:\\\/\\\/www.bioventus.com\\\/es\\\/#website\"},\"primaryImageOfPage\":{\"@id\":\"https:\\\/\\\/www.bioventus.com\\\/es\\\/products\\\/paintreatmentsjointpreservation\\\/#primaryimage\"},\"image\":{\"@id\":\"https:\\\/\\\/www.bioventus.com\\\/es\\\/products\\\/paintreatmentsjointpreservation\\\/#primaryimage\"},\"thumbnailUrl\":\"https:\\\/\\\/www.bioventus.com\\\/wp-content\\\/uploads\\\/2020\\\/05\\\/product_detail_header@2x-scaled.jpg\",\"datePublished\":\"2021-06-11T16:50:23+00:00\",\"dateModified\":\"2021-08-05T20:34:33+00:00\",\"breadcrumb\":{\"@id\":\"https:\\\/\\\/www.bioventus.com\\\/es\\\/products\\\/paintreatmentsjointpreservation\\\/#breadcrumb\"},\"inLanguage\":\"es\",\"potentialAction\":[{\"@type\":\"ReadAction\",\"target\":[\"https:\\\/\\\/www.bioventus.com\\\/es\\\/products\\\/paintreatmentsjointpreservation\\\/\"]}]},{\"@type\":\"ImageObject\",\"inLanguage\":\"es\",\"@id\":\"https:\\\/\\\/www.bioventus.com\\\/es\\\/products\\\/paintreatmentsjointpreservation\\\/#primaryimage\",\"url\":\"https:\\\/\\\/www.bioventus.com\\\/wp-content\\\/uploads\\\/2020\\\/05\\\/product_detail_header@2x-scaled.jpg\",\"contentUrl\":\"https:\\\/\\\/www.bioventus.com\\\/wp-content\\\/uploads\\\/2020\\\/05\\\/product_detail_header@2x-scaled.jpg\",\"width\":2560,\"height\":533},{\"@type\":\"BreadcrumbList\",\"@id\":\"https:\\\/\\\/www.bioventus.com\\\/es\\\/products\\\/paintreatmentsjointpreservation\\\/#breadcrumb\",\"itemListElement\":[{\"@type\":\"ListItem\",\"position\":1,\"name\":\"Home\",\"item\":\"https:\\\/\\\/www.bioventus.com\\\/es\\\/\"},{\"@type\":\"ListItem\",\"position\":2,\"name\":\"Productos\",\"item\":\"https:\\\/\\\/www.bioventus.com\\\/es\\\/products\\\/\"},{\"@type\":\"ListItem\",\"position\":3,\"name\":\"Tratamientos del dolor y preservaci\u00f3n de las articulaciones\"}]},{\"@type\":\"WebSite\",\"@id\":\"https:\\\/\\\/www.bioventus.com\\\/es\\\/#website\",\"url\":\"https:\\\/\\\/www.bioventus.com\\\/es\\\/\",\"name\":\"Bioventus\",\"description\":\"Active Healing through Orthobiologics\",\"publisher\":{\"@id\":\"https:\\\/\\\/www.bioventus.com\\\/es\\\/#organization\"},\"potentialAction\":[{\"@type\":\"SearchAction\",\"target\":{\"@type\":\"EntryPoint\",\"urlTemplate\":\"https:\\\/\\\/www.bioventus.com\\\/es\\\/?s={search_term_string}\"},\"query-input\":{\"@type\":\"PropertyValueSpecification\",\"valueRequired\":true,\"valueName\":\"search_term_string\"}}],\"inLanguage\":\"es\"},{\"@type\":\"Organization\",\"@id\":\"https:\\\/\\\/www.bioventus.com\\\/es\\\/#organization\",\"name\":\"Bioventus\",\"url\":\"https:\\\/\\\/www.bioventus.com\\\/es\\\/\",\"logo\":{\"@type\":\"ImageObject\",\"inLanguage\":\"es\",\"@id\":\"https:\\\/\\\/www.bioventus.com\\\/es\\\/#\\\/schema\\\/logo\\\/image\\\/\",\"url\":\"http:\\\/\\\/www.bioventus.com\\\/wp-content\\\/uploads\\\/2020\\\/04\\\/bioventus-logo-color-min.png\",\"contentUrl\":\"http:\\\/\\\/www.bioventus.com\\\/wp-content\\\/uploads\\\/2020\\\/04\\\/bioventus-logo-color-min.png\",\"width\":434,\"height\":72,\"caption\":\"Bioventus\"},\"image\":{\"@id\":\"https:\\\/\\\/www.bioventus.com\\\/es\\\/#\\\/schema\\\/logo\\\/image\\\/\"},\"sameAs\":[\"https:\\\/\\\/x.com\\\/BioventusGlobal\",\"https:\\\/\\\/www.linkedin.com\\\/company\\\/bioventus\\\/\",\"https:\\\/\\\/www.youtube.com\\\/user\\\/Bioventus\"]}]}<\/script>\n<!-- \/ Yoast SEO plugin. -->","yoast_head_json":{"title":"Tratamientos del dolor y preservaci\u00f3n de las articulaciones - Bioventus","robots":{"index":"index","follow":"follow","max-snippet":"max-snippet:-1","max-image-preview":"max-image-preview:large","max-video-preview":"max-video-preview:-1"},"canonical":"https:\/\/www.bioventus.com\/es\/products\/paintreatmentsjointpreservation\/","og_locale":"es_ES","og_type":"article","og_title":"Tratamientos del dolor y preservaci\u00f3n de las articulaciones - Bioventus","og_description":"[vc_row row_height_percent=\u00bb0&#8243; override_padding=\u00bbyes\u00bb h_padding=\u00bb2&#8243; top_padding=\u00bb3&#8243; bottom_padding=\u00bb1&#8243; overlay_alpha=\u00bb50&#8243; gutter_size=\u00bb3&#8243; column_width_percent=\u00bb100&#8243; shift_y=\u00bb0&#8243; z_index=\u00bb0&#8243;][vc_column column_width_percent=\u00bb100&#8243; gutter_size=\u00bb3&#8243; overlay_alpha=\u00bb50&#8243; shift_x=\u00bb0&#8243; shift_y=\u00bb0&#8243; shift_y_down=\u00bb0&#8243; z_index=\u00bb0&#8243; medium_width=\u00bb0&#8243; mobile_width=\u00bb0&#8243; [&hellip;]","og_url":"https:\/\/www.bioventus.com\/es\/products\/paintreatmentsjointpreservation\/","og_site_name":"Bioventus","article_modified_time":"2021-08-05T20:34:33+00:00","og_image":[{"width":2560,"height":533,"url":"https:\/\/www.bioventus.com\/wp-content\/uploads\/2020\/05\/product_detail_header@2x-scaled.jpg","type":"image\/jpeg"}],"twitter_card":"summary_large_image","twitter_site":"@BioventusGlobal","twitter_misc":{"Tiempo de lectura":"4 minutos"},"schema":{"@context":"https:\/\/schema.org","@graph":[{"@type":"WebPage","@id":"https:\/\/www.bioventus.com\/es\/products\/paintreatmentsjointpreservation\/","url":"https:\/\/www.bioventus.com\/es\/products\/paintreatmentsjointpreservation\/","name":"Tratamientos del dolor y preservaci\u00f3n de las articulaciones - Bioventus","isPartOf":{"@id":"https:\/\/www.bioventus.com\/es\/#website"},"primaryImageOfPage":{"@id":"https:\/\/www.bioventus.com\/es\/products\/paintreatmentsjointpreservation\/#primaryimage"},"image":{"@id":"https:\/\/www.bioventus.com\/es\/products\/paintreatmentsjointpreservation\/#primaryimage"},"thumbnailUrl":"https:\/\/www.bioventus.com\/wp-content\/uploads\/2020\/05\/product_detail_header@2x-scaled.jpg","datePublished":"2021-06-11T16:50:23+00:00","dateModified":"2021-08-05T20:34:33+00:00","breadcrumb":{"@id":"https:\/\/www.bioventus.com\/es\/products\/paintreatmentsjointpreservation\/#breadcrumb"},"inLanguage":"es","potentialAction":[{"@type":"ReadAction","target":["https:\/\/www.bioventus.com\/es\/products\/paintreatmentsjointpreservation\/"]}]},{"@type":"ImageObject","inLanguage":"es","@id":"https:\/\/www.bioventus.com\/es\/products\/paintreatmentsjointpreservation\/#primaryimage","url":"https:\/\/www.bioventus.com\/wp-content\/uploads\/2020\/05\/product_detail_header@2x-scaled.jpg","contentUrl":"https:\/\/www.bioventus.com\/wp-content\/uploads\/2020\/05\/product_detail_header@2x-scaled.jpg","width":2560,"height":533},{"@type":"BreadcrumbList","@id":"https:\/\/www.bioventus.com\/es\/products\/paintreatmentsjointpreservation\/#breadcrumb","itemListElement":[{"@type":"ListItem","position":1,"name":"Home","item":"https:\/\/www.bioventus.com\/es\/"},{"@type":"ListItem","position":2,"name":"Productos","item":"https:\/\/www.bioventus.com\/es\/products\/"},{"@type":"ListItem","position":3,"name":"Tratamientos del dolor y preservaci\u00f3n de las articulaciones"}]},{"@type":"WebSite","@id":"https:\/\/www.bioventus.com\/es\/#website","url":"https:\/\/www.bioventus.com\/es\/","name":"Bioventus","description":"Active Healing through Orthobiologics","publisher":{"@id":"https:\/\/www.bioventus.com\/es\/#organization"},"potentialAction":[{"@type":"SearchAction","target":{"@type":"EntryPoint","urlTemplate":"https:\/\/www.bioventus.com\/es\/?s={search_term_string}"},"query-input":{"@type":"PropertyValueSpecification","valueRequired":true,"valueName":"search_term_string"}}],"inLanguage":"es"},{"@type":"Organization","@id":"https:\/\/www.bioventus.com\/es\/#organization","name":"Bioventus","url":"https:\/\/www.bioventus.com\/es\/","logo":{"@type":"ImageObject","inLanguage":"es","@id":"https:\/\/www.bioventus.com\/es\/#\/schema\/logo\/image\/","url":"http:\/\/www.bioventus.com\/wp-content\/uploads\/2020\/04\/bioventus-logo-color-min.png","contentUrl":"http:\/\/www.bioventus.com\/wp-content\/uploads\/2020\/04\/bioventus-logo-color-min.png","width":434,"height":72,"caption":"Bioventus"},"image":{"@id":"https:\/\/www.bioventus.com\/es\/#\/schema\/logo\/image\/"},"sameAs":["https:\/\/x.com\/BioventusGlobal","https:\/\/www.linkedin.com\/company\/bioventus\/","https:\/\/www.youtube.com\/user\/Bioventus"]}]}},"_links":{"self":[{"href":"https:\/\/www.bioventus.com\/es\/wp-json\/wp\/v2\/pages\/12380","targetHints":{"allow":["GET"]}}],"collection":[{"href":"https:\/\/www.bioventus.com\/es\/wp-json\/wp\/v2\/pages"}],"about":[{"href":"https:\/\/www.bioventus.com\/es\/wp-json\/wp\/v2\/types\/page"}],"author":[{"embeddable":true,"href":"https:\/\/www.bioventus.com\/es\/wp-json\/wp\/v2\/users\/4"}],"replies":[{"embeddable":true,"href":"https:\/\/www.bioventus.com\/es\/wp-json\/wp\/v2\/comments?post=12380"}],"version-history":[{"count":0,"href":"https:\/\/www.bioventus.com\/es\/wp-json\/wp\/v2\/pages\/12380\/revisions"}],"up":[{"embeddable":true,"href":"https:\/\/www.bioventus.com\/es\/wp-json\/wp\/v2\/pages\/12235"}],"wp:featuredmedia":[{"embeddable":true,"href":"https:\/\/www.bioventus.com\/es\/wp-json\/wp\/v2\/media\/11703"}],"wp:attachment":[{"href":"https:\/\/www.bioventus.com\/es\/wp-json\/wp\/v2\/media?parent=12380"}],"curies":[{"name":"wp","href":"https:\/\/api.w.org\/{rel}","templated":true}]}}