{"id":12222,"date":"2020-07-30T12:57:47","date_gmt":"2020-07-30T12:57:47","guid":{"rendered":"http:\/\/bioventuspub.wpengine.com\/terms-of-use\/"},"modified":"2021-07-26T12:08:27","modified_gmt":"2021-07-26T12:08:27","slug":"terms-of-use","status":"publish","type":"page","link":"https:\/\/www.bioventus.com\/es\/terms-of-use\/","title":{"rendered":"T\u00e9rminos de uso"},"content":{"rendered":"<div class=\"wpb-content-wrapper\"><p>[vc_row][vc_column][vc_column_text]<\/p>\n<h1>BioventusGlobal.com<\/h1>\n<p>Los siguientes t\u00e9rminos y condiciones se aplican a cualquier persona que utilice el sitio web de Bioventus. Al utilizar este sitio, se considera que usted acepta estos t\u00e9rminos y condiciones:<\/p>\n<ol>\n<li>BioventusGlobal.com es un sitio web de informaci\u00f3n general \u00fanicamente y no sustituye la atenci\u00f3n o el asesoramiento m\u00e9dico.<\/li>\n<li>Hacemos todo lo posible para asegurar que la informaci\u00f3n del sitio es exacta; sin embargo, no podemos garantizar la exactitud de la informaci\u00f3n y no podemos responsabilizarnos del uso que usted pueda hacer de ella o de la confianza que deposite en la misma.<\/li>\n<li>Los productos mencionados en el sitio no est\u00e1n disponibles en todos los pa\u00edses. Las indicaciones de uso var\u00edan de un pa\u00eds a otro.<\/li>\n<li>Nada de lo que aparece en este sitio web debe interpretarse como una oferta de servicio. La informaci\u00f3n de este sitio es de car\u00e1cter temporal y es posible que ya no sea un reflejo exacto de nuestra posici\u00f3n actual. A efectos de la formalizaci\u00f3n de un contrato, ninguna informaci\u00f3n de este sitio web debe considerarse exacta hasta que la hayamos confirmado por escrito.<\/li>\n<li>Las comunicaciones, incluidas las ideas, invenciones, conceptos, etc., enviadas a Bioventus no se consideran confidenciales y la empresa no est\u00e1 obligada a abstenerse de publicar o utilizar la informaci\u00f3n para cualquier fin.<\/li>\n<li>Bioventus no se responsabiliza de los da\u00f1os o gastos que se ocasionen a cualquier persona que utilice BioventusGlobal.com.<\/li>\n<li>Este sitio tiene enlaces a otros sitios externos. Bioventus no se hace responsable del contenido de esos sitios y no se responsabiliza de los da\u00f1os o perjuicios derivados de su contenido.<\/li>\n<li>Es responsabilidad de los usuarios de este sitio protegerse adecuadamente de virus, troyanos, gusanos u otros objetos maliciosos o da\u00f1inos. Bioventus no se responsabiliza de ninguna p\u00e9rdida que se derive del acceso a nuestro sitio.<\/li>\n<li>Nos reservamos el derecho a modificar los t\u00e9rminos y condiciones de nuestro sitio web en cualquier momento. (Estos cambios entrar\u00e1n en vigor una vez que se publiquen en este enlace \u201cT\u00e9rminos de uso\u201d).<\/li>\n<\/ol>\n<p>[\/vc_column_text][\/vc_column][\/vc_row]<\/p>\n<\/div>","protected":false},"excerpt":{"rendered":"<p>[vc_row][vc_column][vc_column_text] BioventusGlobal.com Los siguientes t\u00e9rminos y condiciones se aplican a cualquier persona que utilice el sitio web de Bioventus. Al [&hellip;]<\/p>\n","protected":false},"author":1,"featured_media":11703,"parent":0,"menu_order":0,"comment_status":"closed","ping_status":"closed","template":"","meta":{"footnotes":""},"class_list":["post-12222","page","type-page","status-publish","has-post-thumbnail","hentry"],"yoast_head":"<!-- This site is optimized with the Yoast SEO plugin v27.5 - https:\/\/yoast.com\/product\/yoast-seo-wordpress\/ -->\n<title>T\u00e9rminos de uso - Bioventus<\/title>\n<meta name=\"robots\" content=\"index, follow, max-snippet:-1, max-image-preview:large, max-video-preview:-1\" \/>\n<link rel=\"canonical\" href=\"https:\/\/www.bioventus.com\/es\/terms-of-use\/\" \/>\n<meta property=\"og:locale\" content=\"es_ES\" \/>\n<meta property=\"og:type\" content=\"article\" \/>\n<meta property=\"og:title\" content=\"T\u00e9rminos de uso - Bioventus\" \/>\n<meta property=\"og:description\" content=\"[vc_row][vc_column][vc_column_text] BioventusGlobal.com Los siguientes t\u00e9rminos y condiciones se aplican a cualquier persona que utilice el sitio web de Bioventus. Al [&hellip;]\" \/>\n<meta property=\"og:url\" content=\"https:\/\/www.bioventus.com\/es\/terms-of-use\/\" \/>\n<meta property=\"og:site_name\" content=\"Bioventus\" \/>\n<meta property=\"article:modified_time\" content=\"2021-07-26T12:08:27+00:00\" \/>\n<meta property=\"og:image\" content=\"https:\/\/www.bioventus.com\/wp-content\/uploads\/2020\/05\/product_detail_header@2x-scaled.jpg\" \/>\n\t<meta property=\"og:image:width\" content=\"2560\" \/>\n\t<meta property=\"og:image:height\" content=\"533\" \/>\n\t<meta property=\"og:image:type\" content=\"image\/jpeg\" \/>\n<meta name=\"twitter:card\" content=\"summary_large_image\" \/>\n<meta name=\"twitter:site\" content=\"@BioventusGlobal\" \/>\n<meta name=\"twitter:label1\" content=\"Tiempo de lectura\" \/>\n\t<meta name=\"twitter:data1\" content=\"2 minutos\" \/>\n<script type=\"application\/ld+json\" class=\"yoast-schema-graph\">{\"@context\":\"https:\\\/\\\/schema.org\",\"@graph\":[{\"@type\":\"WebPage\",\"@id\":\"https:\\\/\\\/www.bioventus.com\\\/es\\\/terms-of-use\\\/\",\"url\":\"https:\\\/\\\/www.bioventus.com\\\/es\\\/terms-of-use\\\/\",\"name\":\"T\u00e9rminos de uso - Bioventus\",\"isPartOf\":{\"@id\":\"https:\\\/\\\/www.bioventus.com\\\/es\\\/#website\"},\"primaryImageOfPage\":{\"@id\":\"https:\\\/\\\/www.bioventus.com\\\/es\\\/terms-of-use\\\/#primaryimage\"},\"image\":{\"@id\":\"https:\\\/\\\/www.bioventus.com\\\/es\\\/terms-of-use\\\/#primaryimage\"},\"thumbnailUrl\":\"https:\\\/\\\/www.bioventus.com\\\/wp-content\\\/uploads\\\/2020\\\/05\\\/product_detail_header@2x-scaled.jpg\",\"datePublished\":\"2020-07-30T12:57:47+00:00\",\"dateModified\":\"2021-07-26T12:08:27+00:00\",\"breadcrumb\":{\"@id\":\"https:\\\/\\\/www.bioventus.com\\\/es\\\/terms-of-use\\\/#breadcrumb\"},\"inLanguage\":\"es\",\"potentialAction\":[{\"@type\":\"ReadAction\",\"target\":[\"https:\\\/\\\/www.bioventus.com\\\/es\\\/terms-of-use\\\/\"]}]},{\"@type\":\"ImageObject\",\"inLanguage\":\"es\",\"@id\":\"https:\\\/\\\/www.bioventus.com\\\/es\\\/terms-of-use\\\/#primaryimage\",\"url\":\"https:\\\/\\\/www.bioventus.com\\\/wp-content\\\/uploads\\\/2020\\\/05\\\/product_detail_header@2x-scaled.jpg\",\"contentUrl\":\"https:\\\/\\\/www.bioventus.com\\\/wp-content\\\/uploads\\\/2020\\\/05\\\/product_detail_header@2x-scaled.jpg\",\"width\":2560,\"height\":533},{\"@type\":\"BreadcrumbList\",\"@id\":\"https:\\\/\\\/www.bioventus.com\\\/es\\\/terms-of-use\\\/#breadcrumb\",\"itemListElement\":[{\"@type\":\"ListItem\",\"position\":1,\"name\":\"Home\",\"item\":\"https:\\\/\\\/www.bioventus.com\\\/es\\\/\"},{\"@type\":\"ListItem\",\"position\":2,\"name\":\"T\u00e9rminos de uso\"}]},{\"@type\":\"WebSite\",\"@id\":\"https:\\\/\\\/www.bioventus.com\\\/es\\\/#website\",\"url\":\"https:\\\/\\\/www.bioventus.com\\\/es\\\/\",\"name\":\"Bioventus\",\"description\":\"Active Healing through Orthobiologics\",\"publisher\":{\"@id\":\"https:\\\/\\\/www.bioventus.com\\\/es\\\/#organization\"},\"potentialAction\":[{\"@type\":\"SearchAction\",\"target\":{\"@type\":\"EntryPoint\",\"urlTemplate\":\"https:\\\/\\\/www.bioventus.com\\\/es\\\/?s={search_term_string}\"},\"query-input\":{\"@type\":\"PropertyValueSpecification\",\"valueRequired\":true,\"valueName\":\"search_term_string\"}}],\"inLanguage\":\"es\"},{\"@type\":\"Organization\",\"@id\":\"https:\\\/\\\/www.bioventus.com\\\/es\\\/#organization\",\"name\":\"Bioventus\",\"url\":\"https:\\\/\\\/www.bioventus.com\\\/es\\\/\",\"logo\":{\"@type\":\"ImageObject\",\"inLanguage\":\"es\",\"@id\":\"https:\\\/\\\/www.bioventus.com\\\/es\\\/#\\\/schema\\\/logo\\\/image\\\/\",\"url\":\"http:\\\/\\\/www.bioventus.com\\\/wp-content\\\/uploads\\\/2020\\\/04\\\/bioventus-logo-color-min.png\",\"contentUrl\":\"http:\\\/\\\/www.bioventus.com\\\/wp-content\\\/uploads\\\/2020\\\/04\\\/bioventus-logo-color-min.png\",\"width\":434,\"height\":72,\"caption\":\"Bioventus\"},\"image\":{\"@id\":\"https:\\\/\\\/www.bioventus.com\\\/es\\\/#\\\/schema\\\/logo\\\/image\\\/\"},\"sameAs\":[\"https:\\\/\\\/x.com\\\/BioventusGlobal\",\"https:\\\/\\\/www.linkedin.com\\\/company\\\/bioventus\\\/\",\"https:\\\/\\\/www.youtube.com\\\/user\\\/Bioventus\"]}]}<\/script>\n<!-- \/ Yoast SEO plugin. -->","yoast_head_json":{"title":"T\u00e9rminos de uso - Bioventus","robots":{"index":"index","follow":"follow","max-snippet":"max-snippet:-1","max-image-preview":"max-image-preview:large","max-video-preview":"max-video-preview:-1"},"canonical":"https:\/\/www.bioventus.com\/es\/terms-of-use\/","og_locale":"es_ES","og_type":"article","og_title":"T\u00e9rminos de uso - Bioventus","og_description":"[vc_row][vc_column][vc_column_text] BioventusGlobal.com Los siguientes t\u00e9rminos y condiciones se aplican a cualquier persona que utilice el sitio web de Bioventus. Al [&hellip;]","og_url":"https:\/\/www.bioventus.com\/es\/terms-of-use\/","og_site_name":"Bioventus","article_modified_time":"2021-07-26T12:08:27+00:00","og_image":[{"width":2560,"height":533,"url":"https:\/\/www.bioventus.com\/wp-content\/uploads\/2020\/05\/product_detail_header@2x-scaled.jpg","type":"image\/jpeg"}],"twitter_card":"summary_large_image","twitter_site":"@BioventusGlobal","twitter_misc":{"Tiempo de lectura":"2 minutos"},"schema":{"@context":"https:\/\/schema.org","@graph":[{"@type":"WebPage","@id":"https:\/\/www.bioventus.com\/es\/terms-of-use\/","url":"https:\/\/www.bioventus.com\/es\/terms-of-use\/","name":"T\u00e9rminos de uso - Bioventus","isPartOf":{"@id":"https:\/\/www.bioventus.com\/es\/#website"},"primaryImageOfPage":{"@id":"https:\/\/www.bioventus.com\/es\/terms-of-use\/#primaryimage"},"image":{"@id":"https:\/\/www.bioventus.com\/es\/terms-of-use\/#primaryimage"},"thumbnailUrl":"https:\/\/www.bioventus.com\/wp-content\/uploads\/2020\/05\/product_detail_header@2x-scaled.jpg","datePublished":"2020-07-30T12:57:47+00:00","dateModified":"2021-07-26T12:08:27+00:00","breadcrumb":{"@id":"https:\/\/www.bioventus.com\/es\/terms-of-use\/#breadcrumb"},"inLanguage":"es","potentialAction":[{"@type":"ReadAction","target":["https:\/\/www.bioventus.com\/es\/terms-of-use\/"]}]},{"@type":"ImageObject","inLanguage":"es","@id":"https:\/\/www.bioventus.com\/es\/terms-of-use\/#primaryimage","url":"https:\/\/www.bioventus.com\/wp-content\/uploads\/2020\/05\/product_detail_header@2x-scaled.jpg","contentUrl":"https:\/\/www.bioventus.com\/wp-content\/uploads\/2020\/05\/product_detail_header@2x-scaled.jpg","width":2560,"height":533},{"@type":"BreadcrumbList","@id":"https:\/\/www.bioventus.com\/es\/terms-of-use\/#breadcrumb","itemListElement":[{"@type":"ListItem","position":1,"name":"Home","item":"https:\/\/www.bioventus.com\/es\/"},{"@type":"ListItem","position":2,"name":"T\u00e9rminos de uso"}]},{"@type":"WebSite","@id":"https:\/\/www.bioventus.com\/es\/#website","url":"https:\/\/www.bioventus.com\/es\/","name":"Bioventus","description":"Active Healing through Orthobiologics","publisher":{"@id":"https:\/\/www.bioventus.com\/es\/#organization"},"potentialAction":[{"@type":"SearchAction","target":{"@type":"EntryPoint","urlTemplate":"https:\/\/www.bioventus.com\/es\/?s={search_term_string}"},"query-input":{"@type":"PropertyValueSpecification","valueRequired":true,"valueName":"search_term_string"}}],"inLanguage":"es"},{"@type":"Organization","@id":"https:\/\/www.bioventus.com\/es\/#organization","name":"Bioventus","url":"https:\/\/www.bioventus.com\/es\/","logo":{"@type":"ImageObject","inLanguage":"es","@id":"https:\/\/www.bioventus.com\/es\/#\/schema\/logo\/image\/","url":"http:\/\/www.bioventus.com\/wp-content\/uploads\/2020\/04\/bioventus-logo-color-min.png","contentUrl":"http:\/\/www.bioventus.com\/wp-content\/uploads\/2020\/04\/bioventus-logo-color-min.png","width":434,"height":72,"caption":"Bioventus"},"image":{"@id":"https:\/\/www.bioventus.com\/es\/#\/schema\/logo\/image\/"},"sameAs":["https:\/\/x.com\/BioventusGlobal","https:\/\/www.linkedin.com\/company\/bioventus\/","https:\/\/www.youtube.com\/user\/Bioventus"]}]}},"_links":{"self":[{"href":"https:\/\/www.bioventus.com\/es\/wp-json\/wp\/v2\/pages\/12222","targetHints":{"allow":["GET"]}}],"collection":[{"href":"https:\/\/www.bioventus.com\/es\/wp-json\/wp\/v2\/pages"}],"about":[{"href":"https:\/\/www.bioventus.com\/es\/wp-json\/wp\/v2\/types\/page"}],"author":[{"embeddable":true,"href":"https:\/\/www.bioventus.com\/es\/wp-json\/wp\/v2\/users\/1"}],"replies":[{"embeddable":true,"href":"https:\/\/www.bioventus.com\/es\/wp-json\/wp\/v2\/comments?post=12222"}],"version-history":[{"count":0,"href":"https:\/\/www.bioventus.com\/es\/wp-json\/wp\/v2\/pages\/12222\/revisions"}],"wp:featuredmedia":[{"embeddable":true,"href":"https:\/\/www.bioventus.com\/es\/wp-json\/wp\/v2\/media\/11703"}],"wp:attachment":[{"href":"https:\/\/www.bioventus.com\/es\/wp-json\/wp\/v2\/media?parent=12222"}],"curies":[{"name":"wp","href":"https:\/\/api.w.org\/{rel}","templated":true}]}}