{"id":12203,"date":"2021-06-18T14:50:07","date_gmt":"2021-06-18T14:50:07","guid":{"rendered":"http:\/\/bioventuspub.wpengine.com\/patients\/"},"modified":"2024-12-30T14:24:33","modified_gmt":"2024-12-30T14:24:33","slug":"patients","status":"publish","type":"page","link":"https:\/\/www.bioventus.com\/es\/patients\/","title":{"rendered":"Pacientes"},"content":{"rendered":"<div class=\"wpb-content-wrapper\"><p>[vc_row unlock_row=\u00bb\u00bb row_height_percent=\u00bb0&#8243; override_padding=\u00bbyes\u00bb h_padding=\u00bb2&#8243; top_padding=\u00bb0&#8243; bottom_padding=\u00bb0&#8243; overlay_alpha=\u00bb50&#8243; gutter_size=\u00bb3&#8243; column_width_percent=\u00bb100&#8243; shift_y=\u00bb0&#8243; z_index=\u00bb0&#8243;][vc_column column_width_percent=\u00bb100&#8243; gutter_size=\u00bb3&#8243; overlay_alpha=\u00bb50&#8243; shift_x=\u00bb0&#8243; shift_y=\u00bb0&#8243; shift_y_down=\u00bb0&#8243; z_index=\u00bb0&#8243; medium_width=\u00bb0&#8243; mobile_width=\u00bb0&#8243; width=\u00bb1\/12&#8243; el_class=\u00bbmap-container\u00bb css=\u00bb.vc_custom_1589401244102{padding-bottom: 50px !important;}\u00bb][\/vc_column][vc_column column_width_percent=\u00bb100&#8243; align_horizontal=\u00bbalign_center\u00bb gutter_size=\u00bb3&#8243; back_color=\u00bbcolor-xsdn\u00bb overlay_alpha=\u00bb50&#8243; shift_x=\u00bb-2&#8243; shift_y=\u00bb0&#8243; shift_y_down=\u00bb0&#8243; z_index=\u00bb0&#8243; medium_width=\u00bb0&#8243; mobile_width=\u00bb0&#8243; width=\u00bb10\/12&#8243; el_class=\u00bbsecondary-page-header\u00bb][vc_column_text]<\/p>\n<h2>Pacientes<\/h2>\n<hr class=\"separator-break separator-accent\" \/>\n<h3>Vuelva a ponerse en marcha con nuestros tratamientos innovadores a la vez que act\u00faa eficazmente sobre el origen del dolor.<\/h3>\n<p>[\/vc_column_text][\/vc_column][vc_column width=\u00bb1\/12&#8243;][\/vc_column][\/vc_row][vc_row unlock_row=\u00bb\u00bb row_height_percent=\u00bb0&#8243; overlay_alpha=\u00bb50&#8243; gutter_size=\u00bb3&#8243; column_width_percent=\u00bb100&#8243; shift_y=\u00bb0&#8243; z_index=\u00bb0&#8243;][vc_column column_width_percent=\u00bb100&#8243; align_horizontal=\u00bbalign_center\u00bb gutter_size=\u00bb3&#8243; overlay_alpha=\u00bb50&#8243; shift_x=\u00bb0&#8243; shift_y=\u00bb0&#8243; shift_y_down=\u00bb0&#8243; z_index=\u00bb0&#8243; medium_width=\u00bb0&#8243; mobile_width=\u00bb0&#8243; width=\u00bb1\/12&#8243;][\/vc_column][vc_column column_width_percent=\u00bb100&#8243; align_horizontal=\u00bbalign_center\u00bb gutter_size=\u00bb3&#8243; overlay_alpha=\u00bb50&#8243; shift_x=\u00bb0&#8243; shift_y=\u00bb0&#8243; shift_y_down=\u00bb0&#8243; z_index=\u00bb0&#8243; medium_width=\u00bb0&#8243; mobile_width=\u00bb0&#8243; width=\u00bb10\/12&#8243; el_class=\u00bbh2-uppercase-headings\u00bb][vc_column_text css=\u00bb.vc_custom_1627473582092{margin-bottom: 100px !important;}\u00bb]<\/p>\n<h2><strong>Tratamientos del dolor y preservaci\u00f3n de las articulaciones<\/strong><\/h2>\n<p>\u00bfSufre dolores o se queda fuera de juego por el dolor de las articulaciones? Se calcula que el 20\u00a0% de los adultos estadounidenses padecen dolor cr\u00f3nico y, seg\u00fan un <a href=\"https:\/\/www.cdc.gov\/mmwr\/volumes\/67\/wr\/mm6736a2.htm\"> informe sobre el dolor cr\u00f3nico<\/a>\u00a0del Centro para el Control y la Prevenci\u00f3n de Enfermedades, el 8\u00a0% tiene un dolor cr\u00f3nico de alto impacto que limita las actividades vitales o laborales casi a diario. Nuestros tratamientos para el dolor y la preservaci\u00f3n de las articulaciones ayudan a los pacientes que padecen <a href=\"https:\/\/stimrouter.com\/\">dolores nerviosos perif\u00e9ricos cr\u00f3nicos<\/a> o <a href=\"http:\/\/www.oakneepainrelief.com\">dolores articulares artr\u00f3sicos<\/a> a recuperar su mejor versi\u00f3n. Estos productos son conocidos por su innovaci\u00f3n, seguridad y eficacia. Estos tratamientos le ayudan a volver a un estilo de vida m\u00e1s activo.[\/vc_column_text][vc_column_text css=\u00bb.vc_custom_1735568665193{margin-bottom: 100px !important;}\u00bb uncode_shortcode_id=\u00bb195062&#8243;]<\/p>\n<h2><strong>Tratamientos restauradores<\/strong><\/h2>\n<p><span class=\"jCAhz ChMk0b\"><span class=\"ryNqvb\">Los tratamientos restauradores se administran f\u00e1cilmente en el hogar del paciente y estimulan el proceso de curaci\u00f3n natural del cuerpo con un enfoque que no implica medicamentos ni cirug\u00eda.<\/span><\/span> <span class=\"jCAhz ChMk0b\"><span class=\"ryNqvb\">Si sufre una fractura aguda o no consolidada, nuestra tecnolog\u00eda de curaci\u00f3n \u00f3sea utiliza ultrasonido para estimular directamente las c\u00e9lulas cercanas al lugar de la fractura y acelerar la curaci\u00f3n.<\/span><\/span>[\/vc_column_text][vc_column_text]<\/p>\n<h2><strong>Sustitutos de injertos \u00f3seos<\/strong><\/h2>\n<p>Bioventus est\u00e1 impulsando el rendimiento quir\u00fargico de los productos ortobiol\u00f3gicos con una amplia cartera de sustitutos de injerto \u00f3seo cl\u00ednicamente eficaces y rentables que incluyen propuestas de <a href=\"https:\/\/www.bioventussurgical.com\" target=\"_blank\" rel=\"noopener\">aloinjertos, c\u00e9lulas y m\u00e9dula \u00f3sea y productos sint\u00e9ticos<\/a>. Consideramos que la ortobiolog\u00eda desempe\u00f1a un papel importante en los resultados satisfactorios de los pacientes. Por este motivo, buscamos los productos de injerto \u00f3seo de mayor rendimiento.<\/p>\n<p>Nos esforzamos continuamente por ampliar nuestra s\u00f3lida base con nuevas tecnolog\u00edas y contamos con un equipo de desarrollo especializado que trabaja para crear la pr\u00f3xima generaci\u00f3n de productos de crecimiento \u00f3seo de dise\u00f1o para pacientes de columna vertebral y traumatolog\u00eda.<\/p>\n<p>Para los pacientes fuera de los EE.\u00a0UU., visite los <a href=\"http:\/\/www.bioventus.com\/international-patient-consent\/\">T\u00e9rminos de uso de la informaci\u00f3n personal<\/a>.[\/vc_column_text][\/vc_column][vc_column width=\u00bb1\/12&#8243;][\/vc_column][\/vc_row][vc_row row_height_percent=\u00bb0&#8243; override_padding=\u00bbyes\u00bb h_padding=\u00bb3&#8243; top_padding=\u00bb3&#8243; bottom_padding=\u00bb3&#8243; overlay_alpha=\u00bb50&#8243; gutter_size=\u00bb3&#8243; column_width_percent=\u00bb100&#8243; shift_y=\u00bb0&#8243; z_index=\u00bb0&#8243; css=\u00bb.vc_custom_1624039925076{margin-top: 0px !important;}\u00bb][vc_column column_width_percent=\u00bb100&#8243; position_vertical=\u00bbmiddle\u00bb align_horizontal=\u00bbalign_center\u00bb gutter_size=\u00bb3&#8243; overlay_alpha=\u00bb50&#8243; shift_x=\u00bb0&#8243; shift_y=\u00bb0&#8243; shift_y_down=\u00bb0&#8243; z_index=\u00bb0&#8243; medium_width=\u00bb0&#8243; mobile_width=\u00bb0&#8243; width=\u00bb1\/1&#8243;][vc_column_text]<\/p>\n<hr \/>\n<h2>Nuestra misi\u00f3n es brindar una excelente atenci\u00f3n ortop\u00e9dica a pacientes en todo el mundo. Para ello, queremos ofrecer a los pacientes informaci\u00f3n accesible sobre nuestros tratamientos y productos.<\/h2>\n<p>[\/vc_column_text][vc_row_inner limit_content=\u00bb\u00bb][vc_column_inner column_width_percent=\u00bb100&#8243; align_horizontal=\u00bbalign_center\u00bb gutter_size=\u00bb3&#8243; overlay_alpha=\u00bb50&#8243; shift_x=\u00bb0&#8243; shift_y=\u00bb0&#8243; shift_y_down=\u00bb0&#8243; z_index=\u00bb0&#8243; medium_width=\u00bb0&#8243; mobile_width=\u00bb0&#8243; width=\u00bb1\/3&#8243; el_class=\u00bbproduct-box-no-height\u00bb][vc_single_image media=\u00bb1023&#8243; media_width_percent=\u00bb100&#8243; media_link=\u00bburl:http%3A%2F%2Fwww.bioventus.com%2Fes%2Fproducts%2Frestorativetherapies%2F\u00bb][vc_column_text]<\/p>\n<h3><strong>Tratamientos restauradores<\/strong><\/h3>\n<p>[\/vc_column_text][vc_button border_width=\u00bb0&#8243; link=\u00bburl:http%3A%2F%2Fwww.bioventus.com%2Fes%2Fproducts%2Frestorativetherapies%2F\u00bb]Aprende m\u00e1s[\/vc_button][\/vc_column_inner][vc_column_inner column_width_percent=\u00bb100&#8243; align_horizontal=\u00bbalign_center\u00bb gutter_size=\u00bb3&#8243; overlay_alpha=\u00bb50&#8243; shift_x=\u00bb0&#8243; shift_y=\u00bb0&#8243; shift_y_down=\u00bb0&#8243; z_index=\u00bb0&#8243; medium_width=\u00bb0&#8243; mobile_width=\u00bb0&#8243; width=\u00bb1\/3&#8243; el_class=\u00bbproduct-box-no-height\u00bb][vc_single_image media=\u00bb390&#8243; media_width_percent=\u00bb100&#8243; media_link=\u00bburl:http%3A%2F%2Fwww.bioventus.com%2Fes%2Fproducts%2Fpaintreatmentsjointpreservation%2F|title:Pain%20Treatments%20%26%20Joint%20Preservation\u00bb][vc_column_text]<\/p>\n<h3><strong>Tratamientos del dolor y preservaci\u00f3n de las articulaciones<\/strong><\/h3>\n<p>[\/vc_column_text][vc_button border_width=\u00bb0&#8243; link=\u00bburl:http%3A%2F%2Fwww.bioventus.com%2Fes%2Fproducts%2Fpaintreatmentsjointpreservation%2F\u00bb]Aprende m\u00e1s[\/vc_button][\/vc_column_inner][vc_column_inner column_width_percent=\u00bb100&#8243; align_horizontal=\u00bbalign_center\u00bb gutter_size=\u00bb3&#8243; overlay_alpha=\u00bb50&#8243; shift_x=\u00bb0&#8243; shift_y=\u00bb0&#8243; shift_y_down=\u00bb0&#8243; z_index=\u00bb0&#8243; medium_width=\u00bb0&#8243; mobile_width=\u00bb0&#8243; width=\u00bb1\/3&#8243; el_class=\u00bbproduct-box-no-height\u00bb][vc_single_image media=\u00bb115&#8243; media_width_percent=\u00bb100&#8243; media_link=\u00bburl:http%3A%2F%2Fwww.bioventus.com%2Fes%2Fproducts%2Fbonegraftsubs%2F\u00bb][vc_column_text]<\/p>\n<h3><strong>Sustitutos de injertos \u00f3seos<\/strong><\/h3>\n<p>[\/vc_column_text][vc_button border_width=\u00bb0&#8243; link=\u00bburl:http%3A%2F%2Fwww.bioventus.com%2Fes%2Fproducts%2Fbonegraftsubs%2F\u00bb]Aprende m\u00e1s[\/vc_button][\/vc_column_inner][\/vc_row_inner][\/vc_column][\/vc_row]<\/p>\n<\/div>","protected":false},"excerpt":{"rendered":"<p>[vc_row unlock_row=\u00bb\u00bb row_height_percent=\u00bb0&#8243; override_padding=\u00bbyes\u00bb h_padding=\u00bb2&#8243; top_padding=\u00bb0&#8243; bottom_padding=\u00bb0&#8243; overlay_alpha=\u00bb50&#8243; gutter_size=\u00bb3&#8243; column_width_percent=\u00bb100&#8243; shift_y=\u00bb0&#8243; z_index=\u00bb0&#8243;][vc_column column_width_percent=\u00bb100&#8243; gutter_size=\u00bb3&#8243; overlay_alpha=\u00bb50&#8243; shift_x=\u00bb0&#8243; shift_y=\u00bb0&#8243; shift_y_down=\u00bb0&#8243; z_index=\u00bb0&#8243; medium_width=\u00bb0&#8243; [&hellip;]<\/p>\n","protected":false},"author":4,"featured_media":12204,"parent":0,"menu_order":0,"comment_status":"closed","ping_status":"closed","template":"","meta":{"footnotes":""},"class_list":["post-12203","page","type-page","status-publish","has-post-thumbnail","hentry"],"yoast_head":"<!-- This site is optimized with the Yoast SEO plugin v27.5 - https:\/\/yoast.com\/product\/yoast-seo-wordpress\/ -->\n<title>Pacientes - Bioventus<\/title>\n<meta name=\"robots\" content=\"index, follow, max-snippet:-1, max-image-preview:large, max-video-preview:-1\" \/>\n<link rel=\"canonical\" href=\"https:\/\/www.bioventus.com\/es\/patients\/\" \/>\n<meta property=\"og:locale\" content=\"es_ES\" \/>\n<meta property=\"og:type\" content=\"article\" \/>\n<meta property=\"og:title\" content=\"Pacientes - Bioventus\" \/>\n<meta property=\"og:description\" content=\"[vc_row unlock_row=\u00bb\u00bb row_height_percent=\u00bb0&#8243; override_padding=\u00bbyes\u00bb h_padding=\u00bb2&#8243; top_padding=\u00bb0&#8243; bottom_padding=\u00bb0&#8243; overlay_alpha=\u00bb50&#8243; gutter_size=\u00bb3&#8243; column_width_percent=\u00bb100&#8243; shift_y=\u00bb0&#8243; z_index=\u00bb0&#8243;][vc_column column_width_percent=\u00bb100&#8243; gutter_size=\u00bb3&#8243; overlay_alpha=\u00bb50&#8243; shift_x=\u00bb0&#8243; shift_y=\u00bb0&#8243; shift_y_down=\u00bb0&#8243; z_index=\u00bb0&#8243; medium_width=\u00bb0&#8243; [&hellip;]\" \/>\n<meta property=\"og:url\" content=\"https:\/\/www.bioventus.com\/es\/patients\/\" \/>\n<meta property=\"og:site_name\" content=\"Bioventus\" \/>\n<meta property=\"article:modified_time\" content=\"2024-12-30T14:24:33+00:00\" \/>\n<meta property=\"og:image\" content=\"https:\/\/www.bioventus.com\/wp-content\/uploads\/2020\/07\/BIOV_Patients_header-min-1-scaled.jpg\" \/>\n\t<meta property=\"og:image:width\" content=\"2560\" \/>\n\t<meta property=\"og:image:height\" content=\"764\" \/>\n\t<meta property=\"og:image:type\" content=\"image\/jpeg\" \/>\n<meta name=\"twitter:card\" content=\"summary_large_image\" \/>\n<meta name=\"twitter:site\" content=\"@BioventusGlobal\" \/>\n<meta name=\"twitter:label1\" content=\"Tiempo de lectura\" \/>\n\t<meta name=\"twitter:data1\" content=\"3 minutos\" \/>\n<script type=\"application\/ld+json\" class=\"yoast-schema-graph\">{\"@context\":\"https:\\\/\\\/schema.org\",\"@graph\":[{\"@type\":\"WebPage\",\"@id\":\"https:\\\/\\\/www.bioventus.com\\\/es\\\/patients\\\/\",\"url\":\"https:\\\/\\\/www.bioventus.com\\\/es\\\/patients\\\/\",\"name\":\"Pacientes - Bioventus\",\"isPartOf\":{\"@id\":\"https:\\\/\\\/www.bioventus.com\\\/es\\\/#website\"},\"primaryImageOfPage\":{\"@id\":\"https:\\\/\\\/www.bioventus.com\\\/es\\\/patients\\\/#primaryimage\"},\"image\":{\"@id\":\"https:\\\/\\\/www.bioventus.com\\\/es\\\/patients\\\/#primaryimage\"},\"thumbnailUrl\":\"https:\\\/\\\/www.bioventus.com\\\/wp-content\\\/uploads\\\/2020\\\/07\\\/BIOV_Patients_header-min-1-scaled.jpg\",\"datePublished\":\"2021-06-18T14:50:07+00:00\",\"dateModified\":\"2024-12-30T14:24:33+00:00\",\"breadcrumb\":{\"@id\":\"https:\\\/\\\/www.bioventus.com\\\/es\\\/patients\\\/#breadcrumb\"},\"inLanguage\":\"es\",\"potentialAction\":[{\"@type\":\"ReadAction\",\"target\":[\"https:\\\/\\\/www.bioventus.com\\\/es\\\/patients\\\/\"]}]},{\"@type\":\"ImageObject\",\"inLanguage\":\"es\",\"@id\":\"https:\\\/\\\/www.bioventus.com\\\/es\\\/patients\\\/#primaryimage\",\"url\":\"https:\\\/\\\/www.bioventus.com\\\/wp-content\\\/uploads\\\/2020\\\/07\\\/BIOV_Patients_header-min-1-scaled.jpg\",\"contentUrl\":\"https:\\\/\\\/www.bioventus.com\\\/wp-content\\\/uploads\\\/2020\\\/07\\\/BIOV_Patients_header-min-1-scaled.jpg\",\"width\":2560,\"height\":764},{\"@type\":\"BreadcrumbList\",\"@id\":\"https:\\\/\\\/www.bioventus.com\\\/es\\\/patients\\\/#breadcrumb\",\"itemListElement\":[{\"@type\":\"ListItem\",\"position\":1,\"name\":\"Home\",\"item\":\"https:\\\/\\\/www.bioventus.com\\\/es\\\/\"},{\"@type\":\"ListItem\",\"position\":2,\"name\":\"Pacientes\"}]},{\"@type\":\"WebSite\",\"@id\":\"https:\\\/\\\/www.bioventus.com\\\/es\\\/#website\",\"url\":\"https:\\\/\\\/www.bioventus.com\\\/es\\\/\",\"name\":\"Bioventus\",\"description\":\"Active Healing through Orthobiologics\",\"publisher\":{\"@id\":\"https:\\\/\\\/www.bioventus.com\\\/es\\\/#organization\"},\"potentialAction\":[{\"@type\":\"SearchAction\",\"target\":{\"@type\":\"EntryPoint\",\"urlTemplate\":\"https:\\\/\\\/www.bioventus.com\\\/es\\\/?s={search_term_string}\"},\"query-input\":{\"@type\":\"PropertyValueSpecification\",\"valueRequired\":true,\"valueName\":\"search_term_string\"}}],\"inLanguage\":\"es\"},{\"@type\":\"Organization\",\"@id\":\"https:\\\/\\\/www.bioventus.com\\\/es\\\/#organization\",\"name\":\"Bioventus\",\"url\":\"https:\\\/\\\/www.bioventus.com\\\/es\\\/\",\"logo\":{\"@type\":\"ImageObject\",\"inLanguage\":\"es\",\"@id\":\"https:\\\/\\\/www.bioventus.com\\\/es\\\/#\\\/schema\\\/logo\\\/image\\\/\",\"url\":\"http:\\\/\\\/www.bioventus.com\\\/wp-content\\\/uploads\\\/2020\\\/04\\\/bioventus-logo-color-min.png\",\"contentUrl\":\"http:\\\/\\\/www.bioventus.com\\\/wp-content\\\/uploads\\\/2020\\\/04\\\/bioventus-logo-color-min.png\",\"width\":434,\"height\":72,\"caption\":\"Bioventus\"},\"image\":{\"@id\":\"https:\\\/\\\/www.bioventus.com\\\/es\\\/#\\\/schema\\\/logo\\\/image\\\/\"},\"sameAs\":[\"https:\\\/\\\/x.com\\\/BioventusGlobal\",\"https:\\\/\\\/www.linkedin.com\\\/company\\\/bioventus\\\/\",\"https:\\\/\\\/www.youtube.com\\\/user\\\/Bioventus\"]}]}<\/script>\n<!-- \/ Yoast SEO plugin. -->","yoast_head_json":{"title":"Pacientes - Bioventus","robots":{"index":"index","follow":"follow","max-snippet":"max-snippet:-1","max-image-preview":"max-image-preview:large","max-video-preview":"max-video-preview:-1"},"canonical":"https:\/\/www.bioventus.com\/es\/patients\/","og_locale":"es_ES","og_type":"article","og_title":"Pacientes - Bioventus","og_description":"[vc_row unlock_row=\u00bb\u00bb row_height_percent=\u00bb0&#8243; override_padding=\u00bbyes\u00bb h_padding=\u00bb2&#8243; top_padding=\u00bb0&#8243; bottom_padding=\u00bb0&#8243; overlay_alpha=\u00bb50&#8243; gutter_size=\u00bb3&#8243; column_width_percent=\u00bb100&#8243; shift_y=\u00bb0&#8243; z_index=\u00bb0&#8243;][vc_column column_width_percent=\u00bb100&#8243; gutter_size=\u00bb3&#8243; overlay_alpha=\u00bb50&#8243; shift_x=\u00bb0&#8243; shift_y=\u00bb0&#8243; shift_y_down=\u00bb0&#8243; z_index=\u00bb0&#8243; medium_width=\u00bb0&#8243; [&hellip;]","og_url":"https:\/\/www.bioventus.com\/es\/patients\/","og_site_name":"Bioventus","article_modified_time":"2024-12-30T14:24:33+00:00","og_image":[{"width":2560,"height":764,"url":"https:\/\/www.bioventus.com\/wp-content\/uploads\/2020\/07\/BIOV_Patients_header-min-1-scaled.jpg","type":"image\/jpeg"}],"twitter_card":"summary_large_image","twitter_site":"@BioventusGlobal","twitter_misc":{"Tiempo de lectura":"3 minutos"},"schema":{"@context":"https:\/\/schema.org","@graph":[{"@type":"WebPage","@id":"https:\/\/www.bioventus.com\/es\/patients\/","url":"https:\/\/www.bioventus.com\/es\/patients\/","name":"Pacientes - Bioventus","isPartOf":{"@id":"https:\/\/www.bioventus.com\/es\/#website"},"primaryImageOfPage":{"@id":"https:\/\/www.bioventus.com\/es\/patients\/#primaryimage"},"image":{"@id":"https:\/\/www.bioventus.com\/es\/patients\/#primaryimage"},"thumbnailUrl":"https:\/\/www.bioventus.com\/wp-content\/uploads\/2020\/07\/BIOV_Patients_header-min-1-scaled.jpg","datePublished":"2021-06-18T14:50:07+00:00","dateModified":"2024-12-30T14:24:33+00:00","breadcrumb":{"@id":"https:\/\/www.bioventus.com\/es\/patients\/#breadcrumb"},"inLanguage":"es","potentialAction":[{"@type":"ReadAction","target":["https:\/\/www.bioventus.com\/es\/patients\/"]}]},{"@type":"ImageObject","inLanguage":"es","@id":"https:\/\/www.bioventus.com\/es\/patients\/#primaryimage","url":"https:\/\/www.bioventus.com\/wp-content\/uploads\/2020\/07\/BIOV_Patients_header-min-1-scaled.jpg","contentUrl":"https:\/\/www.bioventus.com\/wp-content\/uploads\/2020\/07\/BIOV_Patients_header-min-1-scaled.jpg","width":2560,"height":764},{"@type":"BreadcrumbList","@id":"https:\/\/www.bioventus.com\/es\/patients\/#breadcrumb","itemListElement":[{"@type":"ListItem","position":1,"name":"Home","item":"https:\/\/www.bioventus.com\/es\/"},{"@type":"ListItem","position":2,"name":"Pacientes"}]},{"@type":"WebSite","@id":"https:\/\/www.bioventus.com\/es\/#website","url":"https:\/\/www.bioventus.com\/es\/","name":"Bioventus","description":"Active Healing through Orthobiologics","publisher":{"@id":"https:\/\/www.bioventus.com\/es\/#organization"},"potentialAction":[{"@type":"SearchAction","target":{"@type":"EntryPoint","urlTemplate":"https:\/\/www.bioventus.com\/es\/?s={search_term_string}"},"query-input":{"@type":"PropertyValueSpecification","valueRequired":true,"valueName":"search_term_string"}}],"inLanguage":"es"},{"@type":"Organization","@id":"https:\/\/www.bioventus.com\/es\/#organization","name":"Bioventus","url":"https:\/\/www.bioventus.com\/es\/","logo":{"@type":"ImageObject","inLanguage":"es","@id":"https:\/\/www.bioventus.com\/es\/#\/schema\/logo\/image\/","url":"http:\/\/www.bioventus.com\/wp-content\/uploads\/2020\/04\/bioventus-logo-color-min.png","contentUrl":"http:\/\/www.bioventus.com\/wp-content\/uploads\/2020\/04\/bioventus-logo-color-min.png","width":434,"height":72,"caption":"Bioventus"},"image":{"@id":"https:\/\/www.bioventus.com\/es\/#\/schema\/logo\/image\/"},"sameAs":["https:\/\/x.com\/BioventusGlobal","https:\/\/www.linkedin.com\/company\/bioventus\/","https:\/\/www.youtube.com\/user\/Bioventus"]}]}},"_links":{"self":[{"href":"https:\/\/www.bioventus.com\/es\/wp-json\/wp\/v2\/pages\/12203","targetHints":{"allow":["GET"]}}],"collection":[{"href":"https:\/\/www.bioventus.com\/es\/wp-json\/wp\/v2\/pages"}],"about":[{"href":"https:\/\/www.bioventus.com\/es\/wp-json\/wp\/v2\/types\/page"}],"author":[{"embeddable":true,"href":"https:\/\/www.bioventus.com\/es\/wp-json\/wp\/v2\/users\/4"}],"replies":[{"embeddable":true,"href":"https:\/\/www.bioventus.com\/es\/wp-json\/wp\/v2\/comments?post=12203"}],"version-history":[{"count":0,"href":"https:\/\/www.bioventus.com\/es\/wp-json\/wp\/v2\/pages\/12203\/revisions"}],"wp:featuredmedia":[{"embeddable":true,"href":"https:\/\/www.bioventus.com\/es\/wp-json\/wp\/v2\/media\/12204"}],"wp:attachment":[{"href":"https:\/\/www.bioventus.com\/es\/wp-json\/wp\/v2\/media?parent=12203"}],"curies":[{"name":"wp","href":"https:\/\/api.w.org\/{rel}","templated":true}]}}