{"id":12144,"date":"2020-04-02T18:44:28","date_gmt":"2020-04-02T18:44:28","guid":{"rendered":"http:\/\/bioventuspub.wpengine.com\/careers\/"},"modified":"2024-04-17T13:35:41","modified_gmt":"2024-04-17T13:35:41","slug":"careers","status":"publish","type":"page","link":"https:\/\/www.bioventus.com\/es\/careers\/","title":{"rendered":"Carreras"},"content":{"rendered":"<div class=\"wpb-content-wrapper\"><p>[vc_row unlock_row=\u00bb\u00bb row_height_percent=\u00bb0&#8243; overlay_alpha=\u00bb50&#8243; gutter_size=\u00bb3&#8243; column_width_percent=\u00bb100&#8243; shift_y=\u00bb0&#8243; z_index=\u00bb0&#8243;][vc_column column_width_percent=\u00bb100&#8243; align_horizontal=\u00bbalign_center\u00bb gutter_size=\u00bb3&#8243; overlay_alpha=\u00bb50&#8243; shift_x=\u00bb0&#8243; shift_y=\u00bb0&#8243; shift_y_down=\u00bb0&#8243; z_index=\u00bb0&#8243; medium_width=\u00bb0&#8243; mobile_width=\u00bb0&#8243; width=\u00bb1\/1&#8243; el_class=\u00bbh2-uppercase-headings\u00bb][vc_column_text css=\u00bb.vc_custom_1627366077498{margin-bottom: 100px !important;}\u00bb]<\/p>\n<h2><strong>Carreras<\/strong> En Bioventus<\/h2>\n<p>[\/vc_column_text][vc_row_inner row_inner_height_percent=\u00bb0&#8243; overlay_alpha=\u00bb50&#8243; equal_height=\u00bbyes\u00bb gutter_size=\u00bb3&#8243; shift_y=\u00bb0&#8243; z_index=\u00bb0&#8243; limit_content=\u00bb\u00bb][vc_column_inner column_width_percent=\u00bb100&#8243; align_horizontal=\u00bbalign_center\u00bb gutter_size=\u00bb3&#8243; overlay_alpha=\u00bb50&#8243; shift_x=\u00bb0&#8243; shift_y=\u00bb0&#8243; shift_y_down=\u00bb0&#8243; z_index=\u00bb0&#8243; medium_width=\u00bb0&#8243; mobile_width=\u00bb0&#8243; width=\u00bb1\/3&#8243;][vc_single_image media=\u00bb220&#8243; media_width_percent=\u00bb30&#8243; alignment=\u00bbcenter\u00bb][vc_column_text]<\/p>\n<h3>Invertimos en las personas<\/h3>\n<p>Nuestro negocio global depende del desarrollo de nuestra gente, invertimos en usted y le retamos a ser el mejor.[\/vc_column_text][\/vc_column_inner][vc_column_inner column_width_percent=\u00bb100&#8243; align_horizontal=\u00bbalign_center\u00bb gutter_size=\u00bb3&#8243; overlay_alpha=\u00bb50&#8243; border_color=\u00bbcolor-205156&#8243; border_style=\u00bbsolid\u00bb shift_x=\u00bb0&#8243; shift_y=\u00bb0&#8243; shift_y_down=\u00bb0&#8243; z_index=\u00bb0&#8243; medium_width=\u00bb0&#8243; mobile_width=\u00bb0&#8243; width=\u00bb1\/3&#8243; css=\u00bb.vc_custom_1594220276284{border-right-width: 1px !important;border-left-width: 1px !important;padding-right: 20px !important;padding-left: 20px !important;}\u00bb][vc_single_image media=\u00bb219&#8243; media_width_percent=\u00bb30&#8243; alignment=\u00bbcenter\u00bb][vc_column_text]<\/p>\n<h3>Valoramos a cada miembro de nuestro equipo<\/h3>\n<p>Lo valoramos por sus diferencias y contribuciones.[\/vc_column_text][\/vc_column_inner][vc_column_inner column_width_percent=\u00bb100&#8243; align_horizontal=\u00bbalign_center\u00bb gutter_size=\u00bb3&#8243; overlay_alpha=\u00bb50&#8243; shift_x=\u00bb0&#8243; shift_y=\u00bb0&#8243; shift_y_down=\u00bb0&#8243; z_index=\u00bb0&#8243; medium_width=\u00bb0&#8243; mobile_width=\u00bb0&#8243; width=\u00bb1\/3&#8243;][vc_single_image media=\u00bb221&#8243; media_width_percent=\u00bb30&#8243; alignment=\u00bbcenter\u00bb][vc_column_text]<\/p>\n<h3>Juntos lo conseguimos<\/h3>\n<p>Nuestro \u00e9xito se basa en el trabajo conjunto para lograr objetivos y recompensas compartidas.[\/vc_column_text][\/vc_column_inner][\/vc_row_inner][\/vc_column][\/vc_row][vc_row][vc_column width=\u00bb1\/1&#8243;][vc_column_text]<\/p>\n<h2 style=\"text-align: center;\"><a href=\"http:\/\/www.bioventus.com\/job-posts\/\">Haga clic aqu\u00ed para ver todos los puestos vacantes de Bioventus.\u00a0<\/a><\/h2>\n<p>[\/vc_column_text][\/vc_column][\/vc_row][vc_row row_height_percent=\u00bb0&#8243; override_padding=\u00bbyes\u00bb h_padding=\u00bb2&#8243; top_padding=\u00bb4&#8243; bottom_padding=\u00bb4&#8243; back_color=\u00bbcolor-205156&#8243; overlay_alpha=\u00bb50&#8243; equal_height=\u00bbyes\u00bb gutter_size=\u00bb3&#8243; column_width_percent=\u00bb100&#8243; shift_y=\u00bb0&#8243; z_index=\u00bb0&#8243; uncode_shortcode_id=\u00bb954051&#8243; back_color_type=\u00bbuncode-palette\u00bb][vc_column column_width_percent=\u00bb100&#8243; position_vertical=\u00bbmiddle\u00bb gutter_size=\u00bb3&#8243; overlay_alpha=\u00bb50&#8243; shift_x=\u00bb0&#8243; shift_y=\u00bb0&#8243; shift_y_down=\u00bb0&#8243; z_index=\u00bb0&#8243; medium_width=\u00bb0&#8243; mobile_width=\u00bb0&#8243; width=\u00bb1\/2&#8243; el_class=\u00bbpurple-btn h2-uppercase-headings-reversed p-reversed\u00bb][vc_column_text uncode_shortcode_id=\u00bb720200&#8243;]<\/p>\n<h2><span style=\"color: #000000;\">\u00danase A Nuestro <strong>Innovador Equipo<\/strong><\/span><\/h2>\n<p><span style=\"color: #000000;\">El equipo de Bioventus est\u00e1 formado por profesionales entusiastas y orientados a los resultados de todo el mundo que se centran en ayudar a los pacientes. Al preocuparnos y empatizar genuinamente con los pacientes, somos capaces de innovar nuevas soluciones que son rentables y excelentes alternativas a los procedimientos invasivos.<\/span>[\/vc_column_text][vc_button border_width=\u00bb0&#8243; el_class=\u00bbpurple-btn\u00bb link=\u00bburl:http%3A%2F%2Fwww.bioventus.com%2Fjob-posts%2F|||\u00bb]Buscar puestos vacantes[\/vc_button][\/vc_column][vc_column column_width_percent=\u00bb100&#8243; position_vertical=\u00bbmiddle\u00bb gutter_size=\u00bb3&#8243; overlay_alpha=\u00bb50&#8243; shift_x=\u00bb0&#8243; shift_y=\u00bb0&#8243; shift_y_down=\u00bb0&#8243; z_index=\u00bb0&#8243; medium_width=\u00bb0&#8243; mobile_width=\u00bb0&#8243; width=\u00bb1\/2&#8243;][vc_gallery el_id=\u00bbgallery-738079&#8243; type=\u00bbcarousel\u00bb medias=\u00bb12165,14290,14286,14282&#8243; carousel_lg=\u00bb1&#8243; carousel_md=\u00bb1&#8243; carousel_sm=\u00bb1&#8243; gutter_size=\u00bb3&#8243; carousel_interval=\u00bb3000&#8243; carousel_navspeed=\u00bb400&#8243; stage_padding=\u00bb0&#8243; single_overlay_opacity=\u00bb50&#8243; single_padding=\u00bb2&#8243; uncode_shortcode_id=\u00bb330510&#8243;][\/vc_column][\/vc_row][vc_row row_height_percent=\u00bb0&#8243; overlay_alpha=\u00bb50&#8243; gutter_size=\u00bb0&#8243; column_width_percent=\u00bb100&#8243; shift_y=\u00bb0&#8243; z_index=\u00bb0&#8243; css=\u00bb.vc_custom_1713360932036{margin-top: -75px !important;margin-bottom: -160px !important;}\u00bb uncode_shortcode_id=\u00bb841005&#8243; shape_dividers=\u00bb\u00bb][vc_column width=\u00bb1\/3&#8243;][\/vc_column][vc_column width=\u00bb1\/3&#8243;][vc_single_image media=\u00bb11507&#8243; media_width_percent=\u00bb30&#8243; alignment=\u00bbcenter\u00bb media_link=\u00bburl:https%3A%2F%2Fbizj.us%2F1q7mx0||target:%20_blank|\u00bb][\/vc_column][vc_column width=\u00bb1\/3&#8243;][\/vc_column][\/vc_row][vc_row row_height_percent=\u00bb0&#8243; overlay_alpha=\u00bb50&#8243; gutter_size=\u00bb0&#8243; column_width_percent=\u00bb100&#8243; shift_y=\u00bb0&#8243; z_index=\u00bb0&#8243;][vc_column width=\u00bb1\/6&#8243;][\/vc_column][vc_column column_width_percent=\u00bb100&#8243; align_horizontal=\u00bbalign_center\u00bb gutter_size=\u00bb3&#8243; overlay_alpha=\u00bb50&#8243; shift_x=\u00bb0&#8243; shift_y=\u00bb0&#8243; shift_y_down=\u00bb0&#8243; z_index=\u00bb0&#8243; medium_width=\u00bb0&#8243; mobile_width=\u00bb0&#8243; width=\u00bb2\/3&#8243; el_class=\u00bbwhite-grad180&#8243;][vc_column_text css=\u00bb.vc_custom_1697633090960{padding-top: 100px !important;padding-right: 40px !important;padding-bottom: 40px !important;padding-left: 40px !important;}\u00bb uncode_shortcode_id=\u00bb195848&#8243;]<\/p>\n<h3><strong>Bioventus es un empleador con igualdad de oportunidades.<\/strong><\/h3>\n<p>La selecci\u00f3n de empleo y las decisiones relacionadas se toman sin tener en cuenta sexo, raza, edad, condici\u00f3n de veterano, discapacidad, religi\u00f3n, origen nacional, color o cualquier otra clase protegida.<\/p>\n<p><a href=\"https:\/\/www.eeoc.gov\/sites\/default\/files\/migrated_files\/employers\/eeoc_self_print_poster.pdf\" target=\"_blank\" rel=\"noopener\">Obtenga m\u00e1s informaci\u00f3n sobre su igualdad de oportunidades laborales.<\/a><\/p>\n<hr \/>\n<p><strong>Bioventus se compromete a trabajar y brindar adaptaciones razonables a personas con discapacidades. Si necesita asistencia o adaptaci\u00f3n debido a una discapacidad f\u00edsica o mental, env\u00ede un correo electr\u00f3nico a Empleo@Bioventus.com. Las solicitudes de adaptaciones razonables se considerar\u00e1n caso por caso.<\/strong>[\/vc_column_text][\/vc_column][vc_column width=\u00bb1\/6&#8243;][\/vc_column][\/vc_row]<\/p>\n<\/div>","protected":false},"excerpt":{"rendered":"<p>[vc_row unlock_row=\u00bb\u00bb row_height_percent=\u00bb0&#8243; overlay_alpha=\u00bb50&#8243; gutter_size=\u00bb3&#8243; column_width_percent=\u00bb100&#8243; shift_y=\u00bb0&#8243; z_index=\u00bb0&#8243;][vc_column column_width_percent=\u00bb100&#8243; align_horizontal=\u00bbalign_center\u00bb gutter_size=\u00bb3&#8243; overlay_alpha=\u00bb50&#8243; shift_x=\u00bb0&#8243; shift_y=\u00bb0&#8243; shift_y_down=\u00bb0&#8243; z_index=\u00bb0&#8243; medium_width=\u00bb0&#8243; mobile_width=\u00bb0&#8243; width=\u00bb1\/1&#8243; el_class=\u00bbh2-uppercase-headings\u00bb][vc_column_text [&hellip;]<\/p>\n","protected":false},"author":1,"featured_media":14118,"parent":0,"menu_order":0,"comment_status":"closed","ping_status":"closed","template":"","meta":{"footnotes":""},"class_list":["post-12144","page","type-page","status-publish","has-post-thumbnail","hentry"],"yoast_head":"<!-- This site is optimized with the Yoast SEO plugin v27.5 - https:\/\/yoast.com\/product\/yoast-seo-wordpress\/ -->\n<title>Carreras - Bioventus<\/title>\n<meta name=\"robots\" content=\"index, follow, max-snippet:-1, max-image-preview:large, max-video-preview:-1\" \/>\n<link rel=\"canonical\" href=\"https:\/\/www.bioventus.com\/es\/careers\/\" \/>\n<meta property=\"og:locale\" content=\"es_ES\" \/>\n<meta property=\"og:type\" content=\"article\" \/>\n<meta property=\"og:title\" content=\"Carreras - Bioventus\" \/>\n<meta property=\"og:description\" content=\"[vc_row unlock_row=\u00bb\u00bb row_height_percent=\u00bb0&#8243; overlay_alpha=\u00bb50&#8243; gutter_size=\u00bb3&#8243; column_width_percent=\u00bb100&#8243; shift_y=\u00bb0&#8243; z_index=\u00bb0&#8243;][vc_column column_width_percent=\u00bb100&#8243; align_horizontal=\u00bbalign_center\u00bb gutter_size=\u00bb3&#8243; overlay_alpha=\u00bb50&#8243; shift_x=\u00bb0&#8243; shift_y=\u00bb0&#8243; shift_y_down=\u00bb0&#8243; z_index=\u00bb0&#8243; medium_width=\u00bb0&#8243; mobile_width=\u00bb0&#8243; width=\u00bb1\/1&#8243; el_class=\u00bbh2-uppercase-headings\u00bb][vc_column_text [&hellip;]\" \/>\n<meta property=\"og:url\" content=\"https:\/\/www.bioventus.com\/es\/careers\/\" \/>\n<meta property=\"og:site_name\" content=\"Bioventus\" \/>\n<meta property=\"article:modified_time\" content=\"2024-04-17T13:35:41+00:00\" \/>\n<meta property=\"og:image\" content=\"https:\/\/www.bioventus.com\/wp-content\/uploads\/2023\/10\/Employment_header_1023.jpg\" \/>\n\t<meta property=\"og:image:width\" content=\"2560\" \/>\n\t<meta property=\"og:image:height\" content=\"1000\" \/>\n\t<meta property=\"og:image:type\" content=\"image\/jpeg\" \/>\n<meta name=\"twitter:card\" content=\"summary_large_image\" \/>\n<meta name=\"twitter:site\" content=\"@BioventusGlobal\" \/>\n<meta name=\"twitter:label1\" content=\"Tiempo de lectura\" \/>\n\t<meta name=\"twitter:data1\" content=\"4 minutos\" \/>\n<script type=\"application\/ld+json\" class=\"yoast-schema-graph\">{\"@context\":\"https:\\\/\\\/schema.org\",\"@graph\":[{\"@type\":\"WebPage\",\"@id\":\"https:\\\/\\\/www.bioventus.com\\\/es\\\/careers\\\/\",\"url\":\"https:\\\/\\\/www.bioventus.com\\\/es\\\/careers\\\/\",\"name\":\"Carreras - Bioventus\",\"isPartOf\":{\"@id\":\"https:\\\/\\\/www.bioventus.com\\\/es\\\/#website\"},\"primaryImageOfPage\":{\"@id\":\"https:\\\/\\\/www.bioventus.com\\\/es\\\/careers\\\/#primaryimage\"},\"image\":{\"@id\":\"https:\\\/\\\/www.bioventus.com\\\/es\\\/careers\\\/#primaryimage\"},\"thumbnailUrl\":\"https:\\\/\\\/www.bioventus.com\\\/wp-content\\\/uploads\\\/2023\\\/10\\\/Employment_header_1023.jpg\",\"datePublished\":\"2020-04-02T18:44:28+00:00\",\"dateModified\":\"2024-04-17T13:35:41+00:00\",\"breadcrumb\":{\"@id\":\"https:\\\/\\\/www.bioventus.com\\\/es\\\/careers\\\/#breadcrumb\"},\"inLanguage\":\"es\",\"potentialAction\":[{\"@type\":\"ReadAction\",\"target\":[\"https:\\\/\\\/www.bioventus.com\\\/es\\\/careers\\\/\"]}]},{\"@type\":\"ImageObject\",\"inLanguage\":\"es\",\"@id\":\"https:\\\/\\\/www.bioventus.com\\\/es\\\/careers\\\/#primaryimage\",\"url\":\"https:\\\/\\\/www.bioventus.com\\\/wp-content\\\/uploads\\\/2023\\\/10\\\/Employment_header_1023.jpg\",\"contentUrl\":\"https:\\\/\\\/www.bioventus.com\\\/wp-content\\\/uploads\\\/2023\\\/10\\\/Employment_header_1023.jpg\",\"width\":2560,\"height\":1000},{\"@type\":\"BreadcrumbList\",\"@id\":\"https:\\\/\\\/www.bioventus.com\\\/es\\\/careers\\\/#breadcrumb\",\"itemListElement\":[{\"@type\":\"ListItem\",\"position\":1,\"name\":\"Home\",\"item\":\"https:\\\/\\\/www.bioventus.com\\\/es\\\/\"},{\"@type\":\"ListItem\",\"position\":2,\"name\":\"Carreras\"}]},{\"@type\":\"WebSite\",\"@id\":\"https:\\\/\\\/www.bioventus.com\\\/es\\\/#website\",\"url\":\"https:\\\/\\\/www.bioventus.com\\\/es\\\/\",\"name\":\"Bioventus\",\"description\":\"Active Healing through Orthobiologics\",\"publisher\":{\"@id\":\"https:\\\/\\\/www.bioventus.com\\\/es\\\/#organization\"},\"potentialAction\":[{\"@type\":\"SearchAction\",\"target\":{\"@type\":\"EntryPoint\",\"urlTemplate\":\"https:\\\/\\\/www.bioventus.com\\\/es\\\/?s={search_term_string}\"},\"query-input\":{\"@type\":\"PropertyValueSpecification\",\"valueRequired\":true,\"valueName\":\"search_term_string\"}}],\"inLanguage\":\"es\"},{\"@type\":\"Organization\",\"@id\":\"https:\\\/\\\/www.bioventus.com\\\/es\\\/#organization\",\"name\":\"Bioventus\",\"url\":\"https:\\\/\\\/www.bioventus.com\\\/es\\\/\",\"logo\":{\"@type\":\"ImageObject\",\"inLanguage\":\"es\",\"@id\":\"https:\\\/\\\/www.bioventus.com\\\/es\\\/#\\\/schema\\\/logo\\\/image\\\/\",\"url\":\"http:\\\/\\\/www.bioventus.com\\\/wp-content\\\/uploads\\\/2020\\\/04\\\/bioventus-logo-color-min.png\",\"contentUrl\":\"http:\\\/\\\/www.bioventus.com\\\/wp-content\\\/uploads\\\/2020\\\/04\\\/bioventus-logo-color-min.png\",\"width\":434,\"height\":72,\"caption\":\"Bioventus\"},\"image\":{\"@id\":\"https:\\\/\\\/www.bioventus.com\\\/es\\\/#\\\/schema\\\/logo\\\/image\\\/\"},\"sameAs\":[\"https:\\\/\\\/x.com\\\/BioventusGlobal\",\"https:\\\/\\\/www.linkedin.com\\\/company\\\/bioventus\\\/\",\"https:\\\/\\\/www.youtube.com\\\/user\\\/Bioventus\"]}]}<\/script>\n<!-- \/ Yoast SEO plugin. -->","yoast_head_json":{"title":"Carreras - Bioventus","robots":{"index":"index","follow":"follow","max-snippet":"max-snippet:-1","max-image-preview":"max-image-preview:large","max-video-preview":"max-video-preview:-1"},"canonical":"https:\/\/www.bioventus.com\/es\/careers\/","og_locale":"es_ES","og_type":"article","og_title":"Carreras - Bioventus","og_description":"[vc_row unlock_row=\u00bb\u00bb row_height_percent=\u00bb0&#8243; overlay_alpha=\u00bb50&#8243; gutter_size=\u00bb3&#8243; column_width_percent=\u00bb100&#8243; shift_y=\u00bb0&#8243; z_index=\u00bb0&#8243;][vc_column column_width_percent=\u00bb100&#8243; align_horizontal=\u00bbalign_center\u00bb gutter_size=\u00bb3&#8243; overlay_alpha=\u00bb50&#8243; shift_x=\u00bb0&#8243; shift_y=\u00bb0&#8243; shift_y_down=\u00bb0&#8243; z_index=\u00bb0&#8243; medium_width=\u00bb0&#8243; mobile_width=\u00bb0&#8243; width=\u00bb1\/1&#8243; el_class=\u00bbh2-uppercase-headings\u00bb][vc_column_text [&hellip;]","og_url":"https:\/\/www.bioventus.com\/es\/careers\/","og_site_name":"Bioventus","article_modified_time":"2024-04-17T13:35:41+00:00","og_image":[{"width":2560,"height":1000,"url":"https:\/\/www.bioventus.com\/wp-content\/uploads\/2023\/10\/Employment_header_1023.jpg","type":"image\/jpeg"}],"twitter_card":"summary_large_image","twitter_site":"@BioventusGlobal","twitter_misc":{"Tiempo de lectura":"4 minutos"},"schema":{"@context":"https:\/\/schema.org","@graph":[{"@type":"WebPage","@id":"https:\/\/www.bioventus.com\/es\/careers\/","url":"https:\/\/www.bioventus.com\/es\/careers\/","name":"Carreras - Bioventus","isPartOf":{"@id":"https:\/\/www.bioventus.com\/es\/#website"},"primaryImageOfPage":{"@id":"https:\/\/www.bioventus.com\/es\/careers\/#primaryimage"},"image":{"@id":"https:\/\/www.bioventus.com\/es\/careers\/#primaryimage"},"thumbnailUrl":"https:\/\/www.bioventus.com\/wp-content\/uploads\/2023\/10\/Employment_header_1023.jpg","datePublished":"2020-04-02T18:44:28+00:00","dateModified":"2024-04-17T13:35:41+00:00","breadcrumb":{"@id":"https:\/\/www.bioventus.com\/es\/careers\/#breadcrumb"},"inLanguage":"es","potentialAction":[{"@type":"ReadAction","target":["https:\/\/www.bioventus.com\/es\/careers\/"]}]},{"@type":"ImageObject","inLanguage":"es","@id":"https:\/\/www.bioventus.com\/es\/careers\/#primaryimage","url":"https:\/\/www.bioventus.com\/wp-content\/uploads\/2023\/10\/Employment_header_1023.jpg","contentUrl":"https:\/\/www.bioventus.com\/wp-content\/uploads\/2023\/10\/Employment_header_1023.jpg","width":2560,"height":1000},{"@type":"BreadcrumbList","@id":"https:\/\/www.bioventus.com\/es\/careers\/#breadcrumb","itemListElement":[{"@type":"ListItem","position":1,"name":"Home","item":"https:\/\/www.bioventus.com\/es\/"},{"@type":"ListItem","position":2,"name":"Carreras"}]},{"@type":"WebSite","@id":"https:\/\/www.bioventus.com\/es\/#website","url":"https:\/\/www.bioventus.com\/es\/","name":"Bioventus","description":"Active Healing through Orthobiologics","publisher":{"@id":"https:\/\/www.bioventus.com\/es\/#organization"},"potentialAction":[{"@type":"SearchAction","target":{"@type":"EntryPoint","urlTemplate":"https:\/\/www.bioventus.com\/es\/?s={search_term_string}"},"query-input":{"@type":"PropertyValueSpecification","valueRequired":true,"valueName":"search_term_string"}}],"inLanguage":"es"},{"@type":"Organization","@id":"https:\/\/www.bioventus.com\/es\/#organization","name":"Bioventus","url":"https:\/\/www.bioventus.com\/es\/","logo":{"@type":"ImageObject","inLanguage":"es","@id":"https:\/\/www.bioventus.com\/es\/#\/schema\/logo\/image\/","url":"http:\/\/www.bioventus.com\/wp-content\/uploads\/2020\/04\/bioventus-logo-color-min.png","contentUrl":"http:\/\/www.bioventus.com\/wp-content\/uploads\/2020\/04\/bioventus-logo-color-min.png","width":434,"height":72,"caption":"Bioventus"},"image":{"@id":"https:\/\/www.bioventus.com\/es\/#\/schema\/logo\/image\/"},"sameAs":["https:\/\/x.com\/BioventusGlobal","https:\/\/www.linkedin.com\/company\/bioventus\/","https:\/\/www.youtube.com\/user\/Bioventus"]}]}},"_links":{"self":[{"href":"https:\/\/www.bioventus.com\/es\/wp-json\/wp\/v2\/pages\/12144","targetHints":{"allow":["GET"]}}],"collection":[{"href":"https:\/\/www.bioventus.com\/es\/wp-json\/wp\/v2\/pages"}],"about":[{"href":"https:\/\/www.bioventus.com\/es\/wp-json\/wp\/v2\/types\/page"}],"author":[{"embeddable":true,"href":"https:\/\/www.bioventus.com\/es\/wp-json\/wp\/v2\/users\/1"}],"replies":[{"embeddable":true,"href":"https:\/\/www.bioventus.com\/es\/wp-json\/wp\/v2\/comments?post=12144"}],"version-history":[{"count":0,"href":"https:\/\/www.bioventus.com\/es\/wp-json\/wp\/v2\/pages\/12144\/revisions"}],"wp:featuredmedia":[{"embeddable":true,"href":"https:\/\/www.bioventus.com\/es\/wp-json\/wp\/v2\/media\/14118"}],"wp:attachment":[{"href":"https:\/\/www.bioventus.com\/es\/wp-json\/wp\/v2\/media?parent=12144"}],"curies":[{"name":"wp","href":"https:\/\/api.w.org\/{rel}","templated":true}]}}