{"id":12050,"date":"2020-07-14T14:32:04","date_gmt":"2020-07-14T14:32:04","guid":{"rendered":"http:\/\/bioventuspub.wpengine.com\/about-us\/leadership\/john-nosenzo\/"},"modified":"2021-11-12T21:00:53","modified_gmt":"2021-11-12T21:00:53","slug":"john-nosenzo","status":"publish","type":"page","link":"https:\/\/www.bioventus.com\/es\/about-us\/leadership\/john-nosenzo\/","title":{"rendered":"John Nosenzo"},"content":{"rendered":"<div class=\"wpb-content-wrapper\"><p>[vc_row unlock_row=\u00bb\u00bb row_height_percent=\u00bb0&#8243; override_padding=\u00bbyes\u00bb h_padding=\u00bb3&#8243; top_padding=\u00bb3&#8243; bottom_padding=\u00bb3&#8243; overlay_alpha=\u00bb50&#8243; gutter_size=\u00bb3&#8243; column_width_percent=\u00bb100&#8243; shift_y=\u00bb0&#8243; z_index=\u00bb0&#8243;][vc_column width=\u00bb1\/4&#8243;][vc_single_image media=\u00bb897&#8243; media_width_percent=\u00bb100&#8243;][\/vc_column][vc_column width=\u00bb3\/4&#8243;][vc_column_text]John Nosenzo es el director comercial de Bioventus. Se incorpor\u00f3 a la empresa el 6 de febrero de 2017. Antes de unirse a Bioventus, John trabaj\u00f3 durante seis a\u00f1os en Beckman Coulter Diagnostics como su vicepresidente principal de Operaciones Internacionales de clientes. Con anterioridad, John ocup\u00f3 el cargo de vicepresidente principal de Gesti\u00f3n de Relaciones con los Clientes en Siemens Healthcare, donde desarroll\u00f3 e implement\u00f3 planes de ventas para las organizaciones comerciales de diagn\u00f3stico m\u00e9dico por im\u00e1genes y de tecnolog\u00edas de la informaci\u00f3n de la salud de la empresa, que representan miles de millones de d\u00f3lares.<\/p>\n<p>Antes de eso, John fue vicepresidente de Marketing y Ventas en Quest Diagnostics y pas\u00f3 seis a\u00f1os en Siemens Healthcare Diagnostics, que anteriormente hab\u00eda sido la Divisi\u00f3n de Diagn\u00f3stico de Bayer Healthcare. En Siemens, John ocup\u00f3 el cargo de vicepresidente de Ventas de Sistemas de Pruebas M\u00e9dicas antes de ser ascendido a vicepresidente principal y director general para Am\u00e9rica.<\/p>\n<p>John comenz\u00f3 su carrera en el sector de la salud con Bayer, donde trabaj\u00f3 durante m\u00e1s de 15 a\u00f1os en la Divisi\u00f3n Farmac\u00e9utica de la empresa, primero en varios puestos de ventas y, finalmente, como vicepresidente de Ventas de la Divisi\u00f3n de Productos Gen\u00e9ricos y, m\u00e1s tarde, como vicepresidente de Marketing y Ventas de Productos Especializados de la Divisi\u00f3n Farmac\u00e9utica de Schein, donde Bayer ten\u00eda una participaci\u00f3n en el capital.<\/p>\n<p>John se licenci\u00f3 en Farmacia en la Universidad de San Juan (Nueva York) y tiene un m\u00e1ster en Administraci\u00f3n de Empresas y Marketing de la Universidad Adelphi.[\/vc_column_text][\/vc_column][\/vc_row]<\/p>\n<\/div>","protected":false},"excerpt":{"rendered":"<p>[vc_row unlock_row=\u00bb\u00bb row_height_percent=\u00bb0&#8243; override_padding=\u00bbyes\u00bb h_padding=\u00bb3&#8243; top_padding=\u00bb3&#8243; bottom_padding=\u00bb3&#8243; overlay_alpha=\u00bb50&#8243; gutter_size=\u00bb3&#8243; column_width_percent=\u00bb100&#8243; shift_y=\u00bb0&#8243; z_index=\u00bb0&#8243;][vc_column width=\u00bb1\/4&#8243;][vc_single_image media=\u00bb897&#8243; media_width_percent=\u00bb100&#8243;][\/vc_column][vc_column width=\u00bb3\/4&#8243;][vc_column_text]John Nosenzo es el director [&hellip;]<\/p>\n","protected":false},"author":1,"featured_media":11703,"parent":11961,"menu_order":0,"comment_status":"closed","ping_status":"closed","template":"","meta":{"footnotes":""},"class_list":["post-12050","page","type-page","status-publish","has-post-thumbnail","hentry"],"yoast_head":"<!-- This site is optimized with the Yoast SEO plugin v27.6 - https:\/\/yoast.com\/product\/yoast-seo-wordpress\/ -->\n<title>John Nosenzo - Bioventus<\/title>\n<meta name=\"robots\" content=\"index, follow, max-snippet:-1, max-image-preview:large, max-video-preview:-1\" \/>\n<link rel=\"canonical\" href=\"https:\/\/www.bioventus.com\/es\/about-us\/leadership\/john-nosenzo\/\" \/>\n<meta property=\"og:locale\" content=\"es_ES\" \/>\n<meta property=\"og:type\" content=\"article\" \/>\n<meta property=\"og:title\" content=\"John Nosenzo - Bioventus\" \/>\n<meta property=\"og:description\" content=\"[vc_row unlock_row=\u00bb\u00bb row_height_percent=\u00bb0&#8243; override_padding=\u00bbyes\u00bb h_padding=\u00bb3&#8243; top_padding=\u00bb3&#8243; bottom_padding=\u00bb3&#8243; overlay_alpha=\u00bb50&#8243; gutter_size=\u00bb3&#8243; column_width_percent=\u00bb100&#8243; shift_y=\u00bb0&#8243; z_index=\u00bb0&#8243;][vc_column width=\u00bb1\/4&#8243;][vc_single_image media=\u00bb897&#8243; media_width_percent=\u00bb100&#8243;][\/vc_column][vc_column width=\u00bb3\/4&#8243;][vc_column_text]John Nosenzo es el director [&hellip;]\" \/>\n<meta property=\"og:url\" content=\"https:\/\/www.bioventus.com\/es\/about-us\/leadership\/john-nosenzo\/\" \/>\n<meta property=\"og:site_name\" content=\"Bioventus\" \/>\n<meta property=\"article:modified_time\" content=\"2021-11-12T21:00:53+00:00\" \/>\n<meta property=\"og:image\" content=\"https:\/\/www.bioventus.com\/wp-content\/uploads\/2020\/05\/product_detail_header@2x-scaled.jpg\" \/>\n\t<meta property=\"og:image:width\" content=\"2560\" \/>\n\t<meta property=\"og:image:height\" content=\"533\" \/>\n\t<meta property=\"og:image:type\" content=\"image\/jpeg\" \/>\n<meta name=\"twitter:card\" content=\"summary_large_image\" \/>\n<meta name=\"twitter:site\" content=\"@BioventusGlobal\" \/>\n<meta name=\"twitter:label1\" content=\"Tiempo de lectura\" \/>\n\t<meta name=\"twitter:data1\" content=\"2 minutos\" \/>\n<script type=\"application\/ld+json\" class=\"yoast-schema-graph\">{\"@context\":\"https:\\\/\\\/schema.org\",\"@graph\":[{\"@type\":\"WebPage\",\"@id\":\"https:\\\/\\\/www.bioventus.com\\\/es\\\/about-us\\\/leadership\\\/john-nosenzo\\\/\",\"url\":\"https:\\\/\\\/www.bioventus.com\\\/es\\\/about-us\\\/leadership\\\/john-nosenzo\\\/\",\"name\":\"John Nosenzo - Bioventus\",\"isPartOf\":{\"@id\":\"https:\\\/\\\/www.bioventus.com\\\/es\\\/#website\"},\"primaryImageOfPage\":{\"@id\":\"https:\\\/\\\/www.bioventus.com\\\/es\\\/about-us\\\/leadership\\\/john-nosenzo\\\/#primaryimage\"},\"image\":{\"@id\":\"https:\\\/\\\/www.bioventus.com\\\/es\\\/about-us\\\/leadership\\\/john-nosenzo\\\/#primaryimage\"},\"thumbnailUrl\":\"https:\\\/\\\/www.bioventus.com\\\/wp-content\\\/uploads\\\/2020\\\/05\\\/product_detail_header@2x-scaled.jpg\",\"datePublished\":\"2020-07-14T14:32:04+00:00\",\"dateModified\":\"2021-11-12T21:00:53+00:00\",\"breadcrumb\":{\"@id\":\"https:\\\/\\\/www.bioventus.com\\\/es\\\/about-us\\\/leadership\\\/john-nosenzo\\\/#breadcrumb\"},\"inLanguage\":\"es\",\"potentialAction\":[{\"@type\":\"ReadAction\",\"target\":[\"https:\\\/\\\/www.bioventus.com\\\/es\\\/about-us\\\/leadership\\\/john-nosenzo\\\/\"]}]},{\"@type\":\"ImageObject\",\"inLanguage\":\"es\",\"@id\":\"https:\\\/\\\/www.bioventus.com\\\/es\\\/about-us\\\/leadership\\\/john-nosenzo\\\/#primaryimage\",\"url\":\"https:\\\/\\\/www.bioventus.com\\\/wp-content\\\/uploads\\\/2020\\\/05\\\/product_detail_header@2x-scaled.jpg\",\"contentUrl\":\"https:\\\/\\\/www.bioventus.com\\\/wp-content\\\/uploads\\\/2020\\\/05\\\/product_detail_header@2x-scaled.jpg\",\"width\":2560,\"height\":533},{\"@type\":\"BreadcrumbList\",\"@id\":\"https:\\\/\\\/www.bioventus.com\\\/es\\\/about-us\\\/leadership\\\/john-nosenzo\\\/#breadcrumb\",\"itemListElement\":[{\"@type\":\"ListItem\",\"position\":1,\"name\":\"Home\",\"item\":\"https:\\\/\\\/www.bioventus.com\\\/es\\\/\"},{\"@type\":\"ListItem\",\"position\":2,\"name\":\"Acerca De Nosotros\",\"item\":\"https:\\\/\\\/www.bioventus.com\\\/es\\\/about-us\\\/\"},{\"@type\":\"ListItem\",\"position\":3,\"name\":\"Liderazgo\",\"item\":\"https:\\\/\\\/www.bioventus.com\\\/es\\\/about-us\\\/leadership\\\/\"},{\"@type\":\"ListItem\",\"position\":4,\"name\":\"John Nosenzo\"}]},{\"@type\":\"WebSite\",\"@id\":\"https:\\\/\\\/www.bioventus.com\\\/es\\\/#website\",\"url\":\"https:\\\/\\\/www.bioventus.com\\\/es\\\/\",\"name\":\"Bioventus\",\"description\":\"Active Healing through Orthobiologics\",\"publisher\":{\"@id\":\"https:\\\/\\\/www.bioventus.com\\\/es\\\/#organization\"},\"potentialAction\":[{\"@type\":\"SearchAction\",\"target\":{\"@type\":\"EntryPoint\",\"urlTemplate\":\"https:\\\/\\\/www.bioventus.com\\\/es\\\/?s={search_term_string}\"},\"query-input\":{\"@type\":\"PropertyValueSpecification\",\"valueRequired\":true,\"valueName\":\"search_term_string\"}}],\"inLanguage\":\"es\"},{\"@type\":\"Organization\",\"@id\":\"https:\\\/\\\/www.bioventus.com\\\/es\\\/#organization\",\"name\":\"Bioventus\",\"url\":\"https:\\\/\\\/www.bioventus.com\\\/es\\\/\",\"logo\":{\"@type\":\"ImageObject\",\"inLanguage\":\"es\",\"@id\":\"https:\\\/\\\/www.bioventus.com\\\/es\\\/#\\\/schema\\\/logo\\\/image\\\/\",\"url\":\"http:\\\/\\\/www.bioventus.com\\\/wp-content\\\/uploads\\\/2020\\\/04\\\/bioventus-logo-color-min.png\",\"contentUrl\":\"http:\\\/\\\/www.bioventus.com\\\/wp-content\\\/uploads\\\/2020\\\/04\\\/bioventus-logo-color-min.png\",\"width\":434,\"height\":72,\"caption\":\"Bioventus\"},\"image\":{\"@id\":\"https:\\\/\\\/www.bioventus.com\\\/es\\\/#\\\/schema\\\/logo\\\/image\\\/\"},\"sameAs\":[\"https:\\\/\\\/x.com\\\/BioventusGlobal\",\"https:\\\/\\\/www.linkedin.com\\\/company\\\/bioventus\\\/\",\"https:\\\/\\\/www.youtube.com\\\/user\\\/Bioventus\"]}]}<\/script>\n<!-- \/ Yoast SEO plugin. -->","yoast_head_json":{"title":"John Nosenzo - Bioventus","robots":{"index":"index","follow":"follow","max-snippet":"max-snippet:-1","max-image-preview":"max-image-preview:large","max-video-preview":"max-video-preview:-1"},"canonical":"https:\/\/www.bioventus.com\/es\/about-us\/leadership\/john-nosenzo\/","og_locale":"es_ES","og_type":"article","og_title":"John Nosenzo - Bioventus","og_description":"[vc_row unlock_row=\u00bb\u00bb row_height_percent=\u00bb0&#8243; override_padding=\u00bbyes\u00bb h_padding=\u00bb3&#8243; top_padding=\u00bb3&#8243; bottom_padding=\u00bb3&#8243; overlay_alpha=\u00bb50&#8243; gutter_size=\u00bb3&#8243; column_width_percent=\u00bb100&#8243; shift_y=\u00bb0&#8243; z_index=\u00bb0&#8243;][vc_column width=\u00bb1\/4&#8243;][vc_single_image media=\u00bb897&#8243; media_width_percent=\u00bb100&#8243;][\/vc_column][vc_column width=\u00bb3\/4&#8243;][vc_column_text]John Nosenzo es el director [&hellip;]","og_url":"https:\/\/www.bioventus.com\/es\/about-us\/leadership\/john-nosenzo\/","og_site_name":"Bioventus","article_modified_time":"2021-11-12T21:00:53+00:00","og_image":[{"width":2560,"height":533,"url":"https:\/\/www.bioventus.com\/wp-content\/uploads\/2020\/05\/product_detail_header@2x-scaled.jpg","type":"image\/jpeg"}],"twitter_card":"summary_large_image","twitter_site":"@BioventusGlobal","twitter_misc":{"Tiempo de lectura":"2 minutos"},"schema":{"@context":"https:\/\/schema.org","@graph":[{"@type":"WebPage","@id":"https:\/\/www.bioventus.com\/es\/about-us\/leadership\/john-nosenzo\/","url":"https:\/\/www.bioventus.com\/es\/about-us\/leadership\/john-nosenzo\/","name":"John Nosenzo - Bioventus","isPartOf":{"@id":"https:\/\/www.bioventus.com\/es\/#website"},"primaryImageOfPage":{"@id":"https:\/\/www.bioventus.com\/es\/about-us\/leadership\/john-nosenzo\/#primaryimage"},"image":{"@id":"https:\/\/www.bioventus.com\/es\/about-us\/leadership\/john-nosenzo\/#primaryimage"},"thumbnailUrl":"https:\/\/www.bioventus.com\/wp-content\/uploads\/2020\/05\/product_detail_header@2x-scaled.jpg","datePublished":"2020-07-14T14:32:04+00:00","dateModified":"2021-11-12T21:00:53+00:00","breadcrumb":{"@id":"https:\/\/www.bioventus.com\/es\/about-us\/leadership\/john-nosenzo\/#breadcrumb"},"inLanguage":"es","potentialAction":[{"@type":"ReadAction","target":["https:\/\/www.bioventus.com\/es\/about-us\/leadership\/john-nosenzo\/"]}]},{"@type":"ImageObject","inLanguage":"es","@id":"https:\/\/www.bioventus.com\/es\/about-us\/leadership\/john-nosenzo\/#primaryimage","url":"https:\/\/www.bioventus.com\/wp-content\/uploads\/2020\/05\/product_detail_header@2x-scaled.jpg","contentUrl":"https:\/\/www.bioventus.com\/wp-content\/uploads\/2020\/05\/product_detail_header@2x-scaled.jpg","width":2560,"height":533},{"@type":"BreadcrumbList","@id":"https:\/\/www.bioventus.com\/es\/about-us\/leadership\/john-nosenzo\/#breadcrumb","itemListElement":[{"@type":"ListItem","position":1,"name":"Home","item":"https:\/\/www.bioventus.com\/es\/"},{"@type":"ListItem","position":2,"name":"Acerca De Nosotros","item":"https:\/\/www.bioventus.com\/es\/about-us\/"},{"@type":"ListItem","position":3,"name":"Liderazgo","item":"https:\/\/www.bioventus.com\/es\/about-us\/leadership\/"},{"@type":"ListItem","position":4,"name":"John Nosenzo"}]},{"@type":"WebSite","@id":"https:\/\/www.bioventus.com\/es\/#website","url":"https:\/\/www.bioventus.com\/es\/","name":"Bioventus","description":"Active Healing through Orthobiologics","publisher":{"@id":"https:\/\/www.bioventus.com\/es\/#organization"},"potentialAction":[{"@type":"SearchAction","target":{"@type":"EntryPoint","urlTemplate":"https:\/\/www.bioventus.com\/es\/?s={search_term_string}"},"query-input":{"@type":"PropertyValueSpecification","valueRequired":true,"valueName":"search_term_string"}}],"inLanguage":"es"},{"@type":"Organization","@id":"https:\/\/www.bioventus.com\/es\/#organization","name":"Bioventus","url":"https:\/\/www.bioventus.com\/es\/","logo":{"@type":"ImageObject","inLanguage":"es","@id":"https:\/\/www.bioventus.com\/es\/#\/schema\/logo\/image\/","url":"http:\/\/www.bioventus.com\/wp-content\/uploads\/2020\/04\/bioventus-logo-color-min.png","contentUrl":"http:\/\/www.bioventus.com\/wp-content\/uploads\/2020\/04\/bioventus-logo-color-min.png","width":434,"height":72,"caption":"Bioventus"},"image":{"@id":"https:\/\/www.bioventus.com\/es\/#\/schema\/logo\/image\/"},"sameAs":["https:\/\/x.com\/BioventusGlobal","https:\/\/www.linkedin.com\/company\/bioventus\/","https:\/\/www.youtube.com\/user\/Bioventus"]}]}},"_links":{"self":[{"href":"https:\/\/www.bioventus.com\/es\/wp-json\/wp\/v2\/pages\/12050","targetHints":{"allow":["GET"]}}],"collection":[{"href":"https:\/\/www.bioventus.com\/es\/wp-json\/wp\/v2\/pages"}],"about":[{"href":"https:\/\/www.bioventus.com\/es\/wp-json\/wp\/v2\/types\/page"}],"author":[{"embeddable":true,"href":"https:\/\/www.bioventus.com\/es\/wp-json\/wp\/v2\/users\/1"}],"replies":[{"embeddable":true,"href":"https:\/\/www.bioventus.com\/es\/wp-json\/wp\/v2\/comments?post=12050"}],"version-history":[{"count":0,"href":"https:\/\/www.bioventus.com\/es\/wp-json\/wp\/v2\/pages\/12050\/revisions"}],"up":[{"embeddable":true,"href":"https:\/\/www.bioventus.com\/es\/wp-json\/wp\/v2\/pages\/11961"}],"wp:featuredmedia":[{"embeddable":true,"href":"https:\/\/www.bioventus.com\/es\/wp-json\/wp\/v2\/media\/11703"}],"wp:attachment":[{"href":"https:\/\/www.bioventus.com\/es\/wp-json\/wp\/v2\/media?parent=12050"}],"curies":[{"name":"wp","href":"https:\/\/api.w.org\/{rel}","templated":true}]}}