{"id":11859,"date":"2020-07-14T15:33:15","date_gmt":"2020-07-14T15:33:15","guid":{"rendered":"http:\/\/bioventuspub.wpengine.com\/about-us\/board-members\/ken-reali\/"},"modified":"2024-01-12T13:54:42","modified_gmt":"2024-01-12T13:54:42","slug":"rob-claypoole","status":"publish","type":"page","link":"https:\/\/www.bioventus.com\/es\/about-us\/board-members\/rob-claypoole\/","title":{"rendered":"Robert Claypoole"},"content":{"rendered":"<div class=\"wpb-content-wrapper\"><p>[vc_row unlock_row=\u00bb\u00bb row_height_percent=\u00bb0&#8243; override_padding=\u00bbyes\u00bb h_padding=\u00bb3&#8243; top_padding=\u00bb3&#8243; bottom_padding=\u00bb3&#8243; overlay_alpha=\u00bb50&#8243; gutter_size=\u00bb3&#8243; column_width_percent=\u00bb100&#8243; shift_y=\u00bb0&#8243; z_index=\u00bb0&#8243;][vc_column width=\u00bb1\/1&#8243;][vc_column_text uncode_shortcode_id=\u00bb826246&#8243;]<span class=\"jCAhz ChMk0b\"><span class=\"ryNqvb\">Claypoole se une a Bioventus procedente de M\u00f6lnlycke Health Care, una empresa de soluciones y productos m\u00e9dicos l\u00edder a nivel mundial, donde se desempe\u00f1\u00f3 como vicepresidente ejecutivo de cuidado de heridas.<\/span><\/span>\u00a0<span class=\"jCAhz ChMk0b\"><span class=\"ryNqvb\">En este puesto, el Sr. Claypoole ten\u00eda plena responsabilidad por un negocio de 1200 millones de d\u00f3lares y aceler\u00f3 r\u00e1pidamente el crecimiento desde un d\u00edgito medio hasta un crecimiento constante de dos d\u00edgitos en ventas y rentabilidad, al mismo tiempo que impuls\u00f3 la evoluci\u00f3n de M\u00f6lnlycke como una empresa innovadora de soluciones para el cuidado de heridas en todo el espectro.<\/span><\/span>\u00a0<span class=\"jCAhz ChMk0b\"><span class=\"ryNqvb\">de atenci\u00f3n: desde la prevenci\u00f3n hasta el tratamiento en entornos agudos y posagudos.<\/span><\/span>\u00a0<span class=\"jCAhz ChMk0b\"><span class=\"ryNqvb\">Antes de eso, el Sr. Claypoole fue vicepresidente ejecutivo y presidente en EE. UU. de M\u00f6lnlycke, donde transform\u00f3 un negocio en declive en un fuerte crecimiento y se desempe\u00f1\u00f3 como director de M\u00f6lnlycke Health Care US, LLC y M\u00f6lnlycke Manufacturing US, LLC.<\/span><\/span>\u00a0<span class=\"jCAhz ChMk0b\"><span class=\"ryNqvb\">En este puesto, Rob fue responsable de m\u00e1s de 500 millones de d\u00f3lares en ingresos.<\/span><\/span><\/p>\n<p><span class=\"jCAhz ChMk0b\"><span class=\"ryNqvb\">Antes de unirse a M\u00f6lnlycke en 2017, Claypoole ocup\u00f3 varios puestos de liderazgo en Medtronic y Covidien, antes de que Medtronic la adquiriera.<\/span><\/span>\u00a0<span class=\"jCAhz ChMk0b\"><span class=\"ryNqvb\">El Sr. Claypoole fue vicepresidente global y gerente general de Obesidad y Salud Metab\u00f3lica y dirigi\u00f3 el esfuerzo para abordar uno de los desaf\u00edos de atenci\u00f3n m\u00e9dica m\u00e1s importantes.<\/span><\/span>\u00a0<span class=\"jCAhz ChMk0b\"><span class=\"ryNqvb\">Anteriormente, se desempe\u00f1\u00f3 como vicepresidente global y gerente general del negocio de hemost\u00e1ticos y reparaci\u00f3n de tejidos blandos, donde lider\u00f3 un cambio global exitoso desde a\u00f1os de ingresos decrecientes hasta un crecimiento significativo.<\/span><\/span>\u00a0<span class=\"jCAhz ChMk0b\"><span class=\"ryNqvb\">Antes de eso, fue vicepresidente de Operaciones Ejecutivas despu\u00e9s de desempe\u00f1arse como vicepresidente de Marketing Global mientras se encontraba en Tr\u00e9voux, Francia.<\/span><\/span>\u00a0<span class=\"jCAhz ChMk0b\"><span class=\"ryNqvb\">Antes de su estancia en Francia, el Sr. Claypoole fue vicepresidente de marketing en EE. UU. para el negocio de dispositivos inteligentes y endomec\u00e1nicos de la empresa.<\/span><\/span>\u00a0<span class=\"jCAhz ChMk0b\"><span class=\"ryNqvb\">Antes de unirse a Covidien en 2007, Claypoole ocup\u00f3 varios puestos de marketing con una responsabilidad cada vez mayor en la divisi\u00f3n Vision Care de Johnson &amp; Johnson.<\/span><\/span><\/p>\n<p><span class=\"jCAhz ChMk0b\"><span class=\"ryNqvb\">Rob recibi\u00f3 su licenciatura y su maestr\u00eda en administraci\u00f3n de empresas de la Universidad de Cornell.<\/span><\/span>[\/vc_column_text][\/vc_column][\/vc_row]<\/p>\n<\/div>","protected":false},"excerpt":{"rendered":"<p>[vc_row unlock_row=\u00bb\u00bb row_height_percent=\u00bb0&#8243; override_padding=\u00bbyes\u00bb h_padding=\u00bb3&#8243; top_padding=\u00bb3&#8243; bottom_padding=\u00bb3&#8243; overlay_alpha=\u00bb50&#8243; gutter_size=\u00bb3&#8243; column_width_percent=\u00bb100&#8243; shift_y=\u00bb0&#8243; z_index=\u00bb0&#8243;][vc_column width=\u00bb1\/1&#8243;][vc_column_text uncode_shortcode_id=\u00bb826246&#8243;]Claypoole se une a Bioventus procedente de [&hellip;]<\/p>\n","protected":false},"author":1,"featured_media":11703,"parent":11809,"menu_order":0,"comment_status":"closed","ping_status":"closed","template":"","meta":{"footnotes":""},"class_list":["post-11859","page","type-page","status-publish","has-post-thumbnail","hentry"],"yoast_head":"<!-- This site is optimized with the Yoast SEO plugin v27.4 - https:\/\/yoast.com\/product\/yoast-seo-wordpress\/ -->\n<title>Robert Claypoole - Bioventus<\/title>\n<meta name=\"robots\" content=\"index, follow, max-snippet:-1, max-image-preview:large, max-video-preview:-1\" \/>\n<link rel=\"canonical\" href=\"https:\/\/www.bioventus.com\/es\/about-us\/board-members\/rob-claypoole\/\" \/>\n<meta property=\"og:locale\" content=\"es_ES\" \/>\n<meta property=\"og:type\" content=\"article\" \/>\n<meta property=\"og:title\" content=\"Robert Claypoole - Bioventus\" \/>\n<meta property=\"og:description\" content=\"[vc_row unlock_row=\u00bb\u00bb row_height_percent=\u00bb0&#8243; override_padding=\u00bbyes\u00bb h_padding=\u00bb3&#8243; top_padding=\u00bb3&#8243; bottom_padding=\u00bb3&#8243; overlay_alpha=\u00bb50&#8243; gutter_size=\u00bb3&#8243; column_width_percent=\u00bb100&#8243; shift_y=\u00bb0&#8243; z_index=\u00bb0&#8243;][vc_column width=\u00bb1\/1&#8243;][vc_column_text uncode_shortcode_id=\u00bb826246&#8243;]Claypoole se une a Bioventus procedente de [&hellip;]\" \/>\n<meta property=\"og:url\" content=\"https:\/\/www.bioventus.com\/es\/about-us\/board-members\/rob-claypoole\/\" \/>\n<meta property=\"og:site_name\" content=\"Bioventus\" \/>\n<meta property=\"article:modified_time\" content=\"2024-01-12T13:54:42+00:00\" \/>\n<meta property=\"og:image\" content=\"https:\/\/www.bioventus.com\/wp-content\/uploads\/2020\/05\/product_detail_header@2x-scaled.jpg\" \/>\n\t<meta property=\"og:image:width\" content=\"2560\" \/>\n\t<meta property=\"og:image:height\" content=\"533\" \/>\n\t<meta property=\"og:image:type\" content=\"image\/jpeg\" \/>\n<meta name=\"twitter:card\" content=\"summary_large_image\" \/>\n<meta name=\"twitter:site\" content=\"@BioventusGlobal\" \/>\n<meta name=\"twitter:label1\" content=\"Tiempo de lectura\" \/>\n\t<meta name=\"twitter:data1\" content=\"2 minutos\" \/>\n<script type=\"application\/ld+json\" class=\"yoast-schema-graph\">{\"@context\":\"https:\\\/\\\/schema.org\",\"@graph\":[{\"@type\":\"WebPage\",\"@id\":\"https:\\\/\\\/www.bioventus.com\\\/es\\\/about-us\\\/board-members\\\/rob-claypoole\\\/\",\"url\":\"https:\\\/\\\/www.bioventus.com\\\/es\\\/about-us\\\/board-members\\\/rob-claypoole\\\/\",\"name\":\"Robert Claypoole - Bioventus\",\"isPartOf\":{\"@id\":\"https:\\\/\\\/www.bioventus.com\\\/es\\\/#website\"},\"primaryImageOfPage\":{\"@id\":\"https:\\\/\\\/www.bioventus.com\\\/es\\\/about-us\\\/board-members\\\/rob-claypoole\\\/#primaryimage\"},\"image\":{\"@id\":\"https:\\\/\\\/www.bioventus.com\\\/es\\\/about-us\\\/board-members\\\/rob-claypoole\\\/#primaryimage\"},\"thumbnailUrl\":\"https:\\\/\\\/www.bioventus.com\\\/wp-content\\\/uploads\\\/2020\\\/05\\\/product_detail_header@2x-scaled.jpg\",\"datePublished\":\"2020-07-14T15:33:15+00:00\",\"dateModified\":\"2024-01-12T13:54:42+00:00\",\"breadcrumb\":{\"@id\":\"https:\\\/\\\/www.bioventus.com\\\/es\\\/about-us\\\/board-members\\\/rob-claypoole\\\/#breadcrumb\"},\"inLanguage\":\"es\",\"potentialAction\":[{\"@type\":\"ReadAction\",\"target\":[\"https:\\\/\\\/www.bioventus.com\\\/es\\\/about-us\\\/board-members\\\/rob-claypoole\\\/\"]}]},{\"@type\":\"ImageObject\",\"inLanguage\":\"es\",\"@id\":\"https:\\\/\\\/www.bioventus.com\\\/es\\\/about-us\\\/board-members\\\/rob-claypoole\\\/#primaryimage\",\"url\":\"https:\\\/\\\/www.bioventus.com\\\/wp-content\\\/uploads\\\/2020\\\/05\\\/product_detail_header@2x-scaled.jpg\",\"contentUrl\":\"https:\\\/\\\/www.bioventus.com\\\/wp-content\\\/uploads\\\/2020\\\/05\\\/product_detail_header@2x-scaled.jpg\",\"width\":2560,\"height\":533},{\"@type\":\"BreadcrumbList\",\"@id\":\"https:\\\/\\\/www.bioventus.com\\\/es\\\/about-us\\\/board-members\\\/rob-claypoole\\\/#breadcrumb\",\"itemListElement\":[{\"@type\":\"ListItem\",\"position\":1,\"name\":\"Home\",\"item\":\"https:\\\/\\\/www.bioventus.com\\\/es\\\/\"},{\"@type\":\"ListItem\",\"position\":2,\"name\":\"Acerca De Nosotros\",\"item\":\"https:\\\/\\\/www.bioventus.com\\\/es\\\/about-us\\\/\"},{\"@type\":\"ListItem\",\"position\":3,\"name\":\"Miembros del Consejo de Administraci\u00f3n\",\"item\":\"https:\\\/\\\/www.bioventus.com\\\/es\\\/about-us\\\/board-members\\\/\"},{\"@type\":\"ListItem\",\"position\":4,\"name\":\"Robert Claypoole\"}]},{\"@type\":\"WebSite\",\"@id\":\"https:\\\/\\\/www.bioventus.com\\\/es\\\/#website\",\"url\":\"https:\\\/\\\/www.bioventus.com\\\/es\\\/\",\"name\":\"Bioventus\",\"description\":\"Active Healing through Orthobiologics\",\"publisher\":{\"@id\":\"https:\\\/\\\/www.bioventus.com\\\/es\\\/#organization\"},\"potentialAction\":[{\"@type\":\"SearchAction\",\"target\":{\"@type\":\"EntryPoint\",\"urlTemplate\":\"https:\\\/\\\/www.bioventus.com\\\/es\\\/?s={search_term_string}\"},\"query-input\":{\"@type\":\"PropertyValueSpecification\",\"valueRequired\":true,\"valueName\":\"search_term_string\"}}],\"inLanguage\":\"es\"},{\"@type\":\"Organization\",\"@id\":\"https:\\\/\\\/www.bioventus.com\\\/es\\\/#organization\",\"name\":\"Bioventus\",\"url\":\"https:\\\/\\\/www.bioventus.com\\\/es\\\/\",\"logo\":{\"@type\":\"ImageObject\",\"inLanguage\":\"es\",\"@id\":\"https:\\\/\\\/www.bioventus.com\\\/es\\\/#\\\/schema\\\/logo\\\/image\\\/\",\"url\":\"http:\\\/\\\/www.bioventus.com\\\/wp-content\\\/uploads\\\/2020\\\/04\\\/bioventus-logo-color-min.png\",\"contentUrl\":\"http:\\\/\\\/www.bioventus.com\\\/wp-content\\\/uploads\\\/2020\\\/04\\\/bioventus-logo-color-min.png\",\"width\":434,\"height\":72,\"caption\":\"Bioventus\"},\"image\":{\"@id\":\"https:\\\/\\\/www.bioventus.com\\\/es\\\/#\\\/schema\\\/logo\\\/image\\\/\"},\"sameAs\":[\"https:\\\/\\\/x.com\\\/BioventusGlobal\",\"https:\\\/\\\/www.linkedin.com\\\/company\\\/bioventus\\\/\",\"https:\\\/\\\/www.youtube.com\\\/user\\\/Bioventus\"]}]}<\/script>\n<!-- \/ Yoast SEO plugin. -->","yoast_head_json":{"title":"Robert Claypoole - Bioventus","robots":{"index":"index","follow":"follow","max-snippet":"max-snippet:-1","max-image-preview":"max-image-preview:large","max-video-preview":"max-video-preview:-1"},"canonical":"https:\/\/www.bioventus.com\/es\/about-us\/board-members\/rob-claypoole\/","og_locale":"es_ES","og_type":"article","og_title":"Robert Claypoole - Bioventus","og_description":"[vc_row unlock_row=\u00bb\u00bb row_height_percent=\u00bb0&#8243; override_padding=\u00bbyes\u00bb h_padding=\u00bb3&#8243; top_padding=\u00bb3&#8243; bottom_padding=\u00bb3&#8243; overlay_alpha=\u00bb50&#8243; gutter_size=\u00bb3&#8243; column_width_percent=\u00bb100&#8243; shift_y=\u00bb0&#8243; z_index=\u00bb0&#8243;][vc_column width=\u00bb1\/1&#8243;][vc_column_text uncode_shortcode_id=\u00bb826246&#8243;]Claypoole se une a Bioventus procedente de [&hellip;]","og_url":"https:\/\/www.bioventus.com\/es\/about-us\/board-members\/rob-claypoole\/","og_site_name":"Bioventus","article_modified_time":"2024-01-12T13:54:42+00:00","og_image":[{"width":2560,"height":533,"url":"https:\/\/www.bioventus.com\/wp-content\/uploads\/2020\/05\/product_detail_header@2x-scaled.jpg","type":"image\/jpeg"}],"twitter_card":"summary_large_image","twitter_site":"@BioventusGlobal","twitter_misc":{"Tiempo de lectura":"2 minutos"},"schema":{"@context":"https:\/\/schema.org","@graph":[{"@type":"WebPage","@id":"https:\/\/www.bioventus.com\/es\/about-us\/board-members\/rob-claypoole\/","url":"https:\/\/www.bioventus.com\/es\/about-us\/board-members\/rob-claypoole\/","name":"Robert Claypoole - Bioventus","isPartOf":{"@id":"https:\/\/www.bioventus.com\/es\/#website"},"primaryImageOfPage":{"@id":"https:\/\/www.bioventus.com\/es\/about-us\/board-members\/rob-claypoole\/#primaryimage"},"image":{"@id":"https:\/\/www.bioventus.com\/es\/about-us\/board-members\/rob-claypoole\/#primaryimage"},"thumbnailUrl":"https:\/\/www.bioventus.com\/wp-content\/uploads\/2020\/05\/product_detail_header@2x-scaled.jpg","datePublished":"2020-07-14T15:33:15+00:00","dateModified":"2024-01-12T13:54:42+00:00","breadcrumb":{"@id":"https:\/\/www.bioventus.com\/es\/about-us\/board-members\/rob-claypoole\/#breadcrumb"},"inLanguage":"es","potentialAction":[{"@type":"ReadAction","target":["https:\/\/www.bioventus.com\/es\/about-us\/board-members\/rob-claypoole\/"]}]},{"@type":"ImageObject","inLanguage":"es","@id":"https:\/\/www.bioventus.com\/es\/about-us\/board-members\/rob-claypoole\/#primaryimage","url":"https:\/\/www.bioventus.com\/wp-content\/uploads\/2020\/05\/product_detail_header@2x-scaled.jpg","contentUrl":"https:\/\/www.bioventus.com\/wp-content\/uploads\/2020\/05\/product_detail_header@2x-scaled.jpg","width":2560,"height":533},{"@type":"BreadcrumbList","@id":"https:\/\/www.bioventus.com\/es\/about-us\/board-members\/rob-claypoole\/#breadcrumb","itemListElement":[{"@type":"ListItem","position":1,"name":"Home","item":"https:\/\/www.bioventus.com\/es\/"},{"@type":"ListItem","position":2,"name":"Acerca De Nosotros","item":"https:\/\/www.bioventus.com\/es\/about-us\/"},{"@type":"ListItem","position":3,"name":"Miembros del Consejo de Administraci\u00f3n","item":"https:\/\/www.bioventus.com\/es\/about-us\/board-members\/"},{"@type":"ListItem","position":4,"name":"Robert Claypoole"}]},{"@type":"WebSite","@id":"https:\/\/www.bioventus.com\/es\/#website","url":"https:\/\/www.bioventus.com\/es\/","name":"Bioventus","description":"Active Healing through Orthobiologics","publisher":{"@id":"https:\/\/www.bioventus.com\/es\/#organization"},"potentialAction":[{"@type":"SearchAction","target":{"@type":"EntryPoint","urlTemplate":"https:\/\/www.bioventus.com\/es\/?s={search_term_string}"},"query-input":{"@type":"PropertyValueSpecification","valueRequired":true,"valueName":"search_term_string"}}],"inLanguage":"es"},{"@type":"Organization","@id":"https:\/\/www.bioventus.com\/es\/#organization","name":"Bioventus","url":"https:\/\/www.bioventus.com\/es\/","logo":{"@type":"ImageObject","inLanguage":"es","@id":"https:\/\/www.bioventus.com\/es\/#\/schema\/logo\/image\/","url":"http:\/\/www.bioventus.com\/wp-content\/uploads\/2020\/04\/bioventus-logo-color-min.png","contentUrl":"http:\/\/www.bioventus.com\/wp-content\/uploads\/2020\/04\/bioventus-logo-color-min.png","width":434,"height":72,"caption":"Bioventus"},"image":{"@id":"https:\/\/www.bioventus.com\/es\/#\/schema\/logo\/image\/"},"sameAs":["https:\/\/x.com\/BioventusGlobal","https:\/\/www.linkedin.com\/company\/bioventus\/","https:\/\/www.youtube.com\/user\/Bioventus"]}]}},"_links":{"self":[{"href":"https:\/\/www.bioventus.com\/es\/wp-json\/wp\/v2\/pages\/11859","targetHints":{"allow":["GET"]}}],"collection":[{"href":"https:\/\/www.bioventus.com\/es\/wp-json\/wp\/v2\/pages"}],"about":[{"href":"https:\/\/www.bioventus.com\/es\/wp-json\/wp\/v2\/types\/page"}],"author":[{"embeddable":true,"href":"https:\/\/www.bioventus.com\/es\/wp-json\/wp\/v2\/users\/1"}],"replies":[{"embeddable":true,"href":"https:\/\/www.bioventus.com\/es\/wp-json\/wp\/v2\/comments?post=11859"}],"version-history":[{"count":0,"href":"https:\/\/www.bioventus.com\/es\/wp-json\/wp\/v2\/pages\/11859\/revisions"}],"up":[{"embeddable":true,"href":"https:\/\/www.bioventus.com\/es\/wp-json\/wp\/v2\/pages\/11809"}],"wp:featuredmedia":[{"embeddable":true,"href":"https:\/\/www.bioventus.com\/es\/wp-json\/wp\/v2\/media\/11703"}],"wp:attachment":[{"href":"https:\/\/www.bioventus.com\/es\/wp-json\/wp\/v2\/media?parent=11859"}],"curies":[{"name":"wp","href":"https:\/\/api.w.org\/{rel}","templated":true}]}}