{"id":11828,"date":"2020-07-14T15:19:56","date_gmt":"2020-07-14T15:19:56","guid":{"rendered":"http:\/\/bioventuspub.wpengine.com\/about-us\/board-members\/david-j-parker\/"},"modified":"2022-01-11T14:13:55","modified_gmt":"2022-01-11T14:13:55","slug":"michellemcmurry-heath","status":"publish","type":"page","link":"https:\/\/www.bioventus.com\/es\/about-us\/board-members\/michellemcmurry-heath\/","title":{"rendered":"Michelle McMurry-Heath"},"content":{"rendered":"<div class=\"wpb-content-wrapper\"><p>[vc_row unlock_row=\u00bb\u00bb row_height_percent=\u00bb0&#8243; override_padding=\u00bbyes\u00bb h_padding=\u00bb3&#8243; top_padding=\u00bb3&#8243; bottom_padding=\u00bb3&#8243; overlay_alpha=\u00bb50&#8243; gutter_size=\u00bb3&#8243; column_width_percent=\u00bb100&#8243; shift_y=\u00bb0&#8243; z_index=\u00bb0&#8243;][vc_column width=\u00bb1\/1&#8243;][vc_column_text]<strong>Michelle McMurry-Heath<\/strong>\u00a0asumi\u00f3 la presidencia y la direcci\u00f3n general de la Biotechnology Innovation Organization (BIO) el 1 de junio de 2020. Como m\u00e9dico e inmun\u00f3loga molecular de formaci\u00f3n, la Dra.\u00a0McMurry-Heath acababa de convertirse en la tercera directora general en administrar el mayor grupo de defensa de la biotecnolog\u00eda desde que, en 1993, se fund\u00f3 BIO.<\/p>\n<p>BIO representa a 1000\u00a0empresas y organizaciones de ciencias biol\u00f3gicas de 30\u00a0pa\u00edses. La organizaci\u00f3n tiene la misi\u00f3n de respaldar a empresas que descubran y pongan en marcha grandes avances cient\u00edficos que mejoren la salud humana, la administraci\u00f3n ambiental y la agricultura sostenible.<\/p>\n<p>El hilo com\u00fan del trabajo de McMurry-Heath en la universidad, el sector p\u00fablico y el sector privado ha sido su atenci\u00f3n a ampliar el acceso al progreso cient\u00edfico para que m\u00e1s pacientes de entornos distintos puedan beneficiarse de innovaciones de vanguardia. Lo que impulsa a McMurry-Heath son sus propias experiencias familiares anteriores con ensayos cl\u00ednicos y con la financiaci\u00f3n de iniciativas inciertas, y por ello evoca \u00abla distribuci\u00f3n del progreso cient\u00edfico como la cuesti\u00f3n de justicia social de nuestra era\u00bb.<\/p>\n<p>Se incorpor\u00f3 a BIO tras haber pasado por Johnson &amp; Johnson, donde ejerci\u00f3 como directora general de Generaci\u00f3n de pruebas emp\u00edricas para empresas de productos sanitarios, as\u00ed como tambi\u00e9n como vicepresidenta de Innovaci\u00f3n externa global y directora global de Ciencias normativas. Su presencia fue tambi\u00e9n fundamental en el traslado de la incubadora de J&amp;J, JLabs, a Washington, DC. Dirigi\u00f3 un equipo global de 900\u00a0personas, con responsabilidades en 150\u00a0pa\u00edses de todo el mundo.<\/p>\n<p>Antes de su paso por J&amp;J, la Dra.\u00a0McMurry-Heath tambi\u00e9n desempe\u00f1\u00f3 un papel clave en la direcci\u00f3n de pol\u00edticas cient\u00edficas en el sector p\u00fablico. El equipo de transici\u00f3n Obama-Biden la convoc\u00f3 para que llevara a cabo un an\u00e1lisis completo de las pol\u00edticas, los programas y el personal de la National Science Foundation. El presidente Obama la nombr\u00f3 directora cient\u00edfica asociada del Center for Devices and Radiological Health de la FDA, bajo el mando de la comisionada Peggy Hamburg. En ese cargo, abog\u00f3 por la evoluci\u00f3n de los ensayos cl\u00ednicos, el uso de pruebas emp\u00edricas reales en la evaluaci\u00f3n de los productos y la atenci\u00f3n a las reivindicaciones de los pacientes en la investigaci\u00f3n en salud para que los productos m\u00e9dicos nuevos brinden resultados que sean significativos para ellos.<\/p>\n<p>McMurry-Heath fue la directora fundadora del Health, Biomedical Science, and Society Policy Program del Aspen Institute, donde promovi\u00f3 la medicina personalizada y respald\u00f3 la preparaci\u00f3n internacional ante las amenazas de enfermedades pand\u00e9micas. Recibi\u00f3 su formaci\u00f3n inicial en pol\u00edtica cient\u00edfica en la Robert Wood Johnson Foundation y despu\u00e9s ejerci\u00f3 como primera asistente legislativa en ciencia y salud del senador Joe Lieberman. En dicho cargo, elabor\u00f3 legislaci\u00f3n para proteger al pa\u00eds de ataques biol\u00f3gicos.<\/p>\n<p>McMurry-Heath recibi\u00f3 su licenciatura y su doctorado en Medicina en el Medical Scientist Training Program de la Universidad Duke, con lo que se convirti\u00f3 en la primera afroamericana en graduarse en este programa de prestigio. Pas\u00f3 12\u00a0a\u00f1os trabajando en laboratorios de investigaci\u00f3n antes de asumir cargos relacionados con las pol\u00edticas y la direcci\u00f3n tanto en el sector p\u00fablico como el privado.<\/p>\n<p>McMurry-Heath vive en Washington,\u00a0D.C. con su marido, Sebastian Heath, veterinario, y su hija, Isabella. Para relajarse, practica yoga y esn\u00f3rquel y asiste a los encuentros deportivos de su hija.[\/vc_column_text][\/vc_column][\/vc_row]<\/p>\n<\/div>","protected":false},"excerpt":{"rendered":"<p>[vc_row unlock_row=\u00bb\u00bb row_height_percent=\u00bb0&#8243; override_padding=\u00bbyes\u00bb h_padding=\u00bb3&#8243; top_padding=\u00bb3&#8243; bottom_padding=\u00bb3&#8243; overlay_alpha=\u00bb50&#8243; gutter_size=\u00bb3&#8243; column_width_percent=\u00bb100&#8243; shift_y=\u00bb0&#8243; z_index=\u00bb0&#8243;][vc_column width=\u00bb1\/1&#8243;][vc_column_text]Michelle McMurry-Heath\u00a0asumi\u00f3 la presidencia y la direcci\u00f3n general [&hellip;]<\/p>\n","protected":false},"author":1,"featured_media":11703,"parent":11809,"menu_order":0,"comment_status":"closed","ping_status":"closed","template":"","meta":{"footnotes":""},"class_list":["post-11828","page","type-page","status-publish","has-post-thumbnail","hentry"],"yoast_head":"<!-- This site is optimized with the Yoast SEO plugin v27.3 - https:\/\/yoast.com\/product\/yoast-seo-wordpress\/ -->\n<title>Michelle McMurry-Heath - Bioventus<\/title>\n<meta name=\"robots\" content=\"index, follow, max-snippet:-1, max-image-preview:large, max-video-preview:-1\" \/>\n<link rel=\"canonical\" href=\"https:\/\/www.bioventus.com\/es\/about-us\/board-members\/michellemcmurry-heath\/\" \/>\n<meta property=\"og:locale\" content=\"es_ES\" \/>\n<meta property=\"og:type\" content=\"article\" \/>\n<meta property=\"og:title\" content=\"Michelle McMurry-Heath - Bioventus\" \/>\n<meta property=\"og:description\" content=\"[vc_row unlock_row=\u00bb\u00bb row_height_percent=\u00bb0&#8243; override_padding=\u00bbyes\u00bb h_padding=\u00bb3&#8243; top_padding=\u00bb3&#8243; bottom_padding=\u00bb3&#8243; overlay_alpha=\u00bb50&#8243; gutter_size=\u00bb3&#8243; column_width_percent=\u00bb100&#8243; shift_y=\u00bb0&#8243; z_index=\u00bb0&#8243;][vc_column width=\u00bb1\/1&#8243;][vc_column_text]Michelle McMurry-Heath\u00a0asumi\u00f3 la presidencia y la direcci\u00f3n general [&hellip;]\" \/>\n<meta property=\"og:url\" content=\"https:\/\/www.bioventus.com\/es\/about-us\/board-members\/michellemcmurry-heath\/\" \/>\n<meta property=\"og:site_name\" content=\"Bioventus\" \/>\n<meta property=\"article:modified_time\" content=\"2022-01-11T14:13:55+00:00\" \/>\n<meta property=\"og:image\" content=\"https:\/\/www.bioventus.com\/wp-content\/uploads\/2020\/05\/product_detail_header@2x-scaled.jpg\" \/>\n\t<meta property=\"og:image:width\" content=\"2560\" \/>\n\t<meta property=\"og:image:height\" content=\"533\" \/>\n\t<meta property=\"og:image:type\" content=\"image\/jpeg\" \/>\n<meta name=\"twitter:card\" content=\"summary_large_image\" \/>\n<meta name=\"twitter:site\" content=\"@BioventusGlobal\" \/>\n<meta name=\"twitter:label1\" content=\"Tiempo de lectura\" \/>\n\t<meta name=\"twitter:data1\" content=\"3 minutos\" \/>\n<script type=\"application\/ld+json\" class=\"yoast-schema-graph\">{\"@context\":\"https:\\\/\\\/schema.org\",\"@graph\":[{\"@type\":\"WebPage\",\"@id\":\"https:\\\/\\\/www.bioventus.com\\\/es\\\/about-us\\\/board-members\\\/michellemcmurry-heath\\\/\",\"url\":\"https:\\\/\\\/www.bioventus.com\\\/es\\\/about-us\\\/board-members\\\/michellemcmurry-heath\\\/\",\"name\":\"Michelle McMurry-Heath - Bioventus\",\"isPartOf\":{\"@id\":\"https:\\\/\\\/www.bioventus.com\\\/es\\\/#website\"},\"primaryImageOfPage\":{\"@id\":\"https:\\\/\\\/www.bioventus.com\\\/es\\\/about-us\\\/board-members\\\/michellemcmurry-heath\\\/#primaryimage\"},\"image\":{\"@id\":\"https:\\\/\\\/www.bioventus.com\\\/es\\\/about-us\\\/board-members\\\/michellemcmurry-heath\\\/#primaryimage\"},\"thumbnailUrl\":\"https:\\\/\\\/www.bioventus.com\\\/wp-content\\\/uploads\\\/2020\\\/05\\\/product_detail_header@2x-scaled.jpg\",\"datePublished\":\"2020-07-14T15:19:56+00:00\",\"dateModified\":\"2022-01-11T14:13:55+00:00\",\"breadcrumb\":{\"@id\":\"https:\\\/\\\/www.bioventus.com\\\/es\\\/about-us\\\/board-members\\\/michellemcmurry-heath\\\/#breadcrumb\"},\"inLanguage\":\"es\",\"potentialAction\":[{\"@type\":\"ReadAction\",\"target\":[\"https:\\\/\\\/www.bioventus.com\\\/es\\\/about-us\\\/board-members\\\/michellemcmurry-heath\\\/\"]}]},{\"@type\":\"ImageObject\",\"inLanguage\":\"es\",\"@id\":\"https:\\\/\\\/www.bioventus.com\\\/es\\\/about-us\\\/board-members\\\/michellemcmurry-heath\\\/#primaryimage\",\"url\":\"https:\\\/\\\/www.bioventus.com\\\/wp-content\\\/uploads\\\/2020\\\/05\\\/product_detail_header@2x-scaled.jpg\",\"contentUrl\":\"https:\\\/\\\/www.bioventus.com\\\/wp-content\\\/uploads\\\/2020\\\/05\\\/product_detail_header@2x-scaled.jpg\",\"width\":2560,\"height\":533},{\"@type\":\"BreadcrumbList\",\"@id\":\"https:\\\/\\\/www.bioventus.com\\\/es\\\/about-us\\\/board-members\\\/michellemcmurry-heath\\\/#breadcrumb\",\"itemListElement\":[{\"@type\":\"ListItem\",\"position\":1,\"name\":\"Home\",\"item\":\"https:\\\/\\\/www.bioventus.com\\\/es\\\/\"},{\"@type\":\"ListItem\",\"position\":2,\"name\":\"Acerca De Nosotros\",\"item\":\"https:\\\/\\\/www.bioventus.com\\\/es\\\/about-us\\\/\"},{\"@type\":\"ListItem\",\"position\":3,\"name\":\"Miembros del Consejo de Administraci\u00f3n\",\"item\":\"https:\\\/\\\/www.bioventus.com\\\/es\\\/about-us\\\/board-members\\\/\"},{\"@type\":\"ListItem\",\"position\":4,\"name\":\"Michelle McMurry-Heath\"}]},{\"@type\":\"WebSite\",\"@id\":\"https:\\\/\\\/www.bioventus.com\\\/es\\\/#website\",\"url\":\"https:\\\/\\\/www.bioventus.com\\\/es\\\/\",\"name\":\"Bioventus\",\"description\":\"Active Healing through Orthobiologics\",\"publisher\":{\"@id\":\"https:\\\/\\\/www.bioventus.com\\\/es\\\/#organization\"},\"potentialAction\":[{\"@type\":\"SearchAction\",\"target\":{\"@type\":\"EntryPoint\",\"urlTemplate\":\"https:\\\/\\\/www.bioventus.com\\\/es\\\/?s={search_term_string}\"},\"query-input\":{\"@type\":\"PropertyValueSpecification\",\"valueRequired\":true,\"valueName\":\"search_term_string\"}}],\"inLanguage\":\"es\"},{\"@type\":\"Organization\",\"@id\":\"https:\\\/\\\/www.bioventus.com\\\/es\\\/#organization\",\"name\":\"Bioventus\",\"url\":\"https:\\\/\\\/www.bioventus.com\\\/es\\\/\",\"logo\":{\"@type\":\"ImageObject\",\"inLanguage\":\"es\",\"@id\":\"https:\\\/\\\/www.bioventus.com\\\/es\\\/#\\\/schema\\\/logo\\\/image\\\/\",\"url\":\"http:\\\/\\\/www.bioventus.com\\\/wp-content\\\/uploads\\\/2020\\\/04\\\/bioventus-logo-color-min.png\",\"contentUrl\":\"http:\\\/\\\/www.bioventus.com\\\/wp-content\\\/uploads\\\/2020\\\/04\\\/bioventus-logo-color-min.png\",\"width\":434,\"height\":72,\"caption\":\"Bioventus\"},\"image\":{\"@id\":\"https:\\\/\\\/www.bioventus.com\\\/es\\\/#\\\/schema\\\/logo\\\/image\\\/\"},\"sameAs\":[\"https:\\\/\\\/x.com\\\/BioventusGlobal\",\"https:\\\/\\\/www.linkedin.com\\\/company\\\/bioventus\\\/\",\"https:\\\/\\\/www.youtube.com\\\/user\\\/Bioventus\"]}]}<\/script>\n<!-- \/ Yoast SEO plugin. -->","yoast_head_json":{"title":"Michelle McMurry-Heath - Bioventus","robots":{"index":"index","follow":"follow","max-snippet":"max-snippet:-1","max-image-preview":"max-image-preview:large","max-video-preview":"max-video-preview:-1"},"canonical":"https:\/\/www.bioventus.com\/es\/about-us\/board-members\/michellemcmurry-heath\/","og_locale":"es_ES","og_type":"article","og_title":"Michelle McMurry-Heath - Bioventus","og_description":"[vc_row unlock_row=\u00bb\u00bb row_height_percent=\u00bb0&#8243; override_padding=\u00bbyes\u00bb h_padding=\u00bb3&#8243; top_padding=\u00bb3&#8243; bottom_padding=\u00bb3&#8243; overlay_alpha=\u00bb50&#8243; gutter_size=\u00bb3&#8243; column_width_percent=\u00bb100&#8243; shift_y=\u00bb0&#8243; z_index=\u00bb0&#8243;][vc_column width=\u00bb1\/1&#8243;][vc_column_text]Michelle McMurry-Heath\u00a0asumi\u00f3 la presidencia y la direcci\u00f3n general [&hellip;]","og_url":"https:\/\/www.bioventus.com\/es\/about-us\/board-members\/michellemcmurry-heath\/","og_site_name":"Bioventus","article_modified_time":"2022-01-11T14:13:55+00:00","og_image":[{"width":2560,"height":533,"url":"https:\/\/www.bioventus.com\/wp-content\/uploads\/2020\/05\/product_detail_header@2x-scaled.jpg","type":"image\/jpeg"}],"twitter_card":"summary_large_image","twitter_site":"@BioventusGlobal","twitter_misc":{"Tiempo de lectura":"3 minutos"},"schema":{"@context":"https:\/\/schema.org","@graph":[{"@type":"WebPage","@id":"https:\/\/www.bioventus.com\/es\/about-us\/board-members\/michellemcmurry-heath\/","url":"https:\/\/www.bioventus.com\/es\/about-us\/board-members\/michellemcmurry-heath\/","name":"Michelle McMurry-Heath - Bioventus","isPartOf":{"@id":"https:\/\/www.bioventus.com\/es\/#website"},"primaryImageOfPage":{"@id":"https:\/\/www.bioventus.com\/es\/about-us\/board-members\/michellemcmurry-heath\/#primaryimage"},"image":{"@id":"https:\/\/www.bioventus.com\/es\/about-us\/board-members\/michellemcmurry-heath\/#primaryimage"},"thumbnailUrl":"https:\/\/www.bioventus.com\/wp-content\/uploads\/2020\/05\/product_detail_header@2x-scaled.jpg","datePublished":"2020-07-14T15:19:56+00:00","dateModified":"2022-01-11T14:13:55+00:00","breadcrumb":{"@id":"https:\/\/www.bioventus.com\/es\/about-us\/board-members\/michellemcmurry-heath\/#breadcrumb"},"inLanguage":"es","potentialAction":[{"@type":"ReadAction","target":["https:\/\/www.bioventus.com\/es\/about-us\/board-members\/michellemcmurry-heath\/"]}]},{"@type":"ImageObject","inLanguage":"es","@id":"https:\/\/www.bioventus.com\/es\/about-us\/board-members\/michellemcmurry-heath\/#primaryimage","url":"https:\/\/www.bioventus.com\/wp-content\/uploads\/2020\/05\/product_detail_header@2x-scaled.jpg","contentUrl":"https:\/\/www.bioventus.com\/wp-content\/uploads\/2020\/05\/product_detail_header@2x-scaled.jpg","width":2560,"height":533},{"@type":"BreadcrumbList","@id":"https:\/\/www.bioventus.com\/es\/about-us\/board-members\/michellemcmurry-heath\/#breadcrumb","itemListElement":[{"@type":"ListItem","position":1,"name":"Home","item":"https:\/\/www.bioventus.com\/es\/"},{"@type":"ListItem","position":2,"name":"Acerca De Nosotros","item":"https:\/\/www.bioventus.com\/es\/about-us\/"},{"@type":"ListItem","position":3,"name":"Miembros del Consejo de Administraci\u00f3n","item":"https:\/\/www.bioventus.com\/es\/about-us\/board-members\/"},{"@type":"ListItem","position":4,"name":"Michelle McMurry-Heath"}]},{"@type":"WebSite","@id":"https:\/\/www.bioventus.com\/es\/#website","url":"https:\/\/www.bioventus.com\/es\/","name":"Bioventus","description":"Active Healing through Orthobiologics","publisher":{"@id":"https:\/\/www.bioventus.com\/es\/#organization"},"potentialAction":[{"@type":"SearchAction","target":{"@type":"EntryPoint","urlTemplate":"https:\/\/www.bioventus.com\/es\/?s={search_term_string}"},"query-input":{"@type":"PropertyValueSpecification","valueRequired":true,"valueName":"search_term_string"}}],"inLanguage":"es"},{"@type":"Organization","@id":"https:\/\/www.bioventus.com\/es\/#organization","name":"Bioventus","url":"https:\/\/www.bioventus.com\/es\/","logo":{"@type":"ImageObject","inLanguage":"es","@id":"https:\/\/www.bioventus.com\/es\/#\/schema\/logo\/image\/","url":"http:\/\/www.bioventus.com\/wp-content\/uploads\/2020\/04\/bioventus-logo-color-min.png","contentUrl":"http:\/\/www.bioventus.com\/wp-content\/uploads\/2020\/04\/bioventus-logo-color-min.png","width":434,"height":72,"caption":"Bioventus"},"image":{"@id":"https:\/\/www.bioventus.com\/es\/#\/schema\/logo\/image\/"},"sameAs":["https:\/\/x.com\/BioventusGlobal","https:\/\/www.linkedin.com\/company\/bioventus\/","https:\/\/www.youtube.com\/user\/Bioventus"]}]}},"_links":{"self":[{"href":"https:\/\/www.bioventus.com\/es\/wp-json\/wp\/v2\/pages\/11828","targetHints":{"allow":["GET"]}}],"collection":[{"href":"https:\/\/www.bioventus.com\/es\/wp-json\/wp\/v2\/pages"}],"about":[{"href":"https:\/\/www.bioventus.com\/es\/wp-json\/wp\/v2\/types\/page"}],"author":[{"embeddable":true,"href":"https:\/\/www.bioventus.com\/es\/wp-json\/wp\/v2\/users\/1"}],"replies":[{"embeddable":true,"href":"https:\/\/www.bioventus.com\/es\/wp-json\/wp\/v2\/comments?post=11828"}],"version-history":[{"count":0,"href":"https:\/\/www.bioventus.com\/es\/wp-json\/wp\/v2\/pages\/11828\/revisions"}],"up":[{"embeddable":true,"href":"https:\/\/www.bioventus.com\/es\/wp-json\/wp\/v2\/pages\/11809"}],"wp:featuredmedia":[{"embeddable":true,"href":"https:\/\/www.bioventus.com\/es\/wp-json\/wp\/v2\/media\/11703"}],"wp:attachment":[{"href":"https:\/\/www.bioventus.com\/es\/wp-json\/wp\/v2\/media?parent=11828"}],"curies":[{"name":"wp","href":"https:\/\/api.w.org\/{rel}","templated":true}]}}