{"id":13357,"date":"2021-10-07T13:53:56","date_gmt":"2021-10-07T13:53:56","guid":{"rendered":"https:\/\/bioventuspub.wpengine.com\/about-us\/leadership\/peter-shaw\/"},"modified":"2021-11-15T19:56:29","modified_gmt":"2021-11-15T19:56:29","slug":"peter-shaw","status":"publish","type":"page","link":"https:\/\/www.bioventus.com\/de\/about-us\/leadership\/peter-shaw\/","title":{"rendered":"Peter Shaw"},"content":{"rendered":"<div class=\"wpb-content-wrapper\"><p>[vc_row unlock_row=&#8220;&#8220; row_height_percent=&#8220;0&#8243; override_padding=&#8220;yes&#8220; h_padding=&#8220;3&#8243; top_padding=&#8220;3&#8243; bottom_padding=&#8220;3&#8243; overlay_alpha=&#8220;50&#8243; gutter_size=&#8220;3&#8243; column_width_percent=&#8220;100&#8243; shift_y=&#8220;0&#8243; z_index=&#8220;0&#8243;][vc_column width=&#8220;1\/4&#8243;][vc_single_image media=&#8220;13238&#8243; media_width_percent=&#8220;100&#8243;][\/vc_column][vc_column width=&#8220;3\/4&#8243;][vc_column_text]Peter Shaw, MBBS, DRCOG, ist Vice President of Medical Affairs und Chief Medical Officer bei Bioventus. Bevor er zu Bioventus kam, war er drei Jahre lang als Senior Medical Director in Medical Affairs bei Ferring Pharmaceuticals t\u00e4tig, wo er f\u00fcr alle Orthop\u00e4die- und Spezialprodukte in den USA zust\u00e4ndig war. Davor agierte Peter als Chief Medical Officer bei Emisphere Technologies und Q-Pharma. Er erlangte seine medizinische Ausbildung an der University of London, Charing Cross &amp; Westminster Hospital Medical School und seine medizinische Weiterbildung in den Bereichen Orthop\u00e4die und Allgemeinchirurgie sowie Gyn\u00e4kologie, Allgemeinmedizin, Kardiologie und Herz-Lungen-Transplantationsmedizin. Er praktizierte 23\u00a0Jahre lang in Gro\u00dfbritannien, bevor er sich der Pharmaindustrie widmete und 2006 in die USA zog. W\u00e4hrend seiner klinischen T\u00e4tigkeit war Peter au\u00dferdem Doktorandentutor f\u00fcr die Prim\u00e4rversorgung und 13\u00a0Jahre lang Teamarzt bei einem professionellen Rugby-Verein.[\/vc_column_text][\/vc_column][\/vc_row]<\/p>\n<\/div>","protected":false},"excerpt":{"rendered":"<p>[vc_row unlock_row=&#8220;&#8220; row_height_percent=&#8220;0&#8243; override_padding=&#8220;yes&#8220; h_padding=&#8220;3&#8243; top_padding=&#8220;3&#8243; bottom_padding=&#8220;3&#8243; overlay_alpha=&#8220;50&#8243; gutter_size=&#8220;3&#8243; column_width_percent=&#8220;100&#8243; shift_y=&#8220;0&#8243; z_index=&#8220;0&#8243;][vc_column width=&#8220;1\/4&#8243;][vc_single_image media=&#8220;13238&#8243; media_width_percent=&#8220;100&#8243;][\/vc_column][vc_column width=&#8220;3\/4&#8243;][vc_column_text]Peter Shaw, MBBS, DRCOG, ist [&hellip;]<\/p>\n","protected":false},"author":4,"featured_media":11701,"parent":11959,"menu_order":0,"comment_status":"closed","ping_status":"closed","template":"","meta":{"footnotes":""},"class_list":["post-13357","page","type-page","status-publish","has-post-thumbnail","hentry"],"yoast_head":"<!-- This site is optimized with the Yoast SEO plugin v27.5 - https:\/\/yoast.com\/product\/yoast-seo-wordpress\/ -->\n<title>Peter Shaw - Bioventus<\/title>\n<meta name=\"robots\" content=\"index, follow, max-snippet:-1, max-image-preview:large, max-video-preview:-1\" \/>\n<link rel=\"canonical\" href=\"https:\/\/www.bioventus.com\/de\/about-us\/leadership\/peter-shaw\/\" \/>\n<meta property=\"og:locale\" content=\"de_DE\" \/>\n<meta property=\"og:type\" content=\"article\" \/>\n<meta property=\"og:title\" content=\"Peter Shaw - Bioventus\" \/>\n<meta property=\"og:description\" content=\"[vc_row unlock_row=&#8220;&#8220; row_height_percent=&#8220;0&#8243; override_padding=&#8220;yes&#8220; h_padding=&#8220;3&#8243; top_padding=&#8220;3&#8243; bottom_padding=&#8220;3&#8243; overlay_alpha=&#8220;50&#8243; gutter_size=&#8220;3&#8243; column_width_percent=&#8220;100&#8243; shift_y=&#8220;0&#8243; z_index=&#8220;0&#8243;][vc_column width=&#8220;1\/4&#8243;][vc_single_image media=&#8220;13238&#8243; media_width_percent=&#8220;100&#8243;][\/vc_column][vc_column width=&#8220;3\/4&#8243;][vc_column_text]Peter Shaw, MBBS, DRCOG, ist [&hellip;]\" \/>\n<meta property=\"og:url\" content=\"https:\/\/www.bioventus.com\/de\/about-us\/leadership\/peter-shaw\/\" \/>\n<meta property=\"og:site_name\" content=\"Bioventus\" \/>\n<meta property=\"article:modified_time\" content=\"2021-11-15T19:56:29+00:00\" \/>\n<meta property=\"og:image\" content=\"https:\/\/www.bioventus.com\/wp-content\/uploads\/2020\/05\/product_detail_header@2x-scaled.jpg\" \/>\n\t<meta property=\"og:image:width\" content=\"2560\" \/>\n\t<meta property=\"og:image:height\" content=\"533\" \/>\n\t<meta property=\"og:image:type\" content=\"image\/jpeg\" \/>\n<meta name=\"twitter:card\" content=\"summary_large_image\" \/>\n<meta name=\"twitter:site\" content=\"@BioventusGlobal\" \/>\n<meta name=\"twitter:label1\" content=\"Gesch\u00e4tzte Lesezeit\" \/>\n\t<meta name=\"twitter:data1\" content=\"1 Minute\" \/>\n<script type=\"application\/ld+json\" class=\"yoast-schema-graph\">{\"@context\":\"https:\\\/\\\/schema.org\",\"@graph\":[{\"@type\":\"WebPage\",\"@id\":\"https:\\\/\\\/www.bioventus.com\\\/de\\\/about-us\\\/leadership\\\/peter-shaw\\\/\",\"url\":\"https:\\\/\\\/www.bioventus.com\\\/de\\\/about-us\\\/leadership\\\/peter-shaw\\\/\",\"name\":\"Peter Shaw - Bioventus\",\"isPartOf\":{\"@id\":\"https:\\\/\\\/www.bioventus.com\\\/de\\\/#website\"},\"primaryImageOfPage\":{\"@id\":\"https:\\\/\\\/www.bioventus.com\\\/de\\\/about-us\\\/leadership\\\/peter-shaw\\\/#primaryimage\"},\"image\":{\"@id\":\"https:\\\/\\\/www.bioventus.com\\\/de\\\/about-us\\\/leadership\\\/peter-shaw\\\/#primaryimage\"},\"thumbnailUrl\":\"https:\\\/\\\/www.bioventus.com\\\/wp-content\\\/uploads\\\/2020\\\/05\\\/product_detail_header@2x-scaled.jpg\",\"datePublished\":\"2021-10-07T13:53:56+00:00\",\"dateModified\":\"2021-11-15T19:56:29+00:00\",\"breadcrumb\":{\"@id\":\"https:\\\/\\\/www.bioventus.com\\\/de\\\/about-us\\\/leadership\\\/peter-shaw\\\/#breadcrumb\"},\"inLanguage\":\"de-DE\",\"potentialAction\":[{\"@type\":\"ReadAction\",\"target\":[\"https:\\\/\\\/www.bioventus.com\\\/de\\\/about-us\\\/leadership\\\/peter-shaw\\\/\"]}]},{\"@type\":\"ImageObject\",\"inLanguage\":\"de-DE\",\"@id\":\"https:\\\/\\\/www.bioventus.com\\\/de\\\/about-us\\\/leadership\\\/peter-shaw\\\/#primaryimage\",\"url\":\"https:\\\/\\\/www.bioventus.com\\\/wp-content\\\/uploads\\\/2020\\\/05\\\/product_detail_header@2x-scaled.jpg\",\"contentUrl\":\"https:\\\/\\\/www.bioventus.com\\\/wp-content\\\/uploads\\\/2020\\\/05\\\/product_detail_header@2x-scaled.jpg\",\"width\":2560,\"height\":533},{\"@type\":\"BreadcrumbList\",\"@id\":\"https:\\\/\\\/www.bioventus.com\\\/de\\\/about-us\\\/leadership\\\/peter-shaw\\\/#breadcrumb\",\"itemListElement\":[{\"@type\":\"ListItem\",\"position\":1,\"name\":\"Home\",\"item\":\"https:\\\/\\\/www.bioventus.com\\\/de\\\/\"},{\"@type\":\"ListItem\",\"position\":2,\"name\":\"Wer Wir Sind\",\"item\":\"https:\\\/\\\/www.bioventus.com\\\/de\\\/about-us\\\/\"},{\"@type\":\"ListItem\",\"position\":3,\"name\":\"Unternehmensleitung\",\"item\":\"https:\\\/\\\/www.bioventus.com\\\/de\\\/about-us\\\/leadership\\\/\"},{\"@type\":\"ListItem\",\"position\":4,\"name\":\"Peter Shaw\"}]},{\"@type\":\"WebSite\",\"@id\":\"https:\\\/\\\/www.bioventus.com\\\/de\\\/#website\",\"url\":\"https:\\\/\\\/www.bioventus.com\\\/de\\\/\",\"name\":\"Bioventus\",\"description\":\"Active Healing through Orthobiologics\",\"publisher\":{\"@id\":\"https:\\\/\\\/www.bioventus.com\\\/de\\\/#organization\"},\"potentialAction\":[{\"@type\":\"SearchAction\",\"target\":{\"@type\":\"EntryPoint\",\"urlTemplate\":\"https:\\\/\\\/www.bioventus.com\\\/de\\\/?s={search_term_string}\"},\"query-input\":{\"@type\":\"PropertyValueSpecification\",\"valueRequired\":true,\"valueName\":\"search_term_string\"}}],\"inLanguage\":\"de-DE\"},{\"@type\":\"Organization\",\"@id\":\"https:\\\/\\\/www.bioventus.com\\\/de\\\/#organization\",\"name\":\"Bioventus\",\"url\":\"https:\\\/\\\/www.bioventus.com\\\/de\\\/\",\"logo\":{\"@type\":\"ImageObject\",\"inLanguage\":\"de-DE\",\"@id\":\"https:\\\/\\\/www.bioventus.com\\\/de\\\/#\\\/schema\\\/logo\\\/image\\\/\",\"url\":\"http:\\\/\\\/www.bioventus.com\\\/wp-content\\\/uploads\\\/2020\\\/04\\\/bioventus-logo-color-min.png\",\"contentUrl\":\"http:\\\/\\\/www.bioventus.com\\\/wp-content\\\/uploads\\\/2020\\\/04\\\/bioventus-logo-color-min.png\",\"width\":434,\"height\":72,\"caption\":\"Bioventus\"},\"image\":{\"@id\":\"https:\\\/\\\/www.bioventus.com\\\/de\\\/#\\\/schema\\\/logo\\\/image\\\/\"},\"sameAs\":[\"https:\\\/\\\/x.com\\\/BioventusGlobal\",\"https:\\\/\\\/www.linkedin.com\\\/company\\\/bioventus\\\/\",\"https:\\\/\\\/www.youtube.com\\\/user\\\/Bioventus\"]}]}<\/script>\n<!-- \/ Yoast SEO plugin. -->","yoast_head_json":{"title":"Peter Shaw - Bioventus","robots":{"index":"index","follow":"follow","max-snippet":"max-snippet:-1","max-image-preview":"max-image-preview:large","max-video-preview":"max-video-preview:-1"},"canonical":"https:\/\/www.bioventus.com\/de\/about-us\/leadership\/peter-shaw\/","og_locale":"de_DE","og_type":"article","og_title":"Peter Shaw - Bioventus","og_description":"[vc_row unlock_row=&#8220;&#8220; row_height_percent=&#8220;0&#8243; override_padding=&#8220;yes&#8220; h_padding=&#8220;3&#8243; top_padding=&#8220;3&#8243; bottom_padding=&#8220;3&#8243; overlay_alpha=&#8220;50&#8243; gutter_size=&#8220;3&#8243; column_width_percent=&#8220;100&#8243; shift_y=&#8220;0&#8243; z_index=&#8220;0&#8243;][vc_column width=&#8220;1\/4&#8243;][vc_single_image media=&#8220;13238&#8243; media_width_percent=&#8220;100&#8243;][\/vc_column][vc_column width=&#8220;3\/4&#8243;][vc_column_text]Peter Shaw, MBBS, DRCOG, ist [&hellip;]","og_url":"https:\/\/www.bioventus.com\/de\/about-us\/leadership\/peter-shaw\/","og_site_name":"Bioventus","article_modified_time":"2021-11-15T19:56:29+00:00","og_image":[{"width":2560,"height":533,"url":"https:\/\/www.bioventus.com\/wp-content\/uploads\/2020\/05\/product_detail_header@2x-scaled.jpg","type":"image\/jpeg"}],"twitter_card":"summary_large_image","twitter_site":"@BioventusGlobal","twitter_misc":{"Gesch\u00e4tzte Lesezeit":"1 Minute"},"schema":{"@context":"https:\/\/schema.org","@graph":[{"@type":"WebPage","@id":"https:\/\/www.bioventus.com\/de\/about-us\/leadership\/peter-shaw\/","url":"https:\/\/www.bioventus.com\/de\/about-us\/leadership\/peter-shaw\/","name":"Peter Shaw - Bioventus","isPartOf":{"@id":"https:\/\/www.bioventus.com\/de\/#website"},"primaryImageOfPage":{"@id":"https:\/\/www.bioventus.com\/de\/about-us\/leadership\/peter-shaw\/#primaryimage"},"image":{"@id":"https:\/\/www.bioventus.com\/de\/about-us\/leadership\/peter-shaw\/#primaryimage"},"thumbnailUrl":"https:\/\/www.bioventus.com\/wp-content\/uploads\/2020\/05\/product_detail_header@2x-scaled.jpg","datePublished":"2021-10-07T13:53:56+00:00","dateModified":"2021-11-15T19:56:29+00:00","breadcrumb":{"@id":"https:\/\/www.bioventus.com\/de\/about-us\/leadership\/peter-shaw\/#breadcrumb"},"inLanguage":"de-DE","potentialAction":[{"@type":"ReadAction","target":["https:\/\/www.bioventus.com\/de\/about-us\/leadership\/peter-shaw\/"]}]},{"@type":"ImageObject","inLanguage":"de-DE","@id":"https:\/\/www.bioventus.com\/de\/about-us\/leadership\/peter-shaw\/#primaryimage","url":"https:\/\/www.bioventus.com\/wp-content\/uploads\/2020\/05\/product_detail_header@2x-scaled.jpg","contentUrl":"https:\/\/www.bioventus.com\/wp-content\/uploads\/2020\/05\/product_detail_header@2x-scaled.jpg","width":2560,"height":533},{"@type":"BreadcrumbList","@id":"https:\/\/www.bioventus.com\/de\/about-us\/leadership\/peter-shaw\/#breadcrumb","itemListElement":[{"@type":"ListItem","position":1,"name":"Home","item":"https:\/\/www.bioventus.com\/de\/"},{"@type":"ListItem","position":2,"name":"Wer Wir Sind","item":"https:\/\/www.bioventus.com\/de\/about-us\/"},{"@type":"ListItem","position":3,"name":"Unternehmensleitung","item":"https:\/\/www.bioventus.com\/de\/about-us\/leadership\/"},{"@type":"ListItem","position":4,"name":"Peter Shaw"}]},{"@type":"WebSite","@id":"https:\/\/www.bioventus.com\/de\/#website","url":"https:\/\/www.bioventus.com\/de\/","name":"Bioventus","description":"Active Healing through Orthobiologics","publisher":{"@id":"https:\/\/www.bioventus.com\/de\/#organization"},"potentialAction":[{"@type":"SearchAction","target":{"@type":"EntryPoint","urlTemplate":"https:\/\/www.bioventus.com\/de\/?s={search_term_string}"},"query-input":{"@type":"PropertyValueSpecification","valueRequired":true,"valueName":"search_term_string"}}],"inLanguage":"de-DE"},{"@type":"Organization","@id":"https:\/\/www.bioventus.com\/de\/#organization","name":"Bioventus","url":"https:\/\/www.bioventus.com\/de\/","logo":{"@type":"ImageObject","inLanguage":"de-DE","@id":"https:\/\/www.bioventus.com\/de\/#\/schema\/logo\/image\/","url":"http:\/\/www.bioventus.com\/wp-content\/uploads\/2020\/04\/bioventus-logo-color-min.png","contentUrl":"http:\/\/www.bioventus.com\/wp-content\/uploads\/2020\/04\/bioventus-logo-color-min.png","width":434,"height":72,"caption":"Bioventus"},"image":{"@id":"https:\/\/www.bioventus.com\/de\/#\/schema\/logo\/image\/"},"sameAs":["https:\/\/x.com\/BioventusGlobal","https:\/\/www.linkedin.com\/company\/bioventus\/","https:\/\/www.youtube.com\/user\/Bioventus"]}]}},"_links":{"self":[{"href":"https:\/\/www.bioventus.com\/de\/wp-json\/wp\/v2\/pages\/13357","targetHints":{"allow":["GET"]}}],"collection":[{"href":"https:\/\/www.bioventus.com\/de\/wp-json\/wp\/v2\/pages"}],"about":[{"href":"https:\/\/www.bioventus.com\/de\/wp-json\/wp\/v2\/types\/page"}],"author":[{"embeddable":true,"href":"https:\/\/www.bioventus.com\/de\/wp-json\/wp\/v2\/users\/4"}],"replies":[{"embeddable":true,"href":"https:\/\/www.bioventus.com\/de\/wp-json\/wp\/v2\/comments?post=13357"}],"version-history":[{"count":0,"href":"https:\/\/www.bioventus.com\/de\/wp-json\/wp\/v2\/pages\/13357\/revisions"}],"up":[{"embeddable":true,"href":"https:\/\/www.bioventus.com\/de\/wp-json\/wp\/v2\/pages\/11959"}],"wp:featuredmedia":[{"embeddable":true,"href":"https:\/\/www.bioventus.com\/de\/wp-json\/wp\/v2\/media\/11701"}],"wp:attachment":[{"href":"https:\/\/www.bioventus.com\/de\/wp-json\/wp\/v2\/media?parent=13357"}],"curies":[{"name":"wp","href":"https:\/\/api.w.org\/{rel}","templated":true}]}}