{"id":13077,"date":"2021-08-05T20:47:19","date_gmt":"2021-08-05T20:47:19","guid":{"rendered":"http:\/\/bioventuspub.wpengine.com\/?page_id=13077"},"modified":"2021-08-05T20:49:51","modified_gmt":"2021-08-05T20:49:51","slug":"patient-assistance-program","status":"publish","type":"page","link":"https:\/\/www.bioventus.com\/de\/patient-assistance-program\/","title":{"rendered":"Patient Assistance Program"},"content":{"rendered":"<div class=\"wpb-content-wrapper\"><p>[vc_row row_height_percent=&#8220;0&#8243; override_padding=&#8220;yes&#8220; h_padding=&#8220;2&#8243; top_padding=&#8220;2&#8243; bottom_padding=&#8220;3&#8243; overlay_alpha=&#8220;50&#8243; gutter_size=&#8220;3&#8243; column_width_percent=&#8220;100&#8243; shift_y=&#8220;0&#8243; z_index=&#8220;0&#8243;][vc_column column_width_percent=&#8220;100&#8243; gutter_size=&#8220;3&#8243; overlay_alpha=&#8220;50&#8243; shift_x=&#8220;0&#8243; shift_y=&#8220;0&#8243; shift_y_down=&#8220;0&#8243; z_index=&#8220;0&#8243; medium_width=&#8220;0&#8243; mobile_width=&#8220;0&#8243; width=&#8220;1\/3&#8243; el_class=&#8220;product-detail-sidebar&#8220;][vc_column_text]<\/p>\n<h4>BV360-Kostenerstattung<\/h4>\n<hr \/>\n<p>[\/vc_column_text][vc_column_text]Um Unterst\u00fctzung bei der Behandlung eines Patienten zu beantragen, f\u00fchren Sie bitte eine \u00dcberpr\u00fcfung der Anspruchsberechtigung mittels BV360 durch.<\/p>\n<p>1-833-MyBV360 (692-8360)<br \/>\n<a href=\"http:\/\/MyBV360.com\" target=\"_blank\" rel=\"noopener noreferrer\">MyBV360.com<\/a><\/p>\n<p><a href=\"https:\/\/www.bioventusglobal.com\/wp-content\/uploads\/FRM-000436.pdf\" target=\"_blank\" rel=\"noopener noreferrer\">Formular Unterst\u00fctzungsprogramm f\u00fcr Patienten<\/a>[\/vc_column_text][\/vc_column][vc_column column_width_percent=&#8220;100&#8243; gutter_size=&#8220;3&#8243; overlay_alpha=&#8220;50&#8243; shift_x=&#8220;0&#8243; shift_y=&#8220;0&#8243; shift_y_down=&#8220;0&#8243; z_index=&#8220;0&#8243; medium_width=&#8220;0&#8243; mobile_width=&#8220;0&#8243; width=&#8220;2\/3&#8243; el_class=&#8220;product-detail-sidebar&#8220;][vc_column_text]<strong>Bioventus m\u00f6chte Patienten, die nicht \u00fcber die notwendigen finanziellen Mittel f\u00fcr die Behandlung verf\u00fcgen, den Zugang zu SUPARTZ FX, GELSYN-3 und DUROLANE erm\u00f6glichen, indem diese Produkte kostenlos zur Verf\u00fcgung gestellt werden.<\/strong><\/p>\n<h3>Zugangsanforderungen<\/h3>\n<ul>\n<li>Der Patient muss mindestens 18 Jahre alt sein.<\/li>\n<li>Der Patient muss ein g\u00fcltiges Rezept haben.<\/li>\n<li>Der Patient muss seinen Wohnsitz in den USA oder in US-Territorien haben.<\/li>\n<li>Der Patient darf keinen oder nur einen nicht gen\u00fcgenden Versicherungsschutz haben, damit die Kosten f\u00fcr das Bioventus-Medikament \u00fcbernommen werden.<\/li>\n<li>Das Einkommen des Patienten muss unter 300\u00a0% der staatlichen Armutsgrenze liegen, die unter <a href=\"https:\/\/aspe.hhs.gov\/poverty-guidelines\" target=\"_blank\" rel=\"noopener\">https:\/\/aspe.hhs.gov\/poverty-guidelines<\/a> zu finden ist.<\/li>\n<li>Der Patient muss eine Kopie eines der folgenden Dokumente vorlegen, aus denen das j\u00e4hrliche Gesamteinkommen hervorgeht, und der Behandler muss sie mit diesem Antrag einreichen:\n<ul>\n<li>Steuererkl\u00e4rung des Vorjahres (Formular 1040 oder 1040EZ)<\/li>\n<li>Lohn- und Steuerbescheinigungen (W-2-Formulare)<\/li>\n<li>Zwei aktuelle Lohnabrechnungen<\/li>\n<li>Sozialversicherungs-, Renten- oder Pensionsbescheinigungen (SSA-1099 oder \u00c4hnliches)<\/li>\n<\/ul>\n<\/li>\n<\/ul>\n<p>[\/vc_column_text][vc_column_text]<\/p>\n<h3>Richtlinie staatliche Armutsgrenze f\u00fcr 2020<\/h3>\n<p>[\/vc_column_text][vc_raw_html]JTNDdGFibGUlMjBib3JkZXIlM0QlMjIwJTIyJTIwY2VsbHNwYWNpbmclM0QlMjIwJTIyJTIwY2VsbHBhZGRpbmclM0QlMjIwJTIyJTNFJTBBJTNDdGJvZHklM0UlMEElM0N0ciUzRSUwQSUwOSUzQ3RkJTIwY2xhc3MlM0QlMjJoZWFkJTIyJTNFRmFtaWxpZW5taXRnbGllZGVyJTNDJTJGdGQlM0UlMEElMDklM0N0ZCUyMGNsYXNzJTNEJTIyaGVhZCUyMiUzRTMwMCUyNSUzQyUyRnRkJTNFJTBBJTNDJTJGdHIlM0UlMEElM0N0ciUzRSUwQSUwOSUzQ3RkJTNFMSUzQyUyRnRkJTNFJTBBJTA5JTNDdGQlM0UzOC4yODAlMjAlMjQlM0MlMkZ0ZCUzRSUwQSUzQyUyRnRyJTNFJTBBJTNDdHIlMjBjbGFzcyUzRCUyMmdyYXktcm93JTIyJTNFJTBBJTA5JTNDdGQlM0UyJTNDJTJGdGQlM0UlMEElMDklM0N0ZCUzRTUxLjcyMCUyMCUyNCUzQyUyRnRkJTNFJTBBJTNDJTJGdHIlM0UlMEElM0N0ciUzRSUwQSUwOSUzQ3RkJTNFMyUzQyUyRnRkJTNFJTBBJTA5JTNDdGQlM0U2NS4xNjAlMjAlMjQlM0MlMkZ0ZCUzRSUwQSUzQyUyRnRyJTNFJTBBJTNDdHIlMjBjbGFzcyUzRCUyMmdyYXktcm93JTIyJTNFJTBBJTA5JTNDdGQlM0U0JTNDJTJGdGQlM0UlMEElMDklM0N0ZCUzRTc4LjYwMCUyMCUyNCUzQyUyRnRkJTNFJTBBJTNDJTJGdHIlM0UlMEElM0N0ciUzRSUwQSUwOSUzQ3RkJTNFNSUzQyUyRnRkJTNFJTBBJTA5JTNDdGQlM0U5Mi4wNDAlMjAlMjQlM0MlMkZ0ZCUzRSUwQSUzQyUyRnRyJTNFJTBBJTNDdHIlMjBjbGFzcyUzRCUyMmdyYXktcm93JTIyJTNFJTBBJTA5JTNDdGQlM0U2JTNDJTJGdGQlM0UlMEElMDklM0N0ZCUzRTEwNS40ODAlMjAlMjQlM0MlMkZ0ZCUzRSUwQSUzQyUyRnRyJTNFJTBBJTNDdHIlM0UlMEElMDklM0N0ZCUzRTclM0MlMkZ0ZCUzRSUwQSUwOSUzQ3RkJTNFMTE4LjkyMCUyMCUyNCUzQyUyRnRkJTNFJTBBJTNDJTJGdHIlM0UlMEElM0N0ciUyMGNsYXNzJTNEJTIyZ3JheS1yb3clMjIlM0UlMEElMDklM0N0ZCUzRTglM0MlMkZ0ZCUzRSUwQSUwOSUzQ3RkJTNFMTMyLjM2MCUyMCUyNCUzQyUyRnRkJTNFJTBBJTNDJTJGdHIlM0UlMEElM0MlMkZ0Ym9keSUzRSUwQSUzQyUyRnRhYmxlJTNF[\/vc_raw_html][vc_column_text]<\/p>\n<p class=\"footnote\">*F\u00fcr Haushalte mit mehr als 8 Personen kommen pro Jahr f\u00fcr jede weitere Person zus\u00e4tzlich 4.420 $ hinzu. Die Tabelle gilt f\u00fcr die 48 zusammenh\u00e4ngenden Staaten und den District of Columbia; f\u00fcr Hawaii und Alaska rufen Sie bitte <a href=\"http:\/\/aspe.hhs.gov\" target=\"_blank\" rel=\"noopener noreferrer\">http:\/\/aspe.hhs.gov<\/a>.<\/p>\n<p>[\/vc_column_text][\/vc_column][\/vc_row]<\/p>\n<\/div>","protected":false},"excerpt":{"rendered":"<p>[vc_row row_height_percent=&#8220;0&#8243; override_padding=&#8220;yes&#8220; h_padding=&#8220;2&#8243; top_padding=&#8220;2&#8243; bottom_padding=&#8220;3&#8243; overlay_alpha=&#8220;50&#8243; gutter_size=&#8220;3&#8243; column_width_percent=&#8220;100&#8243; shift_y=&#8220;0&#8243; z_index=&#8220;0&#8243;][vc_column column_width_percent=&#8220;100&#8243; gutter_size=&#8220;3&#8243; overlay_alpha=&#8220;50&#8243; shift_x=&#8220;0&#8243; shift_y=&#8220;0&#8243; shift_y_down=&#8220;0&#8243; z_index=&#8220;0&#8243; medium_width=&#8220;0&#8243; mobile_width=&#8220;0&#8243; [&hellip;]<\/p>\n","protected":false},"author":1,"featured_media":152,"parent":0,"menu_order":0,"comment_status":"closed","ping_status":"closed","template":"","meta":{"footnotes":""},"class_list":["post-13077","page","type-page","status-publish","has-post-thumbnail","hentry"],"yoast_head":"<!-- This site is optimized with the Yoast SEO plugin v27.4 - https:\/\/yoast.com\/product\/yoast-seo-wordpress\/ -->\n<title>Patient Assistance Program - Bioventus<\/title>\n<meta name=\"robots\" content=\"index, follow, max-snippet:-1, max-image-preview:large, max-video-preview:-1\" \/>\n<link rel=\"canonical\" href=\"https:\/\/www.bioventus.com\/de\/patient-assistance-program\/\" \/>\n<meta property=\"og:locale\" content=\"de_DE\" \/>\n<meta property=\"og:type\" content=\"article\" \/>\n<meta property=\"og:title\" content=\"Patient Assistance Program - Bioventus\" \/>\n<meta property=\"og:description\" content=\"[vc_row row_height_percent=&#8220;0&#8243; override_padding=&#8220;yes&#8220; h_padding=&#8220;2&#8243; top_padding=&#8220;2&#8243; bottom_padding=&#8220;3&#8243; overlay_alpha=&#8220;50&#8243; gutter_size=&#8220;3&#8243; column_width_percent=&#8220;100&#8243; shift_y=&#8220;0&#8243; z_index=&#8220;0&#8243;][vc_column column_width_percent=&#8220;100&#8243; gutter_size=&#8220;3&#8243; overlay_alpha=&#8220;50&#8243; shift_x=&#8220;0&#8243; shift_y=&#8220;0&#8243; shift_y_down=&#8220;0&#8243; z_index=&#8220;0&#8243; medium_width=&#8220;0&#8243; mobile_width=&#8220;0&#8243; [&hellip;]\" \/>\n<meta property=\"og:url\" content=\"https:\/\/www.bioventus.com\/de\/patient-assistance-program\/\" \/>\n<meta property=\"og:site_name\" content=\"Bioventus\" \/>\n<meta property=\"article:modified_time\" content=\"2021-08-05T20:49:51+00:00\" \/>\n<meta property=\"og:image\" content=\"https:\/\/www.bioventus.com\/wp-content\/uploads\/2020\/05\/product_detail_header@2x-scaled.jpg\" \/>\n\t<meta property=\"og:image:width\" content=\"2560\" \/>\n\t<meta property=\"og:image:height\" content=\"533\" \/>\n\t<meta property=\"og:image:type\" content=\"image\/jpeg\" \/>\n<meta name=\"twitter:card\" content=\"summary_large_image\" \/>\n<meta name=\"twitter:site\" content=\"@BioventusGlobal\" \/>\n<meta name=\"twitter:label1\" content=\"Gesch\u00e4tzte Lesezeit\" \/>\n\t<meta name=\"twitter:data1\" content=\"2 Minuten\" \/>\n<script type=\"application\/ld+json\" class=\"yoast-schema-graph\">{\"@context\":\"https:\\\/\\\/schema.org\",\"@graph\":[{\"@type\":\"WebPage\",\"@id\":\"https:\\\/\\\/www.bioventus.com\\\/de\\\/patient-assistance-program\\\/\",\"url\":\"https:\\\/\\\/www.bioventus.com\\\/de\\\/patient-assistance-program\\\/\",\"name\":\"Patient Assistance Program - Bioventus\",\"isPartOf\":{\"@id\":\"https:\\\/\\\/www.bioventus.com\\\/de\\\/#website\"},\"primaryImageOfPage\":{\"@id\":\"https:\\\/\\\/www.bioventus.com\\\/de\\\/patient-assistance-program\\\/#primaryimage\"},\"image\":{\"@id\":\"https:\\\/\\\/www.bioventus.com\\\/de\\\/patient-assistance-program\\\/#primaryimage\"},\"thumbnailUrl\":\"https:\\\/\\\/www.bioventus.com\\\/wp-content\\\/uploads\\\/2020\\\/05\\\/product_detail_header@2x-scaled.jpg\",\"datePublished\":\"2021-08-05T20:47:19+00:00\",\"dateModified\":\"2021-08-05T20:49:51+00:00\",\"breadcrumb\":{\"@id\":\"https:\\\/\\\/www.bioventus.com\\\/de\\\/patient-assistance-program\\\/#breadcrumb\"},\"inLanguage\":\"de-DE\",\"potentialAction\":[{\"@type\":\"ReadAction\",\"target\":[\"https:\\\/\\\/www.bioventus.com\\\/de\\\/patient-assistance-program\\\/\"]}]},{\"@type\":\"ImageObject\",\"inLanguage\":\"de-DE\",\"@id\":\"https:\\\/\\\/www.bioventus.com\\\/de\\\/patient-assistance-program\\\/#primaryimage\",\"url\":\"https:\\\/\\\/www.bioventus.com\\\/wp-content\\\/uploads\\\/2020\\\/05\\\/product_detail_header@2x-scaled.jpg\",\"contentUrl\":\"https:\\\/\\\/www.bioventus.com\\\/wp-content\\\/uploads\\\/2020\\\/05\\\/product_detail_header@2x-scaled.jpg\",\"width\":2560,\"height\":533},{\"@type\":\"BreadcrumbList\",\"@id\":\"https:\\\/\\\/www.bioventus.com\\\/de\\\/patient-assistance-program\\\/#breadcrumb\",\"itemListElement\":[{\"@type\":\"ListItem\",\"position\":1,\"name\":\"Home\",\"item\":\"https:\\\/\\\/www.bioventus.com\\\/de\\\/\"},{\"@type\":\"ListItem\",\"position\":2,\"name\":\"Patient Assistance Program\"}]},{\"@type\":\"WebSite\",\"@id\":\"https:\\\/\\\/www.bioventus.com\\\/de\\\/#website\",\"url\":\"https:\\\/\\\/www.bioventus.com\\\/de\\\/\",\"name\":\"Bioventus\",\"description\":\"Active Healing through Orthobiologics\",\"publisher\":{\"@id\":\"https:\\\/\\\/www.bioventus.com\\\/de\\\/#organization\"},\"potentialAction\":[{\"@type\":\"SearchAction\",\"target\":{\"@type\":\"EntryPoint\",\"urlTemplate\":\"https:\\\/\\\/www.bioventus.com\\\/de\\\/?s={search_term_string}\"},\"query-input\":{\"@type\":\"PropertyValueSpecification\",\"valueRequired\":true,\"valueName\":\"search_term_string\"}}],\"inLanguage\":\"de-DE\"},{\"@type\":\"Organization\",\"@id\":\"https:\\\/\\\/www.bioventus.com\\\/de\\\/#organization\",\"name\":\"Bioventus\",\"url\":\"https:\\\/\\\/www.bioventus.com\\\/de\\\/\",\"logo\":{\"@type\":\"ImageObject\",\"inLanguage\":\"de-DE\",\"@id\":\"https:\\\/\\\/www.bioventus.com\\\/de\\\/#\\\/schema\\\/logo\\\/image\\\/\",\"url\":\"http:\\\/\\\/www.bioventus.com\\\/wp-content\\\/uploads\\\/2020\\\/04\\\/bioventus-logo-color-min.png\",\"contentUrl\":\"http:\\\/\\\/www.bioventus.com\\\/wp-content\\\/uploads\\\/2020\\\/04\\\/bioventus-logo-color-min.png\",\"width\":434,\"height\":72,\"caption\":\"Bioventus\"},\"image\":{\"@id\":\"https:\\\/\\\/www.bioventus.com\\\/de\\\/#\\\/schema\\\/logo\\\/image\\\/\"},\"sameAs\":[\"https:\\\/\\\/x.com\\\/BioventusGlobal\",\"https:\\\/\\\/www.linkedin.com\\\/company\\\/bioventus\\\/\",\"https:\\\/\\\/www.youtube.com\\\/user\\\/Bioventus\"]}]}<\/script>\n<!-- \/ Yoast SEO plugin. -->","yoast_head_json":{"title":"Patient Assistance Program - Bioventus","robots":{"index":"index","follow":"follow","max-snippet":"max-snippet:-1","max-image-preview":"max-image-preview:large","max-video-preview":"max-video-preview:-1"},"canonical":"https:\/\/www.bioventus.com\/de\/patient-assistance-program\/","og_locale":"de_DE","og_type":"article","og_title":"Patient Assistance Program - Bioventus","og_description":"[vc_row row_height_percent=&#8220;0&#8243; override_padding=&#8220;yes&#8220; h_padding=&#8220;2&#8243; top_padding=&#8220;2&#8243; bottom_padding=&#8220;3&#8243; overlay_alpha=&#8220;50&#8243; gutter_size=&#8220;3&#8243; column_width_percent=&#8220;100&#8243; shift_y=&#8220;0&#8243; z_index=&#8220;0&#8243;][vc_column column_width_percent=&#8220;100&#8243; gutter_size=&#8220;3&#8243; overlay_alpha=&#8220;50&#8243; shift_x=&#8220;0&#8243; shift_y=&#8220;0&#8243; shift_y_down=&#8220;0&#8243; z_index=&#8220;0&#8243; medium_width=&#8220;0&#8243; mobile_width=&#8220;0&#8243; [&hellip;]","og_url":"https:\/\/www.bioventus.com\/de\/patient-assistance-program\/","og_site_name":"Bioventus","article_modified_time":"2021-08-05T20:49:51+00:00","og_image":[{"width":2560,"height":533,"url":"https:\/\/www.bioventus.com\/wp-content\/uploads\/2020\/05\/product_detail_header@2x-scaled.jpg","type":"image\/jpeg"}],"twitter_card":"summary_large_image","twitter_site":"@BioventusGlobal","twitter_misc":{"Gesch\u00e4tzte Lesezeit":"2 Minuten"},"schema":{"@context":"https:\/\/schema.org","@graph":[{"@type":"WebPage","@id":"https:\/\/www.bioventus.com\/de\/patient-assistance-program\/","url":"https:\/\/www.bioventus.com\/de\/patient-assistance-program\/","name":"Patient Assistance Program - Bioventus","isPartOf":{"@id":"https:\/\/www.bioventus.com\/de\/#website"},"primaryImageOfPage":{"@id":"https:\/\/www.bioventus.com\/de\/patient-assistance-program\/#primaryimage"},"image":{"@id":"https:\/\/www.bioventus.com\/de\/patient-assistance-program\/#primaryimage"},"thumbnailUrl":"https:\/\/www.bioventus.com\/wp-content\/uploads\/2020\/05\/product_detail_header@2x-scaled.jpg","datePublished":"2021-08-05T20:47:19+00:00","dateModified":"2021-08-05T20:49:51+00:00","breadcrumb":{"@id":"https:\/\/www.bioventus.com\/de\/patient-assistance-program\/#breadcrumb"},"inLanguage":"de-DE","potentialAction":[{"@type":"ReadAction","target":["https:\/\/www.bioventus.com\/de\/patient-assistance-program\/"]}]},{"@type":"ImageObject","inLanguage":"de-DE","@id":"https:\/\/www.bioventus.com\/de\/patient-assistance-program\/#primaryimage","url":"https:\/\/www.bioventus.com\/wp-content\/uploads\/2020\/05\/product_detail_header@2x-scaled.jpg","contentUrl":"https:\/\/www.bioventus.com\/wp-content\/uploads\/2020\/05\/product_detail_header@2x-scaled.jpg","width":2560,"height":533},{"@type":"BreadcrumbList","@id":"https:\/\/www.bioventus.com\/de\/patient-assistance-program\/#breadcrumb","itemListElement":[{"@type":"ListItem","position":1,"name":"Home","item":"https:\/\/www.bioventus.com\/de\/"},{"@type":"ListItem","position":2,"name":"Patient Assistance Program"}]},{"@type":"WebSite","@id":"https:\/\/www.bioventus.com\/de\/#website","url":"https:\/\/www.bioventus.com\/de\/","name":"Bioventus","description":"Active Healing through Orthobiologics","publisher":{"@id":"https:\/\/www.bioventus.com\/de\/#organization"},"potentialAction":[{"@type":"SearchAction","target":{"@type":"EntryPoint","urlTemplate":"https:\/\/www.bioventus.com\/de\/?s={search_term_string}"},"query-input":{"@type":"PropertyValueSpecification","valueRequired":true,"valueName":"search_term_string"}}],"inLanguage":"de-DE"},{"@type":"Organization","@id":"https:\/\/www.bioventus.com\/de\/#organization","name":"Bioventus","url":"https:\/\/www.bioventus.com\/de\/","logo":{"@type":"ImageObject","inLanguage":"de-DE","@id":"https:\/\/www.bioventus.com\/de\/#\/schema\/logo\/image\/","url":"http:\/\/www.bioventus.com\/wp-content\/uploads\/2020\/04\/bioventus-logo-color-min.png","contentUrl":"http:\/\/www.bioventus.com\/wp-content\/uploads\/2020\/04\/bioventus-logo-color-min.png","width":434,"height":72,"caption":"Bioventus"},"image":{"@id":"https:\/\/www.bioventus.com\/de\/#\/schema\/logo\/image\/"},"sameAs":["https:\/\/x.com\/BioventusGlobal","https:\/\/www.linkedin.com\/company\/bioventus\/","https:\/\/www.youtube.com\/user\/Bioventus"]}]}},"_links":{"self":[{"href":"https:\/\/www.bioventus.com\/de\/wp-json\/wp\/v2\/pages\/13077","targetHints":{"allow":["GET"]}}],"collection":[{"href":"https:\/\/www.bioventus.com\/de\/wp-json\/wp\/v2\/pages"}],"about":[{"href":"https:\/\/www.bioventus.com\/de\/wp-json\/wp\/v2\/types\/page"}],"author":[{"embeddable":true,"href":"https:\/\/www.bioventus.com\/de\/wp-json\/wp\/v2\/users\/1"}],"replies":[{"embeddable":true,"href":"https:\/\/www.bioventus.com\/de\/wp-json\/wp\/v2\/comments?post=13077"}],"version-history":[{"count":0,"href":"https:\/\/www.bioventus.com\/de\/wp-json\/wp\/v2\/pages\/13077\/revisions"}],"wp:featuredmedia":[{"embeddable":true,"href":"https:\/\/www.bioventus.com\/de\/wp-json\/wp\/v2\/media\/152"}],"wp:attachment":[{"href":"https:\/\/www.bioventus.com\/de\/wp-json\/wp\/v2\/media?parent=13077"}],"curies":[{"name":"wp","href":"https:\/\/api.w.org\/{rel}","templated":true}]}}