{"id":12469,"date":"2020-06-04T16:03:47","date_gmt":"2020-06-04T16:03:47","guid":{"rendered":"http:\/\/bioventuspub.wpengine.com\/investigator-initiated-study-request\/"},"modified":"2021-08-24T15:26:44","modified_gmt":"2021-08-24T15:26:44","slug":"investigator-initiated-study-request","status":"publish","type":"page","link":"https:\/\/www.bioventus.com\/de\/physicians\/investigator-initiated-study-request\/","title":{"rendered":"Antrag auf eine Pr\u00fcfer-initiierte Studie"},"content":{"rendered":"<div class=\"wpb-content-wrapper\"><p>[vc_row unlock_row=&#8220;&#8220; row_height_percent=&#8220;0&#8243; override_padding=&#8220;yes&#8220; h_padding=&#8220;2&#8243; top_padding=&#8220;0&#8243; bottom_padding=&#8220;0&#8243; overlay_alpha=&#8220;50&#8243; gutter_size=&#8220;3&#8243; column_width_percent=&#8220;100&#8243; shift_y=&#8220;0&#8243; z_index=&#8220;0&#8243;][vc_column column_width_percent=&#8220;100&#8243; gutter_size=&#8220;3&#8243; overlay_alpha=&#8220;50&#8243; shift_x=&#8220;0&#8243; shift_y=&#8220;0&#8243; shift_y_down=&#8220;0&#8243; z_index=&#8220;0&#8243; medium_width=&#8220;0&#8243; mobile_width=&#8220;0&#8243; width=&#8220;1\/12&#8243; el_class=&#8220;map-container&#8220; css=&#8220;.vc_custom_1589401244102{padding-bottom: 50px !important;}&#8220;][\/vc_column][vc_column column_width_percent=&#8220;100&#8243; align_horizontal=&#8220;align_center&#8220; gutter_size=&#8220;3&#8243; back_color=&#8220;color-xsdn&#8220; overlay_alpha=&#8220;50&#8243; shift_x=&#8220;-2&#8243; shift_y=&#8220;0&#8243; shift_y_down=&#8220;0&#8243; z_index=&#8220;0&#8243; medium_width=&#8220;0&#8243; mobile_width=&#8220;0&#8243; width=&#8220;10\/12&#8243; el_class=&#8220;secondary-page-header&#8220;][vc_column_text]<\/p>\n<h2>Antrag auf eine Pr\u00fcfer-initiierte Studie<\/h2>\n<hr class=\"separator-break separator-accent\" \/>\n<h3 style=\"margin-right: 9.0pt;\"><span lang=\"DE\">Verfahren zur Beantragung von Unterst\u00fctzung f\u00fcr pr\u00e4klinische und klinische Studien auf Initiative des Pr\u00fcfers<\/span><\/h3>\n<p style=\"margin-right: -9.0pt;\"><span lang=\"DE\">Der Ausschuss f\u00fcr Pr\u00fcfer-initiierte Studien ist mit der Pr\u00fcfung von Antr\u00e4gen auf Unterst\u00fctzung f\u00fcr pr\u00e4klinische und klinische Studien betraut. Der Ausschuss kann eine Finanzierung an Institutionen, medizinische Stiftungen und Fachgesellschaften vergeben, die sich um das \u00f6ffentliche Gesundheitswesen, wissenschaftliche Forschung und\/oder medizinische Ausbildung bem\u00fchen.<\/span><\/p>\n<p><span lang=\"DE\">Bei klinischen Studien ist der Pr\u00fcfer daf\u00fcr verantwortlich, die Genehmigung des Pr\u00fcfungsgremiums (\u201eInstitutional Review Board\u201c, IRB) einzuholen, bevor Bioventus die ersten Mittel f\u00fcr die Studie bereitstellt. Bei pr\u00e4klinischen Studien ist der Pr\u00fcfer f\u00fcr die Einhaltung der entsprechenden ethischen Richtlinien auf nationaler Ebene verantwortlich. Sowohl klinische als auch pr\u00e4klinische Studien werden durch den Ausschuss f\u00fcr Pr\u00fcfer-initiierte Studien einer zus\u00e4tzlichen \u00dcberpr\u00fcfung auf Ethik-Standards unterzogen.<\/span><\/p>\n<p style=\"margin-right: -13.5pt;\"><span lang=\"DE\">Bei Studien zu neuen Indikationen ist der Pr\u00fcfer f\u00fcr die Einholung der beh\u00f6rdlichen Genehmigung durch die zust\u00e4ndige nationale Stelle verantwortlich. In den USA wird die Zulassung f\u00fcr Pr\u00fcfer-initiierte IDE-Studien (\u201eInvestigational Device Exemption\u201c) von der FDA erteilt.<\/span><\/p>\n<p>[\/vc_column_text][\/vc_column][vc_column width=&#8220;1\/12&#8243;][\/vc_column][\/vc_row][vc_row unlock_row=&#8220;&#8220; row_height_percent=&#8220;0&#8243; override_padding=&#8220;yes&#8220; h_padding=&#8220;2&#8243; top_padding=&#8220;2&#8243; bottom_padding=&#8220;3&#8243; overlay_alpha=&#8220;50&#8243; gutter_size=&#8220;3&#8243; column_width_percent=&#8220;100&#8243; shift_y=&#8220;0&#8243; z_index=&#8220;0&#8243;][vc_column width=&#8220;1\/12&#8243;][\/vc_column][vc_column width=&#8220;10\/12&#8243;][vc_tabs][vc_tab gutter_size=&#8220;2&#8243; column_padding=&#8220;2&#8243; title=&#8220;So beantragen Sie Unterst\u00fctzung f\u00fcr eine Studie&#8220; tab_id=&#8220;1620235498209-3-1&#8243;][vc_row_inner limit_content=&#8220;&#8220;][vc_column_inner width=&#8220;1\/2&#8243;][vc_column_text css=&#8220;.vc_custom_1629818666179{margin-bottom: 30px !important;}&#8220;]<strong>Jeder schriftliche Antrag muss Folgendes enthalten:<\/strong><\/p>\n<ol>\n<li>Name und Adresse des Forschungsinstituts<\/li>\n<li>Hauptpr\u00fcfer<\/li>\n<li>Ein Studienprotokoll mit den folgenden Informationen<\/li>\n<\/ol>\n<ul>\n<li style=\"list-style-type: none;\">\n<ul>\n<li>Zweck der Studie<\/li>\n<li>Hintergrund\/\u00dcberblick<\/li>\n<li>Methoden<\/li>\n<li>Studiendesign<\/li>\n<li>Variablen der Studie\n<ul>\n<li>Prim\u00e4re Variablen<\/li>\n<li>Sekund\u00e4re Variablen<\/li>\n<li>Explorative Variablen<\/li>\n<\/ul>\n<\/li>\n<li>Gesch\u00e4tzte Stichprobengr\u00f6\u00dfe<\/li>\n<li>Einschluss-\/Ausschlusskriterien<\/li>\n<li>Statistische Methoden und Annahmen (falls vorhanden)<\/li>\n<\/ul>\n<\/li>\n<\/ul>\n<p>[\/vc_column_text][\/vc_column_inner][vc_column_inner width=&#8220;1\/2&#8243;][vc_column_text css=&#8220;.vc_custom_1629818682570{margin-bottom: 30px !important;}&#8220;]<\/p>\n<ol start=\"4\">\n<li>Kriterium f\u00fcr den Studienerfolg<\/li>\n<li>Zeitplan f\u00fcr die Studie<\/li>\n<li>Realistische Ziele f\u00fcr Patientenauswahl und Follow-up-Zeitraum<\/li>\n<li>Lebensl\u00e4ufe aller Pr\u00fcfer<\/li>\n<li>Der gew\u00fcnschte Betrag und ein Konzept, wie die Mittel ausgegeben werden<\/li>\n<li>Bei Produktspenden sollte eine Liste der gew\u00fcnschten Produkte beigelegt werden<\/li>\n<\/ol>\n<p>[\/vc_column_text][\/vc_column_inner][\/vc_row_inner][vc_column_text]Es k\u00f6nnen zus\u00e4tzliche Informationen angefordert werden.[\/vc_column_text][\/vc_tab][vc_tab gutter_size=&#8220;2&#8243; column_padding=&#8220;2&#8243; title=&#8220;Schwerpunkte&#8220; tab_id=&#8220;1589921407-2-14&#8243;][vc_row_inner limit_content=&#8220;&#8220;][vc_column_inner width=&#8220;1\/2&#8243;][vc_column_text css=&#8220;.vc_custom_1629818758708{margin-bottom: 30px !important;}&#8220;]<strong>Hyalurons\u00e4ure-Behandlung f\u00fcr neue Indikationen oder neue Gelenke<\/strong><\/p>\n<ul>\n<li>Kleine Gelenke<\/li>\n<li>Vergleichende Hyalurons\u00e4ure-Studien (Wirkstoff vs. Placebo)<\/li>\n<li>Gesundheits\u00f6konomie &amp; Ergebnisforschung (\u201eHealth Economic Outcomes Research\u201c, HEOR)<\/li>\n<li>Pharmako\u00f6konomische Daten \u2013 Kosten bei unerw\u00fcnschten Ereignissen<\/li>\n<li>Daten zu Wirkungsdauer und Sicherheit<\/li>\n<li>Sicherheits- und Wirksamkeitsdaten bei wiederholter Verabreichung<\/li>\n<\/ul>\n<p>[\/vc_column_text][\/vc_column_inner][vc_column_inner width=&#8220;1\/2&#8243;][vc_column_text css=&#8220;.vc_custom_1629818768283{margin-bottom: 30px !important;}&#8220;]<strong>Chirurgie<\/strong><\/p>\n<ul>\n<li>Klinische Studien und Fallstudien<\/li>\n<li>Knochentransplantation (Wirbels\u00e4ule und Trauma-Knochentransplantation)<\/li>\n<li>Fu\u00df- und Kn\u00f6chelchirurgie<\/li>\n<\/ul>\n<p>[\/vc_column_text][\/vc_column_inner][\/vc_row_inner][\/vc_tab][vc_tab gutter_size=&#8220;2&#8243; column_padding=&#8220;2&#8243; title=&#8220;Einen Antrag f\u00fcr eine Studie einreichen&#8220; tab_id=&#8220;1591126557545-2-7&#8243;][vc_column_text]<strong>Bitte klicken Sie auf den folgenden Link, um<\/strong><br \/>\n<a href=\"https:\/\/app.smartsheet.com\/b\/form\/6732616a7b224eb29346610ac6676b71\">Unterst\u00fctzung f\u00fcr eine Studie zu beantragen<\/a>[\/vc_column_text][\/vc_tab][\/vc_tabs][\/vc_column][vc_column width=&#8220;1\/12&#8243;][\/vc_column][\/vc_row]<\/p>\n<\/div>","protected":false},"excerpt":{"rendered":"<p>[vc_row unlock_row=&#8220;&#8220; row_height_percent=&#8220;0&#8243; override_padding=&#8220;yes&#8220; h_padding=&#8220;2&#8243; top_padding=&#8220;0&#8243; bottom_padding=&#8220;0&#8243; overlay_alpha=&#8220;50&#8243; gutter_size=&#8220;3&#8243; column_width_percent=&#8220;100&#8243; shift_y=&#8220;0&#8243; z_index=&#8220;0&#8243;][vc_column column_width_percent=&#8220;100&#8243; gutter_size=&#8220;3&#8243; overlay_alpha=&#8220;50&#8243; shift_x=&#8220;0&#8243; shift_y=&#8220;0&#8243; shift_y_down=&#8220;0&#8243; z_index=&#8220;0&#8243; medium_width=&#8220;0&#8243; [&hellip;]<\/p>\n","protected":false},"author":1,"featured_media":0,"parent":12336,"menu_order":0,"comment_status":"closed","ping_status":"closed","template":"","meta":{"footnotes":""},"class_list":["post-12469","page","type-page","status-publish","hentry"],"yoast_head":"<!-- This site is optimized with the Yoast SEO plugin v27.3 - https:\/\/yoast.com\/product\/yoast-seo-wordpress\/ -->\n<title>Antrag auf eine Pr\u00fcfer-initiierte Studie - Bioventus<\/title>\n<meta name=\"robots\" content=\"index, follow, max-snippet:-1, max-image-preview:large, max-video-preview:-1\" \/>\n<link rel=\"canonical\" href=\"https:\/\/www.bioventus.com\/de\/physicians\/investigator-initiated-study-request\/\" \/>\n<meta property=\"og:locale\" content=\"de_DE\" \/>\n<meta property=\"og:type\" content=\"article\" \/>\n<meta property=\"og:title\" content=\"Antrag auf eine Pr\u00fcfer-initiierte Studie - Bioventus\" \/>\n<meta property=\"og:description\" content=\"[vc_row unlock_row=&#8220;&#8220; row_height_percent=&#8220;0&#8243; override_padding=&#8220;yes&#8220; h_padding=&#8220;2&#8243; top_padding=&#8220;0&#8243; bottom_padding=&#8220;0&#8243; overlay_alpha=&#8220;50&#8243; gutter_size=&#8220;3&#8243; column_width_percent=&#8220;100&#8243; shift_y=&#8220;0&#8243; z_index=&#8220;0&#8243;][vc_column column_width_percent=&#8220;100&#8243; gutter_size=&#8220;3&#8243; overlay_alpha=&#8220;50&#8243; shift_x=&#8220;0&#8243; shift_y=&#8220;0&#8243; shift_y_down=&#8220;0&#8243; z_index=&#8220;0&#8243; medium_width=&#8220;0&#8243; [&hellip;]\" \/>\n<meta property=\"og:url\" content=\"https:\/\/www.bioventus.com\/de\/physicians\/investigator-initiated-study-request\/\" \/>\n<meta property=\"og:site_name\" content=\"Bioventus\" \/>\n<meta property=\"article:modified_time\" content=\"2021-08-24T15:26:44+00:00\" \/>\n<meta name=\"twitter:card\" content=\"summary_large_image\" \/>\n<meta name=\"twitter:site\" content=\"@BioventusGlobal\" \/>\n<meta name=\"twitter:label1\" content=\"Gesch\u00e4tzte Lesezeit\" \/>\n\t<meta name=\"twitter:data1\" content=\"2 Minuten\" \/>\n<script type=\"application\/ld+json\" class=\"yoast-schema-graph\">{\"@context\":\"https:\\\/\\\/schema.org\",\"@graph\":[{\"@type\":\"WebPage\",\"@id\":\"https:\\\/\\\/www.bioventus.com\\\/de\\\/physicians\\\/investigator-initiated-study-request\\\/\",\"url\":\"https:\\\/\\\/www.bioventus.com\\\/de\\\/physicians\\\/investigator-initiated-study-request\\\/\",\"name\":\"Antrag auf eine Pr\u00fcfer-initiierte Studie - Bioventus\",\"isPartOf\":{\"@id\":\"https:\\\/\\\/www.bioventus.com\\\/de\\\/#website\"},\"datePublished\":\"2020-06-04T16:03:47+00:00\",\"dateModified\":\"2021-08-24T15:26:44+00:00\",\"breadcrumb\":{\"@id\":\"https:\\\/\\\/www.bioventus.com\\\/de\\\/physicians\\\/investigator-initiated-study-request\\\/#breadcrumb\"},\"inLanguage\":\"de-DE\",\"potentialAction\":[{\"@type\":\"ReadAction\",\"target\":[\"https:\\\/\\\/www.bioventus.com\\\/de\\\/physicians\\\/investigator-initiated-study-request\\\/\"]}]},{\"@type\":\"BreadcrumbList\",\"@id\":\"https:\\\/\\\/www.bioventus.com\\\/de\\\/physicians\\\/investigator-initiated-study-request\\\/#breadcrumb\",\"itemListElement\":[{\"@type\":\"ListItem\",\"position\":1,\"name\":\"Home\",\"item\":\"https:\\\/\\\/www.bioventus.com\\\/de\\\/\"},{\"@type\":\"ListItem\",\"position\":2,\"name\":\"\u00c4rzte\",\"item\":\"https:\\\/\\\/www.bioventus.com\\\/de\\\/physicians\\\/\"},{\"@type\":\"ListItem\",\"position\":3,\"name\":\"Antrag auf eine Pr\u00fcfer-initiierte Studie\"}]},{\"@type\":\"WebSite\",\"@id\":\"https:\\\/\\\/www.bioventus.com\\\/de\\\/#website\",\"url\":\"https:\\\/\\\/www.bioventus.com\\\/de\\\/\",\"name\":\"Bioventus\",\"description\":\"Active Healing through Orthobiologics\",\"publisher\":{\"@id\":\"https:\\\/\\\/www.bioventus.com\\\/de\\\/#organization\"},\"potentialAction\":[{\"@type\":\"SearchAction\",\"target\":{\"@type\":\"EntryPoint\",\"urlTemplate\":\"https:\\\/\\\/www.bioventus.com\\\/de\\\/?s={search_term_string}\"},\"query-input\":{\"@type\":\"PropertyValueSpecification\",\"valueRequired\":true,\"valueName\":\"search_term_string\"}}],\"inLanguage\":\"de-DE\"},{\"@type\":\"Organization\",\"@id\":\"https:\\\/\\\/www.bioventus.com\\\/de\\\/#organization\",\"name\":\"Bioventus\",\"url\":\"https:\\\/\\\/www.bioventus.com\\\/de\\\/\",\"logo\":{\"@type\":\"ImageObject\",\"inLanguage\":\"de-DE\",\"@id\":\"https:\\\/\\\/www.bioventus.com\\\/de\\\/#\\\/schema\\\/logo\\\/image\\\/\",\"url\":\"http:\\\/\\\/www.bioventus.com\\\/wp-content\\\/uploads\\\/2020\\\/04\\\/bioventus-logo-color-min.png\",\"contentUrl\":\"http:\\\/\\\/www.bioventus.com\\\/wp-content\\\/uploads\\\/2020\\\/04\\\/bioventus-logo-color-min.png\",\"width\":434,\"height\":72,\"caption\":\"Bioventus\"},\"image\":{\"@id\":\"https:\\\/\\\/www.bioventus.com\\\/de\\\/#\\\/schema\\\/logo\\\/image\\\/\"},\"sameAs\":[\"https:\\\/\\\/x.com\\\/BioventusGlobal\",\"https:\\\/\\\/www.linkedin.com\\\/company\\\/bioventus\\\/\",\"https:\\\/\\\/www.youtube.com\\\/user\\\/Bioventus\"]}]}<\/script>\n<!-- \/ Yoast SEO plugin. -->","yoast_head_json":{"title":"Antrag auf eine Pr\u00fcfer-initiierte Studie - Bioventus","robots":{"index":"index","follow":"follow","max-snippet":"max-snippet:-1","max-image-preview":"max-image-preview:large","max-video-preview":"max-video-preview:-1"},"canonical":"https:\/\/www.bioventus.com\/de\/physicians\/investigator-initiated-study-request\/","og_locale":"de_DE","og_type":"article","og_title":"Antrag auf eine Pr\u00fcfer-initiierte Studie - Bioventus","og_description":"[vc_row unlock_row=&#8220;&#8220; row_height_percent=&#8220;0&#8243; override_padding=&#8220;yes&#8220; h_padding=&#8220;2&#8243; top_padding=&#8220;0&#8243; bottom_padding=&#8220;0&#8243; overlay_alpha=&#8220;50&#8243; gutter_size=&#8220;3&#8243; column_width_percent=&#8220;100&#8243; shift_y=&#8220;0&#8243; z_index=&#8220;0&#8243;][vc_column column_width_percent=&#8220;100&#8243; gutter_size=&#8220;3&#8243; overlay_alpha=&#8220;50&#8243; shift_x=&#8220;0&#8243; shift_y=&#8220;0&#8243; shift_y_down=&#8220;0&#8243; z_index=&#8220;0&#8243; medium_width=&#8220;0&#8243; [&hellip;]","og_url":"https:\/\/www.bioventus.com\/de\/physicians\/investigator-initiated-study-request\/","og_site_name":"Bioventus","article_modified_time":"2021-08-24T15:26:44+00:00","twitter_card":"summary_large_image","twitter_site":"@BioventusGlobal","twitter_misc":{"Gesch\u00e4tzte Lesezeit":"2 Minuten"},"schema":{"@context":"https:\/\/schema.org","@graph":[{"@type":"WebPage","@id":"https:\/\/www.bioventus.com\/de\/physicians\/investigator-initiated-study-request\/","url":"https:\/\/www.bioventus.com\/de\/physicians\/investigator-initiated-study-request\/","name":"Antrag auf eine Pr\u00fcfer-initiierte Studie - Bioventus","isPartOf":{"@id":"https:\/\/www.bioventus.com\/de\/#website"},"datePublished":"2020-06-04T16:03:47+00:00","dateModified":"2021-08-24T15:26:44+00:00","breadcrumb":{"@id":"https:\/\/www.bioventus.com\/de\/physicians\/investigator-initiated-study-request\/#breadcrumb"},"inLanguage":"de-DE","potentialAction":[{"@type":"ReadAction","target":["https:\/\/www.bioventus.com\/de\/physicians\/investigator-initiated-study-request\/"]}]},{"@type":"BreadcrumbList","@id":"https:\/\/www.bioventus.com\/de\/physicians\/investigator-initiated-study-request\/#breadcrumb","itemListElement":[{"@type":"ListItem","position":1,"name":"Home","item":"https:\/\/www.bioventus.com\/de\/"},{"@type":"ListItem","position":2,"name":"\u00c4rzte","item":"https:\/\/www.bioventus.com\/de\/physicians\/"},{"@type":"ListItem","position":3,"name":"Antrag auf eine Pr\u00fcfer-initiierte Studie"}]},{"@type":"WebSite","@id":"https:\/\/www.bioventus.com\/de\/#website","url":"https:\/\/www.bioventus.com\/de\/","name":"Bioventus","description":"Active Healing through Orthobiologics","publisher":{"@id":"https:\/\/www.bioventus.com\/de\/#organization"},"potentialAction":[{"@type":"SearchAction","target":{"@type":"EntryPoint","urlTemplate":"https:\/\/www.bioventus.com\/de\/?s={search_term_string}"},"query-input":{"@type":"PropertyValueSpecification","valueRequired":true,"valueName":"search_term_string"}}],"inLanguage":"de-DE"},{"@type":"Organization","@id":"https:\/\/www.bioventus.com\/de\/#organization","name":"Bioventus","url":"https:\/\/www.bioventus.com\/de\/","logo":{"@type":"ImageObject","inLanguage":"de-DE","@id":"https:\/\/www.bioventus.com\/de\/#\/schema\/logo\/image\/","url":"http:\/\/www.bioventus.com\/wp-content\/uploads\/2020\/04\/bioventus-logo-color-min.png","contentUrl":"http:\/\/www.bioventus.com\/wp-content\/uploads\/2020\/04\/bioventus-logo-color-min.png","width":434,"height":72,"caption":"Bioventus"},"image":{"@id":"https:\/\/www.bioventus.com\/de\/#\/schema\/logo\/image\/"},"sameAs":["https:\/\/x.com\/BioventusGlobal","https:\/\/www.linkedin.com\/company\/bioventus\/","https:\/\/www.youtube.com\/user\/Bioventus"]}]}},"_links":{"self":[{"href":"https:\/\/www.bioventus.com\/de\/wp-json\/wp\/v2\/pages\/12469","targetHints":{"allow":["GET"]}}],"collection":[{"href":"https:\/\/www.bioventus.com\/de\/wp-json\/wp\/v2\/pages"}],"about":[{"href":"https:\/\/www.bioventus.com\/de\/wp-json\/wp\/v2\/types\/page"}],"author":[{"embeddable":true,"href":"https:\/\/www.bioventus.com\/de\/wp-json\/wp\/v2\/users\/1"}],"replies":[{"embeddable":true,"href":"https:\/\/www.bioventus.com\/de\/wp-json\/wp\/v2\/comments?post=12469"}],"version-history":[{"count":0,"href":"https:\/\/www.bioventus.com\/de\/wp-json\/wp\/v2\/pages\/12469\/revisions"}],"up":[{"embeddable":true,"href":"https:\/\/www.bioventus.com\/de\/wp-json\/wp\/v2\/pages\/12336"}],"wp:attachment":[{"href":"https:\/\/www.bioventus.com\/de\/wp-json\/wp\/v2\/media?parent=12469"}],"curies":[{"name":"wp","href":"https:\/\/api.w.org\/{rel}","templated":true}]}}