{"id":12378,"date":"2021-06-11T16:50:23","date_gmt":"2021-06-11T16:50:23","guid":{"rendered":"http:\/\/bioventuspub.wpengine.com\/products\/paintreatmentsjointpreservation\/"},"modified":"2021-08-05T20:33:48","modified_gmt":"2021-08-05T20:33:48","slug":"paintreatmentsjointpreservation","status":"publish","type":"page","link":"https:\/\/www.bioventus.com\/de\/products\/paintreatmentsjointpreservation\/","title":{"rendered":"Schmerzbehandlung &#038; Gelenkerhalt"},"content":{"rendered":"<div class=\"wpb-content-wrapper\"><p>[vc_row row_height_percent=&#8220;0&#8243; override_padding=&#8220;yes&#8220; h_padding=&#8220;2&#8243; top_padding=&#8220;3&#8243; bottom_padding=&#8220;1&#8243; overlay_alpha=&#8220;50&#8243; gutter_size=&#8220;3&#8243; column_width_percent=&#8220;100&#8243; shift_y=&#8220;0&#8243; z_index=&#8220;0&#8243;][vc_column column_width_percent=&#8220;100&#8243; gutter_size=&#8220;3&#8243; overlay_alpha=&#8220;50&#8243; shift_x=&#8220;0&#8243; shift_y=&#8220;0&#8243; shift_y_down=&#8220;0&#8243; z_index=&#8220;0&#8243; medium_width=&#8220;0&#8243; mobile_width=&#8220;0&#8243; width=&#8220;1\/3&#8243; el_class=&#8220;product-detail-sidebar&#8220; css=&#8220;.vc_custom_1594063068547{padding-right: 50px !important;}&#8220;][\/vc_column][vc_column column_width_percent=&#8220;100&#8243; gutter_size=&#8220;3&#8243; overlay_alpha=&#8220;50&#8243; shift_x=&#8220;0&#8243; shift_y=&#8220;0&#8243; shift_y_down=&#8220;0&#8243; z_index=&#8220;0&#8243; medium_width=&#8220;0&#8243; mobile_width=&#8220;0&#8243; width=&#8220;2\/3&#8243;][vc_column_text]<\/p>\n<h3>Unmittelbare Schmerzlinderung<\/h3>\n<p>Die Produkte f\u00fcr Schmerzbehandlung &amp; Gelenkerhalt von Bioventus umfassen das <strong>StimRouter<sup>\u00ae<\/sup>-PNS-System<\/strong> sowie die Produkte auf Basis von Hyalurons\u00e4ure, die bei Kniearthrose eingesetzt werden: <strong>DUROLANE<sup>\u00ae<\/sup><\/strong>, <strong>GELSYN-3\u2122<\/strong> und <strong>SUPARTZ FX<sup>\u00ae<\/sup><\/strong>.[\/vc_column_text][\/vc_column][\/vc_row][vc_row row_height_percent=&#8220;0&#8243; override_padding=&#8220;yes&#8220; h_padding=&#8220;2&#8243; top_padding=&#8220;3&#8243; bottom_padding=&#8220;1&#8243; overlay_alpha=&#8220;50&#8243; gutter_size=&#8220;3&#8243; column_width_percent=&#8220;100&#8243; shift_y=&#8220;0&#8243; z_index=&#8220;0&#8243;][vc_column column_width_percent=&#8220;100&#8243; gutter_size=&#8220;3&#8243; overlay_alpha=&#8220;50&#8243; shift_x=&#8220;0&#8243; shift_y=&#8220;0&#8243; shift_y_down=&#8220;0&#8243; z_index=&#8220;0&#8243; medium_width=&#8220;0&#8243; mobile_width=&#8220;0&#8243; width=&#8220;1\/3&#8243; el_class=&#8220;product-detail-sidebar&#8220; css=&#8220;.vc_custom_1594063068547{padding-right: 50px !important;}&#8220;][vc_column_text]<\/p>\n<h4>Produktinformationen<\/h4>\n<hr \/>\n<p>[\/vc_column_text][vc_single_image media=&#8220;11689&#8243; media_width_percent=&#8220;55&#8243; media_link=&#8220;url:https%3A%2F%2Fwww.stimrouter.com||target:%20_blank|&#8220;][\/vc_column][vc_column column_width_percent=&#8220;100&#8243; gutter_size=&#8220;3&#8243; overlay_alpha=&#8220;50&#8243; shift_x=&#8220;0&#8243; shift_y=&#8220;0&#8243; shift_y_down=&#8220;0&#8243; z_index=&#8220;0&#8243; medium_width=&#8220;0&#8243; mobile_width=&#8220;0&#8243; width=&#8220;2\/3&#8243;][vc_column_text]<\/p>\n<h3>Gezielte Schmerzlinderung f\u00fcr bessere Behandlungsergebnisse<\/h3>\n<p>Mit einem peripheren Nervenstimulator (PNS) wie dem\u00a0<strong>StimRouter<\/strong> ist die Linderung chronischer peripherer Nervenschmerzen ohne Medikamente oder invasive chirurgische Eingriffe m\u00f6glich. Der\u00a0<strong>StimRouter<\/strong>\u00a0lindert Schmerzen genau dort, wo sie entstehen. Durch das schlanke Design kann er an vielen verschiedenen K\u00f6rperstellen angebracht werden, je nach Bedarf der Patienten.<\/p>\n<p>Es wird gesch\u00e4tzt, dass 20\u00a0% der Erwachsenen in den USA an chronischen Schmerzen leiden und laut einem <a href=\"https:\/\/www.cdc.gov\/mmwr\/volumes\/67\/wr\/mm6736a2.htm\" target=\"_blank\" rel=\"noopener\">Bericht \u00fcber chronische Schmerzen<\/a>\u00a0des Center for Disease Control and Prevention haben 8\u00a0% starke chronische Schmerzen, die sie in ihrer Freizeit oder Arbeit nahezu t\u00e4glich einschr\u00e4nken.<\/p>\n<p>Die\u00a0<a href=\"https:\/\/www.ncbi.nlm.nih.gov\/books\/NBK92054\/\" target=\"_blank\" rel=\"noopener\">Behandlung chronischer Schmerzen<\/a>\u00a0ist ein langwieriger und komplizierter Prozess und umfasst Verhaltens\u00e4nderungen, Arzneimittel, Injektionen sowie chirurgische Eingriffe als m\u00f6gliche Optionen. Leider bieten verhaltensorientierte Therapien nur selten ausreichende Linderung, und Opioide k\u00f6nnen zwar wirksamer sein, machen aber hochgradig s\u00fcchtig.<\/p>\n<p>Die Neuromodulation hat sich als eine bew\u00e4hrte Methode erwiesen, um die f\u00fcr die Schmerzen der Patienten verantwortlichen Nerven gezielt zu erreichen. Weitere Informationen, einschlie\u00dflich vollst\u00e4ndiger Verschreibungsinformationen und klinischem Forschungsmaterial, finden Sie auf der\u00a0<a href=\"https:\/\/stimrouter.com\/\" target=\"_blank\" rel=\"noopener\">Website von StimRouter.<\/a><\/p>\n<p>[\/vc_column_text][\/vc_column][\/vc_row][vc_row row_height_percent=&#8220;0&#8243; override_padding=&#8220;yes&#8220; h_padding=&#8220;2&#8243; top_padding=&#8220;3&#8243; bottom_padding=&#8220;1&#8243; overlay_alpha=&#8220;50&#8243; gutter_size=&#8220;3&#8243; column_width_percent=&#8220;100&#8243; shift_y=&#8220;0&#8243; z_index=&#8220;0&#8243;][vc_column column_width_percent=&#8220;100&#8243; gutter_size=&#8220;3&#8243; overlay_alpha=&#8220;50&#8243; shift_x=&#8220;0&#8243; shift_y=&#8220;0&#8243; shift_y_down=&#8220;0&#8243; z_index=&#8220;0&#8243; medium_width=&#8220;0&#8243; mobile_width=&#8220;0&#8243; width=&#8220;1\/3&#8243; el_class=&#8220;product-detail-sidebar&#8220; css=&#8220;.vc_custom_1594063068547{padding-right: 50px !important;}&#8220;][vc_column_text]<\/p>\n<h4>Produktinformationen<\/h4>\n<hr \/>\n<p>[\/vc_column_text][vc_single_image media=&#8220;179&#8243; media_width_percent=&#8220;55&#8243; media_link=&#8220;url:https%3A%2F%2Fwww.durolane.com||target:%20_blank|&#8220;][vc_single_image media=&#8220;180&#8243; media_width_percent=&#8220;55&#8243; media_link=&#8220;url:https%3A%2F%2Fwww.gelsyn3.com||target:%20_blank|&#8220;][vc_single_image media=&#8220;182&#8243; media_width_percent=&#8220;55&#8243; media_link=&#8220;url:https%3A%2F%2Fwww.supartzfx.com||target:%20_blank|&#8220;][\/vc_column][vc_column column_width_percent=&#8220;100&#8243; gutter_size=&#8220;3&#8243; overlay_alpha=&#8220;50&#8243; shift_x=&#8220;0&#8243; shift_y=&#8220;0&#8243; shift_y_down=&#8220;0&#8243; z_index=&#8220;0&#8243; medium_width=&#8220;0&#8243; mobile_width=&#8220;0&#8243; width=&#8220;2\/3&#8243;][vc_column_text]<\/p>\n<h3>Schmerzlinderung, die direkt im Gelenk ansetzt<\/h3>\n<p>Arthrose ist die h\u00e4ufigste Ursache f\u00fcr Knie- und H\u00fcftschmerzen, die zu erheblichen Beschwerden f\u00fchrt und das Leben der Patienten einschr\u00e4nkt. Die revolution\u00e4ren Injektionstherapien von Bioventus nutzen biologische Prozesse im K\u00f6rper und sind bei Gelenkschmerzen eine Alternative zu Operationen. Es wird ein nat\u00fcrliches Schmiermittel in das Gelenk eingebracht, das leichte bis mittlere Schmerzen lindert, die Mobilit\u00e4t verbessert und den Patienten hilft, wieder zu ihrem gewohnten Ma\u00df an Aktivit\u00e4t zur\u00fcckzukehren.<\/p>\n<p>Bei vielen Arthrose-Patienten wird die Gelenkfl\u00fcssigkeit mit dem Fortschreiten dieser chronischen Erkrankung weniger. Durch die direkte Injektion von Hyalurons\u00e4ure in die betroffenen Stellen werden die schmierenden und sto\u00dfabsorbierenden Eigenschaften der Gelenkfl\u00fcssigkeit, die aufgrund der Arthrose eingeschr\u00e4nkt sind, wiederhergestellt. Im Gegensatz zu oralen Schmerzmitteln zielen unsere Injektionstherapien direkt auf die Arthrose im Gelenk ab, lindern sicher Schmerzen und helfen den Patienten, wieder zu ihren t\u00e4glichen Aktivit\u00e4ten zur\u00fcckzukehren.<\/p>\n<p><strong>DUROLANE,<\/strong> <strong>GELSYN-3<\/strong> und <strong>SUPARTZ FX<\/strong> k\u00f6nnen direkt in der Arztpraxis verabreicht werden. Es dauert nur wenige Minuten und die meisten Patienten haben w\u00e4hrend der Injektion kaum bis gar keine Schmerzen.<\/p>\n<p>Weitere Informationen dazu, wie unsere Gelenkinjektionstherapien f\u00fcr Schmerzlinderung und Mobilit\u00e4t sorgen k\u00f6nnen, einschlie\u00dflich vollst\u00e4ndiger Verschreibungsinformationen und klinischem Forschungsmaterial, finden Sie unter <a href=\"http:\/\/www.oakneepainrelief.com\"><strong>OAKneePainRelief.com.<\/strong><\/a>[\/vc_column_text][vc_row_inner row_inner_height_percent=&#8220;0&#8243; back_color=&#8220;color-205156&#8243; overlay_alpha=&#8220;50&#8243; gutter_size=&#8220;3&#8243; shift_y=&#8220;0&#8243; z_index=&#8220;0&#8243;][vc_column_inner width=&#8220;1\/1&#8243;][vc_column_text el_class=&#8220;cta-box&#8220;]<\/p>\n<h3>Unterst\u00fctzungsprogramm f\u00fcr Patienten<\/h3>\n<p>Bioventus m\u00f6chte Patienten, die nicht \u00fcber die notwendigen finanziellen Mittel f\u00fcr die Behandlung verf\u00fcgen, den Zugang zu SUPARTZ FX, GELSYN-3 und DUROLANE erm\u00f6glichen, indem diese Produkte kostenlos zur Verf\u00fcgung gestellt werden. <strong><a href=\"\/de\/products\/joint-therapies\/patient-assistance-program\/\" rel=\"noopener noreferrer\">Mehr erfahren <i class=\"fa fa-angle-right\"><\/i><\/a><\/strong>[\/vc_column_text][\/vc_column_inner][\/vc_row_inner][vc_column_text el_class=&#8220;references&#8220;]StimRouter ist ein eingetragenes Warenzeichen von Bioness, Inc. GELSYN-3 und DUROLANE sind eingetragene Warenzeichen von Bioventus LLC. SUPARTZ FX ist ein eingetragenes Warenzeichen der Seikagaku Corp.[\/vc_column_text][\/vc_column][\/vc_row]<\/p>\n<\/div>","protected":false},"excerpt":{"rendered":"<p>[vc_row row_height_percent=&#8220;0&#8243; override_padding=&#8220;yes&#8220; h_padding=&#8220;2&#8243; top_padding=&#8220;3&#8243; bottom_padding=&#8220;1&#8243; overlay_alpha=&#8220;50&#8243; gutter_size=&#8220;3&#8243; column_width_percent=&#8220;100&#8243; shift_y=&#8220;0&#8243; z_index=&#8220;0&#8243;][vc_column column_width_percent=&#8220;100&#8243; gutter_size=&#8220;3&#8243; overlay_alpha=&#8220;50&#8243; shift_x=&#8220;0&#8243; shift_y=&#8220;0&#8243; shift_y_down=&#8220;0&#8243; z_index=&#8220;0&#8243; medium_width=&#8220;0&#8243; mobile_width=&#8220;0&#8243; [&hellip;]<\/p>\n","protected":false},"author":4,"featured_media":11701,"parent":12232,"menu_order":0,"comment_status":"closed","ping_status":"closed","template":"","meta":{"footnotes":""},"class_list":["post-12378","page","type-page","status-publish","has-post-thumbnail","hentry"],"yoast_head":"<!-- This site is optimized with the Yoast SEO plugin v27.4 - https:\/\/yoast.com\/product\/yoast-seo-wordpress\/ -->\n<title>Schmerzbehandlung &amp; Gelenkerhalt - Bioventus<\/title>\n<meta name=\"robots\" content=\"index, follow, max-snippet:-1, max-image-preview:large, max-video-preview:-1\" \/>\n<link rel=\"canonical\" href=\"https:\/\/www.bioventus.com\/de\/products\/paintreatmentsjointpreservation\/\" \/>\n<meta property=\"og:locale\" content=\"de_DE\" \/>\n<meta property=\"og:type\" content=\"article\" \/>\n<meta property=\"og:title\" content=\"Schmerzbehandlung &amp; Gelenkerhalt - Bioventus\" \/>\n<meta property=\"og:description\" content=\"[vc_row row_height_percent=&#8220;0&#8243; override_padding=&#8220;yes&#8220; h_padding=&#8220;2&#8243; top_padding=&#8220;3&#8243; bottom_padding=&#8220;1&#8243; overlay_alpha=&#8220;50&#8243; gutter_size=&#8220;3&#8243; column_width_percent=&#8220;100&#8243; shift_y=&#8220;0&#8243; z_index=&#8220;0&#8243;][vc_column column_width_percent=&#8220;100&#8243; gutter_size=&#8220;3&#8243; overlay_alpha=&#8220;50&#8243; shift_x=&#8220;0&#8243; shift_y=&#8220;0&#8243; shift_y_down=&#8220;0&#8243; z_index=&#8220;0&#8243; medium_width=&#8220;0&#8243; mobile_width=&#8220;0&#8243; [&hellip;]\" \/>\n<meta property=\"og:url\" content=\"https:\/\/www.bioventus.com\/de\/products\/paintreatmentsjointpreservation\/\" \/>\n<meta property=\"og:site_name\" content=\"Bioventus\" \/>\n<meta property=\"article:modified_time\" content=\"2021-08-05T20:33:48+00:00\" \/>\n<meta property=\"og:image\" content=\"https:\/\/www.bioventus.com\/wp-content\/uploads\/2020\/05\/product_detail_header@2x-scaled.jpg\" \/>\n\t<meta property=\"og:image:width\" content=\"2560\" \/>\n\t<meta property=\"og:image:height\" content=\"533\" \/>\n\t<meta property=\"og:image:type\" content=\"image\/jpeg\" \/>\n<meta name=\"twitter:card\" content=\"summary_large_image\" \/>\n<meta name=\"twitter:site\" content=\"@BioventusGlobal\" \/>\n<meta name=\"twitter:label1\" content=\"Gesch\u00e4tzte Lesezeit\" \/>\n\t<meta name=\"twitter:data1\" content=\"3 Minuten\" \/>\n<script type=\"application\/ld+json\" class=\"yoast-schema-graph\">{\"@context\":\"https:\\\/\\\/schema.org\",\"@graph\":[{\"@type\":\"WebPage\",\"@id\":\"https:\\\/\\\/www.bioventus.com\\\/de\\\/products\\\/paintreatmentsjointpreservation\\\/\",\"url\":\"https:\\\/\\\/www.bioventus.com\\\/de\\\/products\\\/paintreatmentsjointpreservation\\\/\",\"name\":\"Schmerzbehandlung & Gelenkerhalt - Bioventus\",\"isPartOf\":{\"@id\":\"https:\\\/\\\/www.bioventus.com\\\/de\\\/#website\"},\"primaryImageOfPage\":{\"@id\":\"https:\\\/\\\/www.bioventus.com\\\/de\\\/products\\\/paintreatmentsjointpreservation\\\/#primaryimage\"},\"image\":{\"@id\":\"https:\\\/\\\/www.bioventus.com\\\/de\\\/products\\\/paintreatmentsjointpreservation\\\/#primaryimage\"},\"thumbnailUrl\":\"https:\\\/\\\/www.bioventus.com\\\/wp-content\\\/uploads\\\/2020\\\/05\\\/product_detail_header@2x-scaled.jpg\",\"datePublished\":\"2021-06-11T16:50:23+00:00\",\"dateModified\":\"2021-08-05T20:33:48+00:00\",\"breadcrumb\":{\"@id\":\"https:\\\/\\\/www.bioventus.com\\\/de\\\/products\\\/paintreatmentsjointpreservation\\\/#breadcrumb\"},\"inLanguage\":\"de-DE\",\"potentialAction\":[{\"@type\":\"ReadAction\",\"target\":[\"https:\\\/\\\/www.bioventus.com\\\/de\\\/products\\\/paintreatmentsjointpreservation\\\/\"]}]},{\"@type\":\"ImageObject\",\"inLanguage\":\"de-DE\",\"@id\":\"https:\\\/\\\/www.bioventus.com\\\/de\\\/products\\\/paintreatmentsjointpreservation\\\/#primaryimage\",\"url\":\"https:\\\/\\\/www.bioventus.com\\\/wp-content\\\/uploads\\\/2020\\\/05\\\/product_detail_header@2x-scaled.jpg\",\"contentUrl\":\"https:\\\/\\\/www.bioventus.com\\\/wp-content\\\/uploads\\\/2020\\\/05\\\/product_detail_header@2x-scaled.jpg\",\"width\":2560,\"height\":533},{\"@type\":\"BreadcrumbList\",\"@id\":\"https:\\\/\\\/www.bioventus.com\\\/de\\\/products\\\/paintreatmentsjointpreservation\\\/#breadcrumb\",\"itemListElement\":[{\"@type\":\"ListItem\",\"position\":1,\"name\":\"Home\",\"item\":\"https:\\\/\\\/www.bioventus.com\\\/de\\\/\"},{\"@type\":\"ListItem\",\"position\":2,\"name\":\"Produkte\",\"item\":\"https:\\\/\\\/www.bioventus.com\\\/de\\\/products\\\/\"},{\"@type\":\"ListItem\",\"position\":3,\"name\":\"Schmerzbehandlung &#038; Gelenkerhalt\"}]},{\"@type\":\"WebSite\",\"@id\":\"https:\\\/\\\/www.bioventus.com\\\/de\\\/#website\",\"url\":\"https:\\\/\\\/www.bioventus.com\\\/de\\\/\",\"name\":\"Bioventus\",\"description\":\"Active Healing through Orthobiologics\",\"publisher\":{\"@id\":\"https:\\\/\\\/www.bioventus.com\\\/de\\\/#organization\"},\"potentialAction\":[{\"@type\":\"SearchAction\",\"target\":{\"@type\":\"EntryPoint\",\"urlTemplate\":\"https:\\\/\\\/www.bioventus.com\\\/de\\\/?s={search_term_string}\"},\"query-input\":{\"@type\":\"PropertyValueSpecification\",\"valueRequired\":true,\"valueName\":\"search_term_string\"}}],\"inLanguage\":\"de-DE\"},{\"@type\":\"Organization\",\"@id\":\"https:\\\/\\\/www.bioventus.com\\\/de\\\/#organization\",\"name\":\"Bioventus\",\"url\":\"https:\\\/\\\/www.bioventus.com\\\/de\\\/\",\"logo\":{\"@type\":\"ImageObject\",\"inLanguage\":\"de-DE\",\"@id\":\"https:\\\/\\\/www.bioventus.com\\\/de\\\/#\\\/schema\\\/logo\\\/image\\\/\",\"url\":\"http:\\\/\\\/www.bioventus.com\\\/wp-content\\\/uploads\\\/2020\\\/04\\\/bioventus-logo-color-min.png\",\"contentUrl\":\"http:\\\/\\\/www.bioventus.com\\\/wp-content\\\/uploads\\\/2020\\\/04\\\/bioventus-logo-color-min.png\",\"width\":434,\"height\":72,\"caption\":\"Bioventus\"},\"image\":{\"@id\":\"https:\\\/\\\/www.bioventus.com\\\/de\\\/#\\\/schema\\\/logo\\\/image\\\/\"},\"sameAs\":[\"https:\\\/\\\/x.com\\\/BioventusGlobal\",\"https:\\\/\\\/www.linkedin.com\\\/company\\\/bioventus\\\/\",\"https:\\\/\\\/www.youtube.com\\\/user\\\/Bioventus\"]}]}<\/script>\n<!-- \/ Yoast SEO plugin. -->","yoast_head_json":{"title":"Schmerzbehandlung & Gelenkerhalt - Bioventus","robots":{"index":"index","follow":"follow","max-snippet":"max-snippet:-1","max-image-preview":"max-image-preview:large","max-video-preview":"max-video-preview:-1"},"canonical":"https:\/\/www.bioventus.com\/de\/products\/paintreatmentsjointpreservation\/","og_locale":"de_DE","og_type":"article","og_title":"Schmerzbehandlung & Gelenkerhalt - Bioventus","og_description":"[vc_row row_height_percent=&#8220;0&#8243; override_padding=&#8220;yes&#8220; h_padding=&#8220;2&#8243; top_padding=&#8220;3&#8243; bottom_padding=&#8220;1&#8243; overlay_alpha=&#8220;50&#8243; gutter_size=&#8220;3&#8243; column_width_percent=&#8220;100&#8243; shift_y=&#8220;0&#8243; z_index=&#8220;0&#8243;][vc_column column_width_percent=&#8220;100&#8243; gutter_size=&#8220;3&#8243; overlay_alpha=&#8220;50&#8243; shift_x=&#8220;0&#8243; shift_y=&#8220;0&#8243; shift_y_down=&#8220;0&#8243; z_index=&#8220;0&#8243; medium_width=&#8220;0&#8243; mobile_width=&#8220;0&#8243; [&hellip;]","og_url":"https:\/\/www.bioventus.com\/de\/products\/paintreatmentsjointpreservation\/","og_site_name":"Bioventus","article_modified_time":"2021-08-05T20:33:48+00:00","og_image":[{"width":2560,"height":533,"url":"https:\/\/www.bioventus.com\/wp-content\/uploads\/2020\/05\/product_detail_header@2x-scaled.jpg","type":"image\/jpeg"}],"twitter_card":"summary_large_image","twitter_site":"@BioventusGlobal","twitter_misc":{"Gesch\u00e4tzte Lesezeit":"3 Minuten"},"schema":{"@context":"https:\/\/schema.org","@graph":[{"@type":"WebPage","@id":"https:\/\/www.bioventus.com\/de\/products\/paintreatmentsjointpreservation\/","url":"https:\/\/www.bioventus.com\/de\/products\/paintreatmentsjointpreservation\/","name":"Schmerzbehandlung & Gelenkerhalt - Bioventus","isPartOf":{"@id":"https:\/\/www.bioventus.com\/de\/#website"},"primaryImageOfPage":{"@id":"https:\/\/www.bioventus.com\/de\/products\/paintreatmentsjointpreservation\/#primaryimage"},"image":{"@id":"https:\/\/www.bioventus.com\/de\/products\/paintreatmentsjointpreservation\/#primaryimage"},"thumbnailUrl":"https:\/\/www.bioventus.com\/wp-content\/uploads\/2020\/05\/product_detail_header@2x-scaled.jpg","datePublished":"2021-06-11T16:50:23+00:00","dateModified":"2021-08-05T20:33:48+00:00","breadcrumb":{"@id":"https:\/\/www.bioventus.com\/de\/products\/paintreatmentsjointpreservation\/#breadcrumb"},"inLanguage":"de-DE","potentialAction":[{"@type":"ReadAction","target":["https:\/\/www.bioventus.com\/de\/products\/paintreatmentsjointpreservation\/"]}]},{"@type":"ImageObject","inLanguage":"de-DE","@id":"https:\/\/www.bioventus.com\/de\/products\/paintreatmentsjointpreservation\/#primaryimage","url":"https:\/\/www.bioventus.com\/wp-content\/uploads\/2020\/05\/product_detail_header@2x-scaled.jpg","contentUrl":"https:\/\/www.bioventus.com\/wp-content\/uploads\/2020\/05\/product_detail_header@2x-scaled.jpg","width":2560,"height":533},{"@type":"BreadcrumbList","@id":"https:\/\/www.bioventus.com\/de\/products\/paintreatmentsjointpreservation\/#breadcrumb","itemListElement":[{"@type":"ListItem","position":1,"name":"Home","item":"https:\/\/www.bioventus.com\/de\/"},{"@type":"ListItem","position":2,"name":"Produkte","item":"https:\/\/www.bioventus.com\/de\/products\/"},{"@type":"ListItem","position":3,"name":"Schmerzbehandlung &#038; Gelenkerhalt"}]},{"@type":"WebSite","@id":"https:\/\/www.bioventus.com\/de\/#website","url":"https:\/\/www.bioventus.com\/de\/","name":"Bioventus","description":"Active Healing through Orthobiologics","publisher":{"@id":"https:\/\/www.bioventus.com\/de\/#organization"},"potentialAction":[{"@type":"SearchAction","target":{"@type":"EntryPoint","urlTemplate":"https:\/\/www.bioventus.com\/de\/?s={search_term_string}"},"query-input":{"@type":"PropertyValueSpecification","valueRequired":true,"valueName":"search_term_string"}}],"inLanguage":"de-DE"},{"@type":"Organization","@id":"https:\/\/www.bioventus.com\/de\/#organization","name":"Bioventus","url":"https:\/\/www.bioventus.com\/de\/","logo":{"@type":"ImageObject","inLanguage":"de-DE","@id":"https:\/\/www.bioventus.com\/de\/#\/schema\/logo\/image\/","url":"http:\/\/www.bioventus.com\/wp-content\/uploads\/2020\/04\/bioventus-logo-color-min.png","contentUrl":"http:\/\/www.bioventus.com\/wp-content\/uploads\/2020\/04\/bioventus-logo-color-min.png","width":434,"height":72,"caption":"Bioventus"},"image":{"@id":"https:\/\/www.bioventus.com\/de\/#\/schema\/logo\/image\/"},"sameAs":["https:\/\/x.com\/BioventusGlobal","https:\/\/www.linkedin.com\/company\/bioventus\/","https:\/\/www.youtube.com\/user\/Bioventus"]}]}},"_links":{"self":[{"href":"https:\/\/www.bioventus.com\/de\/wp-json\/wp\/v2\/pages\/12378","targetHints":{"allow":["GET"]}}],"collection":[{"href":"https:\/\/www.bioventus.com\/de\/wp-json\/wp\/v2\/pages"}],"about":[{"href":"https:\/\/www.bioventus.com\/de\/wp-json\/wp\/v2\/types\/page"}],"author":[{"embeddable":true,"href":"https:\/\/www.bioventus.com\/de\/wp-json\/wp\/v2\/users\/4"}],"replies":[{"embeddable":true,"href":"https:\/\/www.bioventus.com\/de\/wp-json\/wp\/v2\/comments?post=12378"}],"version-history":[{"count":0,"href":"https:\/\/www.bioventus.com\/de\/wp-json\/wp\/v2\/pages\/12378\/revisions"}],"up":[{"embeddable":true,"href":"https:\/\/www.bioventus.com\/de\/wp-json\/wp\/v2\/pages\/12232"}],"wp:featuredmedia":[{"embeddable":true,"href":"https:\/\/www.bioventus.com\/de\/wp-json\/wp\/v2\/media\/11701"}],"wp:attachment":[{"href":"https:\/\/www.bioventus.com\/de\/wp-json\/wp\/v2\/media?parent=12378"}],"curies":[{"name":"wp","href":"https:\/\/api.w.org\/{rel}","templated":true}]}}