{"id":12357,"date":"2021-06-11T13:22:41","date_gmt":"2021-06-11T13:22:41","guid":{"rendered":"http:\/\/bioventuspub.wpengine.com\/products\/restorativetherapies\/"},"modified":"2024-12-30T14:13:03","modified_gmt":"2024-12-30T14:13:03","slug":"restorativetherapies","status":"publish","type":"page","link":"https:\/\/www.bioventus.com\/de\/products\/restorativetherapies\/","title":{"rendered":"Wiederherstellungstherapie"},"content":{"rendered":"<div class=\"wpb-content-wrapper\"><p>[vc_row row_height_percent=&#8220;0&#8243; override_padding=&#8220;yes&#8220; h_padding=&#8220;2&#8243; top_padding=&#8220;3&#8243; bottom_padding=&#8220;1&#8243; overlay_alpha=&#8220;50&#8243; gutter_size=&#8220;3&#8243; column_width_percent=&#8220;100&#8243; shift_y=&#8220;0&#8243; z_index=&#8220;0&#8243;][vc_column column_width_percent=&#8220;100&#8243; gutter_size=&#8220;3&#8243; overlay_alpha=&#8220;50&#8243; shift_x=&#8220;0&#8243; shift_y=&#8220;0&#8243; shift_y_down=&#8220;0&#8243; z_index=&#8220;0&#8243; medium_width=&#8220;0&#8243; mobile_width=&#8220;0&#8243; width=&#8220;1\/3&#8243; el_class=&#8220;product-detail-sidebar&#8220; css=&#8220;.vc_custom_1594063036108{padding-right: 50px !important;}&#8220;][vc_column_text]<\/p>\n<h4>Produktinformation<\/h4>\n<hr \/>\n<p>[\/vc_column_text][vc_single_image media=&#8220;145&#8243; media_width_percent=&#8220;55&#8243; media_link=&#8220;url:https%3A%2F%2Fwww.exogen.com||target:%20_blank|&#8220;][\/vc_column][vc_column column_width_percent=&#8220;100&#8243; gutter_size=&#8220;3&#8243; overlay_alpha=&#8220;50&#8243; shift_x=&#8220;0&#8243; shift_y=&#8220;0&#8243; shift_y_down=&#8220;0&#8243; z_index=&#8220;0&#8243; medium_width=&#8220;0&#8243; mobile_width=&#8220;0&#8243; width=&#8220;2\/3&#8243;][vc_column_text]<\/p>\n<h3>EXOGEN \u2013 Schnellere Heilung* bei Knochenbr\u00fcchen<\/h3>\n<p>Das EXOGEN-Ultraschall-Knochenheilungssystem stimuliert den nat\u00fcrlichen Heilungsprozess des K\u00f6rpers1, indem es sichere, schmerzfreie Ultraschallwellen einsetzt, um Zellen in der N\u00e4he der Bruchstelle zu aktivieren, was gebrochenen Knochen dabei hilft, zu heilen. Bei der Behandlung von Frakturen kann EXOGEN eine kosteng\u00fcnstige Alternative zu invasiveren Optionen sein.<\/p>\n<p>Es konnte nachgewiesen werden, dass EXOGEN 86\u00a0% der hartn\u00e4ckigen, nicht heilenden Knochenfrakturen2 heilt. \u00a0Bei frischen Frakturen kann es Wochen dauern, bis diese heilen, wodurch Patienten lange nicht zu ihrem Alltag zur\u00fcckkehren k\u00f6nnen. Klinische Studien haben gezeigt, dass es die Heilung einer best\u00e4tigt* gebrochenen Tibia oder eines Radius um 38\u00a0%3,4 beschleunigt.<\/p>\n<p><strong>Weitere Informationen, einschlie\u00dflich vollst\u00e4ndiger Verschreibungsinformationen und klinischem Forschungsmaterial, finden Sie auf der\u00a0<\/strong><a href=\"http:\/\/www.exogen.com\/\"><strong>EXOGEN-Website<\/strong><\/a><strong>.<\/strong>[\/vc_column_text][\/vc_column][\/vc_row][vc_row row_height_percent=&#8220;0&#8243; override_padding=&#8220;yes&#8220; h_padding=&#8220;2&#8243; top_padding=&#8220;3&#8243; bottom_padding=&#8220;1&#8243; overlay_alpha=&#8220;50&#8243; gutter_size=&#8220;3&#8243; column_width_percent=&#8220;100&#8243; shift_y=&#8220;0&#8243; z_index=&#8220;0&#8243;][vc_column column_width_percent=&#8220;100&#8243; gutter_size=&#8220;3&#8243; overlay_alpha=&#8220;50&#8243; shift_x=&#8220;0&#8243; shift_y=&#8220;0&#8243; shift_y_down=&#8220;0&#8243; z_index=&#8220;0&#8243; medium_width=&#8220;0&#8243; mobile_width=&#8220;0&#8243; width=&#8220;1\/3&#8243; el_class=&#8220;product-detail-sidebar&#8220; css=&#8220;.vc_custom_1594063036108{padding-right: 50px !important;}&#8220;][\/vc_column][vc_column column_width_percent=&#8220;100&#8243; gutter_size=&#8220;3&#8243; overlay_alpha=&#8220;50&#8243; shift_x=&#8220;0&#8243; shift_y=&#8220;0&#8243; shift_y_down=&#8220;0&#8243; z_index=&#8220;0&#8243; medium_width=&#8220;0&#8243; mobile_width=&#8220;0&#8243; width=&#8220;2\/3&#8243;][vc_column_text el_class=&#8220;references&#8220;]<\/p>\n<ol>\n<li>Azuma Y, Ito M, Harada Y, Takagi H, Ohta T, Jingushi S. Low-intensity pulsed ultrasound accelerates rat femoral fracture healing by acting on the various cellular reactions in the fracture callus. J Bone Miner Res. 2001;16(4):671-680.<\/li>\n<li>Nolte PA, van der Krans A, Patka P, Janssen IM, Ryaby JP, Albers GH. Low-intensity pulsed ultrasound in the treatment of nonunions. J Trauma. 2001;51(4):693-703.<\/li>\n<li>Heckman JD, Ryaby JP, McCabe J, Frey JJ, Kilcoyne RF. Acceleration of tibial fracture-healing by non-invasive, low-intensity pulsed ultrasound. J Bone Joint Surg Am. 1994;76(1):26-34.<\/li>\n<li>Kristiansen TK, Ryaby JP, McCabe J, Frey JJ, Roe LR. Accelerated healing of distal radial fractures with the use of specific, low-intensity ultrasound. A multicenter, prospective, randomized, double-blind, placebo-controlled study. J Bone Joint Surg Am. 1997;79(7):961-73.<\/li>\n<\/ol>\n<p>*EXOGEN Summary of Indications for Use: The EXOGEN Ultrasound Bone Healing System is indicated for the non-invasive treatment of established non-unions\u2020 excluding skull and vertebra. In addition, EXOGEN is indicated for accelerating the time to a healed fracture for fresh, closed, posteriorly displaced distal radius fractures and fresh, closed or Grade I open tibial diaphysis fractures in skeletally mature individuals when these fractures are orthopaedically managed by closed reduction and cast immobilization.<\/p>\n<p>There are no known contraindications for the EXOGEN device. Safety and effectiveness has not been established for individuals lacking skeletal maturity; pregnant or nursing women; patients with cardiac pacemakers; on fractures due to bone cancer; or on patients with poor blood circulation or clotting problems. Some patients may be sensitive to the ultrasound gel. Visit <a href=\"http:\/\/www.exogen.com\/\">www.exogen.com<\/a> for full prescribing information or to contact customer service.<\/p>\n<p>\u2020A non-union is considered to be established when the fracture site shows no visibly progressive signs of healing.<\/p>\n<p>BITS, Bioness, L300 Go, H200 Wireless, Vector Gait and Safety System are registered trademarks of Bioness, Inc. Bioventus and EXOGEN are registered trademarks of Bioventus.[\/vc_column_text][\/vc_column][\/vc_row]<\/p>\n<\/div>","protected":false},"excerpt":{"rendered":"<p>[vc_row row_height_percent=&#8220;0&#8243; override_padding=&#8220;yes&#8220; h_padding=&#8220;2&#8243; top_padding=&#8220;3&#8243; bottom_padding=&#8220;1&#8243; overlay_alpha=&#8220;50&#8243; gutter_size=&#8220;3&#8243; column_width_percent=&#8220;100&#8243; shift_y=&#8220;0&#8243; z_index=&#8220;0&#8243;][vc_column column_width_percent=&#8220;100&#8243; gutter_size=&#8220;3&#8243; overlay_alpha=&#8220;50&#8243; shift_x=&#8220;0&#8243; shift_y=&#8220;0&#8243; shift_y_down=&#8220;0&#8243; z_index=&#8220;0&#8243; medium_width=&#8220;0&#8243; mobile_width=&#8220;0&#8243; [&hellip;]<\/p>\n","protected":false},"author":4,"featured_media":11701,"parent":12232,"menu_order":0,"comment_status":"closed","ping_status":"closed","template":"","meta":{"footnotes":""},"class_list":["post-12357","page","type-page","status-publish","has-post-thumbnail","hentry"],"yoast_head":"<!-- This site is optimized with the Yoast SEO plugin v27.5 - https:\/\/yoast.com\/product\/yoast-seo-wordpress\/ -->\n<title>Wiederherstellungstherapie - Bioventus<\/title>\n<meta name=\"robots\" content=\"index, follow, max-snippet:-1, max-image-preview:large, max-video-preview:-1\" \/>\n<link rel=\"canonical\" href=\"https:\/\/www.bioventus.com\/de\/products\/restorativetherapies\/\" \/>\n<meta property=\"og:locale\" content=\"de_DE\" \/>\n<meta property=\"og:type\" content=\"article\" \/>\n<meta property=\"og:title\" content=\"Wiederherstellungstherapie - Bioventus\" \/>\n<meta property=\"og:description\" content=\"[vc_row row_height_percent=&#8220;0&#8243; override_padding=&#8220;yes&#8220; h_padding=&#8220;2&#8243; top_padding=&#8220;3&#8243; bottom_padding=&#8220;1&#8243; overlay_alpha=&#8220;50&#8243; gutter_size=&#8220;3&#8243; column_width_percent=&#8220;100&#8243; shift_y=&#8220;0&#8243; z_index=&#8220;0&#8243;][vc_column column_width_percent=&#8220;100&#8243; gutter_size=&#8220;3&#8243; overlay_alpha=&#8220;50&#8243; shift_x=&#8220;0&#8243; shift_y=&#8220;0&#8243; shift_y_down=&#8220;0&#8243; z_index=&#8220;0&#8243; medium_width=&#8220;0&#8243; mobile_width=&#8220;0&#8243; [&hellip;]\" \/>\n<meta property=\"og:url\" content=\"https:\/\/www.bioventus.com\/de\/products\/restorativetherapies\/\" \/>\n<meta property=\"og:site_name\" content=\"Bioventus\" \/>\n<meta property=\"article:modified_time\" content=\"2024-12-30T14:13:03+00:00\" \/>\n<meta property=\"og:image\" content=\"https:\/\/www.bioventus.com\/wp-content\/uploads\/2020\/05\/product_detail_header@2x-scaled.jpg\" \/>\n\t<meta property=\"og:image:width\" content=\"2560\" \/>\n\t<meta property=\"og:image:height\" content=\"533\" \/>\n\t<meta property=\"og:image:type\" content=\"image\/jpeg\" \/>\n<meta name=\"twitter:card\" content=\"summary_large_image\" \/>\n<meta name=\"twitter:site\" content=\"@BioventusGlobal\" \/>\n<meta name=\"twitter:label1\" content=\"Gesch\u00e4tzte Lesezeit\" \/>\n\t<meta name=\"twitter:data1\" content=\"5 Minuten\" \/>\n<script type=\"application\/ld+json\" class=\"yoast-schema-graph\">{\"@context\":\"https:\\\/\\\/schema.org\",\"@graph\":[{\"@type\":\"WebPage\",\"@id\":\"https:\\\/\\\/www.bioventus.com\\\/de\\\/products\\\/restorativetherapies\\\/\",\"url\":\"https:\\\/\\\/www.bioventus.com\\\/de\\\/products\\\/restorativetherapies\\\/\",\"name\":\"Wiederherstellungstherapie - Bioventus\",\"isPartOf\":{\"@id\":\"https:\\\/\\\/www.bioventus.com\\\/de\\\/#website\"},\"primaryImageOfPage\":{\"@id\":\"https:\\\/\\\/www.bioventus.com\\\/de\\\/products\\\/restorativetherapies\\\/#primaryimage\"},\"image\":{\"@id\":\"https:\\\/\\\/www.bioventus.com\\\/de\\\/products\\\/restorativetherapies\\\/#primaryimage\"},\"thumbnailUrl\":\"https:\\\/\\\/www.bioventus.com\\\/wp-content\\\/uploads\\\/2020\\\/05\\\/product_detail_header@2x-scaled.jpg\",\"datePublished\":\"2021-06-11T13:22:41+00:00\",\"dateModified\":\"2024-12-30T14:13:03+00:00\",\"breadcrumb\":{\"@id\":\"https:\\\/\\\/www.bioventus.com\\\/de\\\/products\\\/restorativetherapies\\\/#breadcrumb\"},\"inLanguage\":\"de-DE\",\"potentialAction\":[{\"@type\":\"ReadAction\",\"target\":[\"https:\\\/\\\/www.bioventus.com\\\/de\\\/products\\\/restorativetherapies\\\/\"]}]},{\"@type\":\"ImageObject\",\"inLanguage\":\"de-DE\",\"@id\":\"https:\\\/\\\/www.bioventus.com\\\/de\\\/products\\\/restorativetherapies\\\/#primaryimage\",\"url\":\"https:\\\/\\\/www.bioventus.com\\\/wp-content\\\/uploads\\\/2020\\\/05\\\/product_detail_header@2x-scaled.jpg\",\"contentUrl\":\"https:\\\/\\\/www.bioventus.com\\\/wp-content\\\/uploads\\\/2020\\\/05\\\/product_detail_header@2x-scaled.jpg\",\"width\":2560,\"height\":533},{\"@type\":\"BreadcrumbList\",\"@id\":\"https:\\\/\\\/www.bioventus.com\\\/de\\\/products\\\/restorativetherapies\\\/#breadcrumb\",\"itemListElement\":[{\"@type\":\"ListItem\",\"position\":1,\"name\":\"Home\",\"item\":\"https:\\\/\\\/www.bioventus.com\\\/de\\\/\"},{\"@type\":\"ListItem\",\"position\":2,\"name\":\"Produkte\",\"item\":\"https:\\\/\\\/www.bioventus.com\\\/de\\\/products\\\/\"},{\"@type\":\"ListItem\",\"position\":3,\"name\":\"Wiederherstellungstherapie\"}]},{\"@type\":\"WebSite\",\"@id\":\"https:\\\/\\\/www.bioventus.com\\\/de\\\/#website\",\"url\":\"https:\\\/\\\/www.bioventus.com\\\/de\\\/\",\"name\":\"Bioventus\",\"description\":\"Active Healing through Orthobiologics\",\"publisher\":{\"@id\":\"https:\\\/\\\/www.bioventus.com\\\/de\\\/#organization\"},\"potentialAction\":[{\"@type\":\"SearchAction\",\"target\":{\"@type\":\"EntryPoint\",\"urlTemplate\":\"https:\\\/\\\/www.bioventus.com\\\/de\\\/?s={search_term_string}\"},\"query-input\":{\"@type\":\"PropertyValueSpecification\",\"valueRequired\":true,\"valueName\":\"search_term_string\"}}],\"inLanguage\":\"de-DE\"},{\"@type\":\"Organization\",\"@id\":\"https:\\\/\\\/www.bioventus.com\\\/de\\\/#organization\",\"name\":\"Bioventus\",\"url\":\"https:\\\/\\\/www.bioventus.com\\\/de\\\/\",\"logo\":{\"@type\":\"ImageObject\",\"inLanguage\":\"de-DE\",\"@id\":\"https:\\\/\\\/www.bioventus.com\\\/de\\\/#\\\/schema\\\/logo\\\/image\\\/\",\"url\":\"http:\\\/\\\/www.bioventus.com\\\/wp-content\\\/uploads\\\/2020\\\/04\\\/bioventus-logo-color-min.png\",\"contentUrl\":\"http:\\\/\\\/www.bioventus.com\\\/wp-content\\\/uploads\\\/2020\\\/04\\\/bioventus-logo-color-min.png\",\"width\":434,\"height\":72,\"caption\":\"Bioventus\"},\"image\":{\"@id\":\"https:\\\/\\\/www.bioventus.com\\\/de\\\/#\\\/schema\\\/logo\\\/image\\\/\"},\"sameAs\":[\"https:\\\/\\\/x.com\\\/BioventusGlobal\",\"https:\\\/\\\/www.linkedin.com\\\/company\\\/bioventus\\\/\",\"https:\\\/\\\/www.youtube.com\\\/user\\\/Bioventus\"]}]}<\/script>\n<!-- \/ Yoast SEO plugin. -->","yoast_head_json":{"title":"Wiederherstellungstherapie - Bioventus","robots":{"index":"index","follow":"follow","max-snippet":"max-snippet:-1","max-image-preview":"max-image-preview:large","max-video-preview":"max-video-preview:-1"},"canonical":"https:\/\/www.bioventus.com\/de\/products\/restorativetherapies\/","og_locale":"de_DE","og_type":"article","og_title":"Wiederherstellungstherapie - Bioventus","og_description":"[vc_row row_height_percent=&#8220;0&#8243; override_padding=&#8220;yes&#8220; h_padding=&#8220;2&#8243; top_padding=&#8220;3&#8243; bottom_padding=&#8220;1&#8243; overlay_alpha=&#8220;50&#8243; gutter_size=&#8220;3&#8243; column_width_percent=&#8220;100&#8243; shift_y=&#8220;0&#8243; z_index=&#8220;0&#8243;][vc_column column_width_percent=&#8220;100&#8243; gutter_size=&#8220;3&#8243; overlay_alpha=&#8220;50&#8243; shift_x=&#8220;0&#8243; shift_y=&#8220;0&#8243; shift_y_down=&#8220;0&#8243; z_index=&#8220;0&#8243; medium_width=&#8220;0&#8243; mobile_width=&#8220;0&#8243; [&hellip;]","og_url":"https:\/\/www.bioventus.com\/de\/products\/restorativetherapies\/","og_site_name":"Bioventus","article_modified_time":"2024-12-30T14:13:03+00:00","og_image":[{"width":2560,"height":533,"url":"https:\/\/www.bioventus.com\/wp-content\/uploads\/2020\/05\/product_detail_header@2x-scaled.jpg","type":"image\/jpeg"}],"twitter_card":"summary_large_image","twitter_site":"@BioventusGlobal","twitter_misc":{"Gesch\u00e4tzte Lesezeit":"5 Minuten"},"schema":{"@context":"https:\/\/schema.org","@graph":[{"@type":"WebPage","@id":"https:\/\/www.bioventus.com\/de\/products\/restorativetherapies\/","url":"https:\/\/www.bioventus.com\/de\/products\/restorativetherapies\/","name":"Wiederherstellungstherapie - Bioventus","isPartOf":{"@id":"https:\/\/www.bioventus.com\/de\/#website"},"primaryImageOfPage":{"@id":"https:\/\/www.bioventus.com\/de\/products\/restorativetherapies\/#primaryimage"},"image":{"@id":"https:\/\/www.bioventus.com\/de\/products\/restorativetherapies\/#primaryimage"},"thumbnailUrl":"https:\/\/www.bioventus.com\/wp-content\/uploads\/2020\/05\/product_detail_header@2x-scaled.jpg","datePublished":"2021-06-11T13:22:41+00:00","dateModified":"2024-12-30T14:13:03+00:00","breadcrumb":{"@id":"https:\/\/www.bioventus.com\/de\/products\/restorativetherapies\/#breadcrumb"},"inLanguage":"de-DE","potentialAction":[{"@type":"ReadAction","target":["https:\/\/www.bioventus.com\/de\/products\/restorativetherapies\/"]}]},{"@type":"ImageObject","inLanguage":"de-DE","@id":"https:\/\/www.bioventus.com\/de\/products\/restorativetherapies\/#primaryimage","url":"https:\/\/www.bioventus.com\/wp-content\/uploads\/2020\/05\/product_detail_header@2x-scaled.jpg","contentUrl":"https:\/\/www.bioventus.com\/wp-content\/uploads\/2020\/05\/product_detail_header@2x-scaled.jpg","width":2560,"height":533},{"@type":"BreadcrumbList","@id":"https:\/\/www.bioventus.com\/de\/products\/restorativetherapies\/#breadcrumb","itemListElement":[{"@type":"ListItem","position":1,"name":"Home","item":"https:\/\/www.bioventus.com\/de\/"},{"@type":"ListItem","position":2,"name":"Produkte","item":"https:\/\/www.bioventus.com\/de\/products\/"},{"@type":"ListItem","position":3,"name":"Wiederherstellungstherapie"}]},{"@type":"WebSite","@id":"https:\/\/www.bioventus.com\/de\/#website","url":"https:\/\/www.bioventus.com\/de\/","name":"Bioventus","description":"Active Healing through Orthobiologics","publisher":{"@id":"https:\/\/www.bioventus.com\/de\/#organization"},"potentialAction":[{"@type":"SearchAction","target":{"@type":"EntryPoint","urlTemplate":"https:\/\/www.bioventus.com\/de\/?s={search_term_string}"},"query-input":{"@type":"PropertyValueSpecification","valueRequired":true,"valueName":"search_term_string"}}],"inLanguage":"de-DE"},{"@type":"Organization","@id":"https:\/\/www.bioventus.com\/de\/#organization","name":"Bioventus","url":"https:\/\/www.bioventus.com\/de\/","logo":{"@type":"ImageObject","inLanguage":"de-DE","@id":"https:\/\/www.bioventus.com\/de\/#\/schema\/logo\/image\/","url":"http:\/\/www.bioventus.com\/wp-content\/uploads\/2020\/04\/bioventus-logo-color-min.png","contentUrl":"http:\/\/www.bioventus.com\/wp-content\/uploads\/2020\/04\/bioventus-logo-color-min.png","width":434,"height":72,"caption":"Bioventus"},"image":{"@id":"https:\/\/www.bioventus.com\/de\/#\/schema\/logo\/image\/"},"sameAs":["https:\/\/x.com\/BioventusGlobal","https:\/\/www.linkedin.com\/company\/bioventus\/","https:\/\/www.youtube.com\/user\/Bioventus"]}]}},"_links":{"self":[{"href":"https:\/\/www.bioventus.com\/de\/wp-json\/wp\/v2\/pages\/12357","targetHints":{"allow":["GET"]}}],"collection":[{"href":"https:\/\/www.bioventus.com\/de\/wp-json\/wp\/v2\/pages"}],"about":[{"href":"https:\/\/www.bioventus.com\/de\/wp-json\/wp\/v2\/types\/page"}],"author":[{"embeddable":true,"href":"https:\/\/www.bioventus.com\/de\/wp-json\/wp\/v2\/users\/4"}],"replies":[{"embeddable":true,"href":"https:\/\/www.bioventus.com\/de\/wp-json\/wp\/v2\/comments?post=12357"}],"version-history":[{"count":0,"href":"https:\/\/www.bioventus.com\/de\/wp-json\/wp\/v2\/pages\/12357\/revisions"}],"up":[{"embeddable":true,"href":"https:\/\/www.bioventus.com\/de\/wp-json\/wp\/v2\/pages\/12232"}],"wp:featuredmedia":[{"embeddable":true,"href":"https:\/\/www.bioventus.com\/de\/wp-json\/wp\/v2\/media\/11701"}],"wp:attachment":[{"href":"https:\/\/www.bioventus.com\/de\/wp-json\/wp\/v2\/media?parent=12357"}],"curies":[{"name":"wp","href":"https:\/\/api.w.org\/{rel}","templated":true}]}}