{"id":12211,"date":"2021-06-22T18:36:31","date_gmt":"2021-06-22T18:36:31","guid":{"rendered":"http:\/\/bioventuspub.wpengine.com\/payers\/"},"modified":"2021-07-28T13:24:35","modified_gmt":"2021-07-28T13:24:35","slug":"payers","status":"publish","type":"page","link":"https:\/\/www.bioventus.com\/de\/payers\/","title":{"rendered":"Kostentr\u00e4ger"},"content":{"rendered":"<div class=\"wpb-content-wrapper\"><p>[vc_row unlock_row=&#8220;&#8220; row_height_percent=&#8220;0&#8243; override_padding=&#8220;yes&#8220; h_padding=&#8220;2&#8243; top_padding=&#8220;0&#8243; bottom_padding=&#8220;0&#8243; overlay_alpha=&#8220;50&#8243; gutter_size=&#8220;3&#8243; column_width_percent=&#8220;100&#8243; shift_y=&#8220;0&#8243; z_index=&#8220;0&#8243;][vc_column column_width_percent=&#8220;100&#8243; gutter_size=&#8220;3&#8243; overlay_alpha=&#8220;50&#8243; shift_x=&#8220;0&#8243; shift_y=&#8220;0&#8243; shift_y_down=&#8220;0&#8243; z_index=&#8220;0&#8243; medium_width=&#8220;0&#8243; mobile_width=&#8220;0&#8243; width=&#8220;1\/12&#8243; el_class=&#8220;map-container&#8220; css=&#8220;.vc_custom_1589401244102{padding-bottom: 50px !important;}&#8220;][\/vc_column][vc_column column_width_percent=&#8220;100&#8243; align_horizontal=&#8220;align_center&#8220; gutter_size=&#8220;3&#8243; back_color=&#8220;color-xsdn&#8220; overlay_alpha=&#8220;50&#8243; shift_x=&#8220;-2&#8243; shift_y=&#8220;0&#8243; shift_y_down=&#8220;0&#8243; z_index=&#8220;0&#8243; medium_width=&#8220;0&#8243; mobile_width=&#8220;0&#8243; width=&#8220;10\/12&#8243; el_class=&#8220;secondary-page-header&#8220;][vc_column_text]<\/p>\n<h2>Kostentr\u00e4ger<\/h2>\n<hr class=\"separator-break separator-accent\" \/>\n<h3><strong>Innovative und kosteneffiziente L\u00f6sungen<\/strong><\/h3>\n<p>Wir bei Bioventus verstehen, dass im Gesundheitswesen von heute Kostenkontrolle wichtiger ist als je zuvor. Wir r\u00fccken Innovationen f\u00fcr aktive Heilung in der Medizin in den Vordergrund und bieten Patienten kosteneffiziente L\u00f6sungen im Bereich Schmerzbehandlung und Gelenktherapien, Wiederherstellungstherapien und Knochenersatzmaterialien.[\/vc_column_text][\/vc_column][vc_column width=&#8220;1\/12&#8243;][\/vc_column][\/vc_row][vc_row unlock_row=&#8220;&#8220; row_height_percent=&#8220;0&#8243; overlay_alpha=&#8220;50&#8243; gutter_size=&#8220;0&#8243; column_width_percent=&#8220;100&#8243; shift_y=&#8220;0&#8243; z_index=&#8220;0&#8243;][vc_column column_width_percent=&#8220;100&#8243; align_horizontal=&#8220;align_center&#8220; gutter_size=&#8220;3&#8243; overlay_alpha=&#8220;50&#8243; shift_x=&#8220;0&#8243; shift_y=&#8220;0&#8243; shift_y_down=&#8220;0&#8243; z_index=&#8220;0&#8243; medium_width=&#8220;0&#8243; mobile_width=&#8220;0&#8243; width=&#8220;1\/12&#8243;][\/vc_column][vc_column column_width_percent=&#8220;100&#8243; align_horizontal=&#8220;align_center&#8220; gutter_size=&#8220;3&#8243; overlay_alpha=&#8220;50&#8243; shift_x=&#8220;0&#8243; shift_y=&#8220;0&#8243; shift_y_down=&#8220;0&#8243; z_index=&#8220;0&#8243; medium_width=&#8220;0&#8243; mobile_width=&#8220;0&#8243; width=&#8220;10\/12&#8243; el_class=&#8220;h2-uppercase-headings&#8220;][vc_column_text css=&#8220;.vc_custom_1627477837473{margin-bottom: 100px !important;}&#8220;]<\/p>\n<h3><strong>Alternativen zu invasiveren Verfahren<\/strong><\/h3>\n<p>Unser Ziel ist es, sichere, innovative und effektive L\u00f6sungen zu entwickeln, die Patienten helfen, ihr normales Leben wieder aufzunehmen. Durch k\u00fcrzere Genesungszeiten und weniger invasive Behandlungsoptionen k\u00f6nnen, wo m\u00f6glich, Kosten gesenkt werden, ohne dass die Qualit\u00e4t der Patientenversorgung darunter leidet.<\/p>\n<p>Wir haben einen anderen Ansatz, der ohne Medikamente auskommt und in einigen F\u00e4llen eine Operation hinausz\u00f6gern oder \u00fcberfl\u00fcssig machen kann. Dar\u00fcber hinaus k\u00f6nnen viele unserer Produkte ganz einfach beim Patienten zu Hause, in der Arztpraxis oder im Rehazentrum verabreicht werden.<\/p>\n<p>Ein Team von Spezialisten mit Erfahrung in den Bereichen Medizin und Kostendeckung steht bei Bioventus bereit, um Kostentr\u00e4ger bez\u00fcglich unserer Produkte und Angebote sowie zum Thema Kostenerstattung zu beraten.[\/vc_column_text][vc_column_text css=&#8220;.vc_custom_1627478061062{margin-bottom: 100px !important;}&#8220;]<\/p>\n<h3><strong>Non-Union-Frakturen* ohne Operation behandeln<\/strong><\/h3>\n<p>Ein gutes Beispiel f\u00fcr das Minimieren von Kosten bei qualitativ hochwertiger Behandlung ist das EXOGEN-Ultraschall-Knochenheilungssystem. Wenn ein Patient mit einem Knochenbruch zu tun hat, der einfach nicht heilt, dann k\u00f6nnte eine Operation erforderlich sein, um Platten und Schrauben zu implantieren, die dem Knochen dabei helfen, zusammenzuwachsen. Bevor diese Option in Betracht gezogen wird, probieren immer mehr Patienten das kosteng\u00fcnstige EXOGEN-System aus, das einzige von der FDA zugelassene Ultraschallprodukt, das nachweislich die Frakturheilung beschleunigen kann.<\/p>\n<p>EXOGEN ist eine klinisch nachgewiesene Alternative zur Operation bei der Behandlung von nicht heilenden Frakturen mit einer Heilungsrate von 86\u00a0%<sup>1<\/sup>. Bei der Behandlung von nicht heilenden Frakturen durch den Einsatz von EXOGEN bleiben Patienten und Versicherungen die Kosten einer m\u00f6glichen Operation, die bei \u00fcber 20.000\u00a0$ liegen k\u00f6nnen, erspart. Auch wenn manche wom\u00f6glich zun\u00e4chst vor dem Preis von EXOGEN zur\u00fcckschrecken, zeigen Studien, dass EXOGEN unter den Knochenstimulatoren am kosteng\u00fcnstigsten ist (6.610\u00a0$)<sup>2<\/sup>.<\/p>\n<p><strong>Weitere Informationen dar\u00fcber, warum EXOGEN die perfekte Alternative zu einer OP sein kann, finden Sie auf der <a href=\"http:\/\/exogen.com\"> EXOGEN-Website<\/a>.<\/strong>[\/vc_column_text][\/vc_column][vc_column width=&#8220;1\/12&#8243;][\/vc_column][\/vc_row][vc_row row_height_percent=&#8220;0&#8243; override_padding=&#8220;yes&#8220; h_padding=&#8220;3&#8243; top_padding=&#8220;0&#8243; bottom_padding=&#8220;3&#8243; overlay_alpha=&#8220;50&#8243; gutter_size=&#8220;3&#8243; column_width_percent=&#8220;100&#8243; shift_y=&#8220;0&#8243; z_index=&#8220;0&#8243; css=&#8220;.vc_custom_1624386402217{margin-top: 50px !important;}&#8220;][vc_column column_width_percent=&#8220;100&#8243; position_vertical=&#8220;middle&#8220; align_horizontal=&#8220;align_center&#8220; gutter_size=&#8220;3&#8243; overlay_alpha=&#8220;50&#8243; shift_x=&#8220;0&#8243; shift_y=&#8220;0&#8243; shift_y_down=&#8220;0&#8243; z_index=&#8220;0&#8243; medium_width=&#8220;0&#8243; mobile_width=&#8220;0&#8243; width=&#8220;1\/1&#8243;][vc_column_text]<\/p>\n<hr \/>\n<h2>Erfahren Sie mehr \u00fcber unsere Produkte:<\/h2>\n<p>[\/vc_column_text][vc_row_inner][vc_column_inner column_width_percent=&#8220;100&#8243; align_horizontal=&#8220;align_center&#8220; gutter_size=&#8220;3&#8243; overlay_alpha=&#8220;50&#8243; shift_x=&#8220;0&#8243; shift_y=&#8220;0&#8243; shift_y_down=&#8220;0&#8243; z_index=&#8220;0&#8243; medium_width=&#8220;0&#8243; mobile_width=&#8220;0&#8243; width=&#8220;1\/3&#8243; el_class=&#8220;product-box-no-height&#8220;][vc_single_image media=&#8220;1023&#8243; media_width_percent=&#8220;100&#8243;][vc_column_text]<\/p>\n<h3>Wiederherstellungstherapie<\/h3>\n<p>[\/vc_column_text][vc_button border_width=&#8220;0&#8243; link=&#8220;url:http%3A%2F%2Fwww.bioventus.com%2Fde%2Fproducts%2Frestorativetherapies%2F&#8220;] Lern mehr[\/vc_button][\/vc_column_inner][vc_column_inner column_width_percent=&#8220;100&#8243; align_horizontal=&#8220;align_center&#8220; gutter_size=&#8220;3&#8243; overlay_alpha=&#8220;50&#8243; shift_x=&#8220;0&#8243; shift_y=&#8220;0&#8243; shift_y_down=&#8220;0&#8243; z_index=&#8220;0&#8243; medium_width=&#8220;0&#8243; mobile_width=&#8220;0&#8243; width=&#8220;1\/3&#8243; el_class=&#8220;product-box-no-height&#8220;][vc_single_image media=&#8220;116&#8243; media_width_percent=&#8220;100&#8243;][vc_column_text]<\/p>\n<h3>Schmerzbehandlung &amp; Gelenkerhalt<\/h3>\n<p>[\/vc_column_text][vc_button border_width=&#8220;0&#8243; link=&#8220;url:http%3A%2F%2Fwww.bioventus.com%2Fde%2Fproducts%2Fpaintreatmentsjointpreservation%2F&#8220;]Lern mehr[\/vc_button][\/vc_column_inner][vc_column_inner column_width_percent=&#8220;100&#8243; align_horizontal=&#8220;align_center&#8220; gutter_size=&#8220;3&#8243; overlay_alpha=&#8220;50&#8243; shift_x=&#8220;0&#8243; shift_y=&#8220;0&#8243; shift_y_down=&#8220;0&#8243; z_index=&#8220;0&#8243; medium_width=&#8220;0&#8243; mobile_width=&#8220;0&#8243; width=&#8220;1\/3&#8243; el_class=&#8220;product-box-no-height&#8220;][vc_single_image media=&#8220;117&#8243; media_width_percent=&#8220;100&#8243;][vc_column_text]<\/p>\n<h3>Knochenersatzmaterial<\/h3>\n<p>[\/vc_column_text][vc_button border_width=&#8220;0&#8243; link=&#8220;url:http%3A%2F%2Fwww.bioventus.com%2Fde%2Fproducts%2Fbonegraftsubs%2F|title:Bone%20Graft%20Substitutes&#8220;]Lern mehr[\/vc_button][\/vc_column_inner][\/vc_row_inner][\/vc_column][\/vc_row][vc_row row_height_percent=&#8220;0&#8243; overlay_alpha=&#8220;50&#8243; gutter_size=&#8220;3&#8243; column_width_percent=&#8220;100&#8243; shift_y=&#8220;0&#8243; z_index=&#8220;0&#8243;][vc_column width=&#8220;1\/12&#8243;][\/vc_column][vc_column column_width_percent=&#8220;100&#8243; position_vertical=&#8220;middle&#8220; gutter_size=&#8220;3&#8243; expand_height=&#8220;yes&#8220; overlay_alpha=&#8220;50&#8243; shift_x=&#8220;0&#8243; shift_y=&#8220;0&#8243; shift_y_down=&#8220;0&#8243; z_index=&#8220;0&#8243; medium_width=&#8220;0&#8243; mobile_width=&#8220;0&#8243; width=&#8220;10\/12&#8243; el_class=&#8220;references&#8220; css=&#8220;.vc_custom_1624394969623{border-top-width: 10px !important;}&#8220;][vc_column_text]<\/p>\n<ol>\n<li>Nolte PA, van der Krans A, Patka P, Janssen IM, Ryaby JP, Albers GH. Low-intensity pulsed ultrasound in the treatment of nonunions. J Trauma. 2001;51(4):693-703.<\/li>\n<li>Schultz M, Oremus M, Whitman CS, Conway JD. Cost-effectiveness of bone stimulators in the conservative treatment of stable non-union fractures. International Society for Pharmacoeconomics and Outcomes Research, Seventh Annual European Congress, Hamburg, Germany, Oct. 24-26, 2004.<\/li>\n<\/ol>\n<p>*EXOGEN Summary of Indications for Use: The EXOGEN Ultrasound Bone Healing System is indicated for the non-invasive treatment of established non-unions\u2020 excluding skull and vertebra. In addition, EXOGEN is indicated for accelerating the time to a healed fracture for fresh, closed, posteriorly displaced distal radius fractures and fresh, closed or Grade I open tibial diaphysis fractures in skeletally mature individuals when these fractures are orthopaedically managed by closed reduction and cast immobilization.<\/p>\n<p>There are no known contraindications for the EXOGEN device. Safety and effectiveness has not been established for individuals lacking skeletal maturity; pregnant or nursing women; patients with cardiac pacemakers; on fractures due to bone cancer; or on patients with poor blood circulation or clotting problems. Some patients may be sensitive to the ultrasound gel. Full prescribing information can be found in product labeling, at www.exogen.com or by contacting customer service at 1-800-396-4325.<\/p>\n<p>\u2020A non-union is considered to be established when the fracture site shows no visibly progressive signs of healing.[\/vc_column_text][\/vc_column][vc_column width=&#8220;1\/12&#8243;][\/vc_column][\/vc_row]<\/p>\n<\/div>","protected":false},"excerpt":{"rendered":"<p>[vc_row unlock_row=&#8220;&#8220; row_height_percent=&#8220;0&#8243; override_padding=&#8220;yes&#8220; h_padding=&#8220;2&#8243; top_padding=&#8220;0&#8243; bottom_padding=&#8220;0&#8243; overlay_alpha=&#8220;50&#8243; gutter_size=&#8220;3&#8243; column_width_percent=&#8220;100&#8243; shift_y=&#8220;0&#8243; z_index=&#8220;0&#8243;][vc_column column_width_percent=&#8220;100&#8243; gutter_size=&#8220;3&#8243; overlay_alpha=&#8220;50&#8243; shift_x=&#8220;0&#8243; shift_y=&#8220;0&#8243; shift_y_down=&#8220;0&#8243; z_index=&#8220;0&#8243; medium_width=&#8220;0&#8243; [&hellip;]<\/p>\n","protected":false},"author":4,"featured_media":12212,"parent":0,"menu_order":0,"comment_status":"closed","ping_status":"closed","template":"","meta":{"footnotes":""},"class_list":["post-12211","page","type-page","status-publish","has-post-thumbnail","hentry"],"yoast_head":"<!-- This site is optimized with the Yoast SEO plugin v27.5 - https:\/\/yoast.com\/product\/yoast-seo-wordpress\/ -->\n<title>Kostentr\u00e4ger - Bioventus<\/title>\n<meta name=\"robots\" content=\"index, follow, max-snippet:-1, max-image-preview:large, max-video-preview:-1\" \/>\n<link rel=\"canonical\" href=\"https:\/\/www.bioventus.com\/de\/payers\/\" \/>\n<meta property=\"og:locale\" content=\"de_DE\" \/>\n<meta property=\"og:type\" content=\"article\" \/>\n<meta property=\"og:title\" content=\"Kostentr\u00e4ger - Bioventus\" \/>\n<meta property=\"og:description\" content=\"[vc_row unlock_row=&#8220;&#8220; row_height_percent=&#8220;0&#8243; override_padding=&#8220;yes&#8220; h_padding=&#8220;2&#8243; top_padding=&#8220;0&#8243; bottom_padding=&#8220;0&#8243; overlay_alpha=&#8220;50&#8243; gutter_size=&#8220;3&#8243; column_width_percent=&#8220;100&#8243; shift_y=&#8220;0&#8243; z_index=&#8220;0&#8243;][vc_column column_width_percent=&#8220;100&#8243; gutter_size=&#8220;3&#8243; overlay_alpha=&#8220;50&#8243; shift_x=&#8220;0&#8243; shift_y=&#8220;0&#8243; shift_y_down=&#8220;0&#8243; z_index=&#8220;0&#8243; medium_width=&#8220;0&#8243; [&hellip;]\" \/>\n<meta property=\"og:url\" content=\"https:\/\/www.bioventus.com\/de\/payers\/\" \/>\n<meta property=\"og:site_name\" content=\"Bioventus\" \/>\n<meta property=\"article:modified_time\" content=\"2021-07-28T13:24:35+00:00\" \/>\n<meta property=\"og:image\" content=\"https:\/\/www.bioventus.com\/wp-content\/uploads\/2020\/07\/BIOV_Payers_header-min-scaled.jpg\" \/>\n\t<meta property=\"og:image:width\" content=\"2560\" \/>\n\t<meta property=\"og:image:height\" content=\"764\" \/>\n\t<meta property=\"og:image:type\" content=\"image\/jpeg\" \/>\n<meta name=\"twitter:card\" content=\"summary_large_image\" \/>\n<meta name=\"twitter:site\" content=\"@BioventusGlobal\" \/>\n<meta name=\"twitter:label1\" content=\"Gesch\u00e4tzte Lesezeit\" \/>\n\t<meta name=\"twitter:data1\" content=\"4 Minuten\" \/>\n<script type=\"application\/ld+json\" class=\"yoast-schema-graph\">{\"@context\":\"https:\\\/\\\/schema.org\",\"@graph\":[{\"@type\":\"WebPage\",\"@id\":\"https:\\\/\\\/www.bioventus.com\\\/de\\\/payers\\\/\",\"url\":\"https:\\\/\\\/www.bioventus.com\\\/de\\\/payers\\\/\",\"name\":\"Kostentr\u00e4ger - Bioventus\",\"isPartOf\":{\"@id\":\"https:\\\/\\\/www.bioventus.com\\\/de\\\/#website\"},\"primaryImageOfPage\":{\"@id\":\"https:\\\/\\\/www.bioventus.com\\\/de\\\/payers\\\/#primaryimage\"},\"image\":{\"@id\":\"https:\\\/\\\/www.bioventus.com\\\/de\\\/payers\\\/#primaryimage\"},\"thumbnailUrl\":\"https:\\\/\\\/www.bioventus.com\\\/wp-content\\\/uploads\\\/2020\\\/07\\\/BIOV_Payers_header-min-scaled.jpg\",\"datePublished\":\"2021-06-22T18:36:31+00:00\",\"dateModified\":\"2021-07-28T13:24:35+00:00\",\"breadcrumb\":{\"@id\":\"https:\\\/\\\/www.bioventus.com\\\/de\\\/payers\\\/#breadcrumb\"},\"inLanguage\":\"de-DE\",\"potentialAction\":[{\"@type\":\"ReadAction\",\"target\":[\"https:\\\/\\\/www.bioventus.com\\\/de\\\/payers\\\/\"]}]},{\"@type\":\"ImageObject\",\"inLanguage\":\"de-DE\",\"@id\":\"https:\\\/\\\/www.bioventus.com\\\/de\\\/payers\\\/#primaryimage\",\"url\":\"https:\\\/\\\/www.bioventus.com\\\/wp-content\\\/uploads\\\/2020\\\/07\\\/BIOV_Payers_header-min-scaled.jpg\",\"contentUrl\":\"https:\\\/\\\/www.bioventus.com\\\/wp-content\\\/uploads\\\/2020\\\/07\\\/BIOV_Payers_header-min-scaled.jpg\",\"width\":2560,\"height\":764},{\"@type\":\"BreadcrumbList\",\"@id\":\"https:\\\/\\\/www.bioventus.com\\\/de\\\/payers\\\/#breadcrumb\",\"itemListElement\":[{\"@type\":\"ListItem\",\"position\":1,\"name\":\"Home\",\"item\":\"https:\\\/\\\/www.bioventus.com\\\/de\\\/\"},{\"@type\":\"ListItem\",\"position\":2,\"name\":\"Kostentr\u00e4ger\"}]},{\"@type\":\"WebSite\",\"@id\":\"https:\\\/\\\/www.bioventus.com\\\/de\\\/#website\",\"url\":\"https:\\\/\\\/www.bioventus.com\\\/de\\\/\",\"name\":\"Bioventus\",\"description\":\"Active Healing through Orthobiologics\",\"publisher\":{\"@id\":\"https:\\\/\\\/www.bioventus.com\\\/de\\\/#organization\"},\"potentialAction\":[{\"@type\":\"SearchAction\",\"target\":{\"@type\":\"EntryPoint\",\"urlTemplate\":\"https:\\\/\\\/www.bioventus.com\\\/de\\\/?s={search_term_string}\"},\"query-input\":{\"@type\":\"PropertyValueSpecification\",\"valueRequired\":true,\"valueName\":\"search_term_string\"}}],\"inLanguage\":\"de-DE\"},{\"@type\":\"Organization\",\"@id\":\"https:\\\/\\\/www.bioventus.com\\\/de\\\/#organization\",\"name\":\"Bioventus\",\"url\":\"https:\\\/\\\/www.bioventus.com\\\/de\\\/\",\"logo\":{\"@type\":\"ImageObject\",\"inLanguage\":\"de-DE\",\"@id\":\"https:\\\/\\\/www.bioventus.com\\\/de\\\/#\\\/schema\\\/logo\\\/image\\\/\",\"url\":\"http:\\\/\\\/www.bioventus.com\\\/wp-content\\\/uploads\\\/2020\\\/04\\\/bioventus-logo-color-min.png\",\"contentUrl\":\"http:\\\/\\\/www.bioventus.com\\\/wp-content\\\/uploads\\\/2020\\\/04\\\/bioventus-logo-color-min.png\",\"width\":434,\"height\":72,\"caption\":\"Bioventus\"},\"image\":{\"@id\":\"https:\\\/\\\/www.bioventus.com\\\/de\\\/#\\\/schema\\\/logo\\\/image\\\/\"},\"sameAs\":[\"https:\\\/\\\/x.com\\\/BioventusGlobal\",\"https:\\\/\\\/www.linkedin.com\\\/company\\\/bioventus\\\/\",\"https:\\\/\\\/www.youtube.com\\\/user\\\/Bioventus\"]}]}<\/script>\n<!-- \/ Yoast SEO plugin. -->","yoast_head_json":{"title":"Kostentr\u00e4ger - Bioventus","robots":{"index":"index","follow":"follow","max-snippet":"max-snippet:-1","max-image-preview":"max-image-preview:large","max-video-preview":"max-video-preview:-1"},"canonical":"https:\/\/www.bioventus.com\/de\/payers\/","og_locale":"de_DE","og_type":"article","og_title":"Kostentr\u00e4ger - Bioventus","og_description":"[vc_row unlock_row=&#8220;&#8220; row_height_percent=&#8220;0&#8243; override_padding=&#8220;yes&#8220; h_padding=&#8220;2&#8243; top_padding=&#8220;0&#8243; bottom_padding=&#8220;0&#8243; overlay_alpha=&#8220;50&#8243; gutter_size=&#8220;3&#8243; column_width_percent=&#8220;100&#8243; shift_y=&#8220;0&#8243; z_index=&#8220;0&#8243;][vc_column column_width_percent=&#8220;100&#8243; gutter_size=&#8220;3&#8243; overlay_alpha=&#8220;50&#8243; shift_x=&#8220;0&#8243; shift_y=&#8220;0&#8243; shift_y_down=&#8220;0&#8243; z_index=&#8220;0&#8243; medium_width=&#8220;0&#8243; [&hellip;]","og_url":"https:\/\/www.bioventus.com\/de\/payers\/","og_site_name":"Bioventus","article_modified_time":"2021-07-28T13:24:35+00:00","og_image":[{"width":2560,"height":764,"url":"https:\/\/www.bioventus.com\/wp-content\/uploads\/2020\/07\/BIOV_Payers_header-min-scaled.jpg","type":"image\/jpeg"}],"twitter_card":"summary_large_image","twitter_site":"@BioventusGlobal","twitter_misc":{"Gesch\u00e4tzte Lesezeit":"4 Minuten"},"schema":{"@context":"https:\/\/schema.org","@graph":[{"@type":"WebPage","@id":"https:\/\/www.bioventus.com\/de\/payers\/","url":"https:\/\/www.bioventus.com\/de\/payers\/","name":"Kostentr\u00e4ger - Bioventus","isPartOf":{"@id":"https:\/\/www.bioventus.com\/de\/#website"},"primaryImageOfPage":{"@id":"https:\/\/www.bioventus.com\/de\/payers\/#primaryimage"},"image":{"@id":"https:\/\/www.bioventus.com\/de\/payers\/#primaryimage"},"thumbnailUrl":"https:\/\/www.bioventus.com\/wp-content\/uploads\/2020\/07\/BIOV_Payers_header-min-scaled.jpg","datePublished":"2021-06-22T18:36:31+00:00","dateModified":"2021-07-28T13:24:35+00:00","breadcrumb":{"@id":"https:\/\/www.bioventus.com\/de\/payers\/#breadcrumb"},"inLanguage":"de-DE","potentialAction":[{"@type":"ReadAction","target":["https:\/\/www.bioventus.com\/de\/payers\/"]}]},{"@type":"ImageObject","inLanguage":"de-DE","@id":"https:\/\/www.bioventus.com\/de\/payers\/#primaryimage","url":"https:\/\/www.bioventus.com\/wp-content\/uploads\/2020\/07\/BIOV_Payers_header-min-scaled.jpg","contentUrl":"https:\/\/www.bioventus.com\/wp-content\/uploads\/2020\/07\/BIOV_Payers_header-min-scaled.jpg","width":2560,"height":764},{"@type":"BreadcrumbList","@id":"https:\/\/www.bioventus.com\/de\/payers\/#breadcrumb","itemListElement":[{"@type":"ListItem","position":1,"name":"Home","item":"https:\/\/www.bioventus.com\/de\/"},{"@type":"ListItem","position":2,"name":"Kostentr\u00e4ger"}]},{"@type":"WebSite","@id":"https:\/\/www.bioventus.com\/de\/#website","url":"https:\/\/www.bioventus.com\/de\/","name":"Bioventus","description":"Active Healing through Orthobiologics","publisher":{"@id":"https:\/\/www.bioventus.com\/de\/#organization"},"potentialAction":[{"@type":"SearchAction","target":{"@type":"EntryPoint","urlTemplate":"https:\/\/www.bioventus.com\/de\/?s={search_term_string}"},"query-input":{"@type":"PropertyValueSpecification","valueRequired":true,"valueName":"search_term_string"}}],"inLanguage":"de-DE"},{"@type":"Organization","@id":"https:\/\/www.bioventus.com\/de\/#organization","name":"Bioventus","url":"https:\/\/www.bioventus.com\/de\/","logo":{"@type":"ImageObject","inLanguage":"de-DE","@id":"https:\/\/www.bioventus.com\/de\/#\/schema\/logo\/image\/","url":"http:\/\/www.bioventus.com\/wp-content\/uploads\/2020\/04\/bioventus-logo-color-min.png","contentUrl":"http:\/\/www.bioventus.com\/wp-content\/uploads\/2020\/04\/bioventus-logo-color-min.png","width":434,"height":72,"caption":"Bioventus"},"image":{"@id":"https:\/\/www.bioventus.com\/de\/#\/schema\/logo\/image\/"},"sameAs":["https:\/\/x.com\/BioventusGlobal","https:\/\/www.linkedin.com\/company\/bioventus\/","https:\/\/www.youtube.com\/user\/Bioventus"]}]}},"_links":{"self":[{"href":"https:\/\/www.bioventus.com\/de\/wp-json\/wp\/v2\/pages\/12211","targetHints":{"allow":["GET"]}}],"collection":[{"href":"https:\/\/www.bioventus.com\/de\/wp-json\/wp\/v2\/pages"}],"about":[{"href":"https:\/\/www.bioventus.com\/de\/wp-json\/wp\/v2\/types\/page"}],"author":[{"embeddable":true,"href":"https:\/\/www.bioventus.com\/de\/wp-json\/wp\/v2\/users\/4"}],"replies":[{"embeddable":true,"href":"https:\/\/www.bioventus.com\/de\/wp-json\/wp\/v2\/comments?post=12211"}],"version-history":[{"count":0,"href":"https:\/\/www.bioventus.com\/de\/wp-json\/wp\/v2\/pages\/12211\/revisions"}],"wp:featuredmedia":[{"embeddable":true,"href":"https:\/\/www.bioventus.com\/de\/wp-json\/wp\/v2\/media\/12212"}],"wp:attachment":[{"href":"https:\/\/www.bioventus.com\/de\/wp-json\/wp\/v2\/media?parent=12211"}],"curies":[{"name":"wp","href":"https:\/\/api.w.org\/{rel}","templated":true}]}}