{"id":11838,"date":"2020-07-14T15:18:52","date_gmt":"2020-07-14T15:18:52","guid":{"rendered":"http:\/\/bioventuspub.wpengine.com\/about-us\/board-members\/guido-neels\/"},"modified":"2021-08-11T19:01:17","modified_gmt":"2021-08-11T19:01:17","slug":"guido-neels","status":"publish","type":"page","link":"https:\/\/www.bioventus.com\/de\/about-us\/board-members\/guido-neels\/","title":{"rendered":"Guido J. Neels"},"content":{"rendered":"<div class=\"wpb-content-wrapper\"><p>[vc_row unlock_row=&#8220;&#8220; row_height_percent=&#8220;0&#8243; override_padding=&#8220;yes&#8220; h_padding=&#8220;3&#8243; top_padding=&#8220;3&#8243; bottom_padding=&#8220;3&#8243; overlay_alpha=&#8220;50&#8243; gutter_size=&#8220;3&#8243; column_width_percent=&#8220;100&#8243; shift_y=&#8220;0&#8243; z_index=&#8220;0&#8243;][vc_column width=&#8220;1\/1&#8243;][vc_column_text]Guido Neels kam 2006 zu EW Healthcare Partners und ist Operating Partner.<\/p>\n<p>Neels spielte eine Schl\u00fcsselrolle beim Aufbau und der Leitung der Investmentstrategie f\u00fcr Medizinprodukte von EW. Er ist derzeit im Board of Directors der Wachstumskapital-Portfoliounternehmen von EW, Axogen und Bioventus, t\u00e4tig und spielte in einer Reihe von Wachstumskapitalinvestitionen, darunter Sonendo und TELA Bio, eine zentrale Rolle.<\/p>\n<p>Vor seiner T\u00e4tigkeit bei EW war Neels Chief Operate Officer der Guidant Corporation, einem weltweit f\u00fchrenden Unternehmen in der Entwicklung von kardiovaskul\u00e4ren Medizinprodukten, bevor das Unternehmen f\u00fcr 25\u00a0Mrd. US-Dollar \u00fcbernommen wurde. Er war f\u00fcr das weltweite operative Gesch\u00e4ft der vier Unternehmensbereiche von Guidant verantwortlich, Herzrhythmus-Management, vaskul\u00e4re Intervention, Herzchirurgie und endovaskul\u00e4re L\u00f6sungen. Zuvor war er f\u00fcr den weltweiten Vertrieb, die Unternehmenskommunikation, das Marketing, Investor Relations und Regierungsbeziehungen verantwortlich. Au\u00dferdem war er als Vice President f\u00fcr globales Marketing der Abteilung f\u00fcr vaskul\u00e4re Intervention und als Managing Director f\u00fcr den deutschen und mitteleurop\u00e4ischen Markt t\u00e4tig. Vor seiner T\u00e4tigkeit bei Guidant hatte Neels Positionen in den Bereichen General Management, Sales und Marketing bei Lilly in den USA und Europa inne.<\/p>\n<p>Neels hat einen Abschluss in Wirtschaftsingenieurwesen von der Universit\u00e4t Leuven in Belgien und einen Master in BWL von der Stanford University.[\/vc_column_text][\/vc_column][\/vc_row]<\/p>\n<\/div>","protected":false},"excerpt":{"rendered":"<p>[vc_row unlock_row=&#8220;&#8220; row_height_percent=&#8220;0&#8243; override_padding=&#8220;yes&#8220; h_padding=&#8220;3&#8243; top_padding=&#8220;3&#8243; bottom_padding=&#8220;3&#8243; overlay_alpha=&#8220;50&#8243; gutter_size=&#8220;3&#8243; column_width_percent=&#8220;100&#8243; shift_y=&#8220;0&#8243; z_index=&#8220;0&#8243;][vc_column width=&#8220;1\/1&#8243;][vc_column_text]Guido Neels kam 2006 zu EW Healthcare Partners [&hellip;]<\/p>\n","protected":false},"author":1,"featured_media":11701,"parent":11807,"menu_order":0,"comment_status":"closed","ping_status":"closed","template":"","meta":{"footnotes":""},"class_list":["post-11838","page","type-page","status-publish","has-post-thumbnail","hentry"],"yoast_head":"<!-- This site is optimized with the Yoast SEO plugin v27.5 - https:\/\/yoast.com\/product\/yoast-seo-wordpress\/ -->\n<title>Guido J. Neels - Bioventus<\/title>\n<meta name=\"robots\" content=\"index, follow, max-snippet:-1, max-image-preview:large, max-video-preview:-1\" \/>\n<link rel=\"canonical\" href=\"https:\/\/www.bioventus.com\/de\/about-us\/board-members\/guido-neels\/\" \/>\n<meta property=\"og:locale\" content=\"de_DE\" \/>\n<meta property=\"og:type\" content=\"article\" \/>\n<meta property=\"og:title\" content=\"Guido J. Neels - Bioventus\" \/>\n<meta property=\"og:description\" content=\"[vc_row unlock_row=&#8220;&#8220; row_height_percent=&#8220;0&#8243; override_padding=&#8220;yes&#8220; h_padding=&#8220;3&#8243; top_padding=&#8220;3&#8243; bottom_padding=&#8220;3&#8243; overlay_alpha=&#8220;50&#8243; gutter_size=&#8220;3&#8243; column_width_percent=&#8220;100&#8243; shift_y=&#8220;0&#8243; z_index=&#8220;0&#8243;][vc_column width=&#8220;1\/1&#8243;][vc_column_text]Guido Neels kam 2006 zu EW Healthcare Partners [&hellip;]\" \/>\n<meta property=\"og:url\" content=\"https:\/\/www.bioventus.com\/de\/about-us\/board-members\/guido-neels\/\" \/>\n<meta property=\"og:site_name\" content=\"Bioventus\" \/>\n<meta property=\"article:modified_time\" content=\"2021-08-11T19:01:17+00:00\" \/>\n<meta property=\"og:image\" content=\"https:\/\/www.bioventus.com\/wp-content\/uploads\/2020\/05\/product_detail_header@2x-scaled.jpg\" \/>\n\t<meta property=\"og:image:width\" content=\"2560\" \/>\n\t<meta property=\"og:image:height\" content=\"533\" \/>\n\t<meta property=\"og:image:type\" content=\"image\/jpeg\" \/>\n<meta name=\"twitter:card\" content=\"summary_large_image\" \/>\n<meta name=\"twitter:site\" content=\"@BioventusGlobal\" \/>\n<meta name=\"twitter:label1\" content=\"Gesch\u00e4tzte Lesezeit\" \/>\n\t<meta name=\"twitter:data1\" content=\"1 Minute\" \/>\n<script type=\"application\/ld+json\" class=\"yoast-schema-graph\">{\"@context\":\"https:\\\/\\\/schema.org\",\"@graph\":[{\"@type\":\"WebPage\",\"@id\":\"https:\\\/\\\/www.bioventus.com\\\/de\\\/about-us\\\/board-members\\\/guido-neels\\\/\",\"url\":\"https:\\\/\\\/www.bioventus.com\\\/de\\\/about-us\\\/board-members\\\/guido-neels\\\/\",\"name\":\"Guido J. Neels - Bioventus\",\"isPartOf\":{\"@id\":\"https:\\\/\\\/www.bioventus.com\\\/de\\\/#website\"},\"primaryImageOfPage\":{\"@id\":\"https:\\\/\\\/www.bioventus.com\\\/de\\\/about-us\\\/board-members\\\/guido-neels\\\/#primaryimage\"},\"image\":{\"@id\":\"https:\\\/\\\/www.bioventus.com\\\/de\\\/about-us\\\/board-members\\\/guido-neels\\\/#primaryimage\"},\"thumbnailUrl\":\"https:\\\/\\\/www.bioventus.com\\\/wp-content\\\/uploads\\\/2020\\\/05\\\/product_detail_header@2x-scaled.jpg\",\"datePublished\":\"2020-07-14T15:18:52+00:00\",\"dateModified\":\"2021-08-11T19:01:17+00:00\",\"breadcrumb\":{\"@id\":\"https:\\\/\\\/www.bioventus.com\\\/de\\\/about-us\\\/board-members\\\/guido-neels\\\/#breadcrumb\"},\"inLanguage\":\"de-DE\",\"potentialAction\":[{\"@type\":\"ReadAction\",\"target\":[\"https:\\\/\\\/www.bioventus.com\\\/de\\\/about-us\\\/board-members\\\/guido-neels\\\/\"]}]},{\"@type\":\"ImageObject\",\"inLanguage\":\"de-DE\",\"@id\":\"https:\\\/\\\/www.bioventus.com\\\/de\\\/about-us\\\/board-members\\\/guido-neels\\\/#primaryimage\",\"url\":\"https:\\\/\\\/www.bioventus.com\\\/wp-content\\\/uploads\\\/2020\\\/05\\\/product_detail_header@2x-scaled.jpg\",\"contentUrl\":\"https:\\\/\\\/www.bioventus.com\\\/wp-content\\\/uploads\\\/2020\\\/05\\\/product_detail_header@2x-scaled.jpg\",\"width\":2560,\"height\":533},{\"@type\":\"BreadcrumbList\",\"@id\":\"https:\\\/\\\/www.bioventus.com\\\/de\\\/about-us\\\/board-members\\\/guido-neels\\\/#breadcrumb\",\"itemListElement\":[{\"@type\":\"ListItem\",\"position\":1,\"name\":\"Home\",\"item\":\"https:\\\/\\\/www.bioventus.com\\\/de\\\/\"},{\"@type\":\"ListItem\",\"position\":2,\"name\":\"Wer Wir Sind\",\"item\":\"https:\\\/\\\/www.bioventus.com\\\/de\\\/about-us\\\/\"},{\"@type\":\"ListItem\",\"position\":3,\"name\":\"Board-Mitglieder\",\"item\":\"https:\\\/\\\/www.bioventus.com\\\/de\\\/about-us\\\/board-members\\\/\"},{\"@type\":\"ListItem\",\"position\":4,\"name\":\"Guido J. Neels\"}]},{\"@type\":\"WebSite\",\"@id\":\"https:\\\/\\\/www.bioventus.com\\\/de\\\/#website\",\"url\":\"https:\\\/\\\/www.bioventus.com\\\/de\\\/\",\"name\":\"Bioventus\",\"description\":\"Active Healing through Orthobiologics\",\"publisher\":{\"@id\":\"https:\\\/\\\/www.bioventus.com\\\/de\\\/#organization\"},\"potentialAction\":[{\"@type\":\"SearchAction\",\"target\":{\"@type\":\"EntryPoint\",\"urlTemplate\":\"https:\\\/\\\/www.bioventus.com\\\/de\\\/?s={search_term_string}\"},\"query-input\":{\"@type\":\"PropertyValueSpecification\",\"valueRequired\":true,\"valueName\":\"search_term_string\"}}],\"inLanguage\":\"de-DE\"},{\"@type\":\"Organization\",\"@id\":\"https:\\\/\\\/www.bioventus.com\\\/de\\\/#organization\",\"name\":\"Bioventus\",\"url\":\"https:\\\/\\\/www.bioventus.com\\\/de\\\/\",\"logo\":{\"@type\":\"ImageObject\",\"inLanguage\":\"de-DE\",\"@id\":\"https:\\\/\\\/www.bioventus.com\\\/de\\\/#\\\/schema\\\/logo\\\/image\\\/\",\"url\":\"http:\\\/\\\/www.bioventus.com\\\/wp-content\\\/uploads\\\/2020\\\/04\\\/bioventus-logo-color-min.png\",\"contentUrl\":\"http:\\\/\\\/www.bioventus.com\\\/wp-content\\\/uploads\\\/2020\\\/04\\\/bioventus-logo-color-min.png\",\"width\":434,\"height\":72,\"caption\":\"Bioventus\"},\"image\":{\"@id\":\"https:\\\/\\\/www.bioventus.com\\\/de\\\/#\\\/schema\\\/logo\\\/image\\\/\"},\"sameAs\":[\"https:\\\/\\\/x.com\\\/BioventusGlobal\",\"https:\\\/\\\/www.linkedin.com\\\/company\\\/bioventus\\\/\",\"https:\\\/\\\/www.youtube.com\\\/user\\\/Bioventus\"]}]}<\/script>\n<!-- \/ Yoast SEO plugin. -->","yoast_head_json":{"title":"Guido J. Neels - Bioventus","robots":{"index":"index","follow":"follow","max-snippet":"max-snippet:-1","max-image-preview":"max-image-preview:large","max-video-preview":"max-video-preview:-1"},"canonical":"https:\/\/www.bioventus.com\/de\/about-us\/board-members\/guido-neels\/","og_locale":"de_DE","og_type":"article","og_title":"Guido J. Neels - Bioventus","og_description":"[vc_row unlock_row=&#8220;&#8220; row_height_percent=&#8220;0&#8243; override_padding=&#8220;yes&#8220; h_padding=&#8220;3&#8243; top_padding=&#8220;3&#8243; bottom_padding=&#8220;3&#8243; overlay_alpha=&#8220;50&#8243; gutter_size=&#8220;3&#8243; column_width_percent=&#8220;100&#8243; shift_y=&#8220;0&#8243; z_index=&#8220;0&#8243;][vc_column width=&#8220;1\/1&#8243;][vc_column_text]Guido Neels kam 2006 zu EW Healthcare Partners [&hellip;]","og_url":"https:\/\/www.bioventus.com\/de\/about-us\/board-members\/guido-neels\/","og_site_name":"Bioventus","article_modified_time":"2021-08-11T19:01:17+00:00","og_image":[{"width":2560,"height":533,"url":"https:\/\/www.bioventus.com\/wp-content\/uploads\/2020\/05\/product_detail_header@2x-scaled.jpg","type":"image\/jpeg"}],"twitter_card":"summary_large_image","twitter_site":"@BioventusGlobal","twitter_misc":{"Gesch\u00e4tzte Lesezeit":"1 Minute"},"schema":{"@context":"https:\/\/schema.org","@graph":[{"@type":"WebPage","@id":"https:\/\/www.bioventus.com\/de\/about-us\/board-members\/guido-neels\/","url":"https:\/\/www.bioventus.com\/de\/about-us\/board-members\/guido-neels\/","name":"Guido J. Neels - Bioventus","isPartOf":{"@id":"https:\/\/www.bioventus.com\/de\/#website"},"primaryImageOfPage":{"@id":"https:\/\/www.bioventus.com\/de\/about-us\/board-members\/guido-neels\/#primaryimage"},"image":{"@id":"https:\/\/www.bioventus.com\/de\/about-us\/board-members\/guido-neels\/#primaryimage"},"thumbnailUrl":"https:\/\/www.bioventus.com\/wp-content\/uploads\/2020\/05\/product_detail_header@2x-scaled.jpg","datePublished":"2020-07-14T15:18:52+00:00","dateModified":"2021-08-11T19:01:17+00:00","breadcrumb":{"@id":"https:\/\/www.bioventus.com\/de\/about-us\/board-members\/guido-neels\/#breadcrumb"},"inLanguage":"de-DE","potentialAction":[{"@type":"ReadAction","target":["https:\/\/www.bioventus.com\/de\/about-us\/board-members\/guido-neels\/"]}]},{"@type":"ImageObject","inLanguage":"de-DE","@id":"https:\/\/www.bioventus.com\/de\/about-us\/board-members\/guido-neels\/#primaryimage","url":"https:\/\/www.bioventus.com\/wp-content\/uploads\/2020\/05\/product_detail_header@2x-scaled.jpg","contentUrl":"https:\/\/www.bioventus.com\/wp-content\/uploads\/2020\/05\/product_detail_header@2x-scaled.jpg","width":2560,"height":533},{"@type":"BreadcrumbList","@id":"https:\/\/www.bioventus.com\/de\/about-us\/board-members\/guido-neels\/#breadcrumb","itemListElement":[{"@type":"ListItem","position":1,"name":"Home","item":"https:\/\/www.bioventus.com\/de\/"},{"@type":"ListItem","position":2,"name":"Wer Wir Sind","item":"https:\/\/www.bioventus.com\/de\/about-us\/"},{"@type":"ListItem","position":3,"name":"Board-Mitglieder","item":"https:\/\/www.bioventus.com\/de\/about-us\/board-members\/"},{"@type":"ListItem","position":4,"name":"Guido J. Neels"}]},{"@type":"WebSite","@id":"https:\/\/www.bioventus.com\/de\/#website","url":"https:\/\/www.bioventus.com\/de\/","name":"Bioventus","description":"Active Healing through Orthobiologics","publisher":{"@id":"https:\/\/www.bioventus.com\/de\/#organization"},"potentialAction":[{"@type":"SearchAction","target":{"@type":"EntryPoint","urlTemplate":"https:\/\/www.bioventus.com\/de\/?s={search_term_string}"},"query-input":{"@type":"PropertyValueSpecification","valueRequired":true,"valueName":"search_term_string"}}],"inLanguage":"de-DE"},{"@type":"Organization","@id":"https:\/\/www.bioventus.com\/de\/#organization","name":"Bioventus","url":"https:\/\/www.bioventus.com\/de\/","logo":{"@type":"ImageObject","inLanguage":"de-DE","@id":"https:\/\/www.bioventus.com\/de\/#\/schema\/logo\/image\/","url":"http:\/\/www.bioventus.com\/wp-content\/uploads\/2020\/04\/bioventus-logo-color-min.png","contentUrl":"http:\/\/www.bioventus.com\/wp-content\/uploads\/2020\/04\/bioventus-logo-color-min.png","width":434,"height":72,"caption":"Bioventus"},"image":{"@id":"https:\/\/www.bioventus.com\/de\/#\/schema\/logo\/image\/"},"sameAs":["https:\/\/x.com\/BioventusGlobal","https:\/\/www.linkedin.com\/company\/bioventus\/","https:\/\/www.youtube.com\/user\/Bioventus"]}]}},"_links":{"self":[{"href":"https:\/\/www.bioventus.com\/de\/wp-json\/wp\/v2\/pages\/11838","targetHints":{"allow":["GET"]}}],"collection":[{"href":"https:\/\/www.bioventus.com\/de\/wp-json\/wp\/v2\/pages"}],"about":[{"href":"https:\/\/www.bioventus.com\/de\/wp-json\/wp\/v2\/types\/page"}],"author":[{"embeddable":true,"href":"https:\/\/www.bioventus.com\/de\/wp-json\/wp\/v2\/users\/1"}],"replies":[{"embeddable":true,"href":"https:\/\/www.bioventus.com\/de\/wp-json\/wp\/v2\/comments?post=11838"}],"version-history":[{"count":0,"href":"https:\/\/www.bioventus.com\/de\/wp-json\/wp\/v2\/pages\/11838\/revisions"}],"up":[{"embeddable":true,"href":"https:\/\/www.bioventus.com\/de\/wp-json\/wp\/v2\/pages\/11807"}],"wp:featuredmedia":[{"embeddable":true,"href":"https:\/\/www.bioventus.com\/de\/wp-json\/wp\/v2\/media\/11701"}],"wp:attachment":[{"href":"https:\/\/www.bioventus.com\/de\/wp-json\/wp\/v2\/media?parent=11838"}],"curies":[{"name":"wp","href":"https:\/\/api.w.org\/{rel}","templated":true}]}}